{"id":38,"date":"2014-09-18T12:34:08","date_gmt":"2014-09-18T12:34:08","guid":{"rendered":"http:\/\/agora.xtec.cat\/iesantanna-premiadedalt\/\/?page_id=38"},"modified":"2023-05-17T10:11:42","modified_gmt":"2023-05-17T08:11:42","slug":"docs-autoritzacio-salut","status":"publish","type":"page","link":"https:\/\/agora.xtec.cat\/iesantanna-premiadedalt\/curs-2024-25\/docs-autoritzacio-salut\/","title":{"rendered":"Documents d&#8217;autoritzaci\u00f3"},"content":{"rendered":"<p><strong>Autoritzaci\u00f3 recollida alumnat: <\/strong>doneu perm\u00eds a d&#8217;altres persones per recollir el vostre fill \/ la vostra filla. Cal portar-lo signat abans del dia de recollida.<br \/>\n<iframe loading=\"lazy\" src=\"https:\/\/agora.xtec.cat\/iesantanna-premiadedalt\/wp-content\/uploads\/usu517\/2023\/05\/Recollida-alumnes.pdf\" width=\"600\" height=\"800\"><span data-mce-type=\"bookmark\" style=\"display: inline-block; width: 0px; overflow: hidden; line-height: 0;\" class=\"mce_SELRES_start\">\ufeff<\/span><\/iframe><\/p>\n<p><strong>Autoritzaci\u00f3 medicaments:<\/strong> en cas que el vostre fill\/a en un moment puntual hagi de prendre algun tipus de medicaci\u00f3 en horari escolar, \u00e9s imprescindible que signeu l&#8217;autoritzaci\u00f3 per tal que se li pugui donar la dosi.<\/p>\n<p><iframe loading=\"lazy\" src=\"https:\/\/agora.xtec.cat\/iesantanna-premiadedalt\/\/wp-content\/uploads\/usu517\/2018\/09\/Autoritzaci\u00f3-medicaci\u00f3.pdf\" width=\"600\" height=\"800\"><span data-mce-type=\"bookmark\" style=\"display: inline-block; width: 0px; overflow: hidden; line-height: 0;\" class=\"mce_SELRES_start\">\ufeff<\/span><\/iframe><\/p>\n<p><strong>Par\u00e0sits:<\/strong> els par\u00e0sits s\u00f3n uns &#8220;animalets&#8221; que ens acompanyen durant tot l&#8217;any. Cal que reviseu peri\u00f2dicament el cap dels vostres fills\/es per tal d&#8217;evitar el contagi. Els especialistes recomanen fer un tractament per tal d&#8217;eliminar els ous i les ll\u00e9menes. Adjuntem el comunicat que fem servir a l&#8217;escola per fer saber si hi ha aquest tipus de par\u00e0sit en un moment donat.<\/p>\n<p><iframe loading=\"lazy\" src=\"https:\/\/agora.xtec.cat\/iesantanna-premiadedalt\/\/wp-content\/uploads\/usu517\/2018\/09\/Full-polls.pdf\" width=\"600\" height=\"800\"><span data-mce-type=\"bookmark\" style=\"display: inline-block; width: 0px; overflow: hidden; line-height: 0;\" class=\"mce_SELRES_start\">\ufeff<\/span><\/iframe><\/p>\n<p><span style=\"color: #ff6600;\"><strong>Si no disposeu de medis per tal de descarregar els documents podeu demanar-los a secretaria sense cap problema.<\/strong><\/span><\/p>\n<p>&nbsp;<\/p>\n<p>&nbsp;<\/p>\n<p>&nbsp;<\/p>\n","protected":false},"excerpt":{"rendered":"<p>Autoritzaci\u00f3 recollida alumnat: doneu perm\u00eds a d&#8217;altres persones per recollir el vostre fill \/ la vostra filla. Cal portar-lo signat abans del dia de recollida. \ufeff Autoritzaci\u00f3 medicaments: en cas que el vostre fill\/a en un moment puntual hagi de prendre algun tipus de medicaci\u00f3 en horari escolar, \u00e9s imprescindible que signeu l&#8217;autoritzaci\u00f3 per tal [&hellip;]<\/p>\n","protected":false},"author":2,"featured_media":0,"parent":254,"menu_order":5,"comment_status":"closed","ping_status":"closed","template":"page-templates\/side-menu.php","meta":{"_bbp_topic_count":0,"_bbp_reply_count":0,"_bbp_total_topic_count":0,"_bbp_total_reply_count":0,"_bbp_voice_count":0,"_bbp_anonymous_reply_count":0,"_bbp_topic_count_hidden":0,"_bbp_reply_count_hidden":0,"_bbp_forum_subforum_count":0,"site-sidebar-layout":"default","site-content-layout":"","ast-site-content-layout":"","site-content-style":"default","site-sidebar-style":"default","ast-global-header-display":"","ast-banner-title-visibility":"","ast-main-header-display":"","ast-hfb-above-header-display":"","ast-hfb-below-header-display":"","ast-hfb-mobile-header-display":"","site-post-title":"","ast-breadcrumbs-content":"","ast-featured-img":"","footer-sml-layout":"","theme-transparent-header-meta":"","adv-header-id-meta":"","stick-header-meta":"","header-above-stick-meta":"","header-main-stick-meta":"","header-below-stick-meta":"","astra-migrate-meta-layouts":"default","ast-page-background-enabled":"default","ast-page-background-meta":{"desktop":{"background-color":"var(--ast-global-color-4)","background-image":"","background-repeat":"repeat","background-position":"center center","background-size":"auto","background-attachment":"scroll","background-type":"","background-media":"","overlay-type":"","overlay-color":"","overlay-opacity":"","overlay-gradient":""},"tablet":{"background-color":"","background-image":"","background-repeat":"repeat","background-position":"center center","background-size":"auto","background-attachment":"scroll","background-type":"","background-media":"","overlay-type":"","overlay-color":"","overlay-opacity":"","overlay-gradient":""},"mobile":{"background-color":"","background-image":"","background-repeat":"repeat","background-position":"center center","background-size":"auto","background-attachment":"scroll","background-type":"","background-media":"","overlay-type":"","overlay-color":"","overlay-opacity":"","overlay-gradient":""}},"ast-content-background-meta":{"desktop":{"background-color":"var(--ast-global-color-5)","background-image":"","background-repeat":"repeat","background-position":"center center","background-size":"auto","background-attachment":"scroll","background-type":"","background-media":"","overlay-type":"","overlay-color":"","overlay-opacity":"","overlay-gradient":""},"tablet":{"background-color":"var(--ast-global-color-5)","background-image":"","background-repeat":"repeat","background-position":"center center","background-size":"auto","background-attachment":"scroll","background-type":"","background-media":"","overlay-type":"","overlay-color":"","overlay-opacity":"","overlay-gradient":""},"mobile":{"background-color":"var(--ast-global-color-5)","background-image":"","background-repeat":"repeat","background-position":"center center","background-size":"auto","background-attachment":"scroll","background-type":"","background-media":"","overlay-type":"","overlay-color":"","overlay-opacity":"","overlay-gradient":""}},"footnotes":""},"class_list":["post-38","page","type-page","status-publish","hentry"],"post_mailing_queue_ids":[],"_links":{"self":[{"href":"https:\/\/agora.xtec.cat\/iesantanna-premiadedalt\/wp-json\/wp\/v2\/pages\/38","targetHints":{"allow":["GET"]}}],"collection":[{"href":"https:\/\/agora.xtec.cat\/iesantanna-premiadedalt\/wp-json\/wp\/v2\/pages"}],"about":[{"href":"https:\/\/agora.xtec.cat\/iesantanna-premiadedalt\/wp-json\/wp\/v2\/types\/page"}],"author":[{"embeddable":true,"href":"https:\/\/agora.xtec.cat\/iesantanna-premiadedalt\/wp-json\/wp\/v2\/users\/2"}],"replies":[{"embeddable":true,"href":"https:\/\/agora.xtec.cat\/iesantanna-premiadedalt\/wp-json\/wp\/v2\/comments?post=38"}],"version-history":[{"count":4,"href":"https:\/\/agora.xtec.cat\/iesantanna-premiadedalt\/wp-json\/wp\/v2\/pages\/38\/revisions"}],"predecessor-version":[{"id":25734,"href":"https:\/\/agora.xtec.cat\/iesantanna-premiadedalt\/wp-json\/wp\/v2\/pages\/38\/revisions\/25734"}],"up":[{"embeddable":true,"href":"https:\/\/agora.xtec.cat\/iesantanna-premiadedalt\/wp-json\/wp\/v2\/pages\/254"}],"wp:attachment":[{"href":"https:\/\/agora.xtec.cat\/iesantanna-premiadedalt\/wp-json\/wp\/v2\/media?parent=38"}],"curies":[{"name":"wp","href":"https:\/\/api.w.org\/{rel}","templated":true}]}}