{"id":34,"date":"2014-09-18T12:32:18","date_gmt":"2014-09-18T12:32:18","guid":{"rendered":"http:\/\/agora.xtec.cat\/iesantanna-premiadedalt\/\/?page_id=34"},"modified":"2026-01-26T16:54:38","modified_gmt":"2026-01-26T15:54:38","slug":"oferta-educativa","status":"publish","type":"page","link":"https:\/\/agora.xtec.cat\/iesantanna-premiadedalt\/lescola\/oferta-educativa\/","title":{"rendered":"La nostra oferta educativa"},"content":{"rendered":"<h5><span style=\"color: #ff0000;\"><strong>Institut Escola Santa Anna, oferta educativa integrada d&#8217;infantil a secund\u00e0ria<\/strong><\/span><\/h5>\n<p>El nostre projecte educatiu personalitzat, integrador, digital i multiling\u00fce, s&#8217;adre\u00e7a a noies i nois de<strong> 3 a 16 anys.<\/strong> El nostre alumnat gaudeix d&#8217;un tracte familiar i personalitzat, d&#8217;un horari de mat\u00ed i tarda amb opci\u00f3 de menjador, d&#8217;acollida matinal i d&#8217;activitats extraescolars.<\/p>\n<p>El nostre objectiu \u00e9s oferir una educaci\u00f3 competencial basada en valors que permeti a l&#8217;alumnat de Santa Anna adquirir les habilitats necess\u00e0ries per encarar els reptes de la societat del segle XXI. Una educaci\u00f3 personalitzada que permeti a cada alumne mostrar el seu m\u00e0xim potencial en l&#8217;\u00e0mbit acad\u00e8mic, personal i social. Una educaci\u00f3 basada en els valors amb un aprenentatge anal\u00edtic i cr\u00edtic.<\/p>\n<h4><span style=\"color: #ff0000;\">Projectes d&#8217;innovaci\u00f3 educativa institucionals<\/span><\/h4>\n<p>L&#8217;Institut Escola Santa Anna forma part de diversos projectes institucionals que ens impulsen a una millora cont\u00ednua de la nostra pr\u00e0ctica d&#8217;aula:<\/p>\n<ul style=\"list-style-type: square;\">\n<li>Del Departament d&#8217;Educaci\u00f3: <strong><a href=\"https:\/\/projectes.xtec.cat\/lic-cce\/portada\/xarxa-de-competencia-lectora-xcl-i-formacions\/\" target=\"_blank\" rel=\"noopener\">Xarxa de Compet\u00e8ncia Lectora de Prim\u00e0ria i Secund\u00e0ria<\/a><\/strong>, per afavorir la capacitat lectora per aprendre i per motivar el gust per la lectura lectura<\/li>\n<li>Del Departament d&#8217;Educaci\u00f3: <a href=\"https:\/\/projectes.xtec.cat\/transformaciodigital\/\" target=\"_blank\" rel=\"noopener noreferrer\"><strong>Projecte de transformaci\u00f3 digital<\/strong><\/a>, per a facilitar l&#8217;\u00fas de les tecnologies en l&#8217;ensenyament i l&#8217;aprenentatge tant per l&#8217;alumnat i com pel professorat<\/li>\n<li>De la Uni\u00f3 Europea: el projecte <strong><a href=\"http:\/\/sepie.es\/educacion-escolar\/index.html\">Erasmus + Accreditation<\/a>,<\/strong> perqu\u00e8 apostem pel pluriling\u00fcisme i els intercanvis internacionals<\/li>\n<li>De la Uni\u00f3 Europea: la plataforma <a href=\"https:\/\/www.etwinning.net\/es\/pub\/index.htm\" target=\"_blank\" rel=\"noopener\"><b>e-Twinning <\/b><\/a>permet realitzar projectes internacionals amb altres escoles per afavorir l&#8217;\u00fas de la llengua estrangera i com a base dels posteriors intercanvis i internacionals<\/li>\n<li>Del Consell Comarcal: <strong>&#8220;<a href=\"http:\/\/agricultura.gencat.cat\/ca\/ambits\/alimentacio\/promocio-agroalimentaria\/fruita-llet-escoles\/fruita-escoles\/\" target=\"_blank\" rel=\"noopener\">A l&#8217;escola mengem fruita<\/a>&#8220;<\/strong> per afavorir els h\u00e0bits saludables en la dieta<\/li>\n<li>De l&#8217;Ajuntament de Premi\u00e0 de Dalt en el marc del Pla Educatiu d&#8217;Entorn:\u00a0 &#8220;Fem m\u00fasica&#8221; , &#8220;Taller d&#8217;estudi assistit&#8221; , &#8220;Coneix Premi\u00e0 de Dalt&#8221;, &#8220;Tallers i jornades inter-centres&#8221;, &#8220;Torneig d&#8217;Scrabble&#8221;<\/li>\n<li>Del Ministerio de Educaci\u00f3n y Formaci\u00f3n Profesional: Programa para la orientaci\u00f3n, avance y enriquecimiento educativo\u00a0 <strong><a href=\"https:\/\/www.educacionyfp.gob.es\/mc\/sgctie\/cooperacion-territorial\/programas-cooperacion\/proa.html\" target=\"_blank\" rel=\"noopener\">PMOE PROA+<\/a><\/strong><\/li>\n<\/ul>\n<h4><span style=\"color: #ff0000;\">Altres projectes d&#8217;innovaci\u00f3 educativa<\/span><\/h4>\n<ul style=\"list-style-type: square;\">\n<li><strong>Innovamat: <\/strong>de 2n a 6\u00e8 de prim\u00e0ria i de 1r a 2n d&#8217;ESO hem adoptat noves estrat\u00e8gies d&#8217;aula a l&#8217;\u00e0rea de matem\u00e0tiques que afavoreixen el pensament partint de la manipulaci\u00f3 i de l&#8217;\u00fas d&#8217;una plataforma digital del programa.<\/li>\n<li><strong>Matem\u00e0tiques Manipulatives: <\/strong>d&#8217;I3 a 2n de prim\u00e0ria es treballa setmanalment en racons de creaci\u00f3 pr\u00f2pia.<\/li>\n<li><strong style=\"font-family: inherit; font-size: 1em;\">GSuite for Education: <\/strong>de 3r de prim\u00e0ria a 4t d&#8217;ESO l&#8217;alumnat t\u00e9 un correu personal en l&#8217;entorn virtual <strong><em>santanna.cat<\/em><\/strong>, des del qual t\u00e9 acc\u00e9s a totes les aplicacions digitals de GSuite: Google Classroom, Drive, Presentacions, Documents, Fulls de c\u00e0lcul, Formularis&#8230;<\/li>\n<li><span style=\"font-family: inherit; font-size: 1em;\"> <strong style=\"font-family: inherit; font-size: 1em;\">Koala Text: <\/strong>de 2n a 6\u00e8 de prim\u00e0ria aquesta plataforma permet la <\/span><span style=\"font-family: inherit; font-size: 1em;\">pr\u00e0ctica de l&#8217;angl\u00e8s en l\u00ednia amb lectura i comprensi\u00f3 lectora i treball sistem\u00e0tic de gram\u00e0tica o ortografia.<\/span><\/li>\n<li><span style=\"font-family: inherit; font-size: 1em;\"><b style=\"font-family: inherit; font-size: 1em;\">Moodle: <\/b>des de 1r d&#8217;ESO treballem amb aquest entorn virtual d&#8217;aprenentatge en<\/span> les \u00e0rees de matem\u00e0tiques i de tecnologia.<\/li>\n<li><strong>Rob\u00f2tica educativa: <\/strong>d&#8217;I3 a 2n d&#8217;ESO s&#8217;implementen tallers de Beebots, Lego Wedo, Scratch, i s&#8217;ha participat en esdeveniments tals com <strong>Eduhack <\/strong>de<strong> mSchools <\/strong>per a la co-creaci\u00f3 d&#8217;activitats educatives relacionades amb les tecnologies amb altres centres educatius i a l&#8217;<strong>Scratch Challenge.<\/strong><\/li>\n<li><b>AICLE: <\/b>de 1r de prim\u00e0ria a 4t d&#8217;ESO s&#8217;implementen seq\u00fc\u00e8ncies did\u00e0ctiques d&#8217;\u00e0rees no ling\u00fc\u00edstiques en angl\u00e8s (Aprenentatge Integrat de Continguts i Llengua Estrangera), en les \u00e0rees de matem\u00e0tiques, medi natural i social, educaci\u00f3 f\u00edsica i pl\u00e0stica, segons el nivell.<\/li>\n<li><b>Treball per projectes: <\/b>d&#8217;I3 a 4t d&#8217;ESO per desenvolupar la recerca, la resoluci\u00f3 de reptes, el m\u00e8tode cient\u00edfic i el plantejament d&#8217;hip\u00f2tesis; cada curs es desenvolupa un projecte global interdisciplinari (exemples &#8220;Els animals&#8221; 20-21; &#8220;El cinema&#8221; 21-22, &#8220;Els viatges&#8221; 23-24, &#8220;Treu l&#8217;artista que portes dins&#8221; 24-25).<\/li>\n<li><b>Treball cooperatiu:\u00a0<\/b>d&#8217;I3 a 4t d&#8217;ESO es duen a terme estrat\u00e8gies cooperatives i es treballa en grups cooperatius base en alguns dels projectes.<\/li>\n<\/ul>\n<p><span style=\"color: #ff6600;\"><b>\u00a0Ajuntament de\u00a0<\/b><b><i>Premi\u00e0 de Dalt\u00a0 &#8211; Municipi Educador <\/i><\/b><\/span><\/p>\n<ul>\n<li style=\"list-style-type: none;\">\n<ul>\n<li>Fem m\u00fasica amb el professorat de l&#8217;Escola Municipal de M\u00fasica<\/li>\n<li>Piscina a 2n de Prim\u00e0ria amb subvenci\u00f3 municipal<\/li>\n<li>Taller d&#8217;estudi assistit per a prim\u00e0ria i secund\u00e0ria<\/li>\n<li>Activitat conjunta de &#8220;Scrabble&#8221; amb l&#8217;escola Mari\u00e0 Manent i l&#8217;institut Valeri\u00e0 Pujol<\/li>\n<li>Activitats de Sant Jordi<\/li>\n<li>Coneix el teu poble amb sortides gratu\u00eftes de coneixement del municipi<\/li>\n<li>Comissi\u00f3 0-6 a on estan implicades en xarxa l&#8217;escola bressol, les dues escoles p\u00fabliques del municipi, el CDIAP, Serveis Socials, EAP, el CAP i la LIC per crear un espai de reflexi\u00f3 sobre la primera etapa de la inf\u00e0ncia. S&#8217;organitzen xerrades per les fam\u00edlies.<\/li>\n<li><span style=\"color: #000000;\">Subvenci\u00f3 econ\u00f2mica per cada alumne resident a Premi\u00e0 de Dalt<\/span><\/li>\n<\/ul>\n<\/li>\n<\/ul>\n<p>Gr\u00e0cies a la inversi\u00f3 que va dur a terme l&#8217;Ajuntament de Premi\u00e0 de Dalt el curs 2021-2022, tot l&#8217;alumnat del centre gaudeix de dispositiu digital pel treball a les aules (tauletes i Chromebooks).<\/p>\n<p><span style=\"color: #ff6600;\"><b>Ajuntament de\u00a0<\/b><b><i>Premi\u00e0 de Mar<\/i><\/b><\/span><\/p>\n<ul style=\"list-style-type: circle;\">\n<li><span style=\"color: #000000;\">Subvenci\u00f3 econ\u00f2mica per cada alumne resident a Premi\u00e0 de Mar, segons el curs (el curs 24-25 no hi ha hagut cap subvenci\u00f3)<\/span><\/li>\n<\/ul>\n<p><span style=\"color: #ff6600;\"><b><i>\u00a0<\/i><\/b><b><i>Excursions i col\u00f2nies<\/i><\/b><\/span><\/p>\n<ul>\n<li>Sortides de matins i de dia sencer a tots els nivells<\/li>\n<li>Col\u00f2nies a final de cada cicle: I5, 2n, 4t, 6\u00e8, 2n d&#8217;ESO i 4t d&#8217;ESO<\/li>\n<li>Viatges d&#8217;intercanvi internacional en el marc del programa Erasmus+ a l&#8217;ESO<\/li>\n<\/ul>\n<p><span style=\"color: #ff6600;\"><b><i>\u00a0<\/i><\/b><b><i>Esdeveniments culturals<\/i><\/b><\/span><\/p>\n<ul>\n<li><b>Festivals musicals i teatrals: <\/b>concert de Nadal, Els Pastorets, Sant Jordi, teatre en angl\u00e8s i festa de fi de curs.<\/li>\n<li><b>Celebraci\u00f3 de festes: <\/b>Castanyada, Nadal, Dia de la Pau, Dia de la Dona Cient\u00edfica, Dia de la Dona, Carnestoltes i Sant Jordi.<\/li>\n<li><b>Exposicions, gimcanes i competicions esportives <\/b><\/li>\n<li><b>Xerrades per a fam\u00edlies d&#8217;infantil, prim\u00e0ria i secund\u00e0ria<\/b><\/li>\n<\/ul>\n<p><span style=\"color: #ff6600;\"><b><i>\u00a0<\/i><\/b><b><i>Altres serveis<\/i><\/b><\/span><\/p>\n<ul>\n<li><b>Menjador escolar amb cuina pr\u00f2pia<\/b><\/li>\n<li><b>Acollida matinal<\/b><\/li>\n<li><b>Activitats extraescolars de migdia i de tarda<\/b><\/li>\n<li><b>Transport escolar (Consell Comarcal)<\/b><\/li>\n<li><b>Publicaci\u00f3 d\u2019activitats i d\u2019informaci\u00f3 al web i als Blocs de cada nivell educatiu<\/b><\/li>\n<li><strong>Instagram i Telegram<\/strong><\/li>\n<\/ul>\n<p><iframe class=\"wp-embedded-content\" sandbox=\"allow-scripts\" security=\"restricted\" title=\"PORTES OBERTES INFANTIL-PRIM\u00c0RIA-SECUND\u00c0RIA\" frameborder='0' width='1200' height='675' src='https:\/\/view.genially.com\/63f9d212b987150011088386#?secret=UiYrYCwA9y' data-secret='UiYrYCwA9y' scrolling='yes'><\/iframe><\/p>\n<p>&nbsp;<\/p>\n","protected":false},"excerpt":{"rendered":"<p>Institut Escola Santa Anna, oferta educativa integrada d&#8217;infantil a secund\u00e0ria El nostre projecte educatiu personalitzat, integrador, digital i multiling\u00fce, s&#8217;adre\u00e7a a noies i nois de 3 a 16 anys. El nostre alumnat gaudeix d&#8217;un tracte familiar i personalitzat, d&#8217;un horari de mat\u00ed i tarda amb opci\u00f3 de menjador, d&#8217;acollida matinal i d&#8217;activitats extraescolars. El nostre [&hellip;]<\/p>\n","protected":false},"author":2,"featured_media":0,"parent":22,"menu_order":7,"comment_status":"closed","ping_status":"closed","template":"page-templates\/side-menu.php","meta":{"_bbp_topic_count":0,"_bbp_reply_count":0,"_bbp_total_topic_count":0,"_bbp_total_reply_count":0,"_bbp_voice_count":0,"_bbp_anonymous_reply_count":0,"_bbp_topic_count_hidden":0,"_bbp_reply_count_hidden":0,"_bbp_forum_subforum_count":0,"site-sidebar-layout":"default","site-content-layout":"","ast-site-content-layout":"","site-content-style":"default","site-sidebar-style":"default","ast-global-header-display":"","ast-banner-title-visibility":"","ast-main-header-display":"","ast-hfb-above-header-display":"","ast-hfb-below-header-display":"","ast-hfb-mobile-header-display":"","site-post-title":"","ast-breadcrumbs-content":"","ast-featured-img":"","footer-sml-layout":"","theme-transparent-header-meta":"","adv-header-id-meta":"","stick-header-meta":"","header-above-stick-meta":"","header-main-stick-meta":"","header-below-stick-meta":"","astra-migrate-meta-layouts":"default","ast-page-background-enabled":"default","ast-page-background-meta":{"desktop":{"background-color":"var(--ast-global-color-4)","background-image":"","background-repeat":"repeat","background-position":"center center","background-size":"auto","background-attachment":"scroll","background-type":"","background-media":"","overlay-type":"","overlay-color":"","overlay-opacity":"","overlay-gradient":""},"tablet":{"background-color":"","background-image":"","background-repeat":"repeat","background-position":"center center","background-size":"auto","background-attachment":"scroll","background-type":"","background-media":"","overlay-type":"","overlay-color":"","overlay-opacity":"","overlay-gradient":""},"mobile":{"background-color":"","background-image":"","background-repeat":"repeat","background-position":"center center","background-size":"auto","background-attachment":"scroll","background-type":"","background-media":"","overlay-type":"","overlay-color":"","overlay-opacity":"","overlay-gradient":""}},"ast-content-background-meta":{"desktop":{"background-color":"var(--ast-global-color-5)","background-image":"","background-repeat":"repeat","background-position":"center center","background-size":"auto","background-attachment":"scroll","background-type":"","background-media":"","overlay-type":"","overlay-color":"","overlay-opacity":"","overlay-gradient":""},"tablet":{"background-color":"var(--ast-global-color-5)","background-image":"","background-repeat":"repeat","background-position":"center center","background-size":"auto","background-attachment":"scroll","background-type":"","background-media":"","overlay-type":"","overlay-color":"","overlay-opacity":"","overlay-gradient":""},"mobile":{"background-color":"var(--ast-global-color-5)","background-image":"","background-repeat":"repeat","background-position":"center center","background-size":"auto","background-attachment":"scroll","background-type":"","background-media":"","overlay-type":"","overlay-color":"","overlay-opacity":"","overlay-gradient":""}},"footnotes":""},"class_list":["post-34","page","type-page","status-publish","hentry"],"post_mailing_queue_ids":[],"_links":{"self":[{"href":"https:\/\/agora.xtec.cat\/iesantanna-premiadedalt\/wp-json\/wp\/v2\/pages\/34","targetHints":{"allow":["GET"]}}],"collection":[{"href":"https:\/\/agora.xtec.cat\/iesantanna-premiadedalt\/wp-json\/wp\/v2\/pages"}],"about":[{"href":"https:\/\/agora.xtec.cat\/iesantanna-premiadedalt\/wp-json\/wp\/v2\/types\/page"}],"author":[{"embeddable":true,"href":"https:\/\/agora.xtec.cat\/iesantanna-premiadedalt\/wp-json\/wp\/v2\/users\/2"}],"replies":[{"embeddable":true,"href":"https:\/\/agora.xtec.cat\/iesantanna-premiadedalt\/wp-json\/wp\/v2\/comments?post=34"}],"version-history":[{"count":7,"href":"https:\/\/agora.xtec.cat\/iesantanna-premiadedalt\/wp-json\/wp\/v2\/pages\/34\/revisions"}],"predecessor-version":[{"id":28625,"href":"https:\/\/agora.xtec.cat\/iesantanna-premiadedalt\/wp-json\/wp\/v2\/pages\/34\/revisions\/28625"}],"up":[{"embeddable":true,"href":"https:\/\/agora.xtec.cat\/iesantanna-premiadedalt\/wp-json\/wp\/v2\/pages\/22"}],"wp:attachment":[{"href":"https:\/\/agora.xtec.cat\/iesantanna-premiadedalt\/wp-json\/wp\/v2\/media?parent=34"}],"curies":[{"name":"wp","href":"https:\/\/api.w.org\/{rel}","templated":true}]}}