{"id":28,"date":"2014-09-18T12:29:35","date_gmt":"2014-09-18T12:29:35","guid":{"rendered":"http:\/\/agora.xtec.cat\/iesantanna-premiadedalt\/\/?page_id=28"},"modified":"2026-03-06T16:26:21","modified_gmt":"2026-03-06T15:26:21","slug":"consell-escolar","status":"publish","type":"page","link":"https:\/\/agora.xtec.cat\/iesantanna-premiadedalt\/lescola\/consell-escolar\/","title":{"rendered":"Consell escolar"},"content":{"rendered":"<p>El consell escolar \u00e9s l&#8217;\u00f2rgan col\u00b7legiat de participaci\u00f3 de la comunitat escolar en el govern del centre.<\/p>\n<p>Corresponen al consell escolar les funcions seg\u00fcents:<\/p>\n<ul>\n<li>Participar en l&#8217;aprovaci\u00f3 del projecte educatiu i les seves modificacions. El consell escolar ha de ser consultat pel director de manera preceptiva per valorar la proposta del projecte educatiu i manifestar el seu suport amb una majoria de les tres cinquenes parts dels membres.<\/li>\n<li>Participar en l&#8217;aprovaci\u00f3 de la programaci\u00f3 general anual, de les normes de funcionament i de la gesti\u00f3 econ\u00f2mica del centre. El consell escolar ha de ser consultat de manera preceptiva per valorar cada una de les propostes i manifestar el seu suport per majoria simple dels membres.<\/li>\n<li>Avaluar l&#8217;aplicaci\u00f3 del projecte educatiu i de les seves modificacions aix\u00ed com de la resta de documents de gesti\u00f3 del centre.<\/li>\n<li>Aprovar les propostes d&#8217;acords de coresponsabilitat, convenis i altres acords de col\u00b7laboraci\u00f3 del centre amb entitats i institucions.<\/li>\n<li>Intervenir en el procediment d&#8217;admissi\u00f3 d&#8217;alumnes.<\/li>\n<li>Participar en el procediment de selecci\u00f3 i en la proposta de cessament del director o directora.<\/li>\n<li>Intervenir en la resoluci\u00f3 dels conflictes i, si escau, revisar les sancions als alumnes.<\/li>\n<li>Aprovar les directrius per a la programaci\u00f3 d&#8217;activitats escolars complement\u00e0ries i d&#8217;activitats extraescolars, i avaluar-ne el desenvolupament.<\/li>\n<li>Participar en les an\u00e0lisis i les avaluacions del funcionament general del centre i con\u00e8ixer l&#8217;evoluci\u00f3 del rendiment escolar.<\/li>\n<li>Aprovar els criteris de col\u00b7laboraci\u00f3 amb altres centres i amb l&#8217;entorn.<\/li>\n<li>Qualsevol altre que li sigui atribu\u00efda per les normes legals o reglament\u00e0ries.<\/li>\n<\/ul>\n<p><a href=\"https:\/\/docs.google.com\/document\/d\/1NPzazeFYsdYkcPeAc-2rZbIzXDyjA7cTOU6YBFE6jZs\/edit?usp=sharing\" target=\"_blank\" rel=\"noopener\"><strong>ACORDS REUNIONS CONSELL ESCOLAR 2024-2025<\/strong><\/a><\/p>\n<p><a href=\"https:\/\/docs.google.com\/document\/d\/1kl5MFvO-kGAdmJT1nHfAyje9HT7iKsLv29aKP02B5uc\/edit?usp=sharing\" target=\"_blank\" rel=\"noopener\"><strong>ACORDS REUNIONS CONSELL ESCOLAR 2025-2026<\/strong><\/a><\/p>\n<p>El consell escolar d&#8217;un centre p\u00fablic est\u00e0 integrat per:<\/p>\n<ol>\n<li style=\"list-style-type: none;\">\n<ul>\n<li>El director o directora, que el presideix.<\/li>\n<li>El cap o la cap d&#8217;estudis.<\/li>\n<li>Un o una representant de l&#8217;ajuntament de la localitat on es troba situat el centre.<\/li>\n<li>Els i les representants del professorat que s&#8217;elegeixen pel claustre.<\/li>\n<li>Els i les representants de l&#8217;alumnat i dels pares i mares o tutors, elegits respectivament per ells i entre ells.<\/li>\n<li>Un o una representant del personal d&#8217;administraci\u00f3 i serveis, elegit per i entre aquest personal.<\/li>\n<li>En els centres espec\u00edfics d&#8217;educaci\u00f3 especial i en els que tinguin unitats d&#8217;educaci\u00f3 especial tamb\u00e9 \u00e9s membre del consell escolar un o una representant del personal d&#8217;atenci\u00f3 educativa. La representaci\u00f3 d&#8217;aquest personal no t\u00e9 la consideraci\u00f3 de representaci\u00f3 del professorat als efectes de determinar la composici\u00f3 del consell escolar.<\/li>\n<\/ul>\n<\/li>\n<\/ol>\n<p>Les persones del consell escolar s\u00f3n elegides per <strong>un per\u00edode de quatre anys<\/strong> i es renoven per meitats cada dos anys.<\/p>\n<p>Les eleccions per a la constituci\u00f3 o renovaci\u00f3 de membres del consell escolar, les convoca el director o directora del centre p\u00fablic, amb quinze dies d&#8217;antelaci\u00f3, dintre del per\u00edode que fixa el Departament d&#8217;Ensenyament.<\/p>\n<p>Les <strong>vacants<\/strong> del consell escolar s&#8217;han d&#8217;ocupar pel procediment establert a les normes d&#8217;organitzaci\u00f3 i funcionament del centre; si aquestes no ho preveuen, les ha d&#8217;ocupar la seg\u00fcent candidatura m\u00e9s votada en les darreres eleccions. Si no hi ha m\u00e9s candidats o candidates per cobrir-les, romanen sense cobrir fins a la propera renovaci\u00f3 del consell escolar.<\/p>\n<p>La condici\u00f3 de membre del consell escolar es perd quan es deixa el c\u00e0rrec que comporta ser-ne membre, quan es deixa de complir algun dels requisits per ser elegible o quan l&#8217;\u00f2rgan que l&#8217;ha designat en revoca la designaci\u00f3.<\/p>\n<h4 style=\"text-align: center;\"><span style=\"color: #ff9900;\"><strong>Membres actuals del consell escolar 2025-2026<\/strong><\/span><\/h4>\n<table class=\" aligncenter\" style=\"width: 60.1065%; height: 520px;\">\n<tbody>\n<tr style=\"height: 31px;\">\n<td style=\"width: 28.2609%; height: 31px;\">President<\/td>\n<td style=\"width: 70.0483%; height: 31px;\">Carme Florit Ballester<\/td>\n<\/tr>\n<tr style=\"height: 46px;\">\n<td style=\"width: 28.2609%; height: 46px;\">Cap d&#8217;estudis<\/td>\n<td style=\"width: 70.0483%; height: 46px;\">Maia Lafarga i Pujadas<\/td>\n<\/tr>\n<tr style=\"height: 31px;\">\n<td style=\"width: 28.2609%; height: 31px;\">Secret\u00e0ria<\/td>\n<td style=\"width: 70.0483%; height: 31px;\">Marta Garc\u00eda Mart\u00ednez<\/td>\n<\/tr>\n<tr style=\"height: 46px;\">\n<td style=\"width: 28.2609%; height: 46px;\">\u00a0Ajuntament<\/td>\n<td style=\"width: 70.0483%; height: 46px;\">Aleix Casanova<\/td>\n<\/tr>\n<tr style=\"height: 46px;\">\n<td style=\"width: 28.2609%; height: 46px;\">Professorat<\/td>\n<td style=\"width: 70.0483%; height: 46px; text-align: left;\"><span style=\"font-weight: 400;\">N\u00faria Barraca, Maria Luisa Boren, Ariadna Capdevila, Joan Francesc Colomer, Anna Moya, Betlem Polo i Cristian Sesplugues<\/span><\/td>\n<\/tr>\n<tr style=\"height: 31px;\">\n<td style=\"width: 28.2609%; height: 31px;\">AFA<\/td>\n<td style=\"width: 70.0483%; height: 31px;\">\u00d2nia Giralt<\/td>\n<\/tr>\n<tr style=\"height: 46px;\">\n<td style=\"width: 28.2609%; height: 46px;\">Fam\u00edlies<\/td>\n<td style=\"width: 70.0483%; height: 46px;\"><span style=\"font-weight: 400;\">Ouissal Alaoui, Alejandra Alvarenga, Marta Esp\u00fa\u00f1ez, Oriol Mart\u00edn, Ivan <\/span><span style=\"font-weight: 400;\">Lahoz i B\u00e1rbara Oliver<\/span><\/td>\n<\/tr>\n<tr>\n<td style=\"width: 28.2609%;\">Alumnat<\/td>\n<td style=\"width: 70.0483%;\">Martina Borrell, Arnau Pe\u00f1as<\/td>\n<\/tr>\n<tr style=\"height: 46px;\">\n<td style=\"width: 28.2609%; height: 46px;\">PAS<\/td>\n<td style=\"width: 70.0483%; height: 46px;\">Oriol Balfag\u00f3n<\/td>\n<\/tr>\n<\/tbody>\n<\/table>\n","protected":false},"excerpt":{"rendered":"<p>El consell escolar \u00e9s l&#8217;\u00f2rgan col\u00b7legiat de participaci\u00f3 de la comunitat escolar en el govern del centre. Corresponen al consell escolar les funcions seg\u00fcents: Participar en l&#8217;aprovaci\u00f3 del projecte educatiu i les seves modificacions. El consell escolar ha de ser consultat pel director de manera preceptiva per valorar la proposta del projecte educatiu i manifestar [&hellip;]<\/p>\n","protected":false},"author":2,"featured_media":0,"parent":22,"menu_order":5,"comment_status":"closed","ping_status":"closed","template":"","meta":{"_bbp_topic_count":0,"_bbp_reply_count":0,"_bbp_total_topic_count":0,"_bbp_total_reply_count":0,"_bbp_voice_count":0,"_bbp_anonymous_reply_count":0,"_bbp_topic_count_hidden":0,"_bbp_reply_count_hidden":0,"_bbp_forum_subforum_count":0,"site-sidebar-layout":"default","site-content-layout":"","ast-site-content-layout":"default","site-content-style":"default","site-sidebar-style":"default","ast-global-header-display":"","ast-banner-title-visibility":"","ast-main-header-display":"","ast-hfb-above-header-display":"","ast-hfb-below-header-display":"","ast-hfb-mobile-header-display":"","site-post-title":"","ast-breadcrumbs-content":"","ast-featured-img":"","footer-sml-layout":"","theme-transparent-header-meta":"","adv-header-id-meta":"","stick-header-meta":"","header-above-stick-meta":"","header-main-stick-meta":"","header-below-stick-meta":"","astra-migrate-meta-layouts":"set","ast-page-background-enabled":"default","ast-page-background-meta":{"desktop":{"background-color":"var(--ast-global-color-4)","background-image":"","background-repeat":"repeat","background-position":"center center","background-size":"auto","background-attachment":"scroll","background-type":"","background-media":"","overlay-type":"","overlay-color":"","overlay-opacity":"","overlay-gradient":""},"tablet":{"background-color":"","background-image":"","background-repeat":"repeat","background-position":"center center","background-size":"auto","background-attachment":"scroll","background-type":"","background-media":"","overlay-type":"","overlay-color":"","overlay-opacity":"","overlay-gradient":""},"mobile":{"background-color":"","background-image":"","background-repeat":"repeat","background-position":"center center","background-size":"auto","background-attachment":"scroll","background-type":"","background-media":"","overlay-type":"","overlay-color":"","overlay-opacity":"","overlay-gradient":""}},"ast-content-background-meta":{"desktop":{"background-color":"var(--ast-global-color-5)","background-image":"","background-repeat":"repeat","background-position":"center center","background-size":"auto","background-attachment":"scroll","background-type":"","background-media":"","overlay-type":"","overlay-color":"","overlay-opacity":"","overlay-gradient":""},"tablet":{"background-color":"var(--ast-global-color-5)","background-image":"","background-repeat":"repeat","background-position":"center center","background-size":"auto","background-attachment":"scroll","background-type":"","background-media":"","overlay-type":"","overlay-color":"","overlay-opacity":"","overlay-gradient":""},"mobile":{"background-color":"var(--ast-global-color-5)","background-image":"","background-repeat":"repeat","background-position":"center center","background-size":"auto","background-attachment":"scroll","background-type":"","background-media":"","overlay-type":"","overlay-color":"","overlay-opacity":"","overlay-gradient":""}},"footnotes":""},"class_list":["post-28","page","type-page","status-publish","hentry"],"post_mailing_queue_ids":[],"_links":{"self":[{"href":"https:\/\/agora.xtec.cat\/iesantanna-premiadedalt\/wp-json\/wp\/v2\/pages\/28","targetHints":{"allow":["GET"]}}],"collection":[{"href":"https:\/\/agora.xtec.cat\/iesantanna-premiadedalt\/wp-json\/wp\/v2\/pages"}],"about":[{"href":"https:\/\/agora.xtec.cat\/iesantanna-premiadedalt\/wp-json\/wp\/v2\/types\/page"}],"author":[{"embeddable":true,"href":"https:\/\/agora.xtec.cat\/iesantanna-premiadedalt\/wp-json\/wp\/v2\/users\/2"}],"replies":[{"embeddable":true,"href":"https:\/\/agora.xtec.cat\/iesantanna-premiadedalt\/wp-json\/wp\/v2\/comments?post=28"}],"version-history":[{"count":6,"href":"https:\/\/agora.xtec.cat\/iesantanna-premiadedalt\/wp-json\/wp\/v2\/pages\/28\/revisions"}],"predecessor-version":[{"id":29118,"href":"https:\/\/agora.xtec.cat\/iesantanna-premiadedalt\/wp-json\/wp\/v2\/pages\/28\/revisions\/29118"}],"up":[{"embeddable":true,"href":"https:\/\/agora.xtec.cat\/iesantanna-premiadedalt\/wp-json\/wp\/v2\/pages\/22"}],"wp:attachment":[{"href":"https:\/\/agora.xtec.cat\/iesantanna-premiadedalt\/wp-json\/wp\/v2\/media?parent=28"}],"curies":[{"name":"wp","href":"https:\/\/api.w.org\/{rel}","templated":true}]}}