{"id":26129,"date":"2023-10-21T20:53:50","date_gmt":"2023-10-21T18:53:50","guid":{"rendered":"https:\/\/agora.xtec.cat\/iesantanna-premiadedalt\/?page_id=26129"},"modified":"2025-10-19T10:20:48","modified_gmt":"2025-10-19T08:20:48","slug":"equip-docent-2023-2024","status":"publish","type":"page","link":"https:\/\/agora.xtec.cat\/iesantanna-premiadedalt\/curs-2024-25\/equip-docent-2023-2024\/","title":{"rendered":"Equip docent 2025-2026"},"content":{"rendered":"<h5><span style=\"color: #0000ff;\"><b>EQUIP DOCENT 2025-2026 &#8211; C\u00c0RRECS, CICLES I TUTORIES<\/b><\/span><\/h5>\n<p><a href=\"https:\/\/agora.xtec.cat\/iesantanna-premiadedalt\/wp-content\/uploads\/usu517\/2025\/10\/EQUIP-DOCENT-25-26-1024px.jpg\"><img loading=\"lazy\" decoding=\"async\" class=\"aligncenter size-full wp-image-28284\" src=\"https:\/\/agora.xtec.cat\/iesantanna-premiadedalt\/wp-content\/uploads\/usu517\/2025\/10\/EQUIP-DOCENT-25-26-1024px.jpg\" alt=\"\" width=\"1024\" height=\"599\" srcset=\"https:\/\/agora.xtec.cat\/iesantanna-premiadedalt\/wp-content\/uploads\/usu517\/2025\/10\/EQUIP-DOCENT-25-26-1024px.jpg 1024w, https:\/\/agora.xtec.cat\/iesantanna-premiadedalt\/wp-content\/uploads\/usu517\/2025\/10\/EQUIP-DOCENT-25-26-1024px-300x175.jpg 300w, https:\/\/agora.xtec.cat\/iesantanna-premiadedalt\/wp-content\/uploads\/usu517\/2025\/10\/EQUIP-DOCENT-25-26-1024px-768x449.jpg 768w\" sizes=\"auto, (max-width: 1024px) 100vw, 1024px\" \/><\/a><\/p>\n<table>\n<tbody>\n<tr>\n<td colspan=\"4\"><span style=\"color: #0000ff;\"><b>CONSELL DIRECTIU<\/b><\/span><\/td>\n<td colspan=\"2\"><span style=\"color: #0000ff;\"><b>Coordinacions tem\u00e0tiques<\/b><\/span><\/td>\n<\/tr>\n<tr>\n<td><span style=\"color: #ff6600;\"><b>Direcci\u00f3\u00a0<\/b><\/span><\/td>\n<td><b>Carme\u00a0<\/b><\/p>\n<p><b>Florit<\/b><\/td>\n<td><span style=\"color: #ff6600;\"><b>EI\u00a0<\/b><\/span><\/td>\n<td><b>Judit\u00a0<\/b><\/p>\n<p><b>Torrent<\/b><\/td>\n<td><span style=\"color: #ff6600;\"><b>Riscos<\/b><\/span><\/td>\n<td><b>S\u00f2nia<\/b><\/p>\n<p><b>S\u00e1nchez<\/b><\/td>\n<\/tr>\n<tr>\n<td><span style=\"color: #ff6600;\"><b>Cap\u00a0<\/b><\/span><\/p>\n<p><span style=\"color: #ff6600;\"><b>d\u2019estudis INF-PRI<\/b><\/span><\/td>\n<td><b>Maia\u00a0<\/b><\/p>\n<p><b>Lafarga<\/b><\/td>\n<td><span style=\"color: #ff6600;\"><b>CI<\/b><\/span><\/td>\n<td><b>To\u00f1i Tello<\/b><\/td>\n<td><span style=\"color: #ff6600;\"><b>TAC\/<\/b><\/span><\/p>\n<p><span style=\"color: #ff6600;\"><b>Innovamat<\/b><\/span><\/td>\n<td><b>Montse Escoi<\/b><\/td>\n<\/tr>\n<tr>\n<td><span style=\"color: #ff6600;\"><b>Secret\u00e0ria\u00a0<\/b><\/span><\/td>\n<td><b>Marta\u00a0<\/b><\/p>\n<p><b>Garc\u00eda<\/b><\/td>\n<td><span style=\"color: #ff6600;\"><b>CM<\/b><\/span><\/td>\n<td><b>Betlem Polo<\/b><\/td>\n<td><span style=\"color: #ff6600;\"><b>LIC<\/b><\/span><\/td>\n<td><b>Cinta Andreu<\/b><\/td>\n<\/tr>\n<tr>\n<td><span style=\"color: #ff6600;\"><b>Cap d\u2019estudis SEC<\/b><\/span><\/td>\n<td><b>Joan F. Colomer (Pipo)<\/b><\/td>\n<td><span style=\"color: #ff6600;\"><b>CS<\/b><\/span><\/td>\n<td><b>Marcos N\u00fa\u00f1ez<\/b><\/td>\n<td><span style=\"color: #ff6600;\"><b>COCOBE<\/b><\/span><span style=\"color: #ff6600;\"><b>Coeducaci\u00f3<\/b><\/span><\/td>\n<td><\/td>\n<\/tr>\n<tr>\n<td><span style=\"color: #ff6600;\"><b>Coordinaci\u00f3 pedag\u00f2gica SEC<\/b><\/span><\/td>\n<td><b>Meritxell Santolaria<\/b><\/td>\n<td><span style=\"color: #ff6600;\"><b>Coordinaci\u00f3 1r Cicle ESO<\/b><\/span><\/td>\n<td><b>Gemma Fern\u00e1ndez<\/b><\/td>\n<td><span style=\"color: #ff6600;\"><b>Aula\u00a0<\/b><\/span><\/p>\n<p><span style=\"color: #ff6600;\"><b>Acollida<\/b><\/span><\/td>\n<td><b>Anna\u00a0<\/b><\/p>\n<p><b>Escriche \u2154\u00a0<\/b><\/p>\n<p><b>M\u00f2nica Juanola \u00bd\u00a0<\/b><\/td>\n<\/tr>\n<tr>\n<td><\/td>\n<td><\/td>\n<td><span style=\"color: #ff6600;\"><b>Coordinaci\u00f3 2n Cicle ESO<\/b><\/span><\/td>\n<td><b>M\u00f2nica Mart\u00ednez<\/b><\/td>\n<td><span style=\"color: #ff6600;\"><strong>Erasmus<\/strong><\/span><\/td>\n<td><strong>Meritxell Santol\u00e0ria<\/strong><\/td>\n<\/tr>\n<\/tbody>\n<\/table>\n<table>\n<tbody>\n<tr>\n<td colspan=\"4\"><span style=\"color: #0000ff;\"><b>EDUCACI\u00d3 INFANTIL<\/b><\/span><\/td>\n<\/tr>\n<tr>\n<td><span style=\"color: #ff6600;\"><b>I3<\/b><\/span><\/td>\n<td colspan=\"3\"><b><i>Judit Torrent<\/i><\/b><\/td>\n<\/tr>\n<tr>\n<td><span style=\"color: #ff6600;\"><b>I4 A\u00a0<\/b><\/span><\/td>\n<td><b>Encarna Richarte<\/b><\/td>\n<td><span style=\"color: #ff6600;\"><b>I4 B<\/b><\/span><\/td>\n<td><b>Anna Moya<\/b><\/td>\n<\/tr>\n<tr>\n<td><span style=\"color: #ff6600;\"><b>I5\u00a0<\/b><\/span><\/td>\n<td colspan=\"3\"><b>Marta Terradellas \u2154\u00a0 + Laia Vonna \u00bd\u00a0<\/b><\/td>\n<\/tr>\n<tr>\n<td><span style=\"color: #ff6600;\"><b>Refor\u00e7<\/b><\/span><\/td>\n<td><b>Laia Bonal<\/b><\/td>\n<td><span style=\"color: #ff6600;\"><b>TEI\u00a0<\/b><\/span><\/td>\n<td><b>Sandra Calero<\/b><\/td>\n<\/tr>\n<tr>\n<td><span style=\"color: #ff6600;\"><b>M\u00fasica<\/b><\/span><\/td>\n<td><b>Anna Betriu<\/b><\/td>\n<td><span style=\"color: #ff6600;\"><b>Psico<\/b><\/span><\/td>\n<td><b>Cinta Andreu\u00a0<\/b><\/td>\n<\/tr>\n<tr>\n<td><span style=\"color: #ff6600;\"><b>MALL i MESI\u00a0<\/b><\/span><\/td>\n<td colspan=\"3\"><b>Anna Serrano MALL<\/b> <b>&#8211;<\/b> <b>N\u00faria Mart\u00ed MESI<\/b><\/td>\n<\/tr>\n<\/tbody>\n<\/table>\n<table>\n<tbody>\n<tr>\n<td colspan=\"4\"><span style=\"color: #0000ff;\"><b>CICLE INICIAL<\/b><\/span><\/td>\n<\/tr>\n<tr>\n<td><span style=\"color: #ff6600;\"><b>1r<\/b><\/span><\/td>\n<td colspan=\"3\"><b>Nuri Barraca<\/b><\/td>\n<\/tr>\n<tr>\n<td><span style=\"color: #ff6600;\"><b>2n A\u00a0<\/b><\/span><\/td>\n<td><b>Sonia S\u00e1nchez<\/b><\/td>\n<td><span style=\"color: #ff6600;\"><b>2n B<\/b><\/span><\/td>\n<td><b><i>To\u00f1i Tello<\/i><\/b><\/td>\n<\/tr>\n<tr>\n<td><span style=\"color: #ff6600;\"><b>Refor\u00e7<\/b><\/span><\/td>\n<td colspan=\"3\"><b>Montse Escoi, Laia Bonal, Maia Lafarga<\/b><\/td>\n<\/tr>\n<tr>\n<td><span style=\"color: #ff6600;\"><b>Angl\u00e8s<\/b><\/span><\/td>\n<td><b>Nat\u00e0lia Cazorla<\/b><\/td>\n<td><span style=\"color: #ff6600;\"><b>E.F.<\/b><\/span><\/td>\n<td><b>Cinta Andreu\u00a0<\/b><\/td>\n<\/tr>\n<tr>\n<td><span style=\"color: #ff6600;\"><b>M\u00fasica\u00a0<\/b><\/span><\/td>\n<td><b>Anna Betriu<\/b><\/td>\n<td><span style=\"color: #ff6600;\"><b>Religi\u00f3<\/b><\/span><\/td>\n<td><b>Marga G\u00f3mez<\/b><\/td>\n<\/tr>\n<tr>\n<td><span style=\"color: #ff6600;\"><b>EE\u00a0<\/b><\/span><\/td>\n<td><b>N\u00faria Mart\u00ed\u00a0<\/b><\/td>\n<td><span style=\"color: #ff6600;\"><b>MALL<\/b><\/span><\/td>\n<td><b>Anna Serrano<\/b><\/td>\n<\/tr>\n<\/tbody>\n<\/table>\n<p>&nbsp;<\/p>\n<table>\n<tbody>\n<tr>\n<td colspan=\"4\"><span style=\"color: #0000ff;\"><b>CICLE MITJ\u00c0<\/b><\/span><\/td>\n<\/tr>\n<tr>\n<td><span style=\"color: #ff6600;\"><b>3r A<\/b><\/span><\/td>\n<td><b>Marisa Bor\u00e9n<\/b><\/td>\n<td><span style=\"color: #ff6600;\"><b>3r B<\/b><\/span><\/td>\n<td><b>Dolors Pujol<\/b><\/td>\n<\/tr>\n<tr>\n<td><span style=\"color: #ff6600;\"><b>4t A\u00a0<\/b><\/span><\/td>\n<td><b>Maika Carreras<\/b><\/td>\n<td><span style=\"color: #ff6600;\"><b>4t B\u00a0<\/b><\/span><\/td>\n<td><b><i>Betlem Polo<\/i><\/b><\/td>\n<\/tr>\n<tr>\n<td><span style=\"color: #ff6600;\"><b>Refor\u00e7<\/b><\/span><\/td>\n<td colspan=\"3\"><b>Montse Escoi, Nat\u00e0lia Cazorla, Maia Lafarga<\/b><\/td>\n<\/tr>\n<tr>\n<td><span style=\"color: #ff6600;\"><b>Angl\u00e8s\u00a0<\/b><\/span><\/td>\n<td><b>Nat\u00e0lia Cazorla (3r) i Laia L\u00f3pez (4t)<\/b><\/td>\n<td><span style=\"color: #ff6600;\"><b>E.F.<\/b><\/span><\/td>\n<td><b>Cinta Andreu (3r)<\/b><\/p>\n<p><b>Betlem Polo (4t)<\/b><\/td>\n<\/tr>\n<tr>\n<td><span style=\"color: #ff6600;\"><b>M\u00fasica\u00a0<\/b><\/span><\/td>\n<td><b>Anna Betriu<\/b><\/td>\n<td><span style=\"color: #ff6600;\"><b>Religi\u00f3<\/b><\/span><\/td>\n<td><b>Marga G\u00f3mez<\/b><\/td>\n<\/tr>\n<tr>\n<td><span style=\"color: #ff6600;\"><b>EE\u00a0<\/b><\/span><\/td>\n<td colspan=\"3\"><b>N\u00faria Mart\u00ed + Marga G\u00f3mez<\/b><\/td>\n<\/tr>\n<\/tbody>\n<\/table>\n<p>&nbsp;<\/p>\n<table>\n<tbody>\n<tr>\n<td colspan=\"4\"><span style=\"color: #0000ff;\"><b>CICLE SUPERIOR<\/b><\/span><\/td>\n<\/tr>\n<tr>\n<td><span style=\"color: #ff6600;\"><b>5\u00e8 A<\/b><\/span><\/td>\n<td><b><i>Marcos Nu\u00f1ez<\/i><\/b><\/td>\n<td><span style=\"color: #ff6600;\"><b>5\u00e8 B<\/b><\/span><\/td>\n<td><b>Gerard Calba<\/b><\/td>\n<\/tr>\n<tr>\n<td><span style=\"color: #ff6600;\"><b>6\u00e8 A\u00a0<\/b><\/span><\/td>\n<td><b>Anna Navarro<\/b><\/td>\n<td><span style=\"color: #ff6600;\"><b>6\u00e8 B\u00a0<\/b><\/span><\/td>\n<td><b>Montse Ca\u00f1ellas<\/b><\/td>\n<\/tr>\n<tr>\n<td><span style=\"color: #ff6600;\"><b>Refor\u00e7<\/b><\/span><\/td>\n<td colspan=\"3\"><b>Montse Escoi, Nat\u00e0lia Cazorla, Maia Lafarga<\/b><\/td>\n<\/tr>\n<tr>\n<td><span style=\"color: #ff6600;\"><b>Angl\u00e8s\u00a0<\/b><\/span><\/td>\n<td><b>Laia L\u00f3pez<\/b><\/td>\n<td><span style=\"color: #ff6600;\"><b>EF<\/b><\/span><\/td>\n<td><b>Cristian Sesplugues (5\u00e8)<\/b><\/p>\n<p><b>Cinta Andreu (6\u00e8)<\/b><\/td>\n<\/tr>\n<tr>\n<td><span style=\"color: #ff6600;\"><b>M\u00fasica\u00a0<\/b><\/span><\/td>\n<td><b>Anna Betriu<\/b><\/td>\n<td><span style=\"color: #ff6600;\"><b>Religi\u00f3<\/b><\/span><\/td>\n<td><b>Marga G\u00f3mez<\/b><\/td>\n<\/tr>\n<tr>\n<td><span style=\"color: #ff6600;\"><b>EE\u00a0<\/b><\/span><\/td>\n<td colspan=\"3\"><b>N\u00faria Mart\u00ed<\/b><\/td>\n<\/tr>\n<\/tbody>\n<\/table>\n<table>\n<tbody>\n<tr>\n<td colspan=\"4\"><span style=\"color: #0000ff;\"><b>1r ESO (co-tutories)<\/b><\/span><\/td>\n<\/tr>\n<tr>\n<td><span style=\"color: #ff6600;\"><b>1r ESO A<\/b><\/span><\/td>\n<td colspan=\"3\"><b>Montse Pons i Marta Ferran<\/b><\/td>\n<\/tr>\n<tr>\n<td><span style=\"color: #ff6600;\"><b>1r ESO B<\/b><\/span><\/td>\n<td colspan=\"3\"><b>Miriam Calvo i Christian Sesplugues (Vicent Pastor)<\/b><\/td>\n<\/tr>\n<tr>\n<td colspan=\"4\"><span style=\"color: #0000ff;\"><b>2n ESO (co-tutories)<\/b><\/span><\/td>\n<\/tr>\n<tr>\n<td><span style=\"color: #ff6600;\"><b>2n ESO A<\/b><\/span><\/td>\n<td colspan=\"3\"><b>Carmen Fern\u00e1ndez i Anna Serra<\/b><\/td>\n<\/tr>\n<tr>\n<td><span style=\"color: #ff6600;\"><b>2n ESO B<\/b><\/span><\/td>\n<td colspan=\"3\"><b>Marta Brossa i M\u00edriam Mart\u00edn<\/b><\/td>\n<\/tr>\n<tr>\n<td colspan=\"4\"><span style=\"color: #0000ff;\"><b>3r ESO<\/b><\/span><\/td>\n<\/tr>\n<tr>\n<td><span style=\"color: #ff6600;\"><b>3r ESO A<\/b><\/span><\/td>\n<td colspan=\"3\"><b>Merc\u00e8 Doria<\/b><\/td>\n<\/tr>\n<tr>\n<td><span style=\"color: #ff6600;\"><b>3r ESO B<\/b><\/span><\/td>\n<td colspan=\"3\"><b>Carla Cano<\/b><\/td>\n<\/tr>\n<tr>\n<td colspan=\"4\"><b>\u00a0<span style=\"color: #0000ff;\"> 4t ESO<\/span><\/b><\/td>\n<\/tr>\n<tr>\n<td><span style=\"color: #ff6600;\"><b>4t ESO A<\/b><\/span><\/td>\n<td colspan=\"3\"><b>Lali Lloveras<\/b><\/td>\n<\/tr>\n<tr>\n<td><span style=\"color: #ff6600;\"><b>4t ESO B<\/b><\/span><\/td>\n<td colspan=\"3\"><b>Eva Pi\u00f1ol<\/b><\/td>\n<\/tr>\n<tr>\n<td colspan=\"4\"><span style=\"color: #0000ff;\"><b>Especialitats<\/b><\/span><\/td>\n<\/tr>\n<tr>\n<td colspan=\"3\"><b>Christian Sesplugues (Vicent Pastor) \/ Joan Riera<\/b><\/td>\n<td><span style=\"color: #ff6600;\"><b>Educaci\u00f3 F\u00edsica<\/b><\/span><\/td>\n<\/tr>\n<tr>\n<td colspan=\"3\"><b>Lali Lloveras \/ Anna Serra<\/b><\/td>\n<td><span style=\"color: #ff6600;\"><b>F\u00edsica i Qu\u00edmica<\/b><\/span><\/td>\n<\/tr>\n<tr>\n<td colspan=\"3\"><b>Montserrat Pons \/ Carla Cano<\/b><\/td>\n<td><span style=\"color: #ff6600;\"><b>Llengua catalana<\/b><\/span><\/td>\n<\/tr>\n<tr>\n<td colspan=\"3\"><b>Meri Santolaria \/ Xavier Pujol \/ Gemma Fern\u00e0ndez<\/b><\/td>\n<td><span style=\"color: #ff6600;\"><b>Angl\u00e8s i Alemany<\/b><\/span><\/td>\n<\/tr>\n<tr>\n<td colspan=\"3\"><b>Carmen Fern\u00e1ndez<\/b><\/td>\n<td><span style=\"color: #ff6600;\"><b>M\u00fasica<\/b><\/span><\/td>\n<\/tr>\n<tr>\n<td colspan=\"3\"><b>Merc\u00e8 Doria \/ Miriam Calvo<\/b><\/td>\n<td><span style=\"color: #ff6600;\"><b>Llengua castellana<\/b><\/span><\/td>\n<\/tr>\n<tr>\n<td colspan=\"3\"><b>Miriam Mart\u00edn<\/b><\/td>\n<td><span style=\"color: #ff6600;\"><b>Visual i pl\u00e0stica<\/b><\/span><\/td>\n<\/tr>\n<tr>\n<td colspan=\"3\"><b>Claudia Lafuente \/ Merc\u00e8 Morales \u2154\u00a0 \/ Marc Sim\u00f3 \u00bd\u00a0<\/b><\/td>\n<td><span style=\"color: #ff6600;\"><b>Biologia i Geologia<\/b><\/span><\/td>\n<\/tr>\n<tr>\n<td colspan=\"3\"><b>Pipo Colomer \/ Marc Torrent \u00bd \/ Eva Pi\u00f1ol<\/b><\/td>\n<td><span style=\"color: #ff6600;\"><b>Geografia i hist\u00f2ria<\/b><\/span><\/td>\n<\/tr>\n<tr>\n<td colspan=\"3\"><b>Marta Brossa \/ Elle Mart\u00ednez<\/b><\/td>\n<td><span style=\"color: #ff6600;\"><b>Tecnologia<\/b><\/span><\/td>\n<\/tr>\n<tr>\n<td colspan=\"3\"><b>Marta Ferran \/ Sergio Rapun<\/b><\/td>\n<td><span style=\"color: #ff6600;\"><b>Matem\u00e0tiques<\/b><\/span><\/td>\n<\/tr>\n<tr>\n<td colspan=\"3\"><b>Aleix Ban\u00fas \/ M\u00f2nica Mart\u00ednez<\/b><\/td>\n<td><span style=\"color: #ff6600;\"><b>Orientaci\u00f3 pedag\u00f2gica<\/b><\/span><\/td>\n<\/tr>\n<tr>\n<td colspan=\"3\"><b>Marga G\u00f3mez<\/b><\/td>\n<td><span style=\"color: #ff6600;\"><b>Religi\u00f3<\/b><\/span><\/td>\n<\/tr>\n<tr>\n<td colspan=\"3\"><b>Meritxell Santolaria\u00a0<\/b><\/td>\n<td><span style=\"color: #ff6600;\"><b>Coordinadora ERASMUS<\/b><\/span><\/td>\n<\/tr>\n<\/tbody>\n<\/table>\n","protected":false},"excerpt":{"rendered":"<p>EQUIP DOCENT 2025-2026 &#8211; C\u00c0RRECS, CICLES I TUTORIES CONSELL DIRECTIU Coordinacions tem\u00e0tiques Direcci\u00f3\u00a0 Carme\u00a0 Florit EI\u00a0 Judit\u00a0 Torrent Riscos S\u00f2nia S\u00e1nchez Cap\u00a0 d\u2019estudis INF-PRI Maia\u00a0 Lafarga CI To\u00f1i Tello TAC\/ Innovamat Montse Escoi Secret\u00e0ria\u00a0 Marta\u00a0 Garc\u00eda CM Betlem Polo LIC Cinta Andreu Cap d\u2019estudis SEC Joan F. Colomer (Pipo) CS Marcos N\u00fa\u00f1ez COCOBECoeducaci\u00f3 Coordinaci\u00f3 pedag\u00f2gica [&hellip;]<\/p>\n","protected":false},"author":1,"featured_media":0,"parent":254,"menu_order":7,"comment_status":"closed","ping_status":"closed","template":"page-templates\/side-menu.php","meta":{"_bbp_topic_count":0,"_bbp_reply_count":0,"_bbp_total_topic_count":0,"_bbp_total_reply_count":0,"_bbp_voice_count":0,"_bbp_anonymous_reply_count":0,"_bbp_topic_count_hidden":0,"_bbp_reply_count_hidden":0,"_bbp_forum_subforum_count":0,"site-sidebar-layout":"default","site-content-layout":"","ast-site-content-layout":"","site-content-style":"default","site-sidebar-style":"default","ast-global-header-display":"","ast-banner-title-visibility":"","ast-main-header-display":"","ast-hfb-above-header-display":"","ast-hfb-below-header-display":"","ast-hfb-mobile-header-display":"","site-post-title":"","ast-breadcrumbs-content":"","ast-featured-img":"","footer-sml-layout":"","theme-transparent-header-meta":"","adv-header-id-meta":"","stick-header-meta":"","header-above-stick-meta":"","header-main-stick-meta":"","header-below-stick-meta":"","astra-migrate-meta-layouts":"default","ast-page-background-enabled":"default","ast-page-background-meta":{"desktop":{"background-color":"var(--ast-global-color-4)","background-image":"","background-repeat":"repeat","background-position":"center center","background-size":"auto","background-attachment":"scroll","background-type":"","background-media":"","overlay-type":"","overlay-color":"","overlay-opacity":"","overlay-gradient":""},"tablet":{"background-color":"","background-image":"","background-repeat":"repeat","background-position":"center center","background-size":"auto","background-attachment":"scroll","background-type":"","background-media":"","overlay-type":"","overlay-color":"","overlay-opacity":"","overlay-gradient":""},"mobile":{"background-color":"","background-image":"","background-repeat":"repeat","background-position":"center center","background-size":"auto","background-attachment":"scroll","background-type":"","background-media":"","overlay-type":"","overlay-color":"","overlay-opacity":"","overlay-gradient":""}},"ast-content-background-meta":{"desktop":{"background-color":"var(--ast-global-color-5)","background-image":"","background-repeat":"repeat","background-position":"center center","background-size":"auto","background-attachment":"scroll","background-type":"","background-media":"","overlay-type":"","overlay-color":"","overlay-opacity":"","overlay-gradient":""},"tablet":{"background-color":"var(--ast-global-color-5)","background-image":"","background-repeat":"repeat","background-position":"center center","background-size":"auto","background-attachment":"scroll","background-type":"","background-media":"","overlay-type":"","overlay-color":"","overlay-opacity":"","overlay-gradient":""},"mobile":{"background-color":"var(--ast-global-color-5)","background-image":"","background-repeat":"repeat","background-position":"center center","background-size":"auto","background-attachment":"scroll","background-type":"","background-media":"","overlay-type":"","overlay-color":"","overlay-opacity":"","overlay-gradient":""}},"footnotes":""},"class_list":["post-26129","page","type-page","status-publish","hentry"],"post_mailing_queue_ids":[],"_links":{"self":[{"href":"https:\/\/agora.xtec.cat\/iesantanna-premiadedalt\/wp-json\/wp\/v2\/pages\/26129","targetHints":{"allow":["GET"]}}],"collection":[{"href":"https:\/\/agora.xtec.cat\/iesantanna-premiadedalt\/wp-json\/wp\/v2\/pages"}],"about":[{"href":"https:\/\/agora.xtec.cat\/iesantanna-premiadedalt\/wp-json\/wp\/v2\/types\/page"}],"author":[{"embeddable":true,"href":"https:\/\/agora.xtec.cat\/iesantanna-premiadedalt\/wp-json\/wp\/v2\/users\/1"}],"replies":[{"embeddable":true,"href":"https:\/\/agora.xtec.cat\/iesantanna-premiadedalt\/wp-json\/wp\/v2\/comments?post=26129"}],"version-history":[{"count":6,"href":"https:\/\/agora.xtec.cat\/iesantanna-premiadedalt\/wp-json\/wp\/v2\/pages\/26129\/revisions"}],"predecessor-version":[{"id":28285,"href":"https:\/\/agora.xtec.cat\/iesantanna-premiadedalt\/wp-json\/wp\/v2\/pages\/26129\/revisions\/28285"}],"up":[{"embeddable":true,"href":"https:\/\/agora.xtec.cat\/iesantanna-premiadedalt\/wp-json\/wp\/v2\/pages\/254"}],"wp:attachment":[{"href":"https:\/\/agora.xtec.cat\/iesantanna-premiadedalt\/wp-json\/wp\/v2\/media?parent=26129"}],"curies":[{"name":"wp","href":"https:\/\/api.w.org\/{rel}","templated":true}]}}