{"id":26,"date":"2014-09-18T12:24:32","date_gmt":"2014-09-18T12:24:32","guid":{"rendered":"http:\/\/agora.xtec.cat\/iesantanna-premiadedalt\/\/?page_id=26"},"modified":"2026-01-26T10:09:34","modified_gmt":"2026-01-26T09:09:34","slug":"historia","status":"publish","type":"page","link":"https:\/\/agora.xtec.cat\/iesantanna-premiadedalt\/lescola\/historia\/","title":{"rendered":"Hist\u00f2ria"},"content":{"rendered":"<p data-start=\"121\" data-end=\"402\">Inicialment, hi havia una \u00fanica escola p\u00fablica a Premi\u00e0 de Dalt ubicada als baixos de l\u2019Ajuntament, i els nens i les nenes assistien a classes separades. Amb el creixement progressiu de la poblaci\u00f3, es van anar habilitant diversos edificis i locals repartits per l\u2019extens terme municipal de Premi\u00e0 de Dalt.<\/p>\n<p data-start=\"409\" data-end=\"516\">A l\u2019arribada dels anys vuitanta del segle XX, el mapa de l\u2019escola p\u00fablica al municipi era el seg\u00fcent:<\/p>\n<p data-start=\"523\" data-end=\"1101\">\u2013 <strong data-start=\"525\" data-end=\"558\">Edifici Santa Anna (\u201cMercat\u201d)<\/strong>, carrer de Jacint Verdaguer, s\/n: quatre aules de preescolar i el despatx de direcci\u00f3.<br data-start=\"645\" data-end=\"648\" \/>\u2013 <strong data-start=\"652\" data-end=\"690\">Edifici V\u00edctor Catal\u00e0 (\u201cVivendes\u201d)<\/strong>, carrer de V\u00edctor Catal\u00e0, s\/n: quatre aules de cicle inicial.<br data-start=\"752\" data-end=\"755\" \/>\u2013 <strong data-start=\"759\" data-end=\"803\">Edifici Crist\u00f2for Ferrer (\u201cAutopista I\u201d)<\/strong>, carretera d\u2019enlla\u00e7 a l\u2019autopista: vuit aules de preescolar, cicle inicial i cicle mitj\u00e0.<br data-start=\"893\" data-end=\"896\" \/>\u2013 <strong data-start=\"900\" data-end=\"941\">Edifici Mari\u00e0 Manent (\u201cAutopista II\u201d)<\/strong>, avinguda de la Caritat, s\/n: vuit aules de 5\u00e8 a 8\u00e8 d\u2019EGB.<br data-start=\"1000\" data-end=\"1003\" \/>\u2013 <strong data-start=\"1007\" data-end=\"1051\">Edifici Verge del Remei (\u201cla Pixotella\u201d)<\/strong>, torrent Castells, s\/n: una aula de preescolar.<\/p>\n<p data-start=\"1108\" data-end=\"1366\">Aquesta dispersi\u00f3 d\u2019edificis comportava que l\u2019alumnat resident als barris del Remei i de Santa Anna-Ti\u00f3 hagu\u00e9s de despla\u00e7ar-se en autocar fins a quatre vegades al dia als centres que els corresponien per edat, ja que no hi havia servei de menjador escolar.<\/p>\n<p data-start=\"1373\" data-end=\"1643\">El curs 1988-1989 es va inaugurar la nova <strong>Escola Santa Anna<\/strong>, situada al torrent del mateix nom, el <strong>Torrent de Santa Anna<\/strong>, amb la voluntat de donar servei a tots els nens i les nenes del barri i de les zones lim\u00edtrofes, incloses algunes \u00e0rees de Premi\u00e0 de Mar.<\/p>\n<p><img loading=\"lazy\" decoding=\"async\" class=\"size-full wp-image-248 aligncenter\" src=\"http:\/\/agora.xtec.cat\/iesantanna-premiadedalt\/\/wp-content\/uploads\/usu517\/2014\/09\/historia-web.jpg\" alt=\"?\" width=\"448\" height=\"252\" srcset=\"https:\/\/agora.xtec.cat\/iesantanna-premiadedalt\/wp-content\/uploads\/usu517\/2014\/09\/historia-web.jpg 448w, https:\/\/agora.xtec.cat\/iesantanna-premiadedalt\/wp-content\/uploads\/usu517\/2014\/09\/historia-web-300x169.jpg 300w\" sizes=\"auto, (max-width: 448px) 100vw, 448px\" \/><\/p>\n<p>El curs <strong>2021-2022<\/strong> es va esdevenir un gran canvi que conforma el centre educatiu que perdurar\u00e0 en el temps. Es va iniciar la secund\u00e0ria i l&#8217;Escola Santa Anna es va convertir en l&#8217;<strong>Institut Escola Santa Anna, <\/strong>per l&#8217;<a href=\"https:\/\/drive.google.com\/drive\/u\/0\/folders\/1H7YPOQhno-N9KBWAE5Ec1AZMKSQNXU2r\" target=\"_blank\" rel=\"noopener\"><strong>Acord de Govern 111\/2021, de 20 de juliol.<\/strong><\/a><\/p>\n<p>Actualment el centre educatiu <strong>Institut Escola Santa Anna<\/strong> escolaritza alumnat de 3 a 16 anys.<\/p>\n","protected":false},"excerpt":{"rendered":"<p>Inicialment, hi havia una \u00fanica escola p\u00fablica a Premi\u00e0 de Dalt ubicada als baixos de l\u2019Ajuntament, i els nens i les nenes assistien a classes separades. Amb el creixement progressiu de la poblaci\u00f3, es van anar habilitant diversos edificis i locals repartits per l\u2019extens terme municipal de Premi\u00e0 de Dalt. A l\u2019arribada dels anys vuitanta [&hellip;]<\/p>\n","protected":false},"author":2,"featured_media":0,"parent":22,"menu_order":2,"comment_status":"closed","ping_status":"closed","template":"page-templates\/side-menu.php","meta":{"_bbp_topic_count":0,"_bbp_reply_count":0,"_bbp_total_topic_count":0,"_bbp_total_reply_count":0,"_bbp_voice_count":0,"_bbp_anonymous_reply_count":0,"_bbp_topic_count_hidden":0,"_bbp_reply_count_hidden":0,"_bbp_forum_subforum_count":0,"site-sidebar-layout":"default","site-content-layout":"","ast-site-content-layout":"","site-content-style":"default","site-sidebar-style":"default","ast-global-header-display":"","ast-banner-title-visibility":"","ast-main-header-display":"","ast-hfb-above-header-display":"","ast-hfb-below-header-display":"","ast-hfb-mobile-header-display":"","site-post-title":"","ast-breadcrumbs-content":"","ast-featured-img":"","footer-sml-layout":"","theme-transparent-header-meta":"","adv-header-id-meta":"","stick-header-meta":"","header-above-stick-meta":"","header-main-stick-meta":"","header-below-stick-meta":"","astra-migrate-meta-layouts":"default","ast-page-background-enabled":"default","ast-page-background-meta":{"desktop":{"background-color":"var(--ast-global-color-4)","background-image":"","background-repeat":"repeat","background-position":"center center","background-size":"auto","background-attachment":"scroll","background-type":"","background-media":"","overlay-type":"","overlay-color":"","overlay-opacity":"","overlay-gradient":""},"tablet":{"background-color":"","background-image":"","background-repeat":"repeat","background-position":"center center","background-size":"auto","background-attachment":"scroll","background-type":"","background-media":"","overlay-type":"","overlay-color":"","overlay-opacity":"","overlay-gradient":""},"mobile":{"background-color":"","background-image":"","background-repeat":"repeat","background-position":"center center","background-size":"auto","background-attachment":"scroll","background-type":"","background-media":"","overlay-type":"","overlay-color":"","overlay-opacity":"","overlay-gradient":""}},"ast-content-background-meta":{"desktop":{"background-color":"var(--ast-global-color-5)","background-image":"","background-repeat":"repeat","background-position":"center center","background-size":"auto","background-attachment":"scroll","background-type":"","background-media":"","overlay-type":"","overlay-color":"","overlay-opacity":"","overlay-gradient":""},"tablet":{"background-color":"var(--ast-global-color-5)","background-image":"","background-repeat":"repeat","background-position":"center center","background-size":"auto","background-attachment":"scroll","background-type":"","background-media":"","overlay-type":"","overlay-color":"","overlay-opacity":"","overlay-gradient":""},"mobile":{"background-color":"var(--ast-global-color-5)","background-image":"","background-repeat":"repeat","background-position":"center center","background-size":"auto","background-attachment":"scroll","background-type":"","background-media":"","overlay-type":"","overlay-color":"","overlay-opacity":"","overlay-gradient":""}},"footnotes":""},"class_list":["post-26","page","type-page","status-publish","hentry"],"post_mailing_queue_ids":[],"_links":{"self":[{"href":"https:\/\/agora.xtec.cat\/iesantanna-premiadedalt\/wp-json\/wp\/v2\/pages\/26","targetHints":{"allow":["GET"]}}],"collection":[{"href":"https:\/\/agora.xtec.cat\/iesantanna-premiadedalt\/wp-json\/wp\/v2\/pages"}],"about":[{"href":"https:\/\/agora.xtec.cat\/iesantanna-premiadedalt\/wp-json\/wp\/v2\/types\/page"}],"author":[{"embeddable":true,"href":"https:\/\/agora.xtec.cat\/iesantanna-premiadedalt\/wp-json\/wp\/v2\/users\/2"}],"replies":[{"embeddable":true,"href":"https:\/\/agora.xtec.cat\/iesantanna-premiadedalt\/wp-json\/wp\/v2\/comments?post=26"}],"version-history":[{"count":4,"href":"https:\/\/agora.xtec.cat\/iesantanna-premiadedalt\/wp-json\/wp\/v2\/pages\/26\/revisions"}],"predecessor-version":[{"id":28612,"href":"https:\/\/agora.xtec.cat\/iesantanna-premiadedalt\/wp-json\/wp\/v2\/pages\/26\/revisions\/28612"}],"up":[{"embeddable":true,"href":"https:\/\/agora.xtec.cat\/iesantanna-premiadedalt\/wp-json\/wp\/v2\/pages\/22"}],"wp:attachment":[{"href":"https:\/\/agora.xtec.cat\/iesantanna-premiadedalt\/wp-json\/wp\/v2\/media?parent=26"}],"curies":[{"name":"wp","href":"https:\/\/api.w.org\/{rel}","templated":true}]}}