{"id":25726,"date":"2023-05-17T09:45:05","date_gmt":"2023-05-17T07:45:05","guid":{"rendered":"https:\/\/agora.xtec.cat\/iesantanna-premiadedalt\/?page_id=25726"},"modified":"2026-01-26T19:06:07","modified_gmt":"2026-01-26T18:06:07","slug":"ajuts-i-beques","status":"publish","type":"page","link":"https:\/\/agora.xtec.cat\/iesantanna-premiadedalt\/curs-2024-25\/ajuts-i-beques\/","title":{"rendered":"Beques i asseguran\u00e7a escolar"},"content":{"rendered":"<h5><span style=\"color: #ff6600;\">Beques Consell Comarcal de menjador<\/span><\/h5>\n<ul>\n<li><a href=\"https:\/\/www.ccmaresme.cat\/educacio-formacio\/beques-i-ajuts\/\" target=\"_blank\" rel=\"noopener\"><strong>Convocat\u00f2ria (CURS 2025-2026)<\/strong><\/a><\/li>\n<\/ul>\n<h5><span style=\"color: #ff6600;\">Beques del Ministerio de Educaci\u00f3n per Necessitas Educatives Especials<\/span><\/h5>\n<ul>\n<li><a href=\"https:\/\/educacio.gencat.cat\/ca\/tramits\/tramits-temes\/ajuts-nee\" target=\"_blank\" rel=\"noopener\"><strong>Convocat\u00f2ria (CURS 2025-2026)<\/strong><\/a><\/li>\n<\/ul>\n<h5><span style=\"color: #ff6600;\">Asseguran\u00e7a escolar<\/span><\/h5>\n<p id=\"h20\"><strong>Alumnes fins a segon d&#8217;ESO<\/strong><\/p>\n<p>En cas d&#8217;accident escolar, l&#8217;alumnat que cursa estudis fins a segon d&#8217;ESO, incl\u00f2s, est\u00e0 cobert per la Seguretat Social, i s&#8217;ha d&#8217;adre\u00e7ar, amb la targeta sanit\u00e0ria, al centre sanitari p\u00fablic m\u00e9s proper del seu municipi i declarar que es tracta d&#8217;un accident escolar que s&#8217;ha produ\u00eft dins de l&#8217;horari lectiu. <em><strong>La factura dels tractaments va a c\u00e0rrec del CatSalut.<\/strong><\/em><\/p>\n<p>L&#8217;asseguran\u00e7a escolar obligat\u00f2ria cobreix l&#8217;accident escolar, la malaltia i l&#8217;infortuni familiar.<\/p>\n<p>L&#8217;accident escolar i la malaltia donen dret a l&#8217;assist\u00e8ncia m\u00e8dica i farmac\u00e8utica i a les indemnitzacions o a la pensi\u00f3 que corresponguin, segons la incapacitat produ\u00efda per l&#8217;accident o la malaltia, i tamb\u00e9 a la indemnitzaci\u00f3 de despeses de sepeli en cas de mort.<\/p>\n<p>L&#8217;infortuni familiar que s&#8217;esdev\u00e9 com a conseq\u00fc\u00e8ncia de la mort d&#8217;un dels progenitors o tutors legals o d&#8217;una situaci\u00f3 de fallida familiar, dona dret a una prestaci\u00f3 econ\u00f2mica per assegurar, a l&#8217;estudiant, la continu\u00eftat dels seus estudis.<\/p>\n<p>Tots els centres que imparteixen ensenyaments inclosos en l&#8217;asseguran\u00e7a escolar obligat\u00f2ria han d&#8217;informar els beneficiaris i\/o les fam\u00edlies d&#8217;aquesta asseguran\u00e7a i de les cobertures que ofereix.<\/p>\n<p>La protecci\u00f3 de l&#8217;asseguran\u00e7a escolar obligat\u00f2ria s&#8217;est\u00e9n al territori de l&#8217;Estat i, en cas de les prestacions sanit\u00e0ries, es protegeix tamb\u00e9 l&#8217;estudiant en els despla\u00e7aments a pa\u00efsos de l&#8217;Espai Econ\u00f2mic Europeu (EEE) i a Su\u00efssa per motius d&#8217;estudis.<\/p>\n<p><strong>Alumnes a partir de tercer d&#8217;ESO que siguin menors de 28 anys<\/strong><\/p>\n<p>Est\u00e0 incl\u00f2s en el camp d&#8217;aplicaci\u00f3 de l&#8217;asseguran\u00e7a escolar obligat\u00f2ria l&#8217;alumnat espanyol menor de 28 anys que cursi a Espanya algun dels estudis protegits per l&#8217;asseguran\u00e7a escolar obligat\u00f2ria.<\/p>\n<p>Des del centre es gestiona el pagament que ha de fer la fam\u00edlia (1.12 \u20ac per curs escolar) per poder gaudir de les cobertures i es comunica la relaci\u00f3 de l&#8217;alumnat matriculat al centre a l&#8217;organisme competent (Seguretat Social).<\/p>\n<p>Per a m\u00e9s informaci\u00f3, podeu consultar el web del Departament d&#8217;Educaci\u00f3 <a href=\"https:\/\/espai.educacio.gencat.cat\/Gestio\/Assegurances\/Asseguranca-escolar\/Pagines\/default.aspx\" target=\"_blank\" rel=\"noopener\">Asseguran\u00e7a escolar obligat\u00f2ria<\/a><\/p>\n<p style=\"font-weight: 400;\">L\u2019Institut Nacional de la Seguretat Social ens ha facilitat un enlla\u00e7 on podreu trobar el llistat actualitzat dels centres concertats amb l\u2019Asseguran\u00e7a Escolar Obligat\u00f2ria (AEO).<\/p>\n<p style=\"font-weight: 400;\"><a href=\"https:\/\/www.seg-social.es\/wps\/portal\/wss\/internet\/Trabajadores\/PrestacionesPensionesTrabajadores\/28622\/7631f3e5-5a90-4152-a76e-2867f19635a8\" data-saferedirecturl=\"https:\/\/www.google.com\/url?q=https:\/\/www.seg-social.es\/wps\/portal\/wss\/internet\/Trabajadores\/PrestacionesPensionesTrabajadores\/28622\/7631f3e5-5a90-4152-a76e-2867f19635a8&amp;source=gmail&amp;ust=1715952180341000&amp;usg=AOvVaw2XM12wcJGsTG4JF5eMIrNW\">Llistat centres concertats Asseguran\u00e7a Escolar Obligat\u00f2ria<\/a><\/p>\n<p>&nbsp;<\/p>\n","protected":false},"excerpt":{"rendered":"<p>Beques Consell Comarcal de menjador Convocat\u00f2ria (CURS 2025-2026) Beques del Ministerio de Educaci\u00f3n per Necessitas Educatives Especials Convocat\u00f2ria (CURS 2025-2026) Asseguran\u00e7a escolar Alumnes fins a segon d&#8217;ESO En cas d&#8217;accident escolar, l&#8217;alumnat que cursa estudis fins a segon d&#8217;ESO, incl\u00f2s, est\u00e0 cobert per la Seguretat Social, i s&#8217;ha d&#8217;adre\u00e7ar, amb la targeta sanit\u00e0ria, al centre [&hellip;]<\/p>\n","protected":false},"author":1,"featured_media":0,"parent":254,"menu_order":7,"comment_status":"closed","ping_status":"closed","template":"page-templates\/side-menu.php","meta":{"_bbp_topic_count":0,"_bbp_reply_count":0,"_bbp_total_topic_count":0,"_bbp_total_reply_count":0,"_bbp_voice_count":0,"_bbp_anonymous_reply_count":0,"_bbp_topic_count_hidden":0,"_bbp_reply_count_hidden":0,"_bbp_forum_subforum_count":0,"site-sidebar-layout":"default","site-content-layout":"","ast-site-content-layout":"","site-content-style":"default","site-sidebar-style":"default","ast-global-header-display":"","ast-banner-title-visibility":"","ast-main-header-display":"","ast-hfb-above-header-display":"","ast-hfb-below-header-display":"","ast-hfb-mobile-header-display":"","site-post-title":"","ast-breadcrumbs-content":"","ast-featured-img":"","footer-sml-layout":"","theme-transparent-header-meta":"","adv-header-id-meta":"","stick-header-meta":"","header-above-stick-meta":"","header-main-stick-meta":"","header-below-stick-meta":"","astra-migrate-meta-layouts":"default","ast-page-background-enabled":"default","ast-page-background-meta":{"desktop":{"background-color":"var(--ast-global-color-4)","background-image":"","background-repeat":"repeat","background-position":"center center","background-size":"auto","background-attachment":"scroll","background-type":"","background-media":"","overlay-type":"","overlay-color":"","overlay-opacity":"","overlay-gradient":""},"tablet":{"background-color":"","background-image":"","background-repeat":"repeat","background-position":"center center","background-size":"auto","background-attachment":"scroll","background-type":"","background-media":"","overlay-type":"","overlay-color":"","overlay-opacity":"","overlay-gradient":""},"mobile":{"background-color":"","background-image":"","background-repeat":"repeat","background-position":"center center","background-size":"auto","background-attachment":"scroll","background-type":"","background-media":"","overlay-type":"","overlay-color":"","overlay-opacity":"","overlay-gradient":""}},"ast-content-background-meta":{"desktop":{"background-color":"var(--ast-global-color-5)","background-image":"","background-repeat":"repeat","background-position":"center center","background-size":"auto","background-attachment":"scroll","background-type":"","background-media":"","overlay-type":"","overlay-color":"","overlay-opacity":"","overlay-gradient":""},"tablet":{"background-color":"var(--ast-global-color-5)","background-image":"","background-repeat":"repeat","background-position":"center center","background-size":"auto","background-attachment":"scroll","background-type":"","background-media":"","overlay-type":"","overlay-color":"","overlay-opacity":"","overlay-gradient":""},"mobile":{"background-color":"var(--ast-global-color-5)","background-image":"","background-repeat":"repeat","background-position":"center center","background-size":"auto","background-attachment":"scroll","background-type":"","background-media":"","overlay-type":"","overlay-color":"","overlay-opacity":"","overlay-gradient":""}},"footnotes":""},"class_list":["post-25726","page","type-page","status-publish","hentry"],"post_mailing_queue_ids":[],"_links":{"self":[{"href":"https:\/\/agora.xtec.cat\/iesantanna-premiadedalt\/wp-json\/wp\/v2\/pages\/25726","targetHints":{"allow":["GET"]}}],"collection":[{"href":"https:\/\/agora.xtec.cat\/iesantanna-premiadedalt\/wp-json\/wp\/v2\/pages"}],"about":[{"href":"https:\/\/agora.xtec.cat\/iesantanna-premiadedalt\/wp-json\/wp\/v2\/types\/page"}],"author":[{"embeddable":true,"href":"https:\/\/agora.xtec.cat\/iesantanna-premiadedalt\/wp-json\/wp\/v2\/users\/1"}],"replies":[{"embeddable":true,"href":"https:\/\/agora.xtec.cat\/iesantanna-premiadedalt\/wp-json\/wp\/v2\/comments?post=25726"}],"version-history":[{"count":7,"href":"https:\/\/agora.xtec.cat\/iesantanna-premiadedalt\/wp-json\/wp\/v2\/pages\/25726\/revisions"}],"predecessor-version":[{"id":28637,"href":"https:\/\/agora.xtec.cat\/iesantanna-premiadedalt\/wp-json\/wp\/v2\/pages\/25726\/revisions\/28637"}],"up":[{"embeddable":true,"href":"https:\/\/agora.xtec.cat\/iesantanna-premiadedalt\/wp-json\/wp\/v2\/pages\/254"}],"wp:attachment":[{"href":"https:\/\/agora.xtec.cat\/iesantanna-premiadedalt\/wp-json\/wp\/v2\/media?parent=25726"}],"curies":[{"name":"wp","href":"https:\/\/api.w.org\/{rel}","templated":true}]}}