{"id":20979,"date":"2020-05-08T17:55:44","date_gmt":"2020-05-08T15:55:44","guid":{"rendered":"http:\/\/agora.xtec.cat\/iesantanna-premiadedalt\/\/?page_id=20979"},"modified":"2026-01-26T18:53:49","modified_gmt":"2026-01-26T17:53:49","slug":"preinscripcio-i-matriculacio","status":"publish","type":"page","link":"https:\/\/agora.xtec.cat\/iesantanna-premiadedalt\/lescola\/preinscripcio-i-matriculacio\/","title":{"rendered":"PROC\u00c9S de PREINSCRIPCI\u00d3 Curs 2026-2027"},"content":{"rendered":"<h4>PUBLICACI\u00d3 OFERTA INICIAL PLACES 2026-2027<\/h4>\n<h5><span style=\"color: #0000ff;\">Oferim suport per fer la preinscripci\u00f3 amb cita pr\u00e8via<\/span><\/h5>\n<p>En cas que no tingueu ordinador per poder fer la presentaci\u00f3 de la sol\u00b7licitud telem\u00e0tica obligat\u00f2ria, posarem a la vostra disposici\u00f3 un port\u00e0til al vest\u00edbul de l&#8217;escola i, si teniu algun dubte, us ajudarem a resoldre&#8217;l.<\/p>\n<p><strong>Cal demanar <a href=\"https:\/\/aplicacions.gestioeducativa.gencat.cat\/ords\/pls\/apex\/f?p=CITA_PREVIA:4::::4:P4_TIPUS_CALENDARI,P4_DOMINI:01_Oblig,08077460\" target=\"_blank\" rel=\"noopener\">cita pr\u00e8via en aquest enlla\u00e7<\/a>.<\/strong><\/p>\n<p><span style=\"color: #ff0000;\"><strong>No s&#8217;atendr\u00e0 cap persona sense hora concertada.\u00a0<\/strong><\/span><\/p>\n<h4><span style=\"color: #ff6600;\"><strong>Dates de la preinscripci\u00f3 del curs 2026-2027 per e<\/strong><strong>ducaci\u00f3 infantil (3-6 anys), educaci\u00f3 prim\u00e0ria i educaci\u00f3 secund\u00e0ria obligat\u00f2ria<\/strong><\/span><\/h4>\n<p>Presentaci\u00f3 de sol\u00b7licituds:<\/p>\n<ul>\n<li>Educaci\u00f3 infantil (3-6 anys) i educaci\u00f3 prim\u00e0ria (6-12 anys): <span style=\"color: #ff6600;\"><strong>del 4 al 18 de mar\u00e7 de 2026<\/strong><\/span><\/li>\n<li>Educaci\u00f3 secund\u00e0ria obligat\u00f2ria (12-16 anys): <span style=\"color: #ff6600;\"><strong>del 6 al 18 de mar\u00e7 de 2026<\/strong><\/span><\/li>\n<\/ul>\n<div>\n<p>El proc\u00e9s es far\u00e0 per via telem\u00e0tica \u00fanicament.<\/p>\n<p>Aqu\u00ed teniu l&#8217;enlla\u00e7 a la p\u00e0gina web del Departament d&#8217;Educaci\u00f3 on trobareu tota la informaci\u00f3 en relaci\u00f3 a la preinscripci\u00f3 i la posterior matriculaci\u00f3 pel curs 2026-2027: <a href=\"https:\/\/preinscripcio.gencat.cat\/ca\/detalls\/noticia\/dates-preinscripcio-2026-2027\" target=\"_blank\" rel=\"noopener\"><strong>https:\/\/preinscripcio.gencat.cat\/ca\/inici\/<\/strong><\/a><\/p>\n<p><strong><em>Molt important!<\/em><\/strong><\/p>\n<p>A l&#8217;hora de fer la presentaci\u00f3 telem\u00e0tica se us requerir\u00e0 d&#8217;una documentaci\u00f3 concreta que haureu d&#8217;adjuntar. Llegiu atentament tota la informaci\u00f3 abans de comen\u00e7ar a fer el proc\u00e9s de preinscripci\u00f3 perqu\u00e8 t\u00e9 una durada concreta i, si trigueu molt a emplenar els camps i a carregar les imatges, la sessi\u00f3 es tallar\u00e0 i haureu de tornar a comen\u00e7ar.\u00a0 \u00c9s imprescindible, per tant, que la documentaci\u00f3 que us demanar\u00e0 l&#8217;aplicatiu la tingueu ja preparada, b\u00e9 escanejada o en foto, al vostre dispositiu, per poder penjar-la en el moment que calgui.<\/p>\n<p>Documentaci\u00f3 que caldr\u00e0 adjuntar:<\/p>\n<ol>\n<li>DNI\/NIE\/Passaport del pare\/mare<\/li>\n<li>Llibre de fam\u00edlia (nom\u00e9s del full a on surten les dades dels pares, i el full a on surt el nen o nena pel qual es demana la pla\u00e7a).<\/li>\n<li>TSI del nen o nena pel qual es sol\u00b7licita la pla\u00e7a.<\/li>\n<li>En cas que l&#8217;adre\u00e7a al\u00b7legada a la sol\u00b7licitud de pla\u00e7a no sigui la mateixa que consta al DNI\/NIE haureu de sol\u00b7licitar i aportar un volant de conviv\u00e8ncia o full d&#8217;empadronament.<\/li>\n<li>En cas que sigueu fam\u00edlia nombrosa o monoparental podeu acreditar-ho amb el document corresponent.<\/li>\n<li>En cas de tenir reconegut algun tipus de discapacitat ho podreu acreditar amb el document corresponent.<\/li>\n<\/ol>\n<p><strong>MOLT IMPORTANT!\u00a0<\/strong>Els DNI\/NIE, Passaport, la TSI, les targetes que acrediten fam\u00edlia nombrosa o monoparental, o si s&#8217;ha d&#8217;al\u00b7legar discapacitat, <em>han de ser vigents<\/em>. Tots els documents caducats no es podran tenir en compte si amb ells s&#8217;atorga una puntuaci\u00f3. Si estan caducats, haureu d&#8217;aportar document que acrediti que s&#8217;est\u00e0 renovant. Els certificats d&#8217;empadronament o volants de conviv\u00e8ncia, tenen una vig\u00e8ncia m\u00e0xima de 3 mesos des de la data d&#8217;emissi\u00f3.<\/p>\n<p><strong>TINGUEU EN COMPTE<\/strong>\u00a0que\u00a0si no pengeu la documentaci\u00f3, no us deixar\u00e0 fer la presentaci\u00f3 de la sol\u00b7licitud de pla\u00e7a.<\/p>\n<\/div>\n<p>&nbsp;<\/p>\n<div>\n<p>&nbsp;<\/p>\n<\/div>\n","protected":false},"excerpt":{"rendered":"<p>PUBLICACI\u00d3 OFERTA INICIAL PLACES 2026-2027 Oferim suport per fer la preinscripci\u00f3 amb cita pr\u00e8via En cas que no tingueu ordinador per poder fer la presentaci\u00f3 de la sol\u00b7licitud telem\u00e0tica obligat\u00f2ria, posarem a la vostra disposici\u00f3 un port\u00e0til al vest\u00edbul de l&#8217;escola i, si teniu algun dubte, us ajudarem a resoldre&#8217;l. Cal demanar cita pr\u00e8via en [&hellip;]<\/p>\n","protected":false},"author":1,"featured_media":0,"parent":22,"menu_order":10,"comment_status":"closed","ping_status":"closed","template":"page-templates\/side-menu.php","meta":{"_bbp_topic_count":0,"_bbp_reply_count":0,"_bbp_total_topic_count":0,"_bbp_total_reply_count":0,"_bbp_voice_count":0,"_bbp_anonymous_reply_count":0,"_bbp_topic_count_hidden":0,"_bbp_reply_count_hidden":0,"_bbp_forum_subforum_count":0,"site-sidebar-layout":"default","site-content-layout":"","ast-site-content-layout":"","site-content-style":"default","site-sidebar-style":"default","ast-global-header-display":"","ast-banner-title-visibility":"","ast-main-header-display":"","ast-hfb-above-header-display":"","ast-hfb-below-header-display":"","ast-hfb-mobile-header-display":"","site-post-title":"","ast-breadcrumbs-content":"","ast-featured-img":"","footer-sml-layout":"","theme-transparent-header-meta":"","adv-header-id-meta":"","stick-header-meta":"","header-above-stick-meta":"","header-main-stick-meta":"","header-below-stick-meta":"","astra-migrate-meta-layouts":"default","ast-page-background-enabled":"default","ast-page-background-meta":{"desktop":{"background-color":"var(--ast-global-color-4)","background-image":"","background-repeat":"repeat","background-position":"center center","background-size":"auto","background-attachment":"scroll","background-type":"","background-media":"","overlay-type":"","overlay-color":"","overlay-opacity":"","overlay-gradient":""},"tablet":{"background-color":"","background-image":"","background-repeat":"repeat","background-position":"center center","background-size":"auto","background-attachment":"scroll","background-type":"","background-media":"","overlay-type":"","overlay-color":"","overlay-opacity":"","overlay-gradient":""},"mobile":{"background-color":"","background-image":"","background-repeat":"repeat","background-position":"center center","background-size":"auto","background-attachment":"scroll","background-type":"","background-media":"","overlay-type":"","overlay-color":"","overlay-opacity":"","overlay-gradient":""}},"ast-content-background-meta":{"desktop":{"background-color":"var(--ast-global-color-5)","background-image":"","background-repeat":"repeat","background-position":"center center","background-size":"auto","background-attachment":"scroll","background-type":"","background-media":"","overlay-type":"","overlay-color":"","overlay-opacity":"","overlay-gradient":""},"tablet":{"background-color":"var(--ast-global-color-5)","background-image":"","background-repeat":"repeat","background-position":"center center","background-size":"auto","background-attachment":"scroll","background-type":"","background-media":"","overlay-type":"","overlay-color":"","overlay-opacity":"","overlay-gradient":""},"mobile":{"background-color":"var(--ast-global-color-5)","background-image":"","background-repeat":"repeat","background-position":"center center","background-size":"auto","background-attachment":"scroll","background-type":"","background-media":"","overlay-type":"","overlay-color":"","overlay-opacity":"","overlay-gradient":""}},"footnotes":""},"class_list":["post-20979","page","type-page","status-publish","hentry"],"post_mailing_queue_ids":[],"_links":{"self":[{"href":"https:\/\/agora.xtec.cat\/iesantanna-premiadedalt\/wp-json\/wp\/v2\/pages\/20979","targetHints":{"allow":["GET"]}}],"collection":[{"href":"https:\/\/agora.xtec.cat\/iesantanna-premiadedalt\/wp-json\/wp\/v2\/pages"}],"about":[{"href":"https:\/\/agora.xtec.cat\/iesantanna-premiadedalt\/wp-json\/wp\/v2\/types\/page"}],"author":[{"embeddable":true,"href":"https:\/\/agora.xtec.cat\/iesantanna-premiadedalt\/wp-json\/wp\/v2\/users\/1"}],"replies":[{"embeddable":true,"href":"https:\/\/agora.xtec.cat\/iesantanna-premiadedalt\/wp-json\/wp\/v2\/comments?post=20979"}],"version-history":[{"count":6,"href":"https:\/\/agora.xtec.cat\/iesantanna-premiadedalt\/wp-json\/wp\/v2\/pages\/20979\/revisions"}],"predecessor-version":[{"id":28635,"href":"https:\/\/agora.xtec.cat\/iesantanna-premiadedalt\/wp-json\/wp\/v2\/pages\/20979\/revisions\/28635"}],"up":[{"embeddable":true,"href":"https:\/\/agora.xtec.cat\/iesantanna-premiadedalt\/wp-json\/wp\/v2\/pages\/22"}],"wp:attachment":[{"href":"https:\/\/agora.xtec.cat\/iesantanna-premiadedalt\/wp-json\/wp\/v2\/media?parent=20979"}],"curies":[{"name":"wp","href":"https:\/\/api.w.org\/{rel}","templated":true}]}}