{"id":16074,"date":"2019-02-18T16:18:23","date_gmt":"2019-02-18T15:18:23","guid":{"rendered":"http:\/\/agora.xtec.cat\/iesantanna-premiadedalt\/\/?page_id=16074"},"modified":"2026-02-02T18:02:42","modified_gmt":"2026-02-02T17:02:42","slug":"documents","status":"publish","type":"page","link":"https:\/\/agora.xtec.cat\/iesantanna-premiadedalt\/lescola\/documents\/","title":{"rendered":"Projecte Educatiu de Centre &#8211; Documents"},"content":{"rendered":"<h2><span style=\"color: #ff6600;\">Documents de centre<\/span><\/h2>\n<p><strong>Cliqueu els enlla\u00e7os per accedir-hi<\/strong><\/p>\n<h4><a href=\"https:\/\/agora.xtec.cat\/iesantanna-premiadedalt\/wp-content\/uploads\/usu517\/2025\/06\/PEC-IE-SANTA-ANNA-FINAL-PEL-WEB.pdf\" target=\"_blank\" rel=\"noopener\">Projecte Educatiu Institut Escola Santa Anna (aprovat 18\/06\/2025)<\/a><\/h4>\n<h4><a href=\"https:\/\/agora.xtec.cat\/iesantanna-premiadedalt\/wp-content\/uploads\/usu517\/2025\/11\/NOFC-Santa-Anna-19-novembre-2025.pdf\" target=\"_blank\" rel=\"noopener\">Normes d&#8217;Organitzaci\u00f3 i Gesti\u00f3 de Centre (NOFC)(19\/11\/2025)<\/a><\/h4>\n<h4><a href=\"https:\/\/agora.xtec.cat\/iesantanna-premiadedalt\/wp-content\/uploads\/usu517\/2025\/05\/Copia-web-PdD-IE-SANTA-ANNA-2025-2029-CARME-FLORIT.pdf\" target=\"_blank\" rel=\"noopener\">Projecte de Direcci\u00f3 2025-2029 IE Santa Anna<\/a><\/h4>\n<h4><a href=\"https:\/\/agora.xtec.cat\/iesantanna-premiadedalt\/wp-content\/uploads\/usu517\/2026\/01\/CARTA_COMPROMIS_25-26.pdf\" target=\"_blank\" rel=\"noopener\">Carta de comprom\u00eds educatiu (actualitzada juliol 2025)<\/a><\/h4>\n<h4><a href=\"https:\/\/agora.xtec.cat\/iesantanna-premiadedalt\/wp-content\/uploads\/usu517\/2024\/06\/WEB-PROJECTE-LINGUISTC-IE-SANTA-ANNA.pdf\" target=\"_blank\" rel=\"noopener\"> Projecte Ling\u00fc\u00edstic (11\/06\/2024)<\/a><\/h4>\n<h4><a href=\"https:\/\/agora.xtec.cat\/iesantanna-premiadedalt\/wp-content\/uploads\/usu517\/2024\/06\/Guia-usos-linguistics.pdf\" target=\"_blank\" rel=\"noopener\">Usos ling\u00fc\u00edstics de la llengua catalana<\/a><\/h4>\n<h4><a href=\"https:\/\/agora.xtec.cat\/iesantanna-premiadedalt\/wp-content\/uploads\/usu517\/2025\/06\/Pla-de-convivencia-aprovat-18_06_2025-signat.pdf\">Pla de conviv\u00e8ncia aprovat (18\/06\/2025)<\/a><\/h4>\n<h4><a href=\"https:\/\/agora.xtec.cat\/iesantanna-premiadedalt\/wp-content\/uploads\/usu517\/2025\/11\/COPIA-WEB-PEM-24-28-IE-SANTA-ANNA.pdf\" target=\"_blank\" rel=\"noopener\">Pla Estrat\u00e8gic de Millora PROA+ 2024-2028 (PEM) (aprovat 19\/11\/2025)<\/a><\/h4>\n<h4><a href=\"https:\/\/agora.xtec.cat\/iesantanna-premiadedalt\/wp-content\/uploads\/usu517\/2022\/10\/DIPLOMA-ACREDITACION-2020-1-ES01-KA120-SCH-095030.pdf\" target=\"_blank\" rel=\"noopener\">Erasmus Accreditation 2021-2027<\/a><\/h4>\n<h4><a href=\"https:\/\/agora.xtec.cat\/iesantanna-premiadedalt\/wp-content\/uploads\/usu517\/2022\/10\/DIPLOMA-ACREDITACION-2020-1-ES01-KA120-SCH-095030.pdf\" target=\"_blank\" rel=\"noopener\">Diploma Acreditaci\u00f3n Erasmus<\/a><\/h4>\n<h4><a href=\"https:\/\/drive.google.com\/file\/d\/13gMXOJ-B0RhgTsh3_v86fvq8isrMIb5n\/view?usp=sharing\" target=\"_blank\" rel=\"noopener\">Pressupost econ\u00f2mic 2024<\/a><\/h4>\n<h4><a href=\"https:\/\/agora.xtec.cat\/iesantanna-premiadedalt\/wp-content\/uploads\/usu517\/2023\/10\/Projecte-diversificacio-curricular-Santa-Anna.pdf\" target=\"_blank\" rel=\"noopener\">Projecte de diversificaci\u00f3 curricular &#8220;Projecte Singular&#8221;<\/a><\/h4>\n<h4><a href=\"https:\/\/sites.google.com\/santanna.cat\/edc-ie-santa-anna\/inici?pli=1\" target=\"_blank\" rel=\"noopener\">EDC &#8211; Estrat\u00e8gia Digital de Centre<\/a><\/h4>\n<h2><span style=\"color: #ff6600;\">Carta de comprom\u00eds<\/span><\/h2>\n<p>La implicaci\u00f3 de les fam\u00edlies en el proc\u00e9s educatiu dels fills \u00e9s un element imprescindible per assolir l&#8217;\u00e8xit educatiu i contribuir a la millor integraci\u00f3 escolar i social de l&#8217;alumnat. En aquest sentit, la carta de comprom\u00eds educatiu ha de ser una eina que faciliti la cooperaci\u00f3 entre les accions educatives de les fam\u00edlies i l&#8217;acci\u00f3 educativa del centre educatiu.<br \/>\nAquesta \u00e9s al Carta de Comprom\u00eds de l&#8217;Institut Escola Santa Anna:<br \/>\n<iframe loading=\"lazy\" src=\"https:\/\/agora.xtec.cat\/iesantanna-premiadedalt\/wp-content\/uploads\/usu517\/2026\/01\/CARTA_COMPROMIS_25-26.pdf \" width=\"800\" height=\"900\"><span data-mce-type=\"bookmark\" style=\"display: inline-block; width: 0px; overflow: hidden; line-height: 0;\" class=\"mce_SELRES_start\">\ufeff<\/span><\/iframe><\/p>\n<h2><strong><span style=\"color: #ff6600;\">Documents per fam\u00edlies<\/span><\/strong><\/h2>\n<h4><a href=\"https:\/\/educacio.gencat.cat\/ca\/departament\/linies-estrategiques\/pla-digitalitzacio-responsable\/index.html\" target=\"_blank\" rel=\"noopener\">Pla de digitalitzaci\u00f3 responsable<\/a><\/h4>\n<h4><a href=\"https:\/\/documents.espai.educacio.gencat.cat\/documents_publics\/Pla-digitalitzacio-responsable.pdf\" target=\"_blank\" rel=\"noopener\">Presentaci\u00f3 del Pla de Digitalitzaci\u00f3 Responsable<\/a><\/h4>\n<h4><a href=\"https:\/\/educacio.gencat.cat\/web\/.content\/home\/departament\/linies-estrategiques\/pla-digitalitzacio-responsable\/guia-families.pdf\" target=\"_blank\" rel=\"noopener\">Guia per acompanyar les fam\u00edlies del Pla de digitalitzaci\u00f3 responsable<\/a><\/h4>\n<h4><a href=\"https:\/\/www.youtube.com\/watch?v=wn7_gVc0FQc\" target=\"_blank\" rel=\"noopener\">V\u00eddeo del Pla de digitalitzaci\u00f3 responsable<\/a><\/h4>\n<h4><a href=\"https:\/\/agora.xtec.cat\/iesantanna-premiadedalt\/\/wp-content\/uploads\/usu517\/2020\/07\/Document-grup-de-difusi\u00f3-WhatsApp-1.pdf\">Document grup de difusi\u00f3 WhatsApp<\/a><\/h4>\n<h4><a href=\"https:\/\/agora.xtec.cat\/iesantanna-premiadedalt\/\/wp-content\/uploads\/usu517\/2020\/07\/Document-Meet-per-fam\u00edlies.pdf\" target=\"_blank\" rel=\"noopener noreferrer\">Document aplicaci\u00f3 Meet per fam\u00edlies<\/a><\/h4>\n<h4><img loading=\"lazy\" decoding=\"async\" class=\"wp-image-16104 alignright\" src=\"https:\/\/agora.xtec.cat\/iesantanna-premiadedalt\/\/wp-content\/uploads\/usu517\/2019\/02\/documents.jpg\" alt=\"\" width=\"300\" height=\"252\" srcset=\"https:\/\/agora.xtec.cat\/iesantanna-premiadedalt\/wp-content\/uploads\/usu517\/2019\/02\/documents.jpg 347w, https:\/\/agora.xtec.cat\/iesantanna-premiadedalt\/wp-content\/uploads\/usu517\/2019\/02\/documents-300x252.jpg 300w\" sizes=\"auto, (max-width: 300px) 100vw, 300px\" \/><\/h4>\n","protected":false},"excerpt":{"rendered":"<p>Documents de centre Cliqueu els enlla\u00e7os per accedir-hi Projecte Educatiu Institut Escola Santa Anna (aprovat 18\/06\/2025) Normes d&#8217;Organitzaci\u00f3 i Gesti\u00f3 de Centre (NOFC)(19\/11\/2025) Projecte de Direcci\u00f3 2025-2029 IE Santa Anna Carta de comprom\u00eds educatiu (actualitzada juliol 2025) Projecte Ling\u00fc\u00edstic (11\/06\/2024) Usos ling\u00fc\u00edstics de la llengua catalana Pla de conviv\u00e8ncia aprovat (18\/06\/2025) Pla Estrat\u00e8gic de Millora [&hellip;]<\/p>\n","protected":false},"author":1,"featured_media":0,"parent":22,"menu_order":9,"comment_status":"closed","ping_status":"closed","template":"","meta":{"_bbp_topic_count":0,"_bbp_reply_count":0,"_bbp_total_topic_count":0,"_bbp_total_reply_count":0,"_bbp_voice_count":0,"_bbp_anonymous_reply_count":0,"_bbp_topic_count_hidden":0,"_bbp_reply_count_hidden":0,"_bbp_forum_subforum_count":0,"site-sidebar-layout":"default","site-content-layout":"","ast-site-content-layout":"default","site-content-style":"default","site-sidebar-style":"default","ast-global-header-display":"","ast-banner-title-visibility":"","ast-main-header-display":"","ast-hfb-above-header-display":"","ast-hfb-below-header-display":"","ast-hfb-mobile-header-display":"","site-post-title":"","ast-breadcrumbs-content":"","ast-featured-img":"","footer-sml-layout":"","theme-transparent-header-meta":"","adv-header-id-meta":"","stick-header-meta":"","header-above-stick-meta":"","header-main-stick-meta":"","header-below-stick-meta":"","astra-migrate-meta-layouts":"set","ast-page-background-enabled":"default","ast-page-background-meta":{"desktop":{"background-color":"var(--ast-global-color-4)","background-image":"","background-repeat":"repeat","background-position":"center center","background-size":"auto","background-attachment":"scroll","background-type":"","background-media":"","overlay-type":"","overlay-color":"","overlay-opacity":"","overlay-gradient":""},"tablet":{"background-color":"","background-image":"","background-repeat":"repeat","background-position":"center center","background-size":"auto","background-attachment":"scroll","background-type":"","background-media":"","overlay-type":"","overlay-color":"","overlay-opacity":"","overlay-gradient":""},"mobile":{"background-color":"","background-image":"","background-repeat":"repeat","background-position":"center center","background-size":"auto","background-attachment":"scroll","background-type":"","background-media":"","overlay-type":"","overlay-color":"","overlay-opacity":"","overlay-gradient":""}},"ast-content-background-meta":{"desktop":{"background-color":"var(--ast-global-color-5)","background-image":"","background-repeat":"repeat","background-position":"center center","background-size":"auto","background-attachment":"scroll","background-type":"","background-media":"","overlay-type":"","overlay-color":"","overlay-opacity":"","overlay-gradient":""},"tablet":{"background-color":"var(--ast-global-color-5)","background-image":"","background-repeat":"repeat","background-position":"center center","background-size":"auto","background-attachment":"scroll","background-type":"","background-media":"","overlay-type":"","overlay-color":"","overlay-opacity":"","overlay-gradient":""},"mobile":{"background-color":"var(--ast-global-color-5)","background-image":"","background-repeat":"repeat","background-position":"center center","background-size":"auto","background-attachment":"scroll","background-type":"","background-media":"","overlay-type":"","overlay-color":"","overlay-opacity":"","overlay-gradient":""}},"footnotes":""},"class_list":["post-16074","page","type-page","status-publish","hentry"],"post_mailing_queue_ids":[],"_links":{"self":[{"href":"https:\/\/agora.xtec.cat\/iesantanna-premiadedalt\/wp-json\/wp\/v2\/pages\/16074","targetHints":{"allow":["GET"]}}],"collection":[{"href":"https:\/\/agora.xtec.cat\/iesantanna-premiadedalt\/wp-json\/wp\/v2\/pages"}],"about":[{"href":"https:\/\/agora.xtec.cat\/iesantanna-premiadedalt\/wp-json\/wp\/v2\/types\/page"}],"author":[{"embeddable":true,"href":"https:\/\/agora.xtec.cat\/iesantanna-premiadedalt\/wp-json\/wp\/v2\/users\/1"}],"replies":[{"embeddable":true,"href":"https:\/\/agora.xtec.cat\/iesantanna-premiadedalt\/wp-json\/wp\/v2\/comments?post=16074"}],"version-history":[{"count":6,"href":"https:\/\/agora.xtec.cat\/iesantanna-premiadedalt\/wp-json\/wp\/v2\/pages\/16074\/revisions"}],"predecessor-version":[{"id":28845,"href":"https:\/\/agora.xtec.cat\/iesantanna-premiadedalt\/wp-json\/wp\/v2\/pages\/16074\/revisions\/28845"}],"up":[{"embeddable":true,"href":"https:\/\/agora.xtec.cat\/iesantanna-premiadedalt\/wp-json\/wp\/v2\/pages\/22"}],"wp:attachment":[{"href":"https:\/\/agora.xtec.cat\/iesantanna-premiadedalt\/wp-json\/wp\/v2\/media?parent=16074"}],"curies":[{"name":"wp","href":"https:\/\/api.w.org\/{rel}","templated":true}]}}