{"id":7518,"date":"2025-05-13T08:35:19","date_gmt":"2025-05-13T06:35:19","guid":{"rendered":"https:\/\/agora.xtec.cat\/iesangeletaferrer\/?page_id=7518"},"modified":"2026-03-05T08:38:23","modified_gmt":"2026-03-05T07:38:23","slug":"secretaria","status":"publish","type":"page","link":"https:\/\/agora.xtec.cat\/iesangeletaferrer\/secretaria\/","title":{"rendered":"Secretaria acad\u00e8mica"},"content":{"rendered":"<header class=\"entry-header\"><\/header>\n<div class=\"entry-content\">\n<header class=\"entry-header\">\n<h3 class=\"entry-title\">Horari de secretaria<\/h3>\n<\/header>\n<div class=\"entry-content\">\n<p><b>MAT\u00cd<\/b><\/p>\n<p><strong>Dilluns a divendres: 8:00 a 14:00<\/strong><\/p>\n<h3 class=\"entry-title\">Horari de secretaria (estiu)<\/h3>\n<p><b>MAT\u00cd<\/b><\/p>\n<p><strong>Dilluns a divendres: 8:00 a 14:00<\/strong><span style=\"color: #ff0000;\">\u00a0<\/span><\/p>\n<p>L\u2019horari d\u2019estiu comen\u00e7a l\u20191 de juny i acaba el 30 de setembre.<\/p>\n<\/div>\n<p><b>Protocol d\u2019atenci\u00f3 als usuaris dels serveis de la Secretaria del centre<\/b><br \/>\nLes sol\u00b7licituds de documentaci\u00f3 i cita pr\u00e8via per a l\u2019atenci\u00f3 presencial s\u2019han de fer a trav\u00e9s de l\u2019adre\u00e7a de correu\u00a0\u00a0<a href=\"mailto:a8046670@xtec.cat\" target=\"_blank\" rel=\"noopener noreferrer\">a8046670@xtec.cat<\/a> o al tel\u00e8fon 935893882. El termini m\u00e0xim de lliurament de certificats i documentaci\u00f3 acad\u00e8mica \u00e9s de 7 dies h\u00e0bils.<\/p>\n<\/div>\n","protected":false},"excerpt":{"rendered":"<p>Horari de secretaria<\/p>\n<p>MAT\u00cd<br \/>\nDilluns a divendres: 8:00 a 14:00<br \/>\nHorari de secretaria (estiu)<br \/>\nMAT\u00cd<br \/>\nDilluns a divendres: 8:00 a 14:00\u00a0<br \/>\nL\u2019horari d\u2019estiu comen\u00e7a l\u20191 de juny i acaba el 30 de setembre.<\/p>\n<p>Protocol d\u2019atenci\u00f3 als usuaris dels serveis de la Secretaria del centre<br \/>\nLes sol\u00b7licituds de documentaci\u00f3 i cita pr\u00e8via per a&hellip;  <a href=\"https:\/\/agora.xtec.cat\/iesangeletaferrer\/secretaria\/\" title=\"Read Secretaria acad\u00e8mica\">Llegeix m\u00e9s\u00bb<\/a><\/p>\n","protected":false},"author":1,"featured_media":0,"parent":0,"menu_order":0,"comment_status":"closed","ping_status":"closed","template":"page-templates\/side-menu.php","meta":{"_bbp_topic_count":0,"_bbp_reply_count":0,"_bbp_total_topic_count":0,"_bbp_total_reply_count":0,"_bbp_voice_count":0,"_bbp_anonymous_reply_count":0,"_bbp_topic_count_hidden":0,"_bbp_reply_count_hidden":0,"_bbp_forum_subforum_count":0,"footnotes":""},"class_list":["post-7518","page","type-page","status-publish","hentry"],"post_mailing_queue_ids":[],"_links":{"self":[{"href":"https:\/\/agora.xtec.cat\/iesangeletaferrer\/wp-json\/wp\/v2\/pages\/7518","targetHints":{"allow":["GET"]}}],"collection":[{"href":"https:\/\/agora.xtec.cat\/iesangeletaferrer\/wp-json\/wp\/v2\/pages"}],"about":[{"href":"https:\/\/agora.xtec.cat\/iesangeletaferrer\/wp-json\/wp\/v2\/types\/page"}],"author":[{"embeddable":true,"href":"https:\/\/agora.xtec.cat\/iesangeletaferrer\/wp-json\/wp\/v2\/users\/1"}],"replies":[{"embeddable":true,"href":"https:\/\/agora.xtec.cat\/iesangeletaferrer\/wp-json\/wp\/v2\/comments?post=7518"}],"version-history":[{"count":6,"href":"https:\/\/agora.xtec.cat\/iesangeletaferrer\/wp-json\/wp\/v2\/pages\/7518\/revisions"}],"predecessor-version":[{"id":7932,"href":"https:\/\/agora.xtec.cat\/iesangeletaferrer\/wp-json\/wp\/v2\/pages\/7518\/revisions\/7932"}],"wp:attachment":[{"href":"https:\/\/agora.xtec.cat\/iesangeletaferrer\/wp-json\/wp\/v2\/media?parent=7518"}],"curies":[{"name":"wp","href":"https:\/\/api.w.org\/{rel}","templated":true}]}}