{"id":7464,"date":"2025-04-07T16:12:58","date_gmt":"2025-04-07T14:12:58","guid":{"rendered":"https:\/\/agora.xtec.cat\/iesangeletaferrer\/?page_id=7464"},"modified":"2025-04-08T10:11:03","modified_gmt":"2025-04-08T08:11:03","slug":"afa","status":"publish","type":"page","link":"https:\/\/agora.xtec.cat\/iesangeletaferrer\/afa\/","title":{"rendered":"AFA"},"content":{"rendered":"<div style=\"display: flex; align-items: flex-start; margin-bottom: 20px;\">\n<p><img decoding=\"async\" style=\"width: 350px; margin-right: 20px;\" src=\"https:\/\/agora.xtec.cat\/iesangeletaferrer\/wp-content\/uploads\/usu499\/2025\/04\/LOGO-AFA.jpg\" alt=\"Logo AFA INS l'Angeleta\" \/><\/p>\n<div>\n<div style=\"background-color: #f8f8f8; padding: 20px; border-radius: 8px; margin-bottom: 30px; text-align: center; box-shadow: 0 2px 5px rgba(0,0,0,0.1);\">\n<p style=\"font-size: 1.1em; line-height: 1.8; color: #333; font-weight: 500; margin: 0;\">L&#8217;AFA \u00e9s la representaci\u00f3 de les fam\u00edlies de l&#8217;alumnat en tots els aspectes relatius a l&#8217;educaci\u00f3 i millora de l&#8217;entorn durant la seva estada al centre, per tal d&#8217;aconseguir la millor formaci\u00f3 personal i acad\u00e8mica dels fills i filles en el millor entorn possible.<\/p>\n<\/div>\n<h2>Qui som?<\/h2>\n<div style=\"display: flex; flex-wrap: wrap; gap: 30px; background-color: #ffffff; padding: 20px; border-radius: 8px; box-shadow: 0 2px 5px rgba(0,0,0,0.1); margin-bottom: 30px;\">\n<div style=\"flex: 1; min-width: 150px;\">\n<p><strong style=\"color: #e67e22; display: block; margin-bottom: 8px;\">Presid\u00e8ncia<\/strong><\/p>\n<div>Enric \u00d2dena<\/div>\n<\/div>\n<div style=\"flex: 1; min-width: 150px;\">\n<p><strong style=\"color: #e67e22; display: block; margin-bottom: 8px;\">Secretaria<\/strong><\/p>\n<div>Carles Pizarro<\/div>\n<\/div>\n<div style=\"flex: 1; min-width: 150px;\">\n<p><strong style=\"color: #e67e22; display: block; margin-bottom: 8px;\">Tresoreria<\/strong><\/p>\n<div>Carme Roca<\/div>\n<div style=\"line-height: 2;\">Susana Cabeza<\/div>\n<\/div>\n<div style=\"flex: 1; min-width: 150px;\">\n<p><strong style=\"color: #e67e22; display: block; margin-bottom: 8px;\">Vocalies<\/strong><\/p>\n<div>B\u00e0rbara Negre<\/div>\n<div style=\"line-height: 2;\">Juan \u00c1ngel de la Pe\u00f1a<\/div>\n<div>Judith Bartol\u00ed<\/div>\n<\/div>\n<\/div>\n<\/div>\n<\/div>\n<h2>Com ens financem?<\/h2>\n<p>Els ingressos provenen de la quota anual que paguen les fam\u00edlies (una sola quota per fam\u00edlia). Aix\u00f2 permet destinar la totalitat d&#8217;aquests diners a totes les necessitats que van sorgint a cada curs per millorar els recursos i necessitats del centre.<\/p>\n<div style=\"background-color: #f9f9f9; padding: 30px; border-radius: 10px; margin-bottom: 30px;\">\n<h1 style=\"color: #e67e22; text-align: center; margin-bottom: 25px;\">Qu\u00e8 fem?<\/h1>\n<p style=\"text-align: center; font-size: 1.1em; margin-bottom: 30px;\">Aquests s\u00f3n els principals objectius de l&#8217;AFA<\/p>\n<div style=\"display: grid; grid-template-columns: repeat(3, 1fr); gap: 20px; margin-bottom: 40px;\">\n<div style=\"background: white; padding: 20px; border-radius: 8px; box-shadow: 0 3px 10px rgba(0,0,0,0.1);\">\n<p style=\"font-weight: bold; color: #e67e22; font-size: 1.1em;\">Participaci\u00f3<\/p>\n<p>Afavorir i fomentar la participaci\u00f3 de les fam\u00edlies en la vida de l\u2019institut<\/p>\n<\/div>\n<div style=\"background: white; padding: 20px; border-radius: 8px; box-shadow: 0 3px 10px rgba(0,0,0,0.1);\">\n<p style=\"font-weight: bold; color: #e67e22; font-size: 1.1em;\">Activitats<\/p>\n<p>Organitzaci\u00f3 conjuntament amb el centre d\u2019activitats l\u00fadiques i festives que generin un ambient agradable i de confian\u00e7a.<\/p>\n<\/div>\n<div style=\"background: white; padding: 20px; border-radius: 8px; box-shadow: 0 3px 10px rgba(0,0,0,0.1);\">\n<p style=\"font-weight: bold; color: #e67e22; font-size: 1.1em;\">Col\u00b7laboraci\u00f3<\/p>\n<p>Col\u00b7laborar amb la direcci\u00f3 del centre per a generar din\u00e0miques de funcionament que contribueixin positivament a l\u2019educaci\u00f3 dels nostres fills i filles.<\/p>\n<\/div>\n<div style=\"background: white; padding: 20px; border-radius: 8px; box-shadow: 0 3px 10px rgba(0,0,0,0.1);\">\n<p style=\"font-weight: bold; color: #e67e22; font-size: 1.1em;\">Integraci\u00f3<\/p>\n<p>Col\u00b7laboraci\u00f3 amb les entitats del nostre entorn i amb les administracions per a millorar el nostre centre i integrar-lo el m\u00e0xim possible en el seu entorn.<\/p>\n<\/div>\n<div style=\"background: white; padding: 20px; border-radius: 8px; box-shadow: 0 3px 10px rgba(0,0,0,0.1);\">\n<p style=\"font-weight: bold; color: #e67e22; font-size: 1.1em;\">Promoure activitats<\/p>\n<p>Promoure activitats de formaci\u00f3 i acompanyament a les fam\u00edlies en la seva labor d\u2019educaci\u00f3.<\/p>\n<\/div>\n<div style=\"background: white; padding: 20px; border-radius: 8px; box-shadow: 0 3px 10px rgba(0,0,0,0.1);\">\n<p style=\"font-weight: bold; color: #e67e22; font-size: 1.1em;\">Suport<\/p>\n<p>Donar suport al projecte pedag\u00f2gic de l\u2019INS i en la seva millora continua.<\/p>\n<\/div>\n<\/div>\n<\/div>\n<div style=\"max-width: 100%; margin: 0 auto; font-family: Arial, sans-serif; padding: 20px;\">\n<div style=\"display: flex; flex-wrap: wrap; gap: 20px; margin-bottom: 30px;\">\n<div style=\"flex: 1; min-width: 300px; background: #fff; border-radius: 10px; padding: 25px; box-shadow: 0 3px 10px rgba(0,0,0,0.1); border-top: 4px solid #e67e22;\">\n<h2 style=\"color: #e67e22; margin-top: 0;\">Servei Inform\u00e0tic<\/h2>\n<p style=\"line-height: 1.6;\">Una de les activitats principals de l&#8217;AFA \u00e9s donar suport al centre amb la dotaci\u00f3 de personal per a les seves activitats digitals.<\/p>\n<\/div>\n<div style=\"flex: 1; min-width: 300px; background: #fff; border-radius: 10px; padding: 25px; box-shadow: 0 3px 10px rgba(0,0,0,0.1); border-top: 4px solid #e67e22;\">\n<h2 style=\"color: #e67e22; margin-top: 0;\">Biblioteca<\/h2>\n<p style=\"line-height: 1.6;\">Ampliem i renovem peri\u00f2dicament el cat\u00e0leg de llibres disponible per a pr\u00e9stec.<\/p>\n<\/div>\n<\/div>\n<p>&nbsp;<\/p>\n<div style=\"background: linear-gradient(135deg, #e67e22, #d35400); border-radius: 15px; padding: 30px; color: white; text-align: center; box-shadow: 0 5px 15px rgba(230, 126, 34, 0.3);\">\n<div style=\"color: #000000; margin-top: 0; font-size: 1.8em; margin-bottom: 20px; font-weight: bold;\">Quan ens reunim?<\/div>\n<div style=\"margin: 0 auto; font-size: 1.1em; line-height: 1.7;\">\n<p>La Junta normalment es reuneix una vegada cada trimestre i es fa una assemblea ordin\u00e0ria anual. Totes les persones associades poden col\u00b7laborar amb l&#8217;AFA, plantejar dubtes, problemes, suggeriments i iniciatives.<\/p>\n<div style=\"margin-top: 25px; display: flex; justify-content: center; gap: 15px;\"><a style=\"background: white; color: #e67e22; padding: 12px 30px; border-radius: 30px; text-decoration: none; font-weight: bold; display: inline-block; font-size: 1.1em; transition: all 0.3s;\" href=\"mailto:afa@insangeletaferrer.com\">Contacta amb nosaltres<\/a><br \/>\n<a style=\"background: white; color: #e67e22; padding: 12px 30px; border-radius: 30px; text-decoration: none; font-weight: bold; display: inline-block; font-size: 1.1em; transition: all 0.3s;\" href=\"https:\/\/agora.xtec.cat\/iesangeletaferrer\/wp-content\/uploads\/usu499\/2025\/04\/SOLICITUD-DADES-AFA-IAFS-2.pdf\">Document sol\u00b7licitud dades personals<\/a><\/div>\n<\/div>\n<\/div>\n<\/div>\n","protected":false},"excerpt":{"rendered":"<p>L&#8217;AFA \u00e9s la representaci\u00f3 de les fam\u00edlies de l&#8217;alumnat en tots els aspectes relatius a l&#8217;educaci\u00f3 i millora de l&#8217;entorn durant la seva estada al centre, per tal d&#8217;aconseguir la millor formaci\u00f3 personal i acad\u00e8mica dels fills i filles en el millor entorn possible.<\/p>\n<p>Qui som?<\/p>\n<p>Presid\u00e8ncia<br \/>\nEnric&hellip;  <a href=\"https:\/\/agora.xtec.cat\/iesangeletaferrer\/afa\/\" title=\"Read AFA\">Llegeix m\u00e9s\u00bb<\/a><\/p>\n","protected":false},"author":1,"featured_media":0,"parent":0,"menu_order":0,"comment_status":"closed","ping_status":"closed","template":"","meta":{"_bbp_topic_count":0,"_bbp_reply_count":0,"_bbp_total_topic_count":0,"_bbp_total_reply_count":0,"_bbp_voice_count":0,"_bbp_anonymous_reply_count":0,"_bbp_topic_count_hidden":0,"_bbp_reply_count_hidden":0,"_bbp_forum_subforum_count":0,"footnotes":""},"class_list":["post-7464","page","type-page","status-publish","hentry"],"post_mailing_queue_ids":[],"_links":{"self":[{"href":"https:\/\/agora.xtec.cat\/iesangeletaferrer\/wp-json\/wp\/v2\/pages\/7464","targetHints":{"allow":["GET"]}}],"collection":[{"href":"https:\/\/agora.xtec.cat\/iesangeletaferrer\/wp-json\/wp\/v2\/pages"}],"about":[{"href":"https:\/\/agora.xtec.cat\/iesangeletaferrer\/wp-json\/wp\/v2\/types\/page"}],"author":[{"embeddable":true,"href":"https:\/\/agora.xtec.cat\/iesangeletaferrer\/wp-json\/wp\/v2\/users\/1"}],"replies":[{"embeddable":true,"href":"https:\/\/agora.xtec.cat\/iesangeletaferrer\/wp-json\/wp\/v2\/comments?post=7464"}],"version-history":[{"count":6,"href":"https:\/\/agora.xtec.cat\/iesangeletaferrer\/wp-json\/wp\/v2\/pages\/7464\/revisions"}],"predecessor-version":[{"id":7493,"href":"https:\/\/agora.xtec.cat\/iesangeletaferrer\/wp-json\/wp\/v2\/pages\/7464\/revisions\/7493"}],"wp:attachment":[{"href":"https:\/\/agora.xtec.cat\/iesangeletaferrer\/wp-json\/wp\/v2\/media?parent=7464"}],"curies":[{"name":"wp","href":"https:\/\/api.w.org\/{rel}","templated":true}]}}