{"id":6749,"date":"2023-11-23T13:42:32","date_gmt":"2023-11-23T12:42:32","guid":{"rendered":"https:\/\/agora.xtec.cat\/iesangeletaferrer\/?page_id=6749"},"modified":"2025-10-16T09:19:24","modified_gmt":"2025-10-16T07:19:24","slug":"sortides-2023-24","status":"publish","type":"page","link":"https:\/\/agora.xtec.cat\/iesangeletaferrer\/linstitut\/sortides-2023-24\/","title":{"rendered":"Sortides 2025-26"},"content":{"rendered":"<p>&nbsp;<\/p>\n<table style=\"width: 53.7266%; height: 442px;\">\n<tbody>\n<tr style=\"height: 80px;\">\n<td style=\"width: 78.382%; height: 42px;\">\n<h1 style=\"text-align: center;\"><b>1r ESO<\/b><\/h1>\n<\/td>\n<\/tr>\n<tr style=\"height: 37px;\">\n<td style=\"width: 78.382%; height: 37px;\">Exploraci\u00f3 bot\u00e0nica al Parc Central de Sant Cugat del Vall\u00e8s<\/td>\n<\/tr>\n<tr style=\"height: 33px;\">\n<td style=\"width: 78.382%; height: 33px;\">Biblioteca de Volpelleres<\/td>\n<\/tr>\n<tr style=\"height: 33px;\">\n<td style=\"width: 78.382%; height: 33px;\">Trobada Esportiva Interinstituts &#8211; 1r ESO. ZEM La Guinardera, Sant Cugat<\/td>\n<\/tr>\n<tr style=\"height: 33px;\">\n<td style=\"width: 78.382%; height: 33px;\">Proves Cangur 2026<\/td>\n<\/tr>\n<tr style=\"height: 33px;\">\n<td style=\"width: 78.382%; height: 33px;\">Visita Monestir-Museu St. Cugat<\/td>\n<\/tr>\n<tr style=\"height: 33px;\">\n<td style=\"width: 78.382%; height: 33px;\">Itinerari geol\u00f2gic al Collserola<\/td>\n<\/tr>\n<tr style=\"height: 33px;\">\n<td style=\"width: 78.382%; height: 33px;\">Visita al museu del C\u00f2mic de Sant Cugat del Vall\u00e8s<\/td>\n<\/tr>\n<tr style=\"height: 33px;\">\n<td style=\"width: 78.382%; height: 33px;\">IT Dansa<\/td>\n<\/tr>\n<tr style=\"height: 33px;\">\n<td style=\"width: 78.382%; height: 33px;\">Ciutadella ib\u00e8rica de Calafell<\/td>\n<\/tr>\n<tr style=\"height: 33px;\">\n<td style=\"width: 78.382%; height: 33px;\">Exploraci\u00f3 entomol\u00f2gica al Parc Central de Sant Cugat del Vall\u00e8s<\/td>\n<\/tr>\n<tr style=\"height: 33px;\">\n<td style=\"width: 78.382%; height: 33px;\">Visita a l\u2019Agrupaci\u00f3 Astron\u00f2mica de Sabadell<\/td>\n<\/tr>\n<tr style=\"height: 33px;\">\n<td style=\"width: 78.382%; height: 33px;\">Activitat F\u00edsica al Parc Central<\/td>\n<\/tr>\n<\/tbody>\n<\/table>\n<table style=\"width: 53.6551%; height: 252px;\">\n<tbody>\n<tr style=\"height: 57px;\">\n<td style=\"width: 78.5401%; height: 57px;\">\n<h1 style=\"text-align: center;\"><b>2n ESO<\/b><\/h1>\n<\/td>\n<\/tr>\n<tr style=\"height: 30px;\">\n<td style=\"width: 78.5401%; height: 30px;\">El llibre de les b\u00e8sties, Ramon Llull<\/td>\n<\/tr>\n<tr style=\"height: 34px;\">\n<td style=\"width: 78.5401%; height: 34px;\">Visita Castell de Cardona<\/td>\n<\/tr>\n<tr style=\"height: 32px;\">\n<td style=\"width: 78.5401%; height: 32px;\">Biblioteca de Volpelleres<\/td>\n<\/tr>\n<tr style=\"height: 28px;\">\n<td style=\"width: 78.5401%; height: 28px;\">Proves Cangur 2026<\/td>\n<\/tr>\n<tr style=\"height: 35px;\">\n<td style=\"width: 78.5401%; height: 35px;\">cinema en franc\u00e8s<\/td>\n<\/tr>\n<tr style=\"height: 36px;\">\n<td style=\"width: 78.5401%; height: 36px;\">Activitat F\u00edsica al Parc Central<\/td>\n<\/tr>\n<\/tbody>\n<\/table>\n<table style=\"width: 53.793%;\">\n<tbody>\n<tr>\n<td style=\"width: 100%;\">\n<h1 style=\"text-align: center;\"><b>3r ESO<\/b><\/h1>\n<\/td>\n<\/tr>\n<tr>\n<td style=\"width: 100%;\">Barcelona<\/td>\n<\/tr>\n<tr>\n<td style=\"width: 100%;\">Taller de Rugbi &#8211; ZEM La Guinardera. Sant Cugat<\/td>\n<\/tr>\n<tr>\n<td style=\"width: 100%;\">sortides en el marc de l&#8217;intercanvi amb el coll\u00e8ge St Amand<\/td>\n<\/tr>\n<tr>\n<td style=\"width: 100%;\">Proves Cangur 2026<\/td>\n<\/tr>\n<tr>\n<td style=\"width: 100%;\">Itinerari geol\u00f2gic a Santa Creu d\u2019Olorda<\/td>\n<\/tr>\n<tr>\n<td style=\"width: 100%;\">Five days to dance<\/td>\n<\/tr>\n<tr>\n<td style=\"width: 100%;\">Activitat F\u00edsica al Parc Central<\/td>\n<\/tr>\n<\/tbody>\n<\/table>\n<table style=\"width: 53.8666%; height: 593px;\">\n<tbody>\n<tr style=\"height: 98px;\">\n<td style=\"width: 100%; height: 98px;\">\n<h1 style=\"text-align: center;\"><b>4t ESO<\/b><\/h1>\n<\/td>\n<\/tr>\n<tr style=\"height: 33px;\">\n<td style=\"width: 100%; height: 33px;\">Col\u00f2nia Vidal <a href=\"https:\/\/agora.xtec.cat\/iesangeletaferrer\/wp-content\/uploads\/usu499\/2025\/10\/Carta-families-4t-ESO-Colonia-Vidal-25-26.pdf\">(info)<\/a> 9\/10\/2025<\/td>\n<\/tr>\n<tr style=\"height: 33px;\">\n<td style=\"width: 100%; height: 33px;\">Assaig amb l&#8217;OBC <a href=\"https:\/\/agora.xtec.cat\/iesangeletaferrer\/wp-content\/uploads\/usu499\/2025\/10\/info-Assaig-OBC-Museu-Musica.pdf\">(info) <\/a>24\/10\/2025<\/td>\n<\/tr>\n<tr style=\"height: 33px;\">\n<td style=\"width: 100%; height: 33px;\">Multiaventura. Parc Vallparad\u00eds <a href=\"https:\/\/agora.xtec.cat\/iesangeletaferrer\/wp-content\/uploads\/usu499\/2025\/10\/Vallparadis_Carta-families_2025.pdf\">(info)<\/a> Terrassa 27\/10\/2025<\/td>\n<\/tr>\n<tr style=\"height: 33px;\">\n<td style=\"width: 100%; height: 33px;\">Taller de batucada<\/td>\n<\/tr>\n<tr style=\"height: 33px;\">\n<td style=\"width: 100%; height: 33px;\">Barcelona<\/td>\n<\/tr>\n<tr style=\"height: 33px;\">\n<td style=\"width: 100%; height: 33px;\">Visita d&#8217;una poeta. Taller de creaci\u00f3 liter\u00e0ria<\/td>\n<\/tr>\n<tr style=\"height: 33px;\">\n<td style=\"width: 100%; height: 33px;\">Universitat d&#8217;Arquitectura<\/td>\n<\/tr>\n<tr style=\"height: 33px;\">\n<td style=\"width: 100%; height: 33px;\">Projecte de recerca: IBB, UPC, Rtve&#8230;<\/td>\n<\/tr>\n<tr style=\"height: 33px;\">\n<td style=\"width: 100%; height: 33px;\">Sal\u00f3 de l&#8217;ensenyament<\/td>\n<\/tr>\n<tr style=\"height: 33px;\">\n<td style=\"width: 100%; height: 33px;\">MANON LESCAUT<\/td>\n<\/tr>\n<tr style=\"height: 33px;\">\n<td style=\"width: 100%; height: 33px;\">Proves Cangur 2026<\/td>\n<\/tr>\n<tr style=\"height: 33px;\">\n<td style=\"width: 100%; height: 33px;\">Teatre<\/td>\n<\/tr>\n<tr style=\"height: 33px;\">\n<td style=\"width: 100%; height: 33px;\">Trobada Esportiva Interistituts &#8211; 4t ESO. ZEM La Guinardera, Sant Cugat<\/td>\n<\/tr>\n<tr style=\"height: 33px;\">\n<td style=\"width: 100%; height: 33px;\">Activitat F\u00edsica al Parc Central<\/td>\n<\/tr>\n<tr style=\"height: 33px;\">\n<td style=\"width: 100%; height: 33px;\">Treball de camp a l&#8217;embassament de Vallvidrera<\/td>\n<\/tr>\n<\/tbody>\n<\/table>\n<p>&nbsp;<\/p>\n","protected":false},"excerpt":{"rendered":"<p>&nbsp;<\/p>\n<p>1r ESO<\/p>\n<p>Exploraci\u00f3 bot\u00e0nica al Parc Central de Sant Cugat del Vall\u00e8s<\/p>\n<p>Biblioteca de Volpelleres<\/p>\n<p>Trobada Esportiva Interinstituts &#8211; 1r ESO. ZEM La Guinardera, Sant Cugat<\/p>\n<p>Proves Cangur 2026<\/p>\n<p>Visita Monestir-Museu St. Cugat<\/p>\n<p>Itinerari geol\u00f2gic al Collserola<\/p>\n<p>Visita al museu del C\u00f2mic de Sant Cugat del Vall\u00e8s<\/p>\n<p>IT Dansa<\/p>\n<p>Ciutadella ib\u00e8rica de Calafell<\/p>\n<p>Exploraci\u00f3 entomol\u00f2gica&hellip;  <a href=\"https:\/\/agora.xtec.cat\/iesangeletaferrer\/linstitut\/sortides-2023-24\/\" title=\"Read Sortides 2025-26\">Llegeix m\u00e9s\u00bb<\/a><\/p>\n","protected":false},"author":1,"featured_media":0,"parent":19,"menu_order":0,"comment_status":"closed","ping_status":"closed","template":"","meta":{"_bbp_topic_count":0,"_bbp_reply_count":0,"_bbp_total_topic_count":0,"_bbp_total_reply_count":0,"_bbp_voice_count":0,"_bbp_anonymous_reply_count":0,"_bbp_topic_count_hidden":0,"_bbp_reply_count_hidden":0,"_bbp_forum_subforum_count":0,"footnotes":""},"class_list":["post-6749","page","type-page","status-publish","hentry"],"post_mailing_queue_ids":[],"_links":{"self":[{"href":"https:\/\/agora.xtec.cat\/iesangeletaferrer\/wp-json\/wp\/v2\/pages\/6749","targetHints":{"allow":["GET"]}}],"collection":[{"href":"https:\/\/agora.xtec.cat\/iesangeletaferrer\/wp-json\/wp\/v2\/pages"}],"about":[{"href":"https:\/\/agora.xtec.cat\/iesangeletaferrer\/wp-json\/wp\/v2\/types\/page"}],"author":[{"embeddable":true,"href":"https:\/\/agora.xtec.cat\/iesangeletaferrer\/wp-json\/wp\/v2\/users\/1"}],"replies":[{"embeddable":true,"href":"https:\/\/agora.xtec.cat\/iesangeletaferrer\/wp-json\/wp\/v2\/comments?post=6749"}],"version-history":[{"count":6,"href":"https:\/\/agora.xtec.cat\/iesangeletaferrer\/wp-json\/wp\/v2\/pages\/6749\/revisions"}],"predecessor-version":[{"id":7784,"href":"https:\/\/agora.xtec.cat\/iesangeletaferrer\/wp-json\/wp\/v2\/pages\/6749\/revisions\/7784"}],"up":[{"embeddable":true,"href":"https:\/\/agora.xtec.cat\/iesangeletaferrer\/wp-json\/wp\/v2\/pages\/19"}],"wp:attachment":[{"href":"https:\/\/agora.xtec.cat\/iesangeletaferrer\/wp-json\/wp\/v2\/media?parent=6749"}],"curies":[{"name":"wp","href":"https:\/\/api.w.org\/{rel}","templated":true}]}}