{"id":61,"date":"2014-02-07T19:15:53","date_gmt":"2014-02-07T19:15:53","guid":{"rendered":"http:\/\/insangeletaferrer.com\/?page_id=61"},"modified":"2025-09-22T13:17:34","modified_gmt":"2025-09-22T11:17:34","slug":"tutories","status":"publish","type":"page","link":"https:\/\/agora.xtec.cat\/iesangeletaferrer\/linstitut\/tutories\/","title":{"rendered":"Tutories curs 2025_2026"},"content":{"rendered":"<h2 style=\"text-align: center;\">TUTORIES CURS 2024-25<\/h2>\n<p>Per concertar entrevista tutorial teniu dues opcions:<\/p>\n<ol>\n<li><strong>OPCI\u00d3 1 (principal):\u00a0 a trav\u00e9s de la<\/strong><strong><a href=\"http:\/\/insangeletaferrer.ieduca.com\"> plataforma iEduca<\/a> per internet (<a href=\"http:\/\/insangeletaferrer.ieduca.com\">insangeletaferrer.ieduca.com<\/a>)<\/strong><\/li>\n<li><b><strong>OPCI\u00d3 2 (secund\u00e0ria) : <\/strong>\u00a0sol\u00b7licitant-la directament al tutor o la tutora al seu mail<\/b><\/li>\n<\/ol>\n<table style=\"border-collapse: collapse; width: 95.1417%; height: 864px;\">\n<tbody>\n<tr style=\"height: 32px;\">\n<td style=\"width: 14.7641%; height: 32px; text-align: center;\" colspan=\"2\">\n<h2>TUTORIES ESO<\/h2>\n<\/td>\n<\/tr>\n<tr style=\"height: 32px;\">\n<td style=\"width: 14.7641%; height: 32px;\">NOEM\u00cd TARRAS\u00d3N CASTILLO<\/td>\n<td style=\"width: 15.7218%; height: 32px; text-align: center;\">1r ESO A<\/td>\n<\/tr>\n<tr style=\"height: 32px;\">\n<td style=\"width: 14.7641%; height: 32px;\">SERGI CANTOS GACEO<\/td>\n<td style=\"width: 15.7218%; height: 32px; text-align: center;\">1r ESO B<\/td>\n<\/tr>\n<tr style=\"height: 32px;\">\n<td style=\"width: 14.7641%; height: 32px;\">AURELI LOJO BLESA<\/td>\n<td style=\"width: 15.7218%; height: 32px; text-align: center;\">1r ESO C<\/td>\n<\/tr>\n<tr style=\"height: 32px;\">\n<td style=\"width: 14.7641%; height: 32px;\">XAVIER VALLDEPERAS HERN\u00c1NDEZ<\/td>\n<td style=\"width: 15.7218%; height: 32px; text-align: center;\">1r ESO D<\/td>\n<\/tr>\n<tr style=\"height: 32px;\">\n<td style=\"width: 14.7641%; height: 32px;\">FELIX TRALLERO LEIVA<\/td>\n<td style=\"width: 15.7218%; height: 32px; text-align: center;\">2n ESO A<\/td>\n<\/tr>\n<tr style=\"height: 32px;\">\n<td style=\"width: 14.7641%; height: 32px;\">\u00c0NGELS MU\u00d1OZ LANGA<\/td>\n<td style=\"width: 15.7218%; height: 32px; text-align: center;\">2n ESO B<\/td>\n<\/tr>\n<tr style=\"height: 32px;\">\n<td style=\"width: 14.7641%; height: 32px;\">MONTSERRAT P\u00c9REZ D\u00cdAZ<\/td>\n<td style=\"width: 15.7218%; height: 32px; text-align: center;\">2n ESO C<\/td>\n<\/tr>\n<tr style=\"height: 32px;\">\n<td style=\"width: 14.7641%; height: 32px;\">DIANA LLOBET GOMEZ<\/td>\n<td style=\"width: 15.7218%; height: 32px; text-align: center;\">2n ESO D<\/td>\n<\/tr>\n<tr style=\"height: 32px;\">\n<td style=\"width: 14.7641%; height: 32px;\">\u00c0LEX MAS S\u00c1NCHEZ<\/td>\n<td style=\"width: 15.7218%; height: 32px; text-align: center;\">3r ESO A<\/td>\n<\/tr>\n<tr style=\"height: 32px;\">\n<td style=\"width: 14.7641%; height: 32px;\">M\u00d2NICA L\u00d3PEZ G\u00d3MEZ<\/td>\n<td style=\"width: 15.7218%; height: 32px; text-align: center;\">3r ESO B<\/td>\n<\/tr>\n<tr style=\"height: 32px;\">\n<td style=\"width: 14.7641%; height: 32px;\">FERNANDO CONDAL DOMINGO<\/td>\n<td style=\"width: 15.7218%; height: 32px; text-align: center;\">3r ESO C<\/td>\n<\/tr>\n<tr style=\"height: 32px;\">\n<td style=\"width: 14.7641%; height: 32px;\">LLU\u00cdS CASTA\u00d1AR CA\u00d1AS<\/td>\n<td style=\"width: 15.7218%; height: 32px; text-align: center;\">3r ESO D<\/td>\n<\/tr>\n<tr style=\"height: 32px;\">\n<td style=\"width: 14.7641%; height: 32px;\">PILAR MORA ROMO<\/td>\n<td style=\"width: 15.7218%; height: 32px; text-align: center;\">3r ESO E<\/td>\n<\/tr>\n<tr style=\"height: 32px;\">\n<td style=\"width: 14.7641%; height: 32px;\">IRENE OCA\u00d1A ROMERO<\/td>\n<td style=\"width: 15.7218%; height: 32px; text-align: center;\">3r ESO F<\/td>\n<\/tr>\n<tr style=\"height: 32px;\">\n<td style=\"width: 14.7641%; height: 32px;\">BORJA TERMES HIDALGO<\/td>\n<td style=\"width: 15.7218%; height: 32px; text-align: center;\">4t ESO A<\/td>\n<\/tr>\n<tr style=\"height: 32px;\">\n<td style=\"width: 14.7641%; height: 32px;\">ELENA COSTA GARC\u00cdA<\/td>\n<td style=\"width: 15.7218%; height: 32px; text-align: center;\">4t ESO B<\/td>\n<\/tr>\n<tr style=\"height: 32px;\">\n<td style=\"width: 14.7641%; height: 32px;\">MARTA VAQUERO HERNANDO<\/td>\n<td style=\"width: 15.7218%; height: 32px; text-align: center;\">4t ESO C<\/td>\n<\/tr>\n<tr style=\"height: 32px;\">\n<td style=\"width: 14.7641%; height: 32px;\">ARIADNA ROMERO GARCIA<\/td>\n<td style=\"width: 15.7218%; height: 32px; text-align: center;\">4t ESO D<\/td>\n<\/tr>\n<tr>\n<td style=\"width: 14.7641%;\" colspan=\"2\">\n<h2 style=\"text-align: center;\">TUTORIES BATXILLERAT<\/h2>\n<\/td>\n<\/tr>\n<tr style=\"height: 32px;\">\n<td style=\"width: 14.7641%; height: 32px;\">GUSTAU FLAQUER VILA<\/td>\n<td style=\"width: 15.7218%; height: 32px; text-align: center;\">1r Batxillerat A<\/td>\n<\/tr>\n<tr style=\"height: 32px;\">\n<td style=\"width: 14.7641%; height: 32px;\">ANDREA VELASCO<\/td>\n<td style=\"width: 15.7218%; height: 32px; text-align: center;\">1r Batxillerat B<\/td>\n<\/tr>\n<tr style=\"height: 32px;\">\n<td style=\"width: 14.7641%; height: 32px;\">MONTSE GARRIGA<\/td>\n<td style=\"width: 15.7218%; height: 32px; text-align: center;\">1r Batxillerat C<\/td>\n<\/tr>\n<tr style=\"height: 32px;\">\n<td style=\"width: 14.7641%; height: 32px;\">LAIA TOMAS<\/td>\n<td style=\"width: 15.7218%; text-align: center; height: 32px;\">1r Batxillerat D<\/td>\n<\/tr>\n<tr style=\"height: 32px;\">\n<td style=\"width: 14.7641%; height: 32px;\">MATEA BRADICIC<\/td>\n<td style=\"width: 15.7218%; height: 32px; text-align: center;\">2n Batxillerat A<\/td>\n<\/tr>\n<tr style=\"height: 32px;\">\n<td style=\"width: 14.7641%; height: 32px;\">ELENA HERN\u00c1NDEZ<\/td>\n<td style=\"width: 15.7218%; height: 32px; text-align: center;\">2n Batxillerat B<\/td>\n<\/tr>\n<tr style=\"height: 32px;\">\n<td style=\"width: 14.7641%; height: 32px;\">J.A. ALONSO<\/td>\n<td style=\"width: 15.7218%; height: 32px; text-align: center;\">2n Batxillerat C<\/td>\n<\/tr>\n<tr style=\"height: 32px;\">\n<td style=\"width: 14.7641%; height: 32px;\">JOSEP ORTIZ<\/td>\n<td style=\"width: 15.7218%; height: 32px; text-align: center;\">2n Batxillerat D<\/td>\n<\/tr>\n<tr>\n<td style=\"width: 14.7641%;\">H\u00c9L\u00c8NE FABRE<\/td>\n<td style=\"width: 15.7218%; text-align: center;\">Batxibac<\/td>\n<\/tr>\n<\/tbody>\n<\/table>\n<p>&nbsp;<\/p>\n<p>&nbsp;<\/p>\n","protected":false},"excerpt":{"rendered":"<p>TUTORIES CURS 2024-25<br \/>\nPer concertar entrevista tutorial teniu dues opcions:<\/p>\n<ol>\n<li>OPCI\u00d3 1 (principal):\u00a0 a trav\u00e9s de la<a href=\"http:\/\/insangeletaferrer.ieduca.com\"> plataforma iEduca<\/a> per internet (<a href=\"http:\/\/insangeletaferrer.ieduca.com\">insangeletaferrer.ieduca.com<\/a>)<\/li>\n<li>OPCI\u00d3 2 (secund\u00e0ria) : \u00a0sol\u00b7licitant-la directament al tutor o la tutora al seu mail<\/li>\n<\/ol>\n<p>TUTORIES ESO<\/p>\n<p>NOEM\u00cd TARRAS\u00d3N CASTILLO<br \/>\n1r ESO A<\/p>\n<p>SERGI CANTOS GACEO<br \/>\n1r ESO B<\/p>\n<p>AURELI LOJO&hellip;  <a href=\"https:\/\/agora.xtec.cat\/iesangeletaferrer\/linstitut\/tutories\/\" title=\"Read Tutories curs 2025_2026\">Llegeix m\u00e9s\u00bb<\/a><\/p>\n","protected":false},"author":1,"featured_media":0,"parent":19,"menu_order":0,"comment_status":"open","ping_status":"open","template":"","meta":{"_bbp_topic_count":0,"_bbp_reply_count":0,"_bbp_total_topic_count":0,"_bbp_total_reply_count":0,"_bbp_voice_count":0,"_bbp_anonymous_reply_count":0,"_bbp_topic_count_hidden":0,"_bbp_reply_count_hidden":0,"_bbp_forum_subforum_count":0,"footnotes":""},"class_list":["post-61","page","type-page","status-publish","hentry"],"post_mailing_queue_ids":[],"_links":{"self":[{"href":"https:\/\/agora.xtec.cat\/iesangeletaferrer\/wp-json\/wp\/v2\/pages\/61","targetHints":{"allow":["GET"]}}],"collection":[{"href":"https:\/\/agora.xtec.cat\/iesangeletaferrer\/wp-json\/wp\/v2\/pages"}],"about":[{"href":"https:\/\/agora.xtec.cat\/iesangeletaferrer\/wp-json\/wp\/v2\/types\/page"}],"author":[{"embeddable":true,"href":"https:\/\/agora.xtec.cat\/iesangeletaferrer\/wp-json\/wp\/v2\/users\/1"}],"replies":[{"embeddable":true,"href":"https:\/\/agora.xtec.cat\/iesangeletaferrer\/wp-json\/wp\/v2\/comments?post=61"}],"version-history":[{"count":7,"href":"https:\/\/agora.xtec.cat\/iesangeletaferrer\/wp-json\/wp\/v2\/pages\/61\/revisions"}],"predecessor-version":[{"id":2284,"href":"https:\/\/agora.xtec.cat\/iesangeletaferrer\/wp-json\/wp\/v2\/pages\/61\/revisions\/2284"}],"up":[{"embeddable":true,"href":"https:\/\/agora.xtec.cat\/iesangeletaferrer\/wp-json\/wp\/v2\/pages\/19"}],"wp:attachment":[{"href":"https:\/\/agora.xtec.cat\/iesangeletaferrer\/wp-json\/wp\/v2\/media?parent=61"}],"curies":[{"name":"wp","href":"https:\/\/api.w.org\/{rel}","templated":true}]}}