{"id":27,"date":"2014-09-17T16:24:03","date_gmt":"2014-09-17T16:24:03","guid":{"rendered":"http:\/\/agora.xtec.cat\/iesangeletaferrer\/?page_id=27"},"modified":"2018-04-10T01:45:43","modified_gmt":"2018-04-09T23:45:43","slug":"historia","status":"publish","type":"page","link":"https:\/\/agora.xtec.cat\/iesangeletaferrer\/linstitut\/historia\/","title":{"rendered":"Hist\u00f2ria del centre"},"content":{"rendered":"<header class=\"entry-header\">\n<h1 class=\"entry-title\"><\/h1>\n<\/header>\n<div class=\"entry-content\">\n<figure class=\"figure wp-caption alignleft\"><a href=\"http:\/\/agora.xtec.cat\/iesangeletaferrer\/wp-content\/uploads\/usu499\/2014\/02\/5x4d6424-34921.jpg\"><img loading=\"lazy\" decoding=\"async\" class=\" wp-image-154 \" src=\"http:\/\/agora.xtec.cat\/iesangeletaferrer\/wp-content\/uploads\/usu499\/2014\/02\/5x4d6424-34921.jpg\" alt=\"5x4d6424-34921\" width=\"241\" height=\"156\" \/><\/a><figcaption class=\"wp-caption-text\">Antic edifici de la Casa M\u00f3naco<\/figcaption><\/figure>\n<figure class=\"figure wp-caption alignright\"><a href=\"http:\/\/agora.xtec.cat\/iesangeletaferrer\/wp-content\/uploads\/usu499\/2014\/02\/angeleta-actual.jpg\"><img loading=\"lazy\" decoding=\"async\" class=\"size-full wp-image-165 \" src=\"http:\/\/agora.xtec.cat\/iesangeletaferrer\/wp-content\/uploads\/usu499\/2014\/02\/angeleta-actual.jpg\" alt=\"angeleta actual\" width=\"240\" height=\"154\" \/><\/a><figcaption class=\"wp-caption-text\">Edifici actual de l\u2019Institut<\/figcaption><\/figure>\n<p>&nbsp;<\/p>\n<p>&nbsp;<\/p>\n<p>&nbsp;<\/p>\n<p>&nbsp;<\/p>\n<p>&nbsp;<\/p>\n<p>L\u2019Institut va comen\u00e7ar la seva activitat el curs 1986-1987 com una extensi\u00f3 de l\u2019IES Arnau Cadell. Es va ubicar a l\u2019antiga Casa M\u00f3naco, edifici situat a la sortida de Sant Cugat per l\u2019Arrabassada. Aquest edifici havia fet, al llarg de la seva hist\u00f2ria, les funcions de Casino, d\u2019Esplai municipal, de Casal infantil d\u2019estiu, de Resid\u00e8ncia d\u2019una congregaci\u00f3 religiosa portuguesa\u2026, per\u00f2 en aquell moment no tenia cap utilitzaci\u00f3.<\/p>\n<p>L\u2019extensi\u00f3 va comen\u00e7ar amb tres grups de primer de BUP i cada curs anava augmentant la matr\u00edcula. Aquesta situaci\u00f3 comportava que les instal\u00b7lacions s\u2019anessin fent insuficients, en conseq\u00fc\u00e8ncia cada any calia arranjar nous espais, fins i tot es van haver d\u2019habilitar aules prefabricades al pati.<br \/>\nAquesta situaci\u00f3 va allargar-se durant set anys, ja que l\u2019Administraci\u00f3 no va preveure un augment d\u2019alumnat d\u2019aquest calibre a l\u2019ensenyament p\u00fablic, potser perqu\u00e8 coincid\u00ed amb la construcci\u00f3 de for\u00e7a centres privats a Sant Cugat i el Departament d\u2019Ensenyament debia esperar una reducci\u00f3 del flux d\u2019alumnes cap a la secund\u00e0ria p\u00fablica.<\/p>\n<p>Finalment, al curs 1993-1994, ja com a Institut d\u2019Ensenyament Secundari, el centre fou traslladat a un edifici nou, situat al Parc Central, zona de gran\u00a0\u00a0expansi\u00f3 de Sant Cugat. El 30 d\u2019abril de 1994, va ser inaugurat oficialment per l\u2019honorable Conseller d\u2019Ensenyament, Sr. Josep M. Pujals.<\/p>\n<\/div>\n<p>&nbsp;<\/p>\n","protected":false},"excerpt":{"rendered":"<p><a href=\"http:\/\/agora.xtec.cat\/iesangeletaferrer\/wp-content\/uploads\/usu499\/2014\/02\/5x4d6424-34921.jpg\"><\/a>Antic edifici de la Casa M\u00f3naco<br \/>\n<a href=\"http:\/\/agora.xtec.cat\/iesangeletaferrer\/wp-content\/uploads\/usu499\/2014\/02\/angeleta-actual.jpg\"><\/a>Edifici actual de l\u2019Institut<br \/>\n&nbsp;<br \/>\n&nbsp;<br \/>\n&nbsp;<br \/>\n&nbsp;<br \/>\n&nbsp;<br \/>\nL\u2019Institut va comen\u00e7ar la seva activitat el curs 1986-1987 com una extensi\u00f3 de l\u2019IES Arnau Cadell. Es va ubicar a l\u2019antiga Casa M\u00f3naco, edifici situat a la sortida de Sant Cugat per l\u2019Arrabassada. Aquest edifici&hellip;  <a href=\"https:\/\/agora.xtec.cat\/iesangeletaferrer\/linstitut\/historia\/\" title=\"Read Hist\u00f2ria del centre\">Llegeix m\u00e9s\u00bb<\/a><\/p>\n","protected":false},"author":1,"featured_media":0,"parent":19,"menu_order":20,"comment_status":"closed","ping_status":"closed","template":"page-templates\/side-menu.php","meta":{"_bbp_topic_count":0,"_bbp_reply_count":0,"_bbp_total_topic_count":0,"_bbp_total_reply_count":0,"_bbp_voice_count":0,"_bbp_anonymous_reply_count":0,"_bbp_topic_count_hidden":0,"_bbp_reply_count_hidden":0,"_bbp_forum_subforum_count":0,"footnotes":""},"class_list":["post-27","page","type-page","status-publish","hentry"],"post_mailing_queue_ids":[],"_links":{"self":[{"href":"https:\/\/agora.xtec.cat\/iesangeletaferrer\/wp-json\/wp\/v2\/pages\/27","targetHints":{"allow":["GET"]}}],"collection":[{"href":"https:\/\/agora.xtec.cat\/iesangeletaferrer\/wp-json\/wp\/v2\/pages"}],"about":[{"href":"https:\/\/agora.xtec.cat\/iesangeletaferrer\/wp-json\/wp\/v2\/types\/page"}],"author":[{"embeddable":true,"href":"https:\/\/agora.xtec.cat\/iesangeletaferrer\/wp-json\/wp\/v2\/users\/1"}],"replies":[{"embeddable":true,"href":"https:\/\/agora.xtec.cat\/iesangeletaferrer\/wp-json\/wp\/v2\/comments?post=27"}],"version-history":[{"count":3,"href":"https:\/\/agora.xtec.cat\/iesangeletaferrer\/wp-json\/wp\/v2\/pages\/27\/revisions"}],"predecessor-version":[{"id":1942,"href":"https:\/\/agora.xtec.cat\/iesangeletaferrer\/wp-json\/wp\/v2\/pages\/27\/revisions\/1942"}],"up":[{"embeddable":true,"href":"https:\/\/agora.xtec.cat\/iesangeletaferrer\/wp-json\/wp\/v2\/pages\/19"}],"wp:attachment":[{"href":"https:\/\/agora.xtec.cat\/iesangeletaferrer\/wp-json\/wp\/v2\/media?parent=27"}],"curies":[{"name":"wp","href":"https:\/\/api.w.org\/{rel}","templated":true}]}}