{"id":1364,"date":"2017-09-18T23:15:57","date_gmt":"2017-09-18T21:15:57","guid":{"rendered":"http:\/\/insangeletaferrer.com\/?page_id=1364"},"modified":"2026-03-19T09:56:50","modified_gmt":"2026-03-19T08:56:50","slug":"preinscripcio-2","status":"publish","type":"page","link":"https:\/\/agora.xtec.cat\/iesangeletaferrer\/preinscripcio-2\/","title":{"rendered":"Preinscripci\u00f3 i matr\u00edcula 2026\/2027"},"content":{"rendered":"<h4 class=\"wp-block-heading\"><a href=\"https:\/\/preinscripcio.gencat.cat\/ca\/estudis\/eso\/inici\/\"><span style=\"color: #1fa799;\"><strong>ESO<\/strong><\/span><\/a><\/h4>\n<ul>\n<li><a href=\"https:\/\/preinscripcio.gencat.cat\/ca\/estudis\/eso\/inici\/\"><span style=\"color: #1fa799;\">Informaci\u00f3 i documentaci\u00f3 necess\u00e0ria per a fer la preinscripci\u00f3 i la matr\u00edcula de l\u2019ESO per al curs 2026-2027<\/span><\/a><\/li>\n<\/ul>\n<table style=\"border-collapse: collapse; width: 100%; height: 432px;\">\n<thead>\n<tr style=\"height: 32px; border-style: hidden; background-color: #1fa790;\">\n<td style=\"width: 18.6354%; height: 32px; text-align: center; border-color: #fcfafa;\"><\/td>\n<td style=\"width: 22.73%; height: 32px; text-align: center; border-color: #fcfafa;\"><\/td>\n<td style=\"width: 58.6345%; height: 32px; text-align: center; border-color: #fcfafa;\"><\/td>\n<\/tr>\n<\/thead>\n<tbody>\n<tr style=\"border-style: hidden;\">\n<td style=\"width: 18.6354%; height: 48px; border-style: hidden;\">3\/03\/2026<\/td>\n<td style=\"width: 22.73%; height: 48px; border-style: hidden;\"><a href=\"https:\/\/agora.xtec.cat\/iesangeletaferrer\/wp-content\/uploads\/usu499\/2026\/03\/Captura-de-pantalla-2026-03-03-a-las-18.40.14.png\">Oferta Inicial<\/a><\/td>\n<td style=\"width: 58.6345%; height: 48px; border-style: hidden;\">Oferta de places per a la preinscripci\u00f3 de l\u2019ESO<\/td>\n<\/tr>\n<tr style=\"border-style: hidden;\">\n<td style=\"width: 18.6354%; height: 64px; border-style: hidden;\">6 al 18 de mar\u00e7 2026<\/td>\n<td style=\"width: 22.73%; height: 64px; border-style: hidden; text-align: left;\"><a href=\"https:\/\/tramits.gencat.cat\/ca\/tramits\/tramits-temes\/perinscripcio-obligatoris?moda=3\">Sol\u00b7licitar la preinscripci\u00f3<\/a><\/td>\n<td style=\"width: 58.6345%; height: 64px; border-style: hidden;\">Presentaci\u00f3 de les sol\u00b7licituds de preinscripci\u00f3 de forma telem\u00e0tica<\/td>\n<\/tr>\n<tr style=\"border-style: hidden;\">\n<td style=\"width: 18.6354%; height: 64px; border-style: hidden;\">15\/04\/2026<\/td>\n<td style=\"width: 22.73%; height: 64px; border-style: hidden;\">Publicaci\u00f3 de barems<\/td>\n<td style=\"width: 58.6345%; height: 64px; border-style: hidden;\">Llistat amb la puntuaci\u00f3 provisional. Obertura del per\u00edode de reclamacions.<\/td>\n<\/tr>\n<tr style=\"border-style: hidden;\">\n<td style=\"width: 18.6354%; height: 48px; border-style: hidden;\">23\/04\/2025<\/td>\n<td style=\"width: 22.73%; height: 48px; border-style: hidden;\">Publicaci\u00f3 de barems<\/td>\n<td style=\"width: 58.6345%; height: 48px; border-style: hidden;\">Llistat amb la puntuaci\u00f3, resoltes les reclamacions.<\/td>\n<\/tr>\n<tr>\n<td style=\"width: 18.6354%; border-style: hidden;\">28\/04\/2025<\/td>\n<td style=\"width: 22.73%; border-style: hidden;\">Sorteig n\u00ba desempat<\/td>\n<td style=\"width: 58.6345%; border-style: hidden;\">N\u00famero per determinar l\u2019ordre de les sol\u00b7licituds en cas d\u2019empat a la ESO<\/td>\n<\/tr>\n<tr style=\"border-style: hidden;\">\n<td style=\"width: 18.6354%; height: 48px; border-style: hidden;\">29\/04\/2025<\/td>\n<td style=\"width: 22.73%; height: 48px; border-style: hidden;\">Publicaci\u00f3 de la llista ordenada<\/td>\n<td style=\"width: 58.6345%; height: 48px; border-style: hidden;\">Llistat amb la puntuaci\u00f3, ordenat.<\/td>\n<\/tr>\n<tr style=\"border-style: hidden;\">\n<td style=\"width: 18.6354%; height: 48px; border-style: hidden;\">10\/06\/2025<\/td>\n<td style=\"width: 22.73%; height: 48px; border-style: hidden;\">Publicaci\u00f3 de l\u2019oferta final<\/td>\n<td style=\"width: 58.6345%; height: 48px; border-style: hidden;\">Oferta de places finals per a la preinscripci\u00f3 de l\u2019ESO<\/td>\n<\/tr>\n<tr style=\"border-style: hidden;\">\n<td style=\"width: 18.6354%; height: 48px; border-style: hidden;\">10\/06\/2025<\/td>\n<td style=\"width: 22.73%; height: 48px; border-style: hidden;\">Publicaci\u00f3 de la llista d\u2019admesos<\/td>\n<td style=\"width: 58.6345%; height: 48px; border-style: hidden;\">Llistat d\u2019admesos amb pla\u00e7a assignada<\/td>\n<\/tr>\n<tr style=\"border-style: hidden;\">\n<td style=\"width: 18.6354%; height: 32px; border-style: hidden;\">10\/06\/2025<\/td>\n<td style=\"width: 22.73%; height: 32px; border-style: hidden; text-align: left;\">Publicaci\u00f3 de la llista d\u2019espera<\/td>\n<td style=\"width: 58.6345%; height: 32px; border-style: hidden;\"><\/td>\n<\/tr>\n<tr style=\"border-style: hidden;\">\n<td style=\"width: 18.6354%; border-style: hidden;\">22 al 30 de juny 2026<\/td>\n<td style=\"width: 22.73%; text-align: left; border-style: hidden;\"><\/td>\n<td style=\"width: 58.6345%; border-style: hidden;\">Per\u00edode de matr\u00edcula<\/td>\n<\/tr>\n<\/tbody>\n<\/table>\n<h4 class=\"wp-block-heading\"><a href=\"https:\/\/preinscripcio.gencat.cat\/ca\/estudis\/batxillerat\/inici\/\"><strong><span style=\"color: #ff5a00;\">BATXILLERAT<\/span><\/strong><\/a><\/h4>\n<ul>\n<li><a href=\"https:\/\/preinscripcio.gencat.cat\/ca\/estudis\/batxillerat\/inici\/\"><span style=\"color: #ff5a00;\">Informaci\u00f3 i documentaci\u00f3 necess\u00e0ria per a fer la preinscripci\u00f3 i la matr\u00edcula del Batxillerat per al curs 2026-2027<\/span><\/a><\/li>\n<\/ul>\n<table style=\"border-collapse: collapse; width: 100%; height: 342px;\">\n<thead>\n<tr style=\"height: 32px; border-style: hidden; background-color: #ff5a00; border-color: #fafafa;\">\n<td style=\"width: 19.0705%; height: 32px; border-style: inset; text-align: center; border-color: #fafafa;\"><span style=\"color: #ffffff;\"><strong>DATA<\/strong><\/span><\/td>\n<td style=\"width: 24.9739%; height: 32px; border-style: inset; text-align: center; border-color: #fafafa;\"><span style=\"color: #ffffff;\"><strong>DOCUMENT<\/strong><\/span><\/td>\n<td style=\"width: 55.9555%; height: 32px; border-style: inset; text-align: center; border-color: #fafafa;\"><span style=\"color: #ffffff;\"><strong>COMENTARIS<\/strong><\/span><\/td>\n<\/tr>\n<\/thead>\n<tbody>\n<tr style=\"height: 31px;\">\n<td style=\"width: 19.0705%; border-style: hidden; height: 31px;\">08\/04\/2026<\/td>\n<td style=\"width: 24.9739%; border-style: hidden; height: 31px;\">Oferta inicial<\/td>\n<td style=\"width: 55.9555%; border-style: hidden; height: 31px;\">Oferta de places per a la preinscripci\u00f3 del BTX<\/td>\n<\/tr>\n<tr style=\"height: 31px;\">\n<td style=\"width: 19.0705%; border-style: hidden; height: 31px;\">9 al 16 d\u2019abril<\/td>\n<td style=\"width: 24.9739%; text-align: center; border-style: hidden; height: 31px;\">&#8211;<\/td>\n<td style=\"width: 55.9555%; border-style: hidden; height: 31px;\">Presentaci\u00f3 de les sol\u00b7licituds de preinscripci\u00f3 de forma telem\u00e0tica<\/td>\n<\/tr>\n<tr style=\"height: 31px;\">\n<td style=\"width: 19.0705%; border-style: hidden; height: 31px;\">14\/05\/2026<\/td>\n<td style=\"width: 24.9739%; border-style: hidden; height: 31px;\">Publicaci\u00f3 de barems<\/td>\n<td style=\"width: 55.9555%; border-style: hidden; height: 31px;\">Llistat amb la puntuaci\u00f3 provisional. Obertura del per\u00edode de reclamacions<\/td>\n<\/tr>\n<tr style=\"height: 31px;\">\n<td style=\"width: 19.0705%; border-style: hidden; height: 31px;\">26\/05\/2026<\/td>\n<td style=\"width: 24.9739%; border-style: hidden; height: 31px;\">Publicaci\u00f3 de barems<\/td>\n<td style=\"width: 55.9555%; border-style: hidden; height: 31px;\">Llistat amb la puntuaci\u00f3, resoltes les reclamacions<\/td>\n<\/tr>\n<tr style=\"height: 31px;\">\n<td style=\"width: 19.0705%; border-style: hidden; height: 31px;\">26\/05\/2026<\/td>\n<td style=\"width: 24.9739%; border-style: hidden; height: 31px;\">Sorteig n\u00ba desempat<\/td>\n<td style=\"width: 55.9555%; border-style: hidden; height: 31px;\">N\u00famero per determinar l\u2019ordre de les sol\u00b7licituds en cas d\u2019empat al Batxillerat<\/td>\n<\/tr>\n<tr style=\"height: 31px;\">\n<td style=\"width: 19.0705%; border-style: hidden; height: 31px;\">29\/05\/2026<\/td>\n<td style=\"width: 24.9739%; border-style: hidden; height: 31px;\">Publicaci\u00f3 de la llista ordenada<\/td>\n<td style=\"width: 55.9555%; border-style: hidden; height: 31px;\">Llistat amb la puntuaci\u00f3, ordenat.<\/td>\n<\/tr>\n<tr style=\"height: 31px;\">\n<td style=\"width: 19.0705%; border-style: hidden; height: 31px;\">17\/06\/2026<\/td>\n<td style=\"width: 24.9739%; border-style: hidden; height: 31px;\">Publicaci\u00f3 de l\u2019oferta final<\/td>\n<td style=\"width: 55.9555%; border-style: hidden; height: 31px;\">Oferta de places finals per a la preinscripci\u00f3 del BTX<\/td>\n<\/tr>\n<tr style=\"height: 31px;\">\n<td style=\"width: 19.0705%; border-style: hidden; height: 31px;\">17\/06\/2026<\/td>\n<td style=\"width: 24.9739%; border-style: hidden; height: 31px;\">Publicaci\u00f3 de la llista d\u2019admesos i llista d&#8217;espera<\/td>\n<td style=\"width: 55.9555%; border-style: hidden; height: 31px;\">Llistat d\u2019admesos<\/td>\n<\/tr>\n<tr style=\"height: 31px;\">\n<td style=\"width: 19.0705%; border-style: hidden; height: 31px;\">18 al 30 de juny<\/td>\n<td style=\"width: 24.9739%; text-align: center; border-style: hidden; height: 31px;\">&#8211;<\/td>\n<td style=\"width: 55.9555%; border-style: hidden; height: 31px;\">Per\u00edode de matr\u00edcula<\/td>\n<\/tr>\n<tr style=\"height: 31px;\">\n<td style=\"width: 19.0705%; border-style: hidden; height: 31px;\">1 a l\u201913 de juliol<\/td>\n<td style=\"width: 24.9739%; border-style: hidden; height: 31px;\">Gesti\u00f3 de la llista d\u2019espera<\/td>\n<td style=\"width: 55.9555%; border-style: hidden; height: 31px;\">Gesti\u00f3 de l\u2019alumnat en llista d\u2019espera<\/td>\n<\/tr>\n<\/tbody>\n<\/table>\n<h4 class=\"wp-block-heading\"><span style=\"color: #0000ff;\"><strong>BATXIBAC<\/strong><\/span><\/h4>\n<h6><a href=\"https:\/\/preinscripcio.gencat.cat\/ca\/estudis\/batxillerat\/informat\/doble-titulacio\/batxibac\/\"><span style=\"color: #0000ff;\">Informaci\u00f3 i documentaci\u00f3 necess\u00e0ria per a fer la preinscripci\u00f3 i la matr\u00edcula del Batxibac per al curs 2026-2027<\/span><\/a><\/h6>\n<table style=\"border-collapse: collapse; width: 100%;\">\n<thead>\n<tr style=\"height: 32px; border-style: hidden; background-color: #264ff0; border-color: #fafafa;\">\n<td style=\"width: 19.0705%; height: 32px; border-style: inset; text-align: center; border-color: #fafafa;\"><span style=\"color: #ffffff;\"><strong>DATA<\/strong><\/span><\/td>\n<td style=\"width: 26.06%; height: 32px; border-style: inset; text-align: center; border-color: #fafafa;\"><span style=\"color: #ffffff;\"><strong>DOCUMENT<\/strong><\/span><\/td>\n<td style=\"width: 54.8694%; height: 32px; border-style: inset; text-align: center; border-color: #fafafa;\"><span style=\"color: #ffffff;\"><strong>COMENTARIS<\/strong><\/span><\/td>\n<\/tr>\n<\/thead>\n<tbody>\n<tr>\n<td style=\"width: 19.0705%;\"><span style=\"font-weight: 400;\">19\/03\/2026<\/span><\/td>\n<td style=\"width: 26.06%;\"><a href=\"https:\/\/agora.xtec.cat\/iesangeletaferrer\/wp-content\/uploads\/usu499\/2026\/03\/Oferta-inicial-Batxibac-2.png\"><span style=\"font-weight: 400;\">Oferta<\/span><\/a><\/td>\n<td style=\"width: 54.8694%;\"><span style=\"font-weight: 400;\">Publicaci\u00f3 de l\u2019oferta del centre<\/span><\/td>\n<\/tr>\n<tr>\n<td style=\"width: 19.0705%;\"><span style=\"font-weight: 400;\">20 a 27\/03\/2026<\/span><\/td>\n<td style=\"width: 26.06%; text-align: left;\"><a href=\"https:\/\/agora.xtec.cat\/iesangeletaferrer\/wp-content\/uploads\/usu499\/2026\/03\/Sollicitud-preinscripcio-batxibac.pdf\">Document Sol\u00b7licitud (si us plau, descarregueu el document una vegada obert.)<\/a><\/td>\n<td style=\"width: 54.8694%;\"><span style=\"font-weight: 400;\">Presentaci\u00f3 de les sol\u00b7licituds de preinscripci\u00f3 de forma presencial<\/span><\/td>\n<\/tr>\n<tr>\n<td style=\"width: 19.0705%;\"><span style=\"font-weight: 400;\">08\/04\/2026<\/span><\/td>\n<td style=\"width: 26.06%;\"><span style=\"font-weight: 400;\">Publicaci\u00f3 de la llista d\u2019admesos<\/span><\/td>\n<td style=\"width: 54.8694%;\"><span style=\"font-weight: 400;\">Llistat admesos<\/span><\/td>\n<\/tr>\n<\/tbody>\n<\/table>\n","protected":false},"excerpt":{"rendered":"<p><a href=\"https:\/\/preinscripcio.gencat.cat\/ca\/estudis\/eso\/inici\/\">ESO<\/a><\/p>\n<ul>\n<li><a href=\"https:\/\/preinscripcio.gencat.cat\/ca\/estudis\/eso\/inici\/\">Informaci\u00f3 i documentaci\u00f3 necess\u00e0ria per a fer la preinscripci\u00f3 i la matr\u00edcula de l\u2019ESO per al curs 2026-2027<\/a><\/li>\n<\/ul>\n<p>3\/03\/2026<br \/>\n<a href=\"https:\/\/agora.xtec.cat\/iesangeletaferrer\/wp-content\/uploads\/usu499\/2026\/03\/Captura-de-pantalla-2026-03-03-a-las-18.40.14.png\">Oferta Inicial<\/a><br \/>\nOferta de places per a la preinscripci\u00f3 de l\u2019ESO<\/p>\n<p>6 al 18 de mar\u00e7 2026<br \/>\n<a href=\"https:\/\/tramits.gencat.cat\/ca\/tramits\/tramits-temes\/perinscripcio-obligatoris?moda=3\">Sol\u00b7licitar la preinscripci\u00f3<\/a><br \/>\nPresentaci\u00f3 de les sol\u00b7licituds de preinscripci\u00f3 de forma&hellip;  <a href=\"https:\/\/agora.xtec.cat\/iesangeletaferrer\/preinscripcio-2\/\" title=\"Read Preinscripci\u00f3 i matr\u00edcula 2026\/2027\">Llegeix m\u00e9s\u00bb<\/a><\/p>\n","protected":false},"author":1,"featured_media":0,"parent":0,"menu_order":0,"comment_status":"closed","ping_status":"closed","template":"","meta":{"_bbp_topic_count":0,"_bbp_reply_count":0,"_bbp_total_topic_count":0,"_bbp_total_reply_count":0,"_bbp_voice_count":0,"_bbp_anonymous_reply_count":0,"_bbp_topic_count_hidden":0,"_bbp_reply_count_hidden":0,"_bbp_forum_subforum_count":0,"footnotes":""},"class_list":["post-1364","page","type-page","status-publish","hentry"],"post_mailing_queue_ids":[],"_links":{"self":[{"href":"https:\/\/agora.xtec.cat\/iesangeletaferrer\/wp-json\/wp\/v2\/pages\/1364","targetHints":{"allow":["GET"]}}],"collection":[{"href":"https:\/\/agora.xtec.cat\/iesangeletaferrer\/wp-json\/wp\/v2\/pages"}],"about":[{"href":"https:\/\/agora.xtec.cat\/iesangeletaferrer\/wp-json\/wp\/v2\/types\/page"}],"author":[{"embeddable":true,"href":"https:\/\/agora.xtec.cat\/iesangeletaferrer\/wp-json\/wp\/v2\/users\/1"}],"replies":[{"embeddable":true,"href":"https:\/\/agora.xtec.cat\/iesangeletaferrer\/wp-json\/wp\/v2\/comments?post=1364"}],"version-history":[{"count":7,"href":"https:\/\/agora.xtec.cat\/iesangeletaferrer\/wp-json\/wp\/v2\/pages\/1364\/revisions"}],"predecessor-version":[{"id":7962,"href":"https:\/\/agora.xtec.cat\/iesangeletaferrer\/wp-json\/wp\/v2\/pages\/1364\/revisions\/7962"}],"wp:attachment":[{"href":"https:\/\/agora.xtec.cat\/iesangeletaferrer\/wp-json\/wp\/v2\/media?parent=1364"}],"curies":[{"name":"wp","href":"https:\/\/api.w.org\/{rel}","templated":true}]}}