{"id":969,"date":"2024-09-26T11:39:16","date_gmt":"2024-09-26T09:39:16","guid":{"rendered":"https:\/\/agora.xtec.cat\/iesaltpenedes\/?page_id=969"},"modified":"2025-06-27T14:13:45","modified_gmt":"2025-06-27T12:13:45","slug":"proves-dacces","status":"publish","type":"page","link":"https:\/\/agora.xtec.cat\/iesaltpenedes\/info\/proves-dacces\/","title":{"rendered":"Proves d&#8217;acc\u00e9s"},"content":{"rendered":"\n<h2 class=\"wp-block-heading\">Les proves d&#8217;acc\u00e9s a l&#8217;Alt<\/h2>\n\n\n\n<p>Tota la informaci\u00f3 actualitzada sobre les proves d&#8217;acc\u00e9s a cicles formatius.<br>M\u00e9s informaci\u00f3 a la web del <a href=\"https:\/\/preinscripcio.gencat.cat\/ca\/estudis\/fp-grau-mitja\/inici\/index.html\">Departament d&#8217;Educaci\u00f3<\/a>.<\/p>\n\n\n\n<div class=\"paragraph\">\n<p><span style=\"color: #250cf6; font-size: x-large;\">Contacte:<a href=\"mailto:proves@institutaltpenedes.cat\">&nbsp;<strong><span style=\"color: #f60010;\"><u>proves@institutaltpenedes.cat<\/u><\/span><\/strong><\/a><\/span><\/p>\n<p><strong><span style=\"color: #000;\">Horaris de recepci\u00f3 de documentaci\u00f3:<br><span style=\"color: #fe3006; font-size: large;\">de dilluns a divendres de 09.00 a 14.00 h, i dilluns i dijous de 15.30 a 18.30 h (consulteu calendaris)<\/span><\/span><\/strong><\/p>\n<\/div>\n\n\n\n<h2 class=\"wp-block-heading wsite-content-title\">Informaci\u00f3:<\/h2>\n\n\n\n<div>\n<div class=\"wsite-multicol\">\n<div class=\"wsite-multicol-table-wrap\">\n<table class=\"wsite-multicol-table\">\n<tbody class=\"wsite-multicol-tbody\">\n<tr class=\"wsite-multicol-tr\">\n<td class=\"wsite-multicol-col\">\n<h2 class=\"wsite-content-title\"><span style=\"color: #8d2424;\"><a href=\"http:\/\/educacio.gencat.cat\/ca\/serveis-tramits\/proves\/proves-acces\/gm-fp\/\" target=\"_blank\" rel=\"noopener\"><span style=\"font-size: x-large;\"><u>proves d&#8217;acc\u00e9s a cicles formatius de grau mitj\u00e0<\/u><\/span><\/a><\/span><\/h2>\n<\/td>\n<td class=\"wsite-multicol-col\">\n<h2 class=\"wsite-content-title\"><span style=\"color: #1939bd;\"><a href=\"http:\/\/educacio.gencat.cat\/ca\/serveis-tramits\/proves\/proves-acces\/gs-fp\/\" target=\"_blank\" rel=\"noopener\"><span style=\"font-size: x-large;\"><u>proves d&#8217;acc\u00e9s a cicles formatius de grau superior<\/u><\/span><\/a><\/span><\/h2>\n<\/td>\n<\/tr>\n<\/tbody>\n<\/table>\n<\/div>\n<\/div>\n<\/div>\n\n\n\n<div>\n<div class=\"wsite-multicol\">\n<div class=\"wsite-multicol-table-wrap\">\n<table class=\"wsite-multicol-table\">\n<tbody class=\"wsite-multicol-tbody\">\n<tr class=\"wsite-multicol-tr\">\n<td class=\"wsite-multicol-col\">\n<div class=\"paragraph\"><span style=\"color: #8d5024;\"><strong><u><a href=\"http:\/\/educacio.gencat.cat\/ca\/serveis-tramits\/proves\/proves-acces\/gm-fp\/contingut-temaris-material\/\" target=\"_blank\" rel=\"noopener\">Grau Mitj\u00e0: Contingut, temaris i material<\/a><\/u><\/strong><\/span><\/div>\n<\/td>\n<td class=\"wsite-multicol-col\">\n<div class=\"paragraph\"><span style=\"color: #33248d;\"><strong><u><a href=\"http:\/\/educacio.gencat.cat\/ca\/serveis-tramits\/proves\/proves-acces\/gs-fp\/contingut-temaris-material\/\" target=\"_blank\" rel=\"noopener\">Grau Superior: Contingut, temaris i material<\/a><\/u><\/strong><\/span><\/div>\n<\/td>\n<\/tr>\n<\/tbody>\n<\/table>\n<\/div>\n<\/div>\n<\/div>\n\n\n\n<p><\/p>\n","protected":false},"excerpt":{"rendered":"<p>Les proves d&#8217;acc\u00e9s a l&#8217;Alt Tota la informaci\u00f3 actualitzada sobre les proves d&#8217;acc\u00e9s a cicles formatius.M\u00e9s informaci\u00f3 a la web [&hellip;]<\/p>\n","protected":false},"author":4,"featured_media":0,"parent":782,"menu_order":8,"comment_status":"closed","ping_status":"closed","template":"","meta":{"_bbp_topic_count":0,"_bbp_reply_count":0,"_bbp_total_topic_count":0,"_bbp_total_reply_count":0,"_bbp_voice_count":0,"_bbp_anonymous_reply_count":0,"_bbp_topic_count_hidden":0,"_bbp_reply_count_hidden":0,"_bbp_forum_subforum_count":0,"site-sidebar-layout":"default","site-content-layout":"","ast-site-content-layout":"default","site-content-style":"default","site-sidebar-style":"default","ast-global-header-display":"","ast-banner-title-visibility":"","ast-main-header-display":"","ast-hfb-above-header-display":"","ast-hfb-below-header-display":"","ast-hfb-mobile-header-display":"","site-post-title":"","ast-breadcrumbs-content":"","ast-featured-img":"","footer-sml-layout":"","theme-transparent-header-meta":"","adv-header-id-meta":"","stick-header-meta":"","header-above-stick-meta":"","header-main-stick-meta":"","header-below-stick-meta":"","astra-migrate-meta-layouts":"set","ast-page-background-enabled":"default","ast-page-background-meta":{"desktop":{"background-color":"var(--ast-global-color-4)","background-image":"","background-repeat":"repeat","background-position":"center center","background-size":"auto","background-attachment":"scroll","background-type":"","background-media":"","overlay-type":"","overlay-color":"","overlay-opacity":"","overlay-gradient":""},"tablet":{"background-color":"","background-image":"","background-repeat":"repeat","background-position":"center center","background-size":"auto","background-attachment":"scroll","background-type":"","background-media":"","overlay-type":"","overlay-color":"","overlay-opacity":"","overlay-gradient":""},"mobile":{"background-color":"","background-image":"","background-repeat":"repeat","background-position":"center center","background-size":"auto","background-attachment":"scroll","background-type":"","background-media":"","overlay-type":"","overlay-color":"","overlay-opacity":"","overlay-gradient":""}},"ast-content-background-meta":{"desktop":{"background-color":"var(--ast-global-color-5)","background-image":"","background-repeat":"repeat","background-position":"center center","background-size":"auto","background-attachment":"scroll","background-type":"","background-media":"","overlay-type":"","overlay-color":"","overlay-opacity":"","overlay-gradient":""},"tablet":{"background-color":"var(--ast-global-color-5)","background-image":"","background-repeat":"repeat","background-position":"center center","background-size":"auto","background-attachment":"scroll","background-type":"","background-media":"","overlay-type":"","overlay-color":"","overlay-opacity":"","overlay-gradient":""},"mobile":{"background-color":"var(--ast-global-color-5)","background-image":"","background-repeat":"repeat","background-position":"center center","background-size":"auto","background-attachment":"scroll","background-type":"","background-media":"","overlay-type":"","overlay-color":"","overlay-opacity":"","overlay-gradient":""}},"footnotes":""},"class_list":["post-969","page","type-page","status-publish","hentry"],"post_mailing_queue_ids":[],"_links":{"self":[{"href":"https:\/\/agora.xtec.cat\/iesaltpenedes\/wp-json\/wp\/v2\/pages\/969","targetHints":{"allow":["GET"]}}],"collection":[{"href":"https:\/\/agora.xtec.cat\/iesaltpenedes\/wp-json\/wp\/v2\/pages"}],"about":[{"href":"https:\/\/agora.xtec.cat\/iesaltpenedes\/wp-json\/wp\/v2\/types\/page"}],"author":[{"embeddable":true,"href":"https:\/\/agora.xtec.cat\/iesaltpenedes\/wp-json\/wp\/v2\/users\/4"}],"replies":[{"embeddable":true,"href":"https:\/\/agora.xtec.cat\/iesaltpenedes\/wp-json\/wp\/v2\/comments?post=969"}],"version-history":[{"count":5,"href":"https:\/\/agora.xtec.cat\/iesaltpenedes\/wp-json\/wp\/v2\/pages\/969\/revisions"}],"predecessor-version":[{"id":2822,"href":"https:\/\/agora.xtec.cat\/iesaltpenedes\/wp-json\/wp\/v2\/pages\/969\/revisions\/2822"}],"up":[{"embeddable":true,"href":"https:\/\/agora.xtec.cat\/iesaltpenedes\/wp-json\/wp\/v2\/pages\/782"}],"wp:attachment":[{"href":"https:\/\/agora.xtec.cat\/iesaltpenedes\/wp-json\/wp\/v2\/media?parent=969"}],"curies":[{"name":"wp","href":"https:\/\/api.w.org\/{rel}","templated":true}]}}