{"id":963,"date":"2024-09-26T11:38:27","date_gmt":"2024-09-26T09:38:27","guid":{"rendered":"https:\/\/agora.xtec.cat\/iesaltpenedes\/?page_id=963"},"modified":"2026-01-20T08:25:31","modified_gmt":"2026-01-20T07:25:31","slug":"documents-per-a-descarregar","status":"publish","type":"page","link":"https:\/\/agora.xtec.cat\/iesaltpenedes\/info\/documents-per-a-descarregar\/","title":{"rendered":"Documents de centre"},"content":{"rendered":"\n<figure class=\"wp-block-table is-style-regular\"><table class=\"has-border-color has-cyan-bluish-gray-border-color has-fixed-layout\"><thead><tr><th>Organitzaci\u00f3<\/th><th>Justificants i Formularis<\/th><th>Transpar\u00e8ncia<\/th><th>Alumnat<\/th><\/tr><\/thead><tbody><tr><td><a href=\"https:\/\/agora.xtec.cat\/iesaltpenedes\/wp-content\/uploads\/usu1207\/2025\/11\/NOFC-2.0.pdf\">Normes d&#8217;Organitzaci\u00f3 i Funcionament del Centre (NOFC)<\/a><br>(document pendent d&#8217;actualitzaci\u00f3)<\/td><td><a href=\"https:\/\/agora.xtec.cat\/iesaltpenedes\/wp-content\/uploads\/usu1207\/2024\/10\/full_sortida_alumnat.pdf\">1. Full d\u2019autoritzaci\u00f3 de sortida del centre.<\/a><\/td><td>Convenis amb empreses <br><a href=\"https:\/\/agora.xtec.cat\/iesaltpenedes\/wp-content\/uploads\/usu1207\/2024\/10\/Model-de-conveni.docx.pdf\">Model de conveni.docx<\/a><\/td><td><a href=\"https:\/\/agora.xtec.cat\/iesaltpenedes\/wp-content\/uploads\/usu1207\/2025\/09\/Guia-alumnat-1r-ESO-25-26-.pdf\">Guia alumnat 1r ESO 25-26<\/a><\/td><\/tr><tr><td><a href=\"https:\/\/agora.xtec.cat\/iesaltpenedes\/wp-content\/uploads\/usu1207\/2024\/10\/Carta-de-compromis-educatiu.pdf\">Carta de comprom\u00eds educatiu<\/a><\/td><td><a href=\"https:\/\/agora.xtec.cat\/iesaltpenedes\/wp-content\/uploads\/usu1207\/2024\/10\/justificant_absencies_alumnes.pdf\">2. Full de justificaci\u00f3 d\u2019abs\u00e8ncia de l\u2019alumne\/a.<\/a><\/td><td><a href=\"https:\/\/agora.xtec.cat\/iesaltpenedes\/wp-content\/uploads\/usu1207\/2024\/10\/Dades-del-pressupost-2024-1.pdf\">Dades del pressupost 2024<\/a><\/td><td><a href=\"https:\/\/agora.xtec.cat\/iesaltpenedes\/wp-content\/uploads\/usu1207\/2025\/09\/Guia-alumnes-2n-ESO-25-26.pdf\">Guia alumnes 2n ESO 25-26<\/a><\/td><\/tr><tr><td><a href=\"https:\/\/agora.xtec.cat\/iesaltpenedes\/wp-content\/uploads\/usu1207\/2025\/11\/PEC-2023_definitiu.pdf\">PROJECTE EDUCATIU DE CENTRE<\/a><\/td><td><a href=\"https:\/\/agora.xtec.cat\/iesaltpenedes\/wp-content\/uploads\/usu1207\/2024\/10\/a2_full_autoritzacio_families_22-23.doc\">3. Full d\u2019autoritzacions de la fam\u00edlia (en per\u00edode de matr\u00edcula)<\/a><\/td><td><a href=\"https:\/\/agora.xtec.cat\/iesaltpenedes\/wp-content\/uploads\/usu1207\/2024\/10\/Liquidacio-del-pressupost-2023-1.pdf\">Liquidaci\u00f3 del pressupost 2023<\/a><\/td><td><a href=\"https:\/\/agora.xtec.cat\/iesaltpenedes\/wp-content\/uploads\/usu1207\/2025\/09\/Guia-alumnes-3r-ESO-25-26.pdf\">Guia alumnes 3r ESO 25-26<\/a><\/td><\/tr><tr><td><a href=\"https:\/\/agora.xtec.cat\/iesaltpenedes\/wp-content\/uploads\/usu1207\/2024\/10\/INSTITUT-ALT-PENEDES_PLC2023.pdf\">Pla de lectura 2023<\/a><\/td><td><\/td><td><a href=\"https:\/\/agora.xtec.cat\/iesaltpenedes\/wp-content\/uploads\/usu1207\/2026\/01\/QUOTES-2526.pdf\">Quotes 25-26<\/a> (segons acord del Consell Escolar celebrat el dia 15 de desembre de 2026)<\/td><td><a href=\"https:\/\/agora.xtec.cat\/iesaltpenedes\/wp-content\/uploads\/usu1207\/2025\/09\/Guia-alumnes-4t-ESO-25-26.pdf\">Guia alumnes 4t ESO 25-26<\/a><\/td><\/tr><tr><td><a href=\"https:\/\/agora.xtec.cat\/iesaltpenedes\/wp-content\/uploads\/usu1207\/2024\/10\/guia_aplicacio_ieduca_tokapp_v.02.pdf\">Guia aplicaci\u00f3 iEduca Tokapp<\/a><\/td><td><\/td><td><a href=\"https:\/\/agora.xtec.cat\/iesaltpenedes\/wp-content\/uploads\/usu1207\/2026\/01\/RETORN-QUOTES-2526.pdf\">Retorn quotes 25-26<\/a> (segons acord del Consell Escolar celebrat el dia 15 de desembre de 2026) <\/td><td><a href=\"https:\/\/agora.xtec.cat\/iesaltpenedes\/wp-content\/uploads\/usu1207\/2025\/09\/Guia-alumnat-1r-2n-Batx-25-26.pdf\">Guia alumnat 1r-2n Batx 25-26<\/a><\/td><\/tr><tr><td><a href=\"https:\/\/agora.xtec.cat\/iesaltpenedes\/info\/llibres-de-text\/\">Llistats llibres de text<\/a><\/td><td><\/td><td><\/td><td><a href=\"https:\/\/agora.xtec.cat\/iesaltpenedes\/wp-content\/uploads\/usu1207\/2024\/10\/Guia-alumnat-CF-2024-2025.pdf\">Guia alumnat CCFF_Curs 2024-2025<\/a><\/td><\/tr><tr><td><a href=\"https:\/\/agora.xtec.cat\/iesaltpenedes\/wp-content\/uploads\/usu1207\/2025\/10\/ATENCIO-A-LES-FAMILIES-25-26.pdf\">Atenci\u00f3 a les fam\u00edlies<\/a><\/td><td><\/td><td><\/td><td><a href=\"https:\/\/agora.xtec.cat\/iesaltpenedes\/wp-content\/uploads\/usu1207\/2025\/09\/Calendari-2025-2026-ESOBAT_provisional_web.pdf\">Calendari ESO i Batxillerat<\/a><\/td><\/tr><tr><td><a href=\"https:\/\/agora.xtec.cat\/iesaltpenedes\/wp-content\/uploads\/usu1207\/2025\/11\/PGAC25-26_aprovat.pdf\" data-type=\"link\" data-id=\"https:\/\/agora.xtec.cat\/iesaltpenedes\/wp-content\/uploads\/usu1207\/2025\/11\/PGAC25-26_aprovat.pdf\">PROGRAMACI\u00d3 ANUAL DE CENTRE (25-26)<\/a><\/td><td><\/td><td><\/td><td><a href=\"https:\/\/agora.xtec.cat\/iesaltpenedes\/wp-content\/uploads\/usu1207\/2025\/10\/Calendari-2025-2026-CF_web_alumnes.pdf\">Calendari CCFF<\/a><\/td><\/tr><tr><td><\/td><td><\/td><td><\/td><td><a href=\"https:\/\/agora.xtec.cat\/iesaltpenedes\/info\/calendaris-i-horaris\/\">Horaris per cursos<\/a><\/td><\/tr><\/tbody><\/table><\/figure>\n","protected":false},"excerpt":{"rendered":"<p>Organitzaci\u00f3 Justificants i Formularis Transpar\u00e8ncia Alumnat Normes d&#8217;Organitzaci\u00f3 i Funcionament del Centre (NOFC)(document pendent d&#8217;actualitzaci\u00f3) 1. Full d\u2019autoritzaci\u00f3 de sortida [&hellip;]<\/p>\n","protected":false},"author":4,"featured_media":0,"parent":782,"menu_order":3,"comment_status":"closed","ping_status":"closed","template":"","meta":{"_bbp_topic_count":0,"_bbp_reply_count":0,"_bbp_total_topic_count":0,"_bbp_total_reply_count":0,"_bbp_voice_count":0,"_bbp_anonymous_reply_count":0,"_bbp_topic_count_hidden":0,"_bbp_reply_count_hidden":0,"_bbp_forum_subforum_count":0,"site-sidebar-layout":"default","site-content-layout":"","ast-site-content-layout":"default","site-content-style":"default","site-sidebar-style":"default","ast-global-header-display":"","ast-banner-title-visibility":"","ast-main-header-display":"","ast-hfb-above-header-display":"","ast-hfb-below-header-display":"","ast-hfb-mobile-header-display":"","site-post-title":"","ast-breadcrumbs-content":"","ast-featured-img":"","footer-sml-layout":"","theme-transparent-header-meta":"","adv-header-id-meta":"","stick-header-meta":"","header-above-stick-meta":"","header-main-stick-meta":"","header-below-stick-meta":"","astra-migrate-meta-layouts":"set","ast-page-background-enabled":"default","ast-page-background-meta":{"desktop":{"background-color":"var(--ast-global-color-4)","background-image":"","background-repeat":"repeat","background-position":"center center","background-size":"auto","background-attachment":"scroll","background-type":"","background-media":"","overlay-type":"","overlay-color":"","overlay-opacity":"","overlay-gradient":""},"tablet":{"background-color":"","background-image":"","background-repeat":"repeat","background-position":"center center","background-size":"auto","background-attachment":"scroll","background-type":"","background-media":"","overlay-type":"","overlay-color":"","overlay-opacity":"","overlay-gradient":""},"mobile":{"background-color":"","background-image":"","background-repeat":"repeat","background-position":"center center","background-size":"auto","background-attachment":"scroll","background-type":"","background-media":"","overlay-type":"","overlay-color":"","overlay-opacity":"","overlay-gradient":""}},"ast-content-background-meta":{"desktop":{"background-color":"var(--ast-global-color-5)","background-image":"","background-repeat":"repeat","background-position":"center center","background-size":"auto","background-attachment":"scroll","background-type":"","background-media":"","overlay-type":"","overlay-color":"","overlay-opacity":"","overlay-gradient":""},"tablet":{"background-color":"var(--ast-global-color-5)","background-image":"","background-repeat":"repeat","background-position":"center center","background-size":"auto","background-attachment":"scroll","background-type":"","background-media":"","overlay-type":"","overlay-color":"","overlay-opacity":"","overlay-gradient":""},"mobile":{"background-color":"var(--ast-global-color-5)","background-image":"","background-repeat":"repeat","background-position":"center center","background-size":"auto","background-attachment":"scroll","background-type":"","background-media":"","overlay-type":"","overlay-color":"","overlay-opacity":"","overlay-gradient":""}},"footnotes":""},"class_list":["post-963","page","type-page","status-publish","hentry"],"post_mailing_queue_ids":[],"_links":{"self":[{"href":"https:\/\/agora.xtec.cat\/iesaltpenedes\/wp-json\/wp\/v2\/pages\/963","targetHints":{"allow":["GET"]}}],"collection":[{"href":"https:\/\/agora.xtec.cat\/iesaltpenedes\/wp-json\/wp\/v2\/pages"}],"about":[{"href":"https:\/\/agora.xtec.cat\/iesaltpenedes\/wp-json\/wp\/v2\/types\/page"}],"author":[{"embeddable":true,"href":"https:\/\/agora.xtec.cat\/iesaltpenedes\/wp-json\/wp\/v2\/users\/4"}],"replies":[{"embeddable":true,"href":"https:\/\/agora.xtec.cat\/iesaltpenedes\/wp-json\/wp\/v2\/comments?post=963"}],"version-history":[{"count":6,"href":"https:\/\/agora.xtec.cat\/iesaltpenedes\/wp-json\/wp\/v2\/pages\/963\/revisions"}],"predecessor-version":[{"id":3356,"href":"https:\/\/agora.xtec.cat\/iesaltpenedes\/wp-json\/wp\/v2\/pages\/963\/revisions\/3356"}],"up":[{"embeddable":true,"href":"https:\/\/agora.xtec.cat\/iesaltpenedes\/wp-json\/wp\/v2\/pages\/782"}],"wp:attachment":[{"href":"https:\/\/agora.xtec.cat\/iesaltpenedes\/wp-json\/wp\/v2\/media?parent=963"}],"curies":[{"name":"wp","href":"https:\/\/api.w.org\/{rel}","templated":true}]}}