{"id":959,"date":"2024-09-26T11:37:37","date_gmt":"2024-09-26T09:37:37","guid":{"rendered":"https:\/\/agora.xtec.cat\/iesaltpenedes\/?page_id=959"},"modified":"2025-02-06T12:18:47","modified_gmt":"2025-02-06T11:18:47","slug":"ieduca","status":"publish","type":"page","link":"https:\/\/agora.xtec.cat\/iesaltpenedes\/info\/ieduca\/","title":{"rendered":"iEduca"},"content":{"rendered":"<h3>iEduca TokApp<\/h3>\n<p>En aquesta p\u00e0gina podreu trobar tota la informaci\u00f3 referent a <strong>iEduca<\/strong>.<\/p>\n<p>iEduca TokApp \u00e9s la plataforma de gesti\u00f3 i comunicaci\u00f3 del centre, a trav\u00e9s de la qual les fam\u00edlies tindreu acc\u00e9s a tota la informaci\u00f3 sobre calendari, avaluacions, notes, activitats, i tamb\u00e9 rebreu tota la missatgeria sobre incid\u00e8ncies, avisos, tutoria, etc.<\/p>\n<p>A m\u00e9s a m\u00e9s, a trav\u00e9s de la plataforma podreu fer els pagaments de sortides, viatges, col\u00f2nies, assegurances, aportacions de material o quota de l&#8217;AFA.<\/p>\n<p>A continuaci\u00f3, podeu veure un v\u00eddeo sobre com instal\u00b7lar iEduca TokApp:<\/p>\n<p><iframe loading=\"lazy\" title=\"FAM - Com instal\u00b7lar Tokapp.\" src=\"\/\/www.youtube.com\/embed\/rnFTwePxLpc\" width=\"860\" height=\"514\" frameborder=\"0\" allowfullscreen=\"allowfullscreen\"><\/iframe><\/p>\n<table style=\"border-collapse: collapse; width: 100%;\">\n<tbody>\n<tr>\n<td style=\"width: 30.3583%;\">\n<h3>Tutorial<\/h3>\n<\/td>\n<td style=\"width: 36.3083%;\">\n<h3>Acc\u00e9s a l&#8217;iEduca del centre<\/h3>\n<\/td>\n<td style=\"width: 33.3333%;\">\n<h3>Activaci\u00f3 del xat per poder fer els pagaments<\/h3>\n<\/td>\n<\/tr>\n<tr>\n<td style=\"width: 30.3583%;\"><a href=\"https:\/\/www.youtube.com\/watch?v=4P97HfIh_RY\"><img decoding=\"async\" src=\"https:\/\/463344365128478901.weebly.com\/uploads\/4\/9\/8\/1\/49816005\/editor\/ieduca-tokapp-1507184861.jpg?1602756057\" alt=\"Picture\" \/><\/a><a href=\"https:\/\/www.youtube.com\/watch?v=4P97HfIh_RY\">AQU\u00cd<\/a> teniu un tutorial de Youtube de com baixar-se l&#8217;app iEduca Tokapp.<\/td>\n<td style=\"width: 36.3083%;\"><a href=\"https:\/\/login.ieduca.com\/?error=login.no_token&amp;lang=ca&amp;centre=institutaltpenedes&amp;modul=base&amp;urlback=Lw%3D%3D\"><img decoding=\"async\" src=\"https:\/\/463344365128478901.weebly.com\/uploads\/4\/9\/8\/1\/49816005\/editor\/ieduca.jpg?1602758277\" alt=\"Imagen\" \/><\/a>Podeu accedir directament a la p\u00e0gina web de iEduca clicant <a href=\"https:\/\/login.ieduca.com\/?error=login.no_token&amp;lang=ca&amp;centre=institutaltpenedes&amp;modul=base&amp;urlback=Lw%3D%3D\">AQU\u00cd<\/a> o sobre la icona.<\/td>\n<td style=\"width: 33.3333%;\"><img decoding=\"async\" src=\"https:\/\/463344365128478901.weebly.com\/uploads\/4\/9\/8\/1\/49816005\/published\/tokapp-school.png?1720609293\" alt=\"Foto\" \/><\/p>\n<div class=\"paragraph\">Amplieu la imatge:<\/div>\n<div><img decoding=\"async\" src=\"https:\/\/463344365128478901.weebly.com\/uploads\/4\/9\/8\/1\/49816005\/activaci-xat-ieducatokapp-2023-24_orig.png\" alt=\"Foto\" \/><\/div>\n<\/td>\n<\/tr>\n<\/tbody>\n<\/table>\n<h3>Guia d&#8217;instal\u00b7laci\u00f3<\/h3>\n<p>Tamb\u00e9 teniu a la vostra disposici\u00f3 un document PDF per saber com realitzar la instal\u00b7laci\u00f3 de l&#8217;app Tokapp:<\/p>\n<p><a href=\"https:\/\/agora.xtec.cat\/iesaltpenedes\/wp-content\/uploads\/usu1207\/2024\/10\/guia_aplicacio_ieduca_tokapp_v.02.pdf\">Guia aplicaci\u00f3 iEduca Tokapp<\/a><\/p>\n","protected":false},"excerpt":{"rendered":"<p>iEduca TokApp En aquesta p\u00e0gina podreu trobar tota la informaci\u00f3 referent a iEduca. iEduca TokApp \u00e9s la plataforma de gesti\u00f3 [&hellip;]<\/p>\n","protected":false},"author":4,"featured_media":0,"parent":782,"menu_order":6,"comment_status":"closed","ping_status":"closed","template":"","meta":{"_bbp_topic_count":0,"_bbp_reply_count":0,"_bbp_total_topic_count":0,"_bbp_total_reply_count":0,"_bbp_voice_count":0,"_bbp_anonymous_reply_count":0,"_bbp_topic_count_hidden":0,"_bbp_reply_count_hidden":0,"_bbp_forum_subforum_count":0,"site-sidebar-layout":"default","site-content-layout":"","ast-site-content-layout":"default","site-content-style":"default","site-sidebar-style":"default","ast-global-header-display":"","ast-banner-title-visibility":"","ast-main-header-display":"","ast-hfb-above-header-display":"","ast-hfb-below-header-display":"","ast-hfb-mobile-header-display":"","site-post-title":"","ast-breadcrumbs-content":"","ast-featured-img":"","footer-sml-layout":"","theme-transparent-header-meta":"","adv-header-id-meta":"","stick-header-meta":"","header-above-stick-meta":"","header-main-stick-meta":"","header-below-stick-meta":"","astra-migrate-meta-layouts":"set","ast-page-background-enabled":"default","ast-page-background-meta":{"desktop":{"background-color":"var(--ast-global-color-4)","background-image":"","background-repeat":"repeat","background-position":"center center","background-size":"auto","background-attachment":"scroll","background-type":"","background-media":"","overlay-type":"","overlay-color":"","overlay-opacity":"","overlay-gradient":""},"tablet":{"background-color":"","background-image":"","background-repeat":"repeat","background-position":"center center","background-size":"auto","background-attachment":"scroll","background-type":"","background-media":"","overlay-type":"","overlay-color":"","overlay-opacity":"","overlay-gradient":""},"mobile":{"background-color":"","background-image":"","background-repeat":"repeat","background-position":"center center","background-size":"auto","background-attachment":"scroll","background-type":"","background-media":"","overlay-type":"","overlay-color":"","overlay-opacity":"","overlay-gradient":""}},"ast-content-background-meta":{"desktop":{"background-color":"var(--ast-global-color-5)","background-image":"","background-repeat":"repeat","background-position":"center center","background-size":"auto","background-attachment":"scroll","background-type":"","background-media":"","overlay-type":"","overlay-color":"","overlay-opacity":"","overlay-gradient":""},"tablet":{"background-color":"var(--ast-global-color-5)","background-image":"","background-repeat":"repeat","background-position":"center center","background-size":"auto","background-attachment":"scroll","background-type":"","background-media":"","overlay-type":"","overlay-color":"","overlay-opacity":"","overlay-gradient":""},"mobile":{"background-color":"var(--ast-global-color-5)","background-image":"","background-repeat":"repeat","background-position":"center center","background-size":"auto","background-attachment":"scroll","background-type":"","background-media":"","overlay-type":"","overlay-color":"","overlay-opacity":"","overlay-gradient":""}},"footnotes":""},"class_list":["post-959","page","type-page","status-publish","hentry"],"post_mailing_queue_ids":[],"_links":{"self":[{"href":"https:\/\/agora.xtec.cat\/iesaltpenedes\/wp-json\/wp\/v2\/pages\/959","targetHints":{"allow":["GET"]}}],"collection":[{"href":"https:\/\/agora.xtec.cat\/iesaltpenedes\/wp-json\/wp\/v2\/pages"}],"about":[{"href":"https:\/\/agora.xtec.cat\/iesaltpenedes\/wp-json\/wp\/v2\/types\/page"}],"author":[{"embeddable":true,"href":"https:\/\/agora.xtec.cat\/iesaltpenedes\/wp-json\/wp\/v2\/users\/4"}],"replies":[{"embeddable":true,"href":"https:\/\/agora.xtec.cat\/iesaltpenedes\/wp-json\/wp\/v2\/comments?post=959"}],"version-history":[{"count":6,"href":"https:\/\/agora.xtec.cat\/iesaltpenedes\/wp-json\/wp\/v2\/pages\/959\/revisions"}],"predecessor-version":[{"id":1842,"href":"https:\/\/agora.xtec.cat\/iesaltpenedes\/wp-json\/wp\/v2\/pages\/959\/revisions\/1842"}],"up":[{"embeddable":true,"href":"https:\/\/agora.xtec.cat\/iesaltpenedes\/wp-json\/wp\/v2\/pages\/782"}],"wp:attachment":[{"href":"https:\/\/agora.xtec.cat\/iesaltpenedes\/wp-json\/wp\/v2\/media?parent=959"}],"curies":[{"name":"wp","href":"https:\/\/api.w.org\/{rel}","templated":true}]}}