{"id":957,"date":"2024-09-26T11:37:23","date_gmt":"2024-09-26T09:37:23","guid":{"rendered":"https:\/\/agora.xtec.cat\/iesaltpenedes\/?page_id=957"},"modified":"2025-09-09T08:39:20","modified_gmt":"2025-09-09T06:39:20","slug":"llibres-de-text","status":"publish","type":"page","link":"https:\/\/agora.xtec.cat\/iesaltpenedes\/info\/llibres-de-text\/","title":{"rendered":"Llibres de text"},"content":{"rendered":"<h1><img decoding=\"async\" class=\"alignleft\" src=\"https:\/\/463344365128478901.weebly.com\/uploads\/4\/9\/8\/1\/49816005\/published\/1467278930.png?1623687529\" alt=\"Imagen\" \/><\/h1>\n<h1><\/h1>\n<h1>Llibres de text curs 2025-2026<\/h1>\n<table style=\"border-collapse: collapse; width: 100%; height: 634px;\">\n<tbody>\n<tr style=\"height: 32px;\">\n<td style=\"width: 50%; height: 32px;\"><strong>1r d&#8217;ESO<\/strong><\/td>\n<td style=\"width: 50%; height: 32px;\"><strong>2n d&#8217;ESO<\/strong><\/td>\n<\/tr>\n<tr style=\"height: 96px;\">\n<td style=\"width: 50%; height: 96px;\"><a href=\"https:\/\/agora.xtec.cat\/iesaltpenedes\/wp-content\/uploads\/usu1207\/2025\/07\/Llistat-de-material-1r-i-2n-ESO_Curs-24-25.pdf\">Material recomanat.<\/a><a href=\"https:\/\/agora.xtec.cat\/iesaltpenedes\/wp-content\/uploads\/usu1207\/2025\/06\/LLIBRES-1rESO-25-26.docx.pdf\">Llibres 1r ESO curs 2025-2026.<\/a><\/td>\n<td style=\"width: 50%; height: 96px;\"><a href=\"https:\/\/agora.xtec.cat\/iesaltpenedes\/wp-content\/uploads\/usu1207\/2025\/07\/Llistat-de-material-1r-i-2n-ESO_Curs-24-25.pdf\">Material recomanat.<\/a><a href=\"https:\/\/agora.xtec.cat\/iesaltpenedes\/wp-content\/uploads\/usu1207\/2025\/06\/LLIBRES-2nESO-25-26.docx.pdf\">Llibres 2n ESO curs 2025-2026.<\/a><\/td>\n<\/tr>\n<tr style=\"height: 32px;\">\n<td style=\"width: 50%; height: 32px;\"><strong>3r d&#8217;ESO<\/strong><\/td>\n<td style=\"width: 50%; height: 32px;\"><strong>4t d&#8217;ESO<\/strong><\/td>\n<\/tr>\n<tr style=\"height: 32px;\">\n<td style=\"width: 50%; height: 32px;\"><a href=\"https:\/\/agora.xtec.cat\/iesaltpenedes\/wp-content\/uploads\/usu1207\/2025\/06\/LLIBRES-3R-ESO-25-26.docx.pdf\">Llibres 3r ESO curs 2025-2026.<\/a><\/td>\n<td style=\"width: 50%; height: 32px;\"><a href=\"https:\/\/agora.xtec.cat\/iesaltpenedes\/wp-content\/uploads\/usu1207\/2025\/06\/LLIBRES-4t-ESO-25-26.docx.pdf\">Llibres 4t ESO curs 2025-2026.<\/a><\/td>\n<\/tr>\n<tr style=\"height: 32px;\">\n<td style=\"width: 50%; height: 32px;\"><strong>1r BAT<\/strong><\/td>\n<td style=\"width: 50%; height: 32px;\"><strong>2n BAT<\/strong><\/td>\n<\/tr>\n<tr style=\"height: 32px;\">\n<td style=\"width: 50%; height: 32px;\"><a href=\"https:\/\/agora.xtec.cat\/iesaltpenedes\/wp-content\/uploads\/usu1207\/2025\/06\/B_LLIBRES-1r-BAT-25-26.docx.pdf\">Llibres 1r de Batxillerat curs 2025-2026.<\/a><\/td>\n<td style=\"width: 50%; height: 32px;\"><a href=\"https:\/\/agora.xtec.cat\/iesaltpenedes\/wp-content\/uploads\/usu1207\/2025\/06\/B_LLIBRES-2n-BAT-25-26.docx.pdf\">Llibres 2n de Batxillerat curs 2025-2026.\u00a0<\/a><\/td>\n<\/tr>\n<tr style=\"height: 32px;\">\n<td style=\"width: 100%; height: 32px;\" colspan=\"2\"><strong>CFGM Instal\u00b7lacions El\u00e8ctriques i Autom\u00e0tiques<\/strong><\/td>\n<\/tr>\n<tr style=\"height: 32px;\">\n<td style=\"width: 50%; height: 32px;\"><a href=\"https:\/\/agora.xtec.cat\/iesaltpenedes\/wp-content\/uploads\/usu1207\/2025\/09\/CF_LLIBRES-1GMIEA-25-26-1.pdf\">CF_LLIBRES 1GMIEA 25-26<\/a><\/td>\n<td style=\"width: 50%; height: 32px;\"><a href=\"https:\/\/agora.xtec.cat\/iesaltpenedes\/wp-content\/uploads\/usu1207\/2025\/07\/CF_LLIBRES-2GMIEA-25-26.pdf\">CF_LLIBRES 2GMIEA 25-26<\/a><\/td>\n<\/tr>\n<tr style=\"height: 32px;\">\n<td style=\"width: 100%; height: 32px;\" colspan=\"2\"><strong>CFGM Mecanitzaci\u00f3<\/strong><\/td>\n<\/tr>\n<tr style=\"height: 32px;\">\n<td style=\"width: 50%; height: 32px;\"><a href=\"https:\/\/agora.xtec.cat\/iesaltpenedes\/wp-content\/uploads\/usu1207\/2025\/09\/CF_LLIBRES-1GMMEC-25-26-1.pdf\">CF_LLIBRES 1GMMEC 25-26<\/a><\/td>\n<td style=\"width: 50%; height: 32px;\"><a href=\"https:\/\/agora.xtec.cat\/iesaltpenedes\/wp-content\/uploads\/usu1207\/2025\/07\/CF_LLIBRES-2GMMEC-25-26.pdf\">CF_LLIBRES 2GMMEC 25-26<\/a><\/td>\n<\/tr>\n<tr style=\"height: 32px;\">\n<td style=\"width: 100%; height: 32px;\" colspan=\"2\"><strong>CFGS Automatitzaci\u00f3 i Rob\u00f2tica Industrial<\/strong><\/td>\n<\/tr>\n<tr style=\"height: 32px;\">\n<td style=\"width: 50%; height: 32px;\"><a href=\"https:\/\/agora.xtec.cat\/iesaltpenedes\/wp-content\/uploads\/usu1207\/2025\/09\/CF_LLIBRES-1GSARI-25-26-1.pdf\">CF_LLIBRES 1GSARI 25-26<\/a><\/td>\n<td style=\"width: 50%; height: 32px;\"><a href=\"https:\/\/agora.xtec.cat\/iesaltpenedes\/wp-content\/uploads\/usu1207\/2025\/07\/CF_LLIBRES-2GSARI-25-26.pdf\">CF_LLIBRES 2GSARI 25-26<\/a><\/td>\n<\/tr>\n<tr style=\"height: 32px;\">\n<td style=\"width: 100%; height: 32px;\" colspan=\"2\"><strong>CFGS Mecatr\u00f2nica Industrial<\/strong><\/td>\n<\/tr>\n<tr style=\"height: 32px;\">\n<td style=\"width: 50%; height: 32px;\"><a href=\"https:\/\/agora.xtec.cat\/iesaltpenedes\/wp-content\/uploads\/usu1207\/2025\/09\/CF_LLIBRES-1GSMEI-25-26-1.pdf\">CF_LLIBRES 1GSMEI 25-26<\/a><\/td>\n<td style=\"width: 50%; height: 32px;\"><a href=\"https:\/\/agora.xtec.cat\/iesaltpenedes\/wp-content\/uploads\/usu1207\/2025\/07\/CF_LLIBRES-2GSMEI-25-26.pdf\">CF_LLIBRES 2GSMEI 25-26<\/a><\/td>\n<\/tr>\n<tr style=\"height: 43px;\">\n<td style=\"width: 50%; height: 43px;\" colspan=\"2\"><strong>CFGM Operacions de Laboratori<\/strong><\/td>\n<\/tr>\n<tr style=\"height: 79px;\">\n<td style=\"width: 50%; height: 79px;\"><a href=\"https:\/\/agora.xtec.cat\/iesaltpenedes\/wp-content\/uploads\/usu1207\/2025\/09\/CF_LLIBRES-1GMOPL-25-26-2.pdf\">CF_LLIBRES 1GMOPL 25-26<\/a><\/td>\n<td style=\"width: 50%; height: 79px;\"><span style=\"font-family: inherit; font-size: 1em; background-color: #ffffff;\">\u00a0<\/span><\/td>\n<\/tr>\n<\/tbody>\n<\/table>\n<h1>Servei d&#8217;Ecobooks<\/h1>\n<p>Un servei de l&#8217;Associaci\u00f3 de Fam\u00edlies de l&#8217;Alumnat de l&#8217;Institut Alt Pened\u00e8s.<\/p>\n<table style=\"border-collapse: collapse; width: 100%; height: 538px;\">\n<tbody>\n<tr style=\"height: 54px;\">\n<td style=\"width: 50%; height: 54px;\"><strong>Instruccions per fer la comanda pel curs 2025-2026<\/strong><\/td>\n<td style=\"width: 50%; height: 54px;\">\n<h5><strong>Devoluci\u00f3 i recollida curs 24-25, juliol 2025:<\/strong><\/h5>\n<\/td>\n<\/tr>\n<tr style=\"height: 172px;\">\n<td style=\"width: 50%; height: 172px;\">\n<h5><a href=\"https:\/\/agora.xtec.cat\/iesaltpenedes\/wp-content\/uploads\/usu1207\/2025\/06\/012_cc_2025.pdf\">Com comprar Ecobooks?<\/a><\/h5>\n<\/td>\n<td style=\"width: 50%; height: 172px;\">DIJOUS 10\/7\/2025. <span style=\"font-size: revert; font-family: inherit; font-weight: inherit; background-color: rgba(0, 0, 0, 0);\">Hora: 9:30 a 14:00 i 15:00 a 16:30.\u00a0<\/span>Lloc: Aula C1<a href=\"https:\/\/agora.xtec.cat\/iesaltpenedes\/wp-content\/uploads\/usu1207\/2025\/06\/012_Cartell_Recollida_2025-1.pdf\">Cartell informatiu recollida.<\/a><\/td>\n<\/tr>\n<tr style=\"height: 312px;\">\n<td style=\"width: 50%; height: 312px;\"><a href=\"https:\/\/vimeo.com\/953990128\">Presentaci\u00f3 d&#8217;Iddink i els ecoBooks<\/a> from <a href=\"https:\/\/vimeo.com\/user12002220\">Iddink Spain<\/a> on <a href=\"https:\/\/vimeo.com\">Vimeo<\/a>.<\/td>\n<td style=\"width: 50%; height: 312px;\"><a href=\"https:\/\/vimeo.com\/721037983\">Els ecobooks d&#8217;Iddink: proc\u00e9s de compra i instruccions d&#8217;\u00fas<\/a> from <a href=\"https:\/\/vimeo.com\/user12002220\">Iddink Spain, S.L.U.<\/a> on <a href=\"https:\/\/vimeo.com\">Vimeo<\/a>.<\/td>\n<\/tr>\n<\/tbody>\n<\/table>\n<p><img decoding=\"async\" src=\"https:\/\/463344365128478901.weebly.com\/uploads\/4\/9\/8\/1\/49816005\/editor\/cat-com-retornar-els-ecobooks-2.png?1718628960\" alt=\"Foto\" \/> <img decoding=\"async\" src=\"https:\/\/463344365128478901.weebly.com\/uploads\/4\/9\/8\/1\/49816005\/editor\/cat-com-tractar-els-ecobooks.png?1718628965\" alt=\"Foto\" \/> <img decoding=\"async\" src=\"https:\/\/463344365128478901.weebly.com\/uploads\/4\/9\/8\/1\/49816005\/editor\/cat-criteris-de-qualitat.png?1718628968\" alt=\"Foto\" \/><\/p>\n<h2>Ecobooks: Reciclatges de llibres de text<\/h2>\n<p>Podeu trobar m\u00e9s informaci\u00f3 a la <a href=\"https:\/\/agora.xtec.cat\/iesaltpenedes\/participacio\/afa\/\">web de l&#8217;AFA<\/a><\/p>\n<p><img decoding=\"async\" src=\"https:\/\/463344365128478901.weebly.com\/uploads\/4\/9\/8\/1\/49816005\/published\/768750.png?1528278843\" alt=\"Imagen\" \/> <img decoding=\"async\" src=\"https:\/\/463344365128478901.weebly.com\/uploads\/4\/9\/8\/1\/49816005\/editor\/9849773.gif?1592839115\" alt=\"Imagen\" \/> <img decoding=\"async\" src=\"https:\/\/463344365128478901.weebly.com\/uploads\/4\/9\/8\/1\/49816005\/published\/segell-afa.jpg?1718629707\" alt=\"Foto\" \/><\/p>\n","protected":false},"excerpt":{"rendered":"<p>Llibres de text curs 2025-2026 1r d&#8217;ESO 2n d&#8217;ESO Material recomanat.Llibres 1r ESO curs 2025-2026. Material recomanat.Llibres 2n ESO curs [&hellip;]<\/p>\n","protected":false},"author":4,"featured_media":0,"parent":782,"menu_order":5,"comment_status":"closed","ping_status":"closed","template":"","meta":{"_bbp_topic_count":0,"_bbp_reply_count":0,"_bbp_total_topic_count":0,"_bbp_total_reply_count":0,"_bbp_voice_count":0,"_bbp_anonymous_reply_count":0,"_bbp_topic_count_hidden":0,"_bbp_reply_count_hidden":0,"_bbp_forum_subforum_count":0,"site-sidebar-layout":"default","site-content-layout":"","ast-site-content-layout":"default","site-content-style":"default","site-sidebar-style":"default","ast-global-header-display":"","ast-banner-title-visibility":"","ast-main-header-display":"","ast-hfb-above-header-display":"","ast-hfb-below-header-display":"","ast-hfb-mobile-header-display":"","site-post-title":"","ast-breadcrumbs-content":"","ast-featured-img":"","footer-sml-layout":"","theme-transparent-header-meta":"","adv-header-id-meta":"","stick-header-meta":"","header-above-stick-meta":"","header-main-stick-meta":"","header-below-stick-meta":"","astra-migrate-meta-layouts":"set","ast-page-background-enabled":"default","ast-page-background-meta":{"desktop":{"background-color":"var(--ast-global-color-4)","background-image":"","background-repeat":"repeat","background-position":"center center","background-size":"auto","background-attachment":"scroll","background-type":"","background-media":"","overlay-type":"","overlay-color":"","overlay-opacity":"","overlay-gradient":""},"tablet":{"background-color":"","background-image":"","background-repeat":"repeat","background-position":"center center","background-size":"auto","background-attachment":"scroll","background-type":"","background-media":"","overlay-type":"","overlay-color":"","overlay-opacity":"","overlay-gradient":""},"mobile":{"background-color":"","background-image":"","background-repeat":"repeat","background-position":"center center","background-size":"auto","background-attachment":"scroll","background-type":"","background-media":"","overlay-type":"","overlay-color":"","overlay-opacity":"","overlay-gradient":""}},"ast-content-background-meta":{"desktop":{"background-color":"var(--ast-global-color-5)","background-image":"","background-repeat":"repeat","background-position":"center center","background-size":"auto","background-attachment":"scroll","background-type":"","background-media":"","overlay-type":"","overlay-color":"","overlay-opacity":"","overlay-gradient":""},"tablet":{"background-color":"var(--ast-global-color-5)","background-image":"","background-repeat":"repeat","background-position":"center center","background-size":"auto","background-attachment":"scroll","background-type":"","background-media":"","overlay-type":"","overlay-color":"","overlay-opacity":"","overlay-gradient":""},"mobile":{"background-color":"var(--ast-global-color-5)","background-image":"","background-repeat":"repeat","background-position":"center center","background-size":"auto","background-attachment":"scroll","background-type":"","background-media":"","overlay-type":"","overlay-color":"","overlay-opacity":"","overlay-gradient":""}},"footnotes":""},"class_list":["post-957","page","type-page","status-publish","hentry"],"post_mailing_queue_ids":[],"_links":{"self":[{"href":"https:\/\/agora.xtec.cat\/iesaltpenedes\/wp-json\/wp\/v2\/pages\/957","targetHints":{"allow":["GET"]}}],"collection":[{"href":"https:\/\/agora.xtec.cat\/iesaltpenedes\/wp-json\/wp\/v2\/pages"}],"about":[{"href":"https:\/\/agora.xtec.cat\/iesaltpenedes\/wp-json\/wp\/v2\/types\/page"}],"author":[{"embeddable":true,"href":"https:\/\/agora.xtec.cat\/iesaltpenedes\/wp-json\/wp\/v2\/users\/4"}],"replies":[{"embeddable":true,"href":"https:\/\/agora.xtec.cat\/iesaltpenedes\/wp-json\/wp\/v2\/comments?post=957"}],"version-history":[{"count":6,"href":"https:\/\/agora.xtec.cat\/iesaltpenedes\/wp-json\/wp\/v2\/pages\/957\/revisions"}],"predecessor-version":[{"id":2974,"href":"https:\/\/agora.xtec.cat\/iesaltpenedes\/wp-json\/wp\/v2\/pages\/957\/revisions\/2974"}],"up":[{"embeddable":true,"href":"https:\/\/agora.xtec.cat\/iesaltpenedes\/wp-json\/wp\/v2\/pages\/782"}],"wp:attachment":[{"href":"https:\/\/agora.xtec.cat\/iesaltpenedes\/wp-json\/wp\/v2\/media?parent=957"}],"curies":[{"name":"wp","href":"https:\/\/api.w.org\/{rel}","templated":true}]}}