{"id":951,"date":"2024-09-26T11:35:08","date_gmt":"2024-09-26T09:35:08","guid":{"rendered":"https:\/\/agora.xtec.cat\/iesaltpenedes\/?page_id=951"},"modified":"2025-10-28T08:26:40","modified_gmt":"2025-10-28T07:26:40","slug":"pla-demergencia","status":"publish","type":"page","link":"https:\/\/agora.xtec.cat\/iesaltpenedes\/linstitut\/pla-demergencia\/","title":{"rendered":"Pla d&#8217;emerg\u00e8ncia"},"content":{"rendered":"\n<p>Aqu\u00ed trobareu tota la informaci\u00f3 sobre el Pla d&#8217;emerg\u00e8ncia del nostre institut. Podeu veure els videos en qu\u00e8 es mostren amb tot detall les diferents sortides d&#8217;emerg\u00e8ncia.<\/p>\n\n\n\n<p>Tamb\u00e9 trobareu pl\u00e0nols i informaci\u00f3 addicional de seguretat.<\/p>\n\n\n\n<h4 class=\"wp-block-heading\">\n\n\n\nSORTIDA A: carrer Eugeni d&#8217;Ors\n\n\n\n<\/h4>\n\n\n\n<figure class=\"wp-block-video\"><video controls src=\"https:\/\/agora.xtec.cat\/iesaltpenedes\/wp-content\/uploads\/usu1207\/2024\/09\/sortida-a-c-eugeni-d-ors-x2-696_erWbxHXU.mp4\"><\/video><\/figure>\n\n\n\n<hr class=\"wp-block-separator has-alpha-channel-opacity\"\/>\n\n\n\n<h4 class=\"wp-block-heading\">\n\n\n\nSORTIDA B: avinguda Tarragona\n\n\n\n<\/h4>\n\n\n\n<figure class=\"wp-block-video\"><video controls src=\"https:\/\/agora.xtec.cat\/iesaltpenedes\/wp-content\/uploads\/usu1207\/2024\/09\/sortida-b-avda-tarragona-x2-763_7ug8GNxo.mp4\"><\/video><\/figure>\n\n\n\n<hr class=\"wp-block-separator has-alpha-channel-opacity\"\/>\n\n\n\n<h4 class=\"wp-block-heading\">\n\n\n\nSORTIDA C1: avinguda Tarragona\n\n\n\n<\/h4>\n\n\n\n<figure class=\"wp-block-video\"><video controls src=\"https:\/\/agora.xtec.cat\/iesaltpenedes\/wp-content\/uploads\/usu1207\/2024\/09\/sortida-c1-avda-tarragona-x2-980_uH8fXxJz.mp4\"><\/video><\/figure>\n\n\n\n<hr class=\"wp-block-separator has-alpha-channel-opacity\"\/>\n\n\n\n<h2 class=\"wp-block-heading\">Pl\u00e0nols i informaci\u00f3 addicional<\/h2>\n\n\n\n<figure class=\"wp-block-table\"><table><tbody><tr><td><img decoding=\"async\" src=\"https:\/\/463344365128478901.weebly.com\/uploads\/4\/9\/8\/1\/49816005\/6287166.jpg\"><\/td><td><img decoding=\"async\" src=\"https:\/\/463344365128478901.weebly.com\/uploads\/4\/9\/8\/1\/49816005\/sshot-21.png\"><\/td><\/tr><tr><td><img decoding=\"async\" src=\"https:\/\/463344365128478901.weebly.com\/uploads\/4\/9\/8\/1\/49816005\/sshot-23.png\"><\/td><td><img decoding=\"async\" src=\"https:\/\/463344365128478901.weebly.com\/uploads\/4\/9\/8\/1\/49816005\/40-cap-al-punt-de-trobada.jpg\"><\/td><\/tr><\/tbody><\/table><\/figure>\n\n\n\n<p>Per a una informaci\u00f3 detallada, podeu descarregar-vos l&#8217;arxiu seg\u00fcent:<\/p>\n\n\n\n<p><a href=\"https:\/\/agora.xtec.cat\/iesaltpenedes\/wp-content\/uploads\/usu1207\/2024\/09\/recorreguts_per_plantes_v2.4.pps\">Recorreguts per plantes<\/a><\/p>\n\n\n\n<p>Al seg\u00fcent arxiu trobareu tota la documentaci\u00f3 de les instruccions d&#8217;evacuaci\u00f3:<\/p>\n\n\n\n<p><a href=\"https:\/\/agora.xtec.cat\/iesaltpenedes\/wp-content\/uploads\/usu1207\/2024\/09\/instruccions_evacuacio_v2.4.pdf\">Instruccions d&#8217;evacuaci\u00f3<\/a><\/p>\n\n\n\n<p><a href=\"https:\/\/agora.xtec.cat\/iesaltpenedes\/wp-content\/uploads\/usu1207\/2025\/10\/Pla-demergencia-simulacre-devacuacio.pdf\">Pla d&#8217;emerg\u00e8ncia: com actuar en una evacuaci\u00f3 i en un confinament.<\/a><\/p>\n","protected":false},"excerpt":{"rendered":"<p>Aqu\u00ed trobareu tota la informaci\u00f3 sobre el Pla d&#8217;emerg\u00e8ncia del nostre institut. Podeu veure els videos en qu\u00e8 es mostren [&hellip;]<\/p>\n","protected":false},"author":4,"featured_media":0,"parent":19,"menu_order":7,"comment_status":"closed","ping_status":"closed","template":"","meta":{"_bbp_topic_count":0,"_bbp_reply_count":0,"_bbp_total_topic_count":0,"_bbp_total_reply_count":0,"_bbp_voice_count":0,"_bbp_anonymous_reply_count":0,"_bbp_topic_count_hidden":0,"_bbp_reply_count_hidden":0,"_bbp_forum_subforum_count":0,"site-sidebar-layout":"default","site-content-layout":"","ast-site-content-layout":"default","site-content-style":"default","site-sidebar-style":"default","ast-global-header-display":"","ast-banner-title-visibility":"","ast-main-header-display":"","ast-hfb-above-header-display":"","ast-hfb-below-header-display":"","ast-hfb-mobile-header-display":"","site-post-title":"","ast-breadcrumbs-content":"","ast-featured-img":"","footer-sml-layout":"","theme-transparent-header-meta":"","adv-header-id-meta":"","stick-header-meta":"","header-above-stick-meta":"","header-main-stick-meta":"","header-below-stick-meta":"","astra-migrate-meta-layouts":"set","ast-page-background-enabled":"default","ast-page-background-meta":{"desktop":{"background-color":"var(--ast-global-color-4)","background-image":"","background-repeat":"repeat","background-position":"center center","background-size":"auto","background-attachment":"scroll","background-type":"","background-media":"","overlay-type":"","overlay-color":"","overlay-opacity":"","overlay-gradient":""},"tablet":{"background-color":"","background-image":"","background-repeat":"repeat","background-position":"center center","background-size":"auto","background-attachment":"scroll","background-type":"","background-media":"","overlay-type":"","overlay-color":"","overlay-opacity":"","overlay-gradient":""},"mobile":{"background-color":"","background-image":"","background-repeat":"repeat","background-position":"center center","background-size":"auto","background-attachment":"scroll","background-type":"","background-media":"","overlay-type":"","overlay-color":"","overlay-opacity":"","overlay-gradient":""}},"ast-content-background-meta":{"desktop":{"background-color":"var(--ast-global-color-5)","background-image":"","background-repeat":"repeat","background-position":"center center","background-size":"auto","background-attachment":"scroll","background-type":"","background-media":"","overlay-type":"","overlay-color":"","overlay-opacity":"","overlay-gradient":""},"tablet":{"background-color":"var(--ast-global-color-5)","background-image":"","background-repeat":"repeat","background-position":"center center","background-size":"auto","background-attachment":"scroll","background-type":"","background-media":"","overlay-type":"","overlay-color":"","overlay-opacity":"","overlay-gradient":""},"mobile":{"background-color":"var(--ast-global-color-5)","background-image":"","background-repeat":"repeat","background-position":"center center","background-size":"auto","background-attachment":"scroll","background-type":"","background-media":"","overlay-type":"","overlay-color":"","overlay-opacity":"","overlay-gradient":""}},"footnotes":""},"class_list":["post-951","page","type-page","status-publish","hentry"],"post_mailing_queue_ids":[],"_links":{"self":[{"href":"https:\/\/agora.xtec.cat\/iesaltpenedes\/wp-json\/wp\/v2\/pages\/951","targetHints":{"allow":["GET"]}}],"collection":[{"href":"https:\/\/agora.xtec.cat\/iesaltpenedes\/wp-json\/wp\/v2\/pages"}],"about":[{"href":"https:\/\/agora.xtec.cat\/iesaltpenedes\/wp-json\/wp\/v2\/types\/page"}],"author":[{"embeddable":true,"href":"https:\/\/agora.xtec.cat\/iesaltpenedes\/wp-json\/wp\/v2\/users\/4"}],"replies":[{"embeddable":true,"href":"https:\/\/agora.xtec.cat\/iesaltpenedes\/wp-json\/wp\/v2\/comments?post=951"}],"version-history":[{"count":6,"href":"https:\/\/agora.xtec.cat\/iesaltpenedes\/wp-json\/wp\/v2\/pages\/951\/revisions"}],"predecessor-version":[{"id":3081,"href":"https:\/\/agora.xtec.cat\/iesaltpenedes\/wp-json\/wp\/v2\/pages\/951\/revisions\/3081"}],"up":[{"embeddable":true,"href":"https:\/\/agora.xtec.cat\/iesaltpenedes\/wp-json\/wp\/v2\/pages\/19"}],"wp:attachment":[{"href":"https:\/\/agora.xtec.cat\/iesaltpenedes\/wp-json\/wp\/v2\/media?parent=951"}],"curies":[{"name":"wp","href":"https:\/\/api.w.org\/{rel}","templated":true}]}}