{"id":937,"date":"2024-09-26T11:31:49","date_gmt":"2024-09-26T09:31:49","guid":{"rendered":"https:\/\/agora.xtec.cat\/iesaltpenedes\/?page_id=937"},"modified":"2025-02-06T09:36:54","modified_gmt":"2025-02-06T08:36:54","slug":"historia-2","status":"publish","type":"page","link":"https:\/\/agora.xtec.cat\/iesaltpenedes\/linstitut\/historia-2\/","title":{"rendered":"Hist\u00f2ria"},"content":{"rendered":"<h1>Hist\u00f2ria de l&#8217;institut Alt Pened\u00e8s<\/h1>\n<p>El nostre institut, conegut popularment com &#8220;l&#8217;Alt&#8221;, inicia el seu llarg recorregut pedag\u00f2gic el curs 1950, aleshores rep el nom de Centre Oficial d&#8217;Ensenyament Mitj\u00e0 i Professional, conegut pel nom d&#8217;Institut Laboral. Al curs 1971 el claustre de l&#8217;Institut Laboral sol\u00b7licita la seva transformaci\u00f3 en un centre de Batxillerat Unificat i Polivalent i Formaci\u00f3 Professional, modalitats mec\u00e0nica i administrativa.<\/p>\n<p><img decoding=\"async\" class=\"alignleft\" src=\"https:\/\/463344365128478901.weebly.com\/uploads\/4\/9\/8\/1\/49816005\/8115277_orig.jpg\" alt=\"Imagen\" \/>D&#8217;aquest centre esdevindran al llarg del temps dos nous centres. Primerament, al curs 1972 neix l&#8217;Institut Nacional de Batxillerat Eugeni d&#8217;Ors. Anys m\u00e9s tard, al curs 1975 naixer\u00e0 la secci\u00f3 de Formaci\u00f3 Professional de Primer Grau a Vilafranca del Pened\u00e8s, depenent de La Escuela de Maestr\u00eda Industrial de Vilanova i La Geltr\u00fa, que anys m\u00e9s tard ser\u00e0 un Centre de Formaci\u00f3 Professional amb les branques administrativa, comercial i metall, sent el primer director el professor d&#8217;hist\u00f2ria Josep Mestres. De la segona escissi\u00f3 d&#8217;aquell antic Institut Laboral esdev\u00e9 l&#8217;actual Institut Alt Pened\u00e8s.<\/p>\n<p>Amb la reforma educativa de la LOGSE als anys 90, el centre va anar incorporant, a m\u00e9s dels Cicles Formatius, els estudis d&#8217;ESO, Batxillerat, Cursos Transnacionals, Programes de Transici\u00f3 al Treball, Programes de Qualificaci\u00f3 Professional Inicial i Curs d&#8217;Acc\u00e9s a Grau Superior. <img decoding=\"async\" class=\"alignright\" src=\"https:\/\/463344365128478901.weebly.com\/uploads\/4\/9\/8\/1\/49816005\/7360964_orig.jpg\" alt=\"Imagen\" \/><\/p>\n<p>El 1992 s&#8217;inaugura l&#8217;annex del taller el\u00e8ctric afegit a l&#8217;ala sud de l&#8217;edifici, amb la qual cosa els cicles formatius del centre esdevenen punters en instal\u00b7lacions i tecnologia, la qual cosa ve avalada pels nombrosos premis que acumula el centre. En aquest sentit, l&#8217;Alt Pened\u00e8s es caracteritza per l&#8217;afany d&#8217;incorporar permanentment les noves tecnologies i els nous recursos did\u00e0ctics a la tasca docent.<\/p>\n<figure style=\"width: 289px\" class=\"wp-caption alignleft\"><img loading=\"lazy\" decoding=\"async\" title=\"Captura dels pl\u00e0nols originals de l'edifici: al\u00e7at (1977).\" src=\"https:\/\/463344365128478901.weebly.com\/uploads\/4\/9\/8\/1\/49816005\/6864892.jpg?289\" alt=\"Imagen\" width=\"289\" height=\"173\" \/><figcaption class=\"wp-caption-text\">Captura dels pl\u00e0nols originals de l&#8217;edifici: al\u00e7at (1977).<\/figcaption><\/figure>\n<p>En els \u00faltims anys, el centre ha participat en diferents projectes i plans d&#8217;innovaci\u00f3 educativa, i en els plans d&#8217;autonomia de centre, i ha mantingut un alt nivell de resultats acad\u00e8mics, de conviv\u00e8ncia, d&#8217;atenci\u00f3 a la diversitat i de gesti\u00f3.<\/p>\n<p>Fins a data d&#8217;avui (2015), han estat directors del centre en Josep Mestres, en Xavier Gimeno, en Joan Vidal, en Pere Serveto, en Josep Maria Llopart, i n&#8217;Agust\u00ed Masegosa.<\/p>\n<p><a href=\"https:\/\/agora.xtec.cat\/iesaltpenedes\/linstitut\/premis\/\">Premis<\/a><\/p>\n","protected":false},"excerpt":{"rendered":"<p>Hist\u00f2ria de l&#8217;institut Alt Pened\u00e8s El nostre institut, conegut popularment com &#8220;l&#8217;Alt&#8221;, inicia el seu llarg recorregut pedag\u00f2gic el curs [&hellip;]<\/p>\n","protected":false},"author":4,"featured_media":0,"parent":19,"menu_order":9,"comment_status":"closed","ping_status":"closed","template":"","meta":{"_bbp_topic_count":0,"_bbp_reply_count":0,"_bbp_total_topic_count":0,"_bbp_total_reply_count":0,"_bbp_voice_count":0,"_bbp_anonymous_reply_count":0,"_bbp_topic_count_hidden":0,"_bbp_reply_count_hidden":0,"_bbp_forum_subforum_count":0,"site-sidebar-layout":"default","site-content-layout":"","ast-site-content-layout":"default","site-content-style":"default","site-sidebar-style":"default","ast-global-header-display":"","ast-banner-title-visibility":"","ast-main-header-display":"","ast-hfb-above-header-display":"","ast-hfb-below-header-display":"","ast-hfb-mobile-header-display":"","site-post-title":"","ast-breadcrumbs-content":"","ast-featured-img":"","footer-sml-layout":"","theme-transparent-header-meta":"","adv-header-id-meta":"","stick-header-meta":"","header-above-stick-meta":"","header-main-stick-meta":"","header-below-stick-meta":"","astra-migrate-meta-layouts":"set","ast-page-background-enabled":"default","ast-page-background-meta":{"desktop":{"background-color":"var(--ast-global-color-4)","background-image":"","background-repeat":"repeat","background-position":"center center","background-size":"auto","background-attachment":"scroll","background-type":"","background-media":"","overlay-type":"","overlay-color":"","overlay-opacity":"","overlay-gradient":""},"tablet":{"background-color":"","background-image":"","background-repeat":"repeat","background-position":"center center","background-size":"auto","background-attachment":"scroll","background-type":"","background-media":"","overlay-type":"","overlay-color":"","overlay-opacity":"","overlay-gradient":""},"mobile":{"background-color":"","background-image":"","background-repeat":"repeat","background-position":"center center","background-size":"auto","background-attachment":"scroll","background-type":"","background-media":"","overlay-type":"","overlay-color":"","overlay-opacity":"","overlay-gradient":""}},"ast-content-background-meta":{"desktop":{"background-color":"var(--ast-global-color-5)","background-image":"","background-repeat":"repeat","background-position":"center center","background-size":"auto","background-attachment":"scroll","background-type":"","background-media":"","overlay-type":"","overlay-color":"","overlay-opacity":"","overlay-gradient":""},"tablet":{"background-color":"var(--ast-global-color-5)","background-image":"","background-repeat":"repeat","background-position":"center center","background-size":"auto","background-attachment":"scroll","background-type":"","background-media":"","overlay-type":"","overlay-color":"","overlay-opacity":"","overlay-gradient":""},"mobile":{"background-color":"var(--ast-global-color-5)","background-image":"","background-repeat":"repeat","background-position":"center center","background-size":"auto","background-attachment":"scroll","background-type":"","background-media":"","overlay-type":"","overlay-color":"","overlay-opacity":"","overlay-gradient":""}},"footnotes":""},"class_list":["post-937","page","type-page","status-publish","hentry"],"post_mailing_queue_ids":[],"_links":{"self":[{"href":"https:\/\/agora.xtec.cat\/iesaltpenedes\/wp-json\/wp\/v2\/pages\/937","targetHints":{"allow":["GET"]}}],"collection":[{"href":"https:\/\/agora.xtec.cat\/iesaltpenedes\/wp-json\/wp\/v2\/pages"}],"about":[{"href":"https:\/\/agora.xtec.cat\/iesaltpenedes\/wp-json\/wp\/v2\/types\/page"}],"author":[{"embeddable":true,"href":"https:\/\/agora.xtec.cat\/iesaltpenedes\/wp-json\/wp\/v2\/users\/4"}],"replies":[{"embeddable":true,"href":"https:\/\/agora.xtec.cat\/iesaltpenedes\/wp-json\/wp\/v2\/comments?post=937"}],"version-history":[{"count":4,"href":"https:\/\/agora.xtec.cat\/iesaltpenedes\/wp-json\/wp\/v2\/pages\/937\/revisions"}],"predecessor-version":[{"id":1884,"href":"https:\/\/agora.xtec.cat\/iesaltpenedes\/wp-json\/wp\/v2\/pages\/937\/revisions\/1884"}],"up":[{"embeddable":true,"href":"https:\/\/agora.xtec.cat\/iesaltpenedes\/wp-json\/wp\/v2\/pages\/19"}],"wp:attachment":[{"href":"https:\/\/agora.xtec.cat\/iesaltpenedes\/wp-json\/wp\/v2\/media?parent=937"}],"curies":[{"name":"wp","href":"https:\/\/api.w.org\/{rel}","templated":true}]}}