{"id":933,"date":"2024-09-26T11:30:22","date_gmt":"2024-09-26T09:30:22","guid":{"rendered":"https:\/\/agora.xtec.cat\/iesaltpenedes\/?page_id=933"},"modified":"2024-10-14T10:04:57","modified_gmt":"2024-10-14T08:04:57","slug":"steam-2020-2021","status":"publish","type":"page","link":"https:\/\/agora.xtec.cat\/iesaltpenedes\/linstitut\/projectes\/steam-2020-2021\/","title":{"rendered":"STEAM 2020-2021"},"content":{"rendered":"<h2 class=\"wsite-content-title\">(<strong><em><span style=\"color: #81c94c; font-size: xx-large;\">S<\/span><span style=\"font-size: x-large;\">cience,\u00a0<\/span><span style=\"color: #81c94c; font-size: xx-large;\">T<\/span><span style=\"font-size: x-large;\">echnology,\u00a0<\/span><span style=\"color: #81c94c; font-size: xx-large;\">E<\/span><span style=\"font-size: x-large;\">ngineering,\u00a0<\/span><span style=\"color: #81c94c; font-size: xx-large;\">A<\/span><span style=\"font-size: x-large;\">rts and\u00a0<\/span><span style=\"color: #81c94c; font-size: xx-large;\">M<\/span><span style=\"font-size: x-large;\">athematics<\/span><\/em><\/strong><span style=\"color: #508d24; font-size: x-large;\">)<\/span><br \/>\n<span style=\"font-size: medium;\">\u00e9s un nou\u00a0model d\u2019innovaci\u00f3 pedag\u00f2gica i metodol\u00f2gica que vol donar als nois i noies l\u2019oportunitat d\u2019<\/span><span style=\"font-size: medium;\"><strong>identificar problemes reals<\/strong>, per\u00a0<strong>trobar solucions realistes<\/strong>\u00a0i\u00a0<strong>acompanyar i conduir el seu propi proc\u00e9s d\u2019aprenentatge<\/strong><\/span><\/h2>\n<div><img decoding=\"async\" src=\"https:\/\/463344365128478901.weebly.com\/uploads\/4\/9\/8\/1\/49816005\/planetes_orig.jpg\" alt=\"Imagen\" \/><\/div>\n<div><\/div>\n<div>[v\u00eddeo ]<\/div>\n","protected":false},"excerpt":{"rendered":"<p>(Science,\u00a0Technology,\u00a0Engineering,\u00a0Arts and\u00a0Mathematics) \u00e9s un nou\u00a0model d\u2019innovaci\u00f3 pedag\u00f2gica i metodol\u00f2gica que vol donar als nois i noies l\u2019oportunitat d\u2019identificar problemes reals, [&hellip;]<\/p>\n","protected":false},"author":4,"featured_media":0,"parent":921,"menu_order":0,"comment_status":"closed","ping_status":"closed","template":"","meta":{"_bbp_topic_count":0,"_bbp_reply_count":0,"_bbp_total_topic_count":0,"_bbp_total_reply_count":0,"_bbp_voice_count":0,"_bbp_anonymous_reply_count":0,"_bbp_topic_count_hidden":0,"_bbp_reply_count_hidden":0,"_bbp_forum_subforum_count":0,"site-sidebar-layout":"default","site-content-layout":"","ast-site-content-layout":"","site-content-style":"default","site-sidebar-style":"default","ast-global-header-display":"","ast-banner-title-visibility":"","ast-main-header-display":"","ast-hfb-above-header-display":"","ast-hfb-below-header-display":"","ast-hfb-mobile-header-display":"","site-post-title":"","ast-breadcrumbs-content":"","ast-featured-img":"","footer-sml-layout":"","theme-transparent-header-meta":"","adv-header-id-meta":"","stick-header-meta":"","header-above-stick-meta":"","header-main-stick-meta":"","header-below-stick-meta":"","astra-migrate-meta-layouts":"default","ast-page-background-enabled":"default","ast-page-background-meta":{"desktop":{"background-color":"var(--ast-global-color-4)","background-image":"","background-repeat":"repeat","background-position":"center center","background-size":"auto","background-attachment":"scroll","background-type":"","background-media":"","overlay-type":"","overlay-color":"","overlay-opacity":"","overlay-gradient":""},"tablet":{"background-color":"","background-image":"","background-repeat":"repeat","background-position":"center center","background-size":"auto","background-attachment":"scroll","background-type":"","background-media":"","overlay-type":"","overlay-color":"","overlay-opacity":"","overlay-gradient":""},"mobile":{"background-color":"","background-image":"","background-repeat":"repeat","background-position":"center center","background-size":"auto","background-attachment":"scroll","background-type":"","background-media":"","overlay-type":"","overlay-color":"","overlay-opacity":"","overlay-gradient":""}},"ast-content-background-meta":{"desktop":{"background-color":"var(--ast-global-color-5)","background-image":"","background-repeat":"repeat","background-position":"center center","background-size":"auto","background-attachment":"scroll","background-type":"","background-media":"","overlay-type":"","overlay-color":"","overlay-opacity":"","overlay-gradient":""},"tablet":{"background-color":"var(--ast-global-color-5)","background-image":"","background-repeat":"repeat","background-position":"center center","background-size":"auto","background-attachment":"scroll","background-type":"","background-media":"","overlay-type":"","overlay-color":"","overlay-opacity":"","overlay-gradient":""},"mobile":{"background-color":"var(--ast-global-color-5)","background-image":"","background-repeat":"repeat","background-position":"center center","background-size":"auto","background-attachment":"scroll","background-type":"","background-media":"","overlay-type":"","overlay-color":"","overlay-opacity":"","overlay-gradient":""}},"footnotes":""},"class_list":["post-933","page","type-page","status-publish","hentry"],"post_mailing_queue_ids":[],"_links":{"self":[{"href":"https:\/\/agora.xtec.cat\/iesaltpenedes\/wp-json\/wp\/v2\/pages\/933","targetHints":{"allow":["GET"]}}],"collection":[{"href":"https:\/\/agora.xtec.cat\/iesaltpenedes\/wp-json\/wp\/v2\/pages"}],"about":[{"href":"https:\/\/agora.xtec.cat\/iesaltpenedes\/wp-json\/wp\/v2\/types\/page"}],"author":[{"embeddable":true,"href":"https:\/\/agora.xtec.cat\/iesaltpenedes\/wp-json\/wp\/v2\/users\/4"}],"replies":[{"embeddable":true,"href":"https:\/\/agora.xtec.cat\/iesaltpenedes\/wp-json\/wp\/v2\/comments?post=933"}],"version-history":[{"count":2,"href":"https:\/\/agora.xtec.cat\/iesaltpenedes\/wp-json\/wp\/v2\/pages\/933\/revisions"}],"predecessor-version":[{"id":1271,"href":"https:\/\/agora.xtec.cat\/iesaltpenedes\/wp-json\/wp\/v2\/pages\/933\/revisions\/1271"}],"up":[{"embeddable":true,"href":"https:\/\/agora.xtec.cat\/iesaltpenedes\/wp-json\/wp\/v2\/pages\/921"}],"wp:attachment":[{"href":"https:\/\/agora.xtec.cat\/iesaltpenedes\/wp-json\/wp\/v2\/media?parent=933"}],"curies":[{"name":"wp","href":"https:\/\/api.w.org\/{rel}","templated":true}]}}