{"id":927,"date":"2024-09-26T11:29:23","date_gmt":"2024-09-26T09:29:23","guid":{"rendered":"https:\/\/agora.xtec.cat\/iesaltpenedes\/?page_id=927"},"modified":"2024-10-14T10:04:44","modified_gmt":"2024-10-14T08:04:44","slug":"escola-verda","status":"publish","type":"page","link":"https:\/\/agora.xtec.cat\/iesaltpenedes\/linstitut\/projectes\/escola-verda\/","title":{"rendered":"Escola Verda"},"content":{"rendered":"<h2>Som escola verda!<\/h2>\n<div class=\"paragraph\">Desde l&#8217;any 2018, el nostre centre \u00e9s un centre reconegut com a\u00a0<strong>Escola Verda<\/strong>. En conseq\u00fc\u00e8ncia, fem sortides, xerrades, exposicions entre altres activitats sempre relacionades amb la sostenibilitat i millora del nostre centre per a que sigui m\u00e9s\u00a0<em>ecofriendly<\/em>.<\/p>\n<p>Actualment, els professors que formem\u00a0part de la comissi\u00f3 durant aquest curs 2023\/2024 som:<\/p>\n<ul>\n<li>Vicent Gregori (coordinador)<\/li>\n<li>Maria Ferrerons.<\/li>\n<li>V\u00edctor Lorenzo.<\/li>\n<li>Paula Mar\u00edn.<\/li>\n<li>Cristina Mestres.<\/li>\n<li>Diego Ram\u00f3n.<\/li>\n<\/ul>\n<p>Qualsevol proposta que tingueu per a millorar el nostre centre i que sigui m\u00e9s sostenible ens la podeu fer arribar al correu de l&#8217;Escola Verda:\u00a0<a href=\"mailto:escolaverda@institutaltpenedes.cat\" target=\"_blank\" rel=\"noopener\">escolaverda@institutaltpenedes.cat<\/a><\/div>\n<div>\n<div class=\"wsite-multicol\">\n<div class=\"wsite-multicol-table-wrap\">\n<table class=\"wsite-multicol-table\">\n<tbody class=\"wsite-multicol-tbody\">\n<tr class=\"wsite-multicol-tr\">\n<td class=\"wsite-multicol-col\">\n<div>\n<div class=\"wsite-image wsite-image-border-none \"><a><img decoding=\"async\" src=\"https:\/\/463344365128478901.weebly.com\/uploads\/4\/9\/8\/1\/49816005\/logo-escola-verda_orig.jpg\" alt=\"Foto\" \/><\/a><\/p>\n<div><\/div>\n<\/div>\n<\/div>\n<\/td>\n<td class=\"wsite-multicol-col\">\n<div>\n<div class=\"wsite-image wsite-image-border-none \"><a><img decoding=\"async\" src=\"https:\/\/463344365128478901.weebly.com\/uploads\/4\/9\/8\/1\/49816005\/logo-sostenibilitat-definitiu_orig.jpg\" alt=\"Foto\" \/><\/a><\/div>\n<\/div>\n<\/td>\n<\/tr>\n<\/tbody>\n<\/table>\n<\/div>\n<h2>El comit\u00e9 ambiental<\/h2>\n<p>Al curs 2016-2017 un grup de professors i professores vam apuntar-nos al curs d\u2019iniciaci\u00f3 en educaci\u00f3 per a la sostenibilitat i aix\u00ed pert\u00e0nyer a la xarxa XESC on hi s\u00f3n totes les escoles verdes del territori. Ara ja som ESCOLA VERDA.<\/p>\n<p>A L\u2019Alt Pened\u00e8s volem educar per a la sostenibilitat i per aix\u00f2 necessitem implicar a tota la comunitat educativa (alumnat, professorat, personal no docent, pares i mares). Hem comen\u00e7at amb una diagnosi dels nostres punts forts i dels m\u00e9s febles i des d\u2019aquest punt hem establert uns objectius estrat\u00e8gics i unes accions a portar a terme. Les nostres actuacions abarcaran quatre contextos o eixos:<\/p>\n<ul>\n<li>Gesti\u00f3.<\/li>\n<li>Organitzaci\u00f3 i participaci\u00f3.<\/li>\n<li>Implicaci\u00f3 amb l\u2019entorn i<\/li>\n<li>Curr\u00edculum.<\/li>\n<\/ul>\n<p>Creiem que \u00e9s necessari introduir un nou projecte al nostre centre que sigui capa\u00e7 de dinamitzar en tots els seus \u00e0mbits la millora de la gesti\u00f3 dels residus del centre, de la implicaci\u00f3 del nostre centre amb el seu l\u2019entorn, la participaci\u00f3 de la nostra comunitat educativa amb diferents projectes medio-ambientals i la introducci\u00f3 d\u2019aquesta a dins el curr\u00edculum.<br \/>\nEl primer pas ha estat crear un Comit\u00e8 Ambiental. Aquest \u00f2rgan s\u2019encarregar\u00e0 de vetllar pels recursos del centre i portar a terme totes les actuacions previstes tot i treballant en grups o comissions. Per aix\u00f2 us volem convidar a tots a participar amb nosaltres: descobreix, pregunta, visita la nostra web, fes-te\u2019n part\u00edcep \u2026<br \/>\nUs esperem!<\/p>\n<\/div>\n<\/div>\n","protected":false},"excerpt":{"rendered":"<p>Som escola verda! Desde l&#8217;any 2018, el nostre centre \u00e9s un centre reconegut com a\u00a0Escola Verda. En conseq\u00fc\u00e8ncia, fem sortides, [&hellip;]<\/p>\n","protected":false},"author":4,"featured_media":0,"parent":921,"menu_order":0,"comment_status":"closed","ping_status":"closed","template":"page-templates\/side-menu.php","meta":{"_bbp_topic_count":0,"_bbp_reply_count":0,"_bbp_total_topic_count":0,"_bbp_total_reply_count":0,"_bbp_voice_count":0,"_bbp_anonymous_reply_count":0,"_bbp_topic_count_hidden":0,"_bbp_reply_count_hidden":0,"_bbp_forum_subforum_count":0,"site-sidebar-layout":"default","site-content-layout":"","ast-site-content-layout":"","site-content-style":"default","site-sidebar-style":"default","ast-global-header-display":"","ast-banner-title-visibility":"","ast-main-header-display":"","ast-hfb-above-header-display":"","ast-hfb-below-header-display":"","ast-hfb-mobile-header-display":"","site-post-title":"","ast-breadcrumbs-content":"","ast-featured-img":"","footer-sml-layout":"","theme-transparent-header-meta":"","adv-header-id-meta":"","stick-header-meta":"","header-above-stick-meta":"","header-main-stick-meta":"","header-below-stick-meta":"","astra-migrate-meta-layouts":"default","ast-page-background-enabled":"default","ast-page-background-meta":{"desktop":{"background-color":"var(--ast-global-color-4)","background-image":"","background-repeat":"repeat","background-position":"center center","background-size":"auto","background-attachment":"scroll","background-type":"","background-media":"","overlay-type":"","overlay-color":"","overlay-opacity":"","overlay-gradient":""},"tablet":{"background-color":"","background-image":"","background-repeat":"repeat","background-position":"center center","background-size":"auto","background-attachment":"scroll","background-type":"","background-media":"","overlay-type":"","overlay-color":"","overlay-opacity":"","overlay-gradient":""},"mobile":{"background-color":"","background-image":"","background-repeat":"repeat","background-position":"center center","background-size":"auto","background-attachment":"scroll","background-type":"","background-media":"","overlay-type":"","overlay-color":"","overlay-opacity":"","overlay-gradient":""}},"ast-content-background-meta":{"desktop":{"background-color":"var(--ast-global-color-5)","background-image":"","background-repeat":"repeat","background-position":"center center","background-size":"auto","background-attachment":"scroll","background-type":"","background-media":"","overlay-type":"","overlay-color":"","overlay-opacity":"","overlay-gradient":""},"tablet":{"background-color":"var(--ast-global-color-5)","background-image":"","background-repeat":"repeat","background-position":"center center","background-size":"auto","background-attachment":"scroll","background-type":"","background-media":"","overlay-type":"","overlay-color":"","overlay-opacity":"","overlay-gradient":""},"mobile":{"background-color":"var(--ast-global-color-5)","background-image":"","background-repeat":"repeat","background-position":"center center","background-size":"auto","background-attachment":"scroll","background-type":"","background-media":"","overlay-type":"","overlay-color":"","overlay-opacity":"","overlay-gradient":""}},"footnotes":""},"class_list":["post-927","page","type-page","status-publish","hentry"],"post_mailing_queue_ids":[],"_links":{"self":[{"href":"https:\/\/agora.xtec.cat\/iesaltpenedes\/wp-json\/wp\/v2\/pages\/927","targetHints":{"allow":["GET"]}}],"collection":[{"href":"https:\/\/agora.xtec.cat\/iesaltpenedes\/wp-json\/wp\/v2\/pages"}],"about":[{"href":"https:\/\/agora.xtec.cat\/iesaltpenedes\/wp-json\/wp\/v2\/types\/page"}],"author":[{"embeddable":true,"href":"https:\/\/agora.xtec.cat\/iesaltpenedes\/wp-json\/wp\/v2\/users\/4"}],"replies":[{"embeddable":true,"href":"https:\/\/agora.xtec.cat\/iesaltpenedes\/wp-json\/wp\/v2\/comments?post=927"}],"version-history":[{"count":2,"href":"https:\/\/agora.xtec.cat\/iesaltpenedes\/wp-json\/wp\/v2\/pages\/927\/revisions"}],"predecessor-version":[{"id":1272,"href":"https:\/\/agora.xtec.cat\/iesaltpenedes\/wp-json\/wp\/v2\/pages\/927\/revisions\/1272"}],"up":[{"embeddable":true,"href":"https:\/\/agora.xtec.cat\/iesaltpenedes\/wp-json\/wp\/v2\/pages\/921"}],"wp:attachment":[{"href":"https:\/\/agora.xtec.cat\/iesaltpenedes\/wp-json\/wp\/v2\/media?parent=927"}],"curies":[{"name":"wp","href":"https:\/\/api.w.org\/{rel}","templated":true}]}}