{"id":923,"date":"2024-09-26T11:28:53","date_gmt":"2024-09-26T09:28:53","guid":{"rendered":"https:\/\/agora.xtec.cat\/iesaltpenedes\/?page_id=923"},"modified":"2025-10-27T14:05:34","modified_gmt":"2025-10-27T13:05:34","slug":"club-de-matematiques","status":"publish","type":"page","link":"https:\/\/agora.xtec.cat\/iesaltpenedes\/linstitut\/projectes\/club-de-matematiques\/","title":{"rendered":"Club de matem\u00e0tiques"},"content":{"rendered":"\n<p><strong>El Club de Mates \u00e9s molt m\u00e9s que una extraescolar: \u00e9s una porta oberta a descobrir les matem\u00e0tiques des d\u2019una nova \u00f2ptica.<\/strong><\/p>\n\n\n\n<p>Aqu\u00ed, les mates deixen de ser nom\u00e9s operacions i f\u00f3rmules. Es converteixen en reptes, enigmes i jocs que desperten la curiositat i les ganes d\u2019aprendre. \u00c9s un espai pensat per gaudir, compartir i entendre que les matem\u00e0tiques s\u00f3n part de tot all\u00f2 que ens envolta.<\/p>\n\n\n\n<p>Aquest curs, el club es llan\u00e7a amb un projecte ambici\u00f3s:&nbsp;<strong>crear una gimcana matem\u00e0tica<\/strong>&nbsp;oberta a tot l&#8217;institut. Una activitat pensada per posar a prova l&#8217;enginy, la l\u00f2gica i el treball en equip\u2026 sempre amb un toc de diversi\u00f3!<\/p>\n\n\n\n<p>Si t\u2019agraden els reptes, pensar diferent i descobrir com les mates poden sorprendre\u2019t\u2026 aquest \u00e9s el teu lloc.<\/p>\n\n\n\n<figure class=\"wp-block-image size-full\"><a href=\"https:\/\/agora.xtec.cat\/iesaltpenedes\/wp-content\/uploads\/usu1207\/2025\/10\/club1-2.jpg\"><img loading=\"lazy\" decoding=\"async\" width=\"553\" height=\"324\" src=\"https:\/\/agora.xtec.cat\/iesaltpenedes\/wp-content\/uploads\/usu1207\/2025\/10\/club1-2.jpg\" alt=\"\" class=\"wp-image-3077\" srcset=\"https:\/\/agora.xtec.cat\/iesaltpenedes\/wp-content\/uploads\/usu1207\/2025\/10\/club1-2.jpg 553w, https:\/\/agora.xtec.cat\/iesaltpenedes\/wp-content\/uploads\/usu1207\/2025\/10\/club1-2-300x176.jpg 300w\" sizes=\"auto, (max-width: 553px) 100vw, 553px\" \/><\/a><\/figure>\n\n\n\n<p><\/p>\n","protected":false},"excerpt":{"rendered":"<p>El Club de Mates \u00e9s molt m\u00e9s que una extraescolar: \u00e9s una porta oberta a descobrir les matem\u00e0tiques des d\u2019una [&hellip;]<\/p>\n","protected":false},"author":4,"featured_media":0,"parent":921,"menu_order":2,"comment_status":"closed","ping_status":"closed","template":"","meta":{"_bbp_topic_count":0,"_bbp_reply_count":0,"_bbp_total_topic_count":0,"_bbp_total_reply_count":0,"_bbp_voice_count":0,"_bbp_anonymous_reply_count":0,"_bbp_topic_count_hidden":0,"_bbp_reply_count_hidden":0,"_bbp_forum_subforum_count":0,"site-sidebar-layout":"default","site-content-layout":"","ast-site-content-layout":"default","site-content-style":"default","site-sidebar-style":"default","ast-global-header-display":"","ast-banner-title-visibility":"","ast-main-header-display":"","ast-hfb-above-header-display":"","ast-hfb-below-header-display":"","ast-hfb-mobile-header-display":"","site-post-title":"","ast-breadcrumbs-content":"","ast-featured-img":"","footer-sml-layout":"","theme-transparent-header-meta":"","adv-header-id-meta":"","stick-header-meta":"","header-above-stick-meta":"","header-main-stick-meta":"","header-below-stick-meta":"","astra-migrate-meta-layouts":"set","ast-page-background-enabled":"default","ast-page-background-meta":{"desktop":{"background-color":"var(--ast-global-color-4)","background-image":"","background-repeat":"repeat","background-position":"center center","background-size":"auto","background-attachment":"scroll","background-type":"","background-media":"","overlay-type":"","overlay-color":"","overlay-opacity":"","overlay-gradient":""},"tablet":{"background-color":"","background-image":"","background-repeat":"repeat","background-position":"center center","background-size":"auto","background-attachment":"scroll","background-type":"","background-media":"","overlay-type":"","overlay-color":"","overlay-opacity":"","overlay-gradient":""},"mobile":{"background-color":"","background-image":"","background-repeat":"repeat","background-position":"center center","background-size":"auto","background-attachment":"scroll","background-type":"","background-media":"","overlay-type":"","overlay-color":"","overlay-opacity":"","overlay-gradient":""}},"ast-content-background-meta":{"desktop":{"background-color":"var(--ast-global-color-5)","background-image":"","background-repeat":"repeat","background-position":"center center","background-size":"auto","background-attachment":"scroll","background-type":"","background-media":"","overlay-type":"","overlay-color":"","overlay-opacity":"","overlay-gradient":""},"tablet":{"background-color":"var(--ast-global-color-5)","background-image":"","background-repeat":"repeat","background-position":"center center","background-size":"auto","background-attachment":"scroll","background-type":"","background-media":"","overlay-type":"","overlay-color":"","overlay-opacity":"","overlay-gradient":""},"mobile":{"background-color":"var(--ast-global-color-5)","background-image":"","background-repeat":"repeat","background-position":"center center","background-size":"auto","background-attachment":"scroll","background-type":"","background-media":"","overlay-type":"","overlay-color":"","overlay-opacity":"","overlay-gradient":""}},"footnotes":""},"class_list":["post-923","page","type-page","status-publish","hentry"],"post_mailing_queue_ids":[],"_links":{"self":[{"href":"https:\/\/agora.xtec.cat\/iesaltpenedes\/wp-json\/wp\/v2\/pages\/923","targetHints":{"allow":["GET"]}}],"collection":[{"href":"https:\/\/agora.xtec.cat\/iesaltpenedes\/wp-json\/wp\/v2\/pages"}],"about":[{"href":"https:\/\/agora.xtec.cat\/iesaltpenedes\/wp-json\/wp\/v2\/types\/page"}],"author":[{"embeddable":true,"href":"https:\/\/agora.xtec.cat\/iesaltpenedes\/wp-json\/wp\/v2\/users\/4"}],"replies":[{"embeddable":true,"href":"https:\/\/agora.xtec.cat\/iesaltpenedes\/wp-json\/wp\/v2\/comments?post=923"}],"version-history":[{"count":3,"href":"https:\/\/agora.xtec.cat\/iesaltpenedes\/wp-json\/wp\/v2\/pages\/923\/revisions"}],"predecessor-version":[{"id":3078,"href":"https:\/\/agora.xtec.cat\/iesaltpenedes\/wp-json\/wp\/v2\/pages\/923\/revisions\/3078"}],"up":[{"embeddable":true,"href":"https:\/\/agora.xtec.cat\/iesaltpenedes\/wp-json\/wp\/v2\/pages\/921"}],"wp:attachment":[{"href":"https:\/\/agora.xtec.cat\/iesaltpenedes\/wp-json\/wp\/v2\/media?parent=923"}],"curies":[{"name":"wp","href":"https:\/\/api.w.org\/{rel}","templated":true}]}}