{"id":921,"date":"2024-09-26T11:28:35","date_gmt":"2024-09-26T09:28:35","guid":{"rendered":"https:\/\/agora.xtec.cat\/iesaltpenedes\/?page_id=921"},"modified":"2026-02-23T11:44:13","modified_gmt":"2026-02-23T10:44:13","slug":"projectes","status":"publish","type":"page","link":"https:\/\/agora.xtec.cat\/iesaltpenedes\/linstitut\/projectes\/","title":{"rendered":"Projectes"},"content":{"rendered":"\n<p>A l&#8217;institut Alt Pened\u00e8s entenem l&#8217;ensenyament com una tasca que demana renovar-se, actualitzar-se i innovar constantment per aconseguir els millors resultats. Les necessitats de l&#8217;entorn, de les fam\u00edlies, de l&#8217;alumnat, de cada persona que participa del proc\u00e9s d&#8217;ensenyament-aprenentatge s\u00f3n canviants, i un bon centre educatiu no nom\u00e9s ha de ser capa\u00e7 d&#8217;adaptar-s&#8217;hi, sin\u00f3 que ha de fer-ho amb il\u00b7lusi\u00f3 i amb imaginaci\u00f3. I aix\u00ed \u00e9s com entenem que hem de treballar. Per aix\u00f2 tenim sempre en marxa projectes d&#8217;innovaci\u00f3 i\/o de millora educativa com aquests:<\/p>\n\n\n\n<div class=\"wp-block-getwid-section\"><div class=\"wp-block-getwid-section__wrapper\"><div class=\"wp-block-getwid-section__inner-wrapper\"><div class=\"wp-block-getwid-section__background-holder\"><div class=\"wp-block-getwid-section__background\" style=\"background-image:url('https:\/\/agora.xtec.cat\/iesaltpenedes\/wp-content\/uploads\/usu1207\/2026\/02\/1.png');background-size:auto\"><div class=\"wp-block-getwid-section__background-image-wrapper\"><img decoding=\"async\" class=\"wp-block-getwid-section__background-image\" src=\"https:\/\/agora.xtec.cat\/iesaltpenedes\/wp-content\/uploads\/usu1207\/2026\/02\/1.png\" alt=\"\"\/><\/div><\/div><div class=\"wp-block-getwid-section__foreground\"><\/div><\/div><div class=\"wp-block-getwid-section__content\"><div class=\"wp-block-getwid-section__inner-content\">\n<div class=\"wp-block-columns is-layout-flex wp-container-core-columns-is-layout-1 wp-block-columns-is-layout-flex\">\n<div class=\"wp-block-column is-vertically-aligned-center is-layout-flow wp-block-column-is-layout-flow\">\n<h3 class=\"wp-block-heading\">Pla de lectura<\/h3>\n\n\n\n<p>La biblioteca, entesa com a espai d&#8217;aprenentatge en el programa&nbsp;<a href=\"http:\/\/xtec.gencat.cat\/web\/.content\/alfresco\/download\/Company_20Home\/Projectes\/xtec_public\/cartell.pdf\" target=\"_blank\" rel=\"noreferrer noopener\">PuntEdu,&nbsp;<\/a>\u00e9s una part essencial del nostre&nbsp;<a href=\"https:\/\/463344365128478901.weebly.com\/pla-de-lectura.html\" target=\"_blank\" rel=\"noreferrer noopener\">Projecte de Lectura<\/a> que consta de 30 minuts diaris de lectura, que en el cas de Batxillerat es combinen amb tallers transversals com Recerca, Orat\u00f2ria o Orientaci\u00f3.&nbsp; <\/p>\n\n\n\n<p>A m\u00e9s de tallers de lectura entre iguals, participaci\u00f3 al Certamen de Lectura en Veu Alta, bibliodelegats i Club de lectura, din\u00e0miques lectores setmanals, bibliojocs, visites d&#8217;autors i tallers lectors.<\/p>\n\n\n\n<p>Amb col\u00b7laboraci\u00f3 amb el departament d&#8217;orientaci\u00f3, estem desenvolupant el programa SALTA  (amb el suport de l&#8217;EAP) amb l&#8217;objectiu de detectar dificultats en la lectura i millorar la flu\u00efdesa lectora de l&#8217;alumnat de tota secund\u00e0ria que ho requereixi.<\/p>\n\n\n\n<p>Tamb\u00e9 podeu venir a la biblioteca cada mat\u00ed i els dimecres a la tarda.<\/p>\n\n\n\n<p><a href=\"https:\/\/www.instagram.com\/biblioiesaltpenedes\/\" target=\"_blank\" rel=\"noreferrer noopener\">No us perdeu l&#8217;Instagram de la Biblio!!<\/a><\/p>\n<\/div>\n<\/div>\n\n\n\n<div class=\"wp-block-columns is-layout-flex wp-container-core-columns-is-layout-2 wp-block-columns-is-layout-flex\">\n<div class=\"wp-block-column is-vertically-aligned-center is-layout-flow wp-block-column-is-layout-flow\">\n<h3 class=\"wp-block-heading\" style=\"padding-top:var(--wp--preset--spacing--30);padding-bottom:var(--wp--preset--spacing--30)\">Revista l&#8217;Alternativa<\/h3>\n\n\n\n<p>L&#8217;Alternativa \u00e9s una revista digital feta per l&#8217;alumnat de 1r de batxillerat de l&#8217;optativa de Comunicaci\u00f3 i Periodisme. Entra i llegeix-nos!<\/p>\n\n\n\n<p><a href=\"https:\/\/blocs.xtec.cat\/lalternativa2425\/2024\/10\/21\/\"><img loading=\"lazy\" decoding=\"async\" src=\"https:\/\/agora.xtec.cat\/iesaltpenedes\/wp-content\/uploads\/usu1207\/2024\/11\/sshot-1_1_orig-1-300x85.png\" alt=\"\" width=\"332\" height=\"94\"><\/a><\/p>\n<\/div>\n\n\n\n<div class=\"wp-block-column is-vertically-aligned-center is-layout-flow wp-block-column-is-layout-flow\">\n<h3 class=\"wp-block-heading\" style=\"padding-top:var(--wp--preset--spacing--30);padding-bottom:var(--wp--preset--spacing--30)\">La R\u00e0dio de l&#8217;Alt<\/h3>\n\n\n\n<p>A la R\u00e0dio de l&#8217;Alt, trobareu&nbsp;els p\u00f2dcasts&nbsp;que creen els alumnes en diferents assignatures, comen\u00e7ant amb &#8220;Qu\u00e8 llegim a l&#8217;Alt?&#8221; dels alumnes de 1r de batxillerat sobre&nbsp;el m\u00f3n de la lectura a R\u00e0dio l&#8217;Alternativa, la teva veu!<\/p>\n\n\n\n<p><a href=\"https:\/\/463344365128478901.weebly.com\/la-ragravedio-de-lalt.html\">Aqu\u00ed trobareu el canal d&#8217;Ivoox.<\/a><\/p>\n<\/div>\n<\/div>\n<\/div><\/div><\/div><\/div><\/div>\n\n\n\n<div style=\"height:65px\" aria-hidden=\"true\" class=\"wp-block-spacer\"><\/div>\n\n\n\n<div class=\"wp-block-getwid-section\"><div class=\"wp-block-getwid-section__wrapper\"><div class=\"wp-block-getwid-section__inner-wrapper\"><div class=\"wp-block-getwid-section__background-holder\"><div class=\"wp-block-getwid-section__background\" style=\"background-image:url('https:\/\/agora.xtec.cat\/iesaltpenedes\/wp-content\/uploads\/usu1207\/2026\/02\/3.png')\"><div class=\"wp-block-getwid-section__background-image-wrapper\"><img decoding=\"async\" class=\"wp-block-getwid-section__background-image\" src=\"https:\/\/agora.xtec.cat\/iesaltpenedes\/wp-content\/uploads\/usu1207\/2026\/02\/3.png\" alt=\"\"\/><\/div><\/div><div class=\"wp-block-getwid-section__foreground\"><\/div><\/div><div class=\"wp-block-getwid-section__content\"><div class=\"wp-block-getwid-section__inner-content\">\n<div class=\"wp-block-columns is-layout-flex wp-container-core-columns-is-layout-3 wp-block-columns-is-layout-flex\">\n<div class=\"wp-block-column is-layout-flow wp-block-column-is-layout-flow\">\n<h3 class=\"wp-block-heading\">Acollida i orientaci\u00f3<\/h3>\n\n\n\n<p>L&#8217;acollida i orientaci\u00f3 a l&#8217;alumnat es realitza des de les <strong>tutories <\/strong>principalment, i amb la col\u00b7laboraci\u00f3 dels <strong>equips docents<\/strong>. El nostre centre ha fet l\u2019aposta de garantir un <strong>professional de l\u2019orientaci\u00f3 educativa<\/strong> per cada nivell de l\u2019ESO, treballant conjuntament amb les tutories i coordinaci\u00f3 de nivell. Es realitzen tutories individualitzades, suport i seguiment personalitzat a l&#8217;alumnat que ho requereix, tant en l&#8217;\u00e0mbit personal i\/o emocional, com d\u2019orientaci\u00f3 acad\u00e8mica i professional.<\/p>\n\n\n\n<p>Tamb\u00e9 desenvolupem un programa de tutoria entre iguals amb bons resultats: el programa Xerpa, a trav\u00e9s del qual un grup d\u2019alumnat de 1r de Batxillerat orienta a un grup d\u2019alumnes de 1r d\u2019ESO.<\/p>\n\n\n\n<p><a href=\"https:\/\/diarieducacio.cat\/xerpes-a-linstitut\/\" target=\"_blank\" rel=\"noreferrer noopener\">Els xerpes de l&#8217;ALT al Diari de l&#8217;Educaci\u00f3.<\/a><\/p>\n\n\n\n<p>Per altra banda, comptem amb el programa Xcellence per complementar l\u2019orientaci\u00f3 de l\u2019alumnat de l\u2019ESO en la presa de decisi\u00f3 dels seus estudis postobligatoris. Ho fem a trav\u00e9s de visites a empreses, visites d\u2019exalumnes i pares i mares de l\u2019alumnat i activitats per con\u00e8ixer les possibilitats acad\u00e8miques i descobrir el teixit empresarial del nostre entorn.<\/p>\n\n\n\n<p>Per l&#8217;alumnat de PFI, fem uns tallers setmanalment sobre suport emocional.<\/p>\n<\/div>\n\n\n\n<div class=\"wp-block-column is-layout-flow wp-block-column-is-layout-flow\">\n<h3 class=\"wp-block-heading\">Inclusi\u00f3<\/h3>\n\n\n\n<p>Com a mesures universals de centre, organitzem grups flexibles segons les mat\u00e8ries, desenvolupem programes de diversificaci\u00f3, combinats amb agrupaments redu\u00efts que permeten atendre la diversitat de l\u2019alumnat.<\/p>\n\n\n\n<p>Com a mesures addicionals, dissenyem programes individualitzats i realitzem atenci\u00f3 en grups redu\u00efts tant per a l\u2019alumnat que necessita m\u00e9s ajuda com per al que necessita reptes m\u00e9s exigents.<\/p>\n\n\n\n<p>Per poder atendre, con\u00e8ixer i donar resposta a les necessitats de cada alumne, i en treball conjunt amb el nostre referent de l\u2019EAP, utilitzem diferents instruments d\u2019avaluaci\u00f3, entre ells el test Bad-y-g amb el que avaluem a tot l\u2019alumnat de 1r d\u2019ESO, que ens permet detectar possibles limitacions com potencialitats que estiguin condicionant l\u2019aprenentatge.<\/p>\n\n\n\n<p>Constant coordinaci\u00f3 amb els professionals de suports externs com l\u2019EAP, el Programa Salut Escola, el CSMIJ, els SSB, l\u2019EAIA, l\u2019USAV, l\u2019USCE, \u2026 aix\u00ed com serveis privats, per tal de donar l\u2019atenci\u00f3 adequada al nostre alumnat.<\/p>\n<\/div>\n<\/div>\n<\/div><\/div><\/div><\/div><\/div>\n\n\n\n<div style=\"height:59px\" aria-hidden=\"true\" class=\"wp-block-spacer\"><\/div>\n\n\n\n<div class=\"wp-block-getwid-section alignwide alignwide\"><div class=\"wp-block-getwid-section__wrapper\"><div class=\"wp-block-getwid-section__inner-wrapper\"><div class=\"wp-block-getwid-section__background-holder\"><div class=\"wp-block-getwid-section__background has-background has-white-background-color\" style=\"background-image:url('https:\/\/agora.xtec.cat\/iesaltpenedes\/wp-content\/uploads\/usu1207\/2026\/02\/2.png');background-size:auto\"><div class=\"wp-block-getwid-section__background-image-wrapper\"><img decoding=\"async\" class=\"wp-block-getwid-section__background-image\" src=\"https:\/\/agora.xtec.cat\/iesaltpenedes\/wp-content\/uploads\/usu1207\/2026\/02\/2.png\" alt=\"\"\/><\/div><\/div><div class=\"wp-block-getwid-section__foreground\"><\/div><\/div><div class=\"wp-block-getwid-section__content\"><div class=\"wp-block-getwid-section__inner-content\">\n<div class=\"wp-block-columns is-layout-flex wp-container-core-columns-is-layout-4 wp-block-columns-is-layout-flex\">\n<div class=\"wp-block-column is-vertically-aligned-center is-layout-flow wp-block-column-is-layout-flow\">\n<h3 class=\"wp-block-heading\">Ci\u00e8ncies<\/h3>\n\n\n\n<p>Al centre disposem de tres laboratoris de ci\u00e8ncies, tres tallers tecnol\u00f2gics, a m\u00e9s d&#8217;aules d&#8217;inform\u00e0tica i audiovisuals.<\/p>\n\n\n\n<p>Oferim rob\u00f2tica i tecnologia des de 1r d&#8217;ESO fins a batxillerat o cicles formatius.<\/p>\n\n\n\n<p>Per poder oferir una atenci\u00f3 m\u00e9s individualitzada fem desdoblaments en les mat\u00e8ries de ci\u00e8ncies i tecnologia.<\/p>\n\n\n\n<p>Tamb\u00e9 celebrem la setmana de la ci\u00e8ncia, xerrades cient\u00edfiques, visites a laboratoris i centres de recerca.<\/p>\n<\/div>\n<\/div>\n\n\n\n<div class=\"wp-block-columns are-vertically-aligned-center is-layout-flex wp-container-core-columns-is-layout-5 wp-block-columns-is-layout-flex\">\n<div class=\"wp-block-column is-vertically-aligned-center is-layout-flow wp-block-column-is-layout-flow\">\n<h3 class=\"wp-block-heading\" style=\"padding-top:var(--wp--preset--spacing--30);padding-bottom:var(--wp--preset--spacing--30)\">Club de matem\u00e0tiques<\/h3>\n\n\n\n<p>Des del 2017, l&#8217;alumnat pot participar de les activitats d&#8217;aquest club, que ha obtingut grans resultats a concursos i premis de matem\u00e0tiques de tota Catalunya, com a les Proves Cangur o a les Olimp\u00edades Matem\u00e0tiques, a m\u00e9s de passar grans estones resolent tot tipus d&#8217;enigmes i problemes. T&#8217;hi esperem. <\/p>\n\n\n\n<p><a href=\"https:\/\/agora.xtec.cat\/iesaltpenedes\/linstitut\/projectes\/club-de-matematiques\/\">M\u00e9s informaci\u00f3.&nbsp;<\/a><\/p>\n<\/div>\n\n\n\n<div class=\"wp-block-column is-vertically-aligned-center is-layout-flow wp-block-column-is-layout-flow\">\n<h3 class=\"wp-block-heading\" style=\"padding-top:var(--wp--preset--spacing--30);padding-bottom:var(--wp--preset--spacing--30)\">STEAM<\/h3>\n\n\n\n<p>Science, Technology, Engineering, Arts amb Maths, un nou enfocament intregat de l&#8217;ensenyament per a promoure vocacions cient\u00edfiques a partir de projectes i resoluci\u00f3 de problemes.<\/p>\n\n\n\n<p><a href=\"https:\/\/agora.xtec.cat\/iesaltpenedes\/linstitut\/projectes\/steam-2020-2021\/\">Els Planetes STEAM 2020-2021<\/a><br><a href=\"https:\/\/agora.xtec.cat\/iesaltpenedes\/linstitut\/projectes\/steam-2021-2022-grecia\/\" target=\"_blank\" rel=\"noreferrer noopener\">Gr\u00e8cia STEAM 2021-2022<\/a><\/p>\n<\/div>\n<\/div>\n<\/div><\/div><\/div><\/div><\/div>\n\n\n\n<div style=\"height:59px\" aria-hidden=\"true\" class=\"wp-block-spacer\"><\/div>\n\n\n\n<div class=\"wp-block-getwid-section\"><div class=\"wp-block-getwid-section__wrapper\"><div class=\"wp-block-getwid-section__inner-wrapper\"><div class=\"wp-block-getwid-section__background-holder\"><div class=\"wp-block-getwid-section__background\" style=\"background-image:url('https:\/\/agora.xtec.cat\/iesaltpenedes\/wp-content\/uploads\/usu1207\/2026\/02\/Diseno-sin-titulo-6.png')\"><div class=\"wp-block-getwid-section__background-image-wrapper\"><img decoding=\"async\" class=\"wp-block-getwid-section__background-image\" src=\"https:\/\/agora.xtec.cat\/iesaltpenedes\/wp-content\/uploads\/usu1207\/2026\/02\/Diseno-sin-titulo-6.png\" alt=\"\"\/><\/div><\/div><div class=\"wp-block-getwid-section__foreground\"><\/div><\/div><div class=\"wp-block-getwid-section__content\"><div class=\"wp-block-getwid-section__inner-content\">\n<div class=\"wp-block-columns is-layout-flex wp-container-core-columns-is-layout-6 wp-block-columns-is-layout-flex\">\n<div class=\"wp-block-column is-layout-flow wp-block-column-is-layout-flow\">\n<h3 class=\"wp-block-heading\">Pla de lleng\u00fces estrangeres<\/h3>\n\n\n\n<p>Programa de certificaci\u00f3 dels nivells B1 i B2, franc\u00e8s i alemany des de 1r d&#8217;ESO. Mobilitat internacional, intercanvis amb altres centres europeus i viatges a l&#8217;estranger (Dublin, Praga, Lisoba, Berl\u00edn, per exemple).&nbsp;Tamb\u00e9 podeu cursar&nbsp;en angl\u00e8s &#8211; tant a l&#8217;ESO com al Batxillerat &#8211; mat\u00e8ries de diverses \u00e0rees.&nbsp;<\/p>\n<\/div>\n\n\n\n<div class=\"wp-block-column is-layout-flow wp-block-column-is-layout-flow\">\n<h3 class=\"wp-block-heading\">Aula d&#8217;acollida<\/h3>\n\n\n\n<p>L&#8217; Aula d&#8217; Acollida \u00e9s un recurs per a l&#8217; alumnat nouvingut arribat en els darrers 24 mesos. S&#8217; hi treballa de manera intensiva la llengua catalana per tal d&#8217; agilitzar el seu proc\u00e9s d&#8217; integraci\u00f3 i d&#8217; adaptaci\u00f3 al nostre sistema educatiu i a la cultura i la societat que els acull.&nbsp; <\/p>\n\n\n\n<p>A m\u00e9s d&#8217;un seguiment individualitzat, treballem el projecte de&nbsp;<a href=\"https:\/\/serveiseducatius.xtec.cat\/altpenedes\/portada\/parelles-linguistiques-a-linstitut-alt-penedes\/\" target=\"_blank\" rel=\"noreferrer noopener\">PARELLES LING\u00dc\u00cdSTIQUES entre iguals.&nbsp;<\/a><\/p>\n<\/div>\n<\/div>\n\n\n\n<div style=\"height:33px\" aria-hidden=\"true\" class=\"wp-block-spacer\"><\/div>\n\n\n\n<div class=\"wp-block-columns is-layout-flex wp-container-core-columns-is-layout-7 wp-block-columns-is-layout-flex\">\n<div class=\"wp-block-column is-layout-flow wp-block-column-is-layout-flow\">\n<h3 class=\"wp-block-heading\">Participaci\u00f3<\/h3>\n\n\n\n<p>L&#8217;Associaci\u00f3 de Fam\u00edlies, l&#8217;Associaci\u00f3 d&#8217;Estudiants, les comissions mixtes, l&#8217;Assemblea de delegats, el consell de delegats, les comissions d&#8217;alumnat, els ecoldelegats, els bibliodelegats, el Joverd, la revista l&#8217;ALTernativa, el butllet\u00ed de les fam\u00edlies\u2026<\/p>\n\n\n\n<p>A l&#8217;ALT tothom t\u00e9 veu, participa i hi diu la seva.<\/p>\n\n\n\n<p><a href=\"https:\/\/agora.xtec.cat\/iesaltpenedes\/participacio\/afa\/\">M\u00e9s informaci\u00f3.<\/a><\/p>\n<\/div>\n\n\n\n<div class=\"wp-block-column is-layout-flow wp-block-column-is-layout-flow\">\n<h3 class=\"wp-block-heading\">Coeducaci\u00f3<\/h3>\n\n\n\n<p>Ens movem i treballem per&nbsp;\u200bpromoure la igualtat d\u2019oportunitats de noies i nois tot incorporant la perspectiva de g\u00e8nere i la mirada interseccional a l\u2019acci\u00f3 educativa.<\/p>\n\n\n\n<p><a href=\"https:\/\/agora.xtec.cat\/iesaltpenedes\/linstitut\/projectes\/comissio-de-coeducacio\/\" target=\"_blank\" rel=\"noreferrer noopener\">M\u00e9s informaci\u00f3.&nbsp;<\/a><\/p>\n<\/div>\n\n\n\n<div class=\"wp-block-column is-layout-flow wp-block-column-is-layout-flow\">\n<h3 class=\"wp-block-heading\">Escola Verda<\/h3>\n\n\n\n<p><strong>A L&#8217;ALT som sostenibles!!!!<\/strong><\/p>\n\n\n\n<p>L&#8217;1 de desembre del 2018 el centre va ser reconegut com a Escola Verda. Els ecodelegats i l&#8217;alumnat de l&#8217;optativa de sostenibilitat lideren tota mena d&#8217;accions i iniciatives per convertir el centre en un espai sostenible i acollidor.<\/p>\n\n\n\n<p><a href=\"https:\/\/agora.xtec.cat\/iesaltpenedes\/linstitut\/projectes\/escola-verda\/\">M\u00e9s informaci\u00f3.<\/a><\/p>\n<\/div>\n<\/div>\n<\/div><\/div><\/div><\/div><\/div>\n\n\n\n<div style=\"height:65px\" aria-hidden=\"true\" class=\"wp-block-spacer\"><\/div>\n\n\n\n<div class=\"wp-block-getwid-section\"><div class=\"wp-block-getwid-section__wrapper\"><div class=\"wp-block-getwid-section__inner-wrapper\"><div class=\"wp-block-getwid-section__background-holder\"><div class=\"wp-block-getwid-section__background\" style=\"background-image:url('https:\/\/agora.xtec.cat\/iesaltpenedes\/wp-content\/uploads\/usu1207\/2026\/02\/Diseno-sin-titulo-7.png')\"><div class=\"wp-block-getwid-section__background-image-wrapper\"><img decoding=\"async\" class=\"wp-block-getwid-section__background-image\" src=\"https:\/\/agora.xtec.cat\/iesaltpenedes\/wp-content\/uploads\/usu1207\/2026\/02\/Diseno-sin-titulo-7.png\" alt=\"\"\/><\/div><\/div><div class=\"wp-block-getwid-section__foreground\"><\/div><\/div><div class=\"wp-block-getwid-section__content\"><div class=\"wp-block-getwid-section__inner-content\">\n<div class=\"wp-block-columns is-layout-flex wp-container-core-columns-is-layout-8 wp-block-columns-is-layout-flex\">\n<div class=\"wp-block-column is-layout-flow wp-block-column-is-layout-flow\">\n<h3 class=\"wp-block-heading\">Pla d&#8217;informaci\u00f3 i dinamitzaci\u00f3<\/h3>\n\n\n\n<p>Amb el suport del Servei de Joventut de l&#8217;Ajuntament de Vilafranca, l&#8217;AMPA, l&#8217;Associaci\u00f3 d&#8217;Estudiants, i altres entitats, el centre organitza tot un seguit d&#8217;activitats formatives , des de sessions sobre t\u00e8cniques d&#8217;estudi o estr\u00e9s estudiantil fins a talllers de prevenci\u00f3. <\/p>\n\n\n\n<p>Tamb\u00e9 &nbsp;fomenta les iniciatives de l&#8217;alumnat en projectes com l&#8217;<a href=\"http:\/\/joventut.vilafranca.cat\/instituts\/projecte-altaveus\" target=\"_blank\" rel=\"noreferrer noopener\">Altaveus<\/a>.<\/p>\n<\/div>\n\n\n\n<div class=\"wp-block-column is-layout-flow wp-block-column-is-layout-flow\">\n<h3 class=\"wp-block-heading\">Aprenentatge &#8211; Servei<\/h3>\n\n\n\n<p>Entenem el Servei Comunitari con una activitat essencial per a consolidar la xarxa amb altres institucions, entitats i centres educatius. Una xarxa de relacions de complicitat, de participaci\u00f3 i formaci\u00f3 d&#8217;una ciutadania activa i cr\u00edtica. Per aix\u00f2 tenim una \u00e0mplia oferta d&#8217;activitats vinculades a altres projectes de centre.<\/p>\n\n\n\n<p>&nbsp;<a href=\"https:\/\/agora.xtec.cat\/iesaltpenedes\/estudis\/eso\/servei-comunitari\/\">M\u00e9s informaci\u00f3.&nbsp;<\/a><\/p>\n<\/div>\n<\/div>\n<\/div><\/div><\/div><\/div><\/div>\n","protected":false},"excerpt":{"rendered":"<p>A l&#8217;institut Alt Pened\u00e8s entenem l&#8217;ensenyament com una tasca que demana renovar-se, actualitzar-se i innovar constantment per aconseguir els millors [&hellip;]<\/p>\n","protected":false},"author":4,"featured_media":0,"parent":19,"menu_order":4,"comment_status":"closed","ping_status":"closed","template":"","meta":{"_bbp_topic_count":0,"_bbp_reply_count":0,"_bbp_total_topic_count":0,"_bbp_total_reply_count":0,"_bbp_voice_count":0,"_bbp_anonymous_reply_count":0,"_bbp_topic_count_hidden":0,"_bbp_reply_count_hidden":0,"_bbp_forum_subforum_count":0,"site-sidebar-layout":"default","site-content-layout":"","ast-site-content-layout":"default","site-content-style":"default","site-sidebar-style":"default","ast-global-header-display":"","ast-banner-title-visibility":"","ast-main-header-display":"","ast-hfb-above-header-display":"","ast-hfb-below-header-display":"","ast-hfb-mobile-header-display":"","site-post-title":"","ast-breadcrumbs-content":"","ast-featured-img":"","footer-sml-layout":"","theme-transparent-header-meta":"","adv-header-id-meta":"","stick-header-meta":"","header-above-stick-meta":"","header-main-stick-meta":"","header-below-stick-meta":"","astra-migrate-meta-layouts":"set","ast-page-background-enabled":"default","ast-page-background-meta":{"desktop":{"background-color":"var(--ast-global-color-4)","background-image":"","background-repeat":"repeat","background-position":"center center","background-size":"auto","background-attachment":"scroll","background-type":"","background-media":"","overlay-type":"","overlay-color":"","overlay-opacity":"","overlay-gradient":""},"tablet":{"background-color":"","background-image":"","background-repeat":"repeat","background-position":"center center","background-size":"auto","background-attachment":"scroll","background-type":"","background-media":"","overlay-type":"","overlay-color":"","overlay-opacity":"","overlay-gradient":""},"mobile":{"background-color":"","background-image":"","background-repeat":"repeat","background-position":"center center","background-size":"auto","background-attachment":"scroll","background-type":"","background-media":"","overlay-type":"","overlay-color":"","overlay-opacity":"","overlay-gradient":""}},"ast-content-background-meta":{"desktop":{"background-color":"var(--ast-global-color-5)","background-image":"","background-repeat":"repeat","background-position":"center center","background-size":"auto","background-attachment":"scroll","background-type":"","background-media":"","overlay-type":"","overlay-color":"","overlay-opacity":"","overlay-gradient":""},"tablet":{"background-color":"var(--ast-global-color-5)","background-image":"","background-repeat":"repeat","background-position":"center center","background-size":"auto","background-attachment":"scroll","background-type":"","background-media":"","overlay-type":"","overlay-color":"","overlay-opacity":"","overlay-gradient":""},"mobile":{"background-color":"var(--ast-global-color-5)","background-image":"","background-repeat":"repeat","background-position":"center center","background-size":"auto","background-attachment":"scroll","background-type":"","background-media":"","overlay-type":"","overlay-color":"","overlay-opacity":"","overlay-gradient":""}},"footnotes":""},"class_list":["post-921","page","type-page","status-publish","hentry"],"post_mailing_queue_ids":[],"_links":{"self":[{"href":"https:\/\/agora.xtec.cat\/iesaltpenedes\/wp-json\/wp\/v2\/pages\/921","targetHints":{"allow":["GET"]}}],"collection":[{"href":"https:\/\/agora.xtec.cat\/iesaltpenedes\/wp-json\/wp\/v2\/pages"}],"about":[{"href":"https:\/\/agora.xtec.cat\/iesaltpenedes\/wp-json\/wp\/v2\/types\/page"}],"author":[{"embeddable":true,"href":"https:\/\/agora.xtec.cat\/iesaltpenedes\/wp-json\/wp\/v2\/users\/4"}],"replies":[{"embeddable":true,"href":"https:\/\/agora.xtec.cat\/iesaltpenedes\/wp-json\/wp\/v2\/comments?post=921"}],"version-history":[{"count":6,"href":"https:\/\/agora.xtec.cat\/iesaltpenedes\/wp-json\/wp\/v2\/pages\/921\/revisions"}],"predecessor-version":[{"id":3398,"href":"https:\/\/agora.xtec.cat\/iesaltpenedes\/wp-json\/wp\/v2\/pages\/921\/revisions\/3398"}],"up":[{"embeddable":true,"href":"https:\/\/agora.xtec.cat\/iesaltpenedes\/wp-json\/wp\/v2\/pages\/19"}],"wp:attachment":[{"href":"https:\/\/agora.xtec.cat\/iesaltpenedes\/wp-json\/wp\/v2\/media?parent=921"}],"curies":[{"name":"wp","href":"https:\/\/api.w.org\/{rel}","templated":true}]}}