{"id":913,"date":"2024-09-26T09:44:16","date_gmt":"2024-09-26T07:44:16","guid":{"rendered":"https:\/\/agora.xtec.cat\/iesaltpenedes\/?page_id=913"},"modified":"2025-01-16T09:54:12","modified_gmt":"2025-01-16T08:54:12","slug":"tecnologia","status":"publish","type":"page","link":"https:\/\/agora.xtec.cat\/iesaltpenedes\/projecte-educatiu\/departaments\/tecnologia\/","title":{"rendered":"Tecnologia"},"content":{"rendered":"<h3>Mat\u00e8ries per nivells i cursos<\/h3>\n<p><img decoding=\"async\" src=\"https:\/\/463344365128478901.weebly.com\/uploads\/4\/9\/8\/1\/49816005\/curriculum-tecno-23-24_orig.jpg\" alt=\"Foto\" \/><\/p>\n<h3>Llibres<\/h3>\n<div class=\"paragraph\">\n<ul>\n<li><span style=\"font-size: medium;\">1r ESO &#8211; <\/span>Tecnologia i Digitalitzaci\u00f3 (D\u00edode 1) &#8211; Ed. Teide &#8211; ISBN 978-84-307-7373-2<\/li>\n<li><span style=\"font-size: medium;\">2n ESO &#8211; <\/span>Tecnologia i Digitalitzaci\u00f3 (D\u00edode 2) &#8211;\u00a0Ed. Teide &#8211;\u00a0ISBN 978-84-307-5653-7<\/li>\n<li><span style=\"font-size: medium;\">3r ESO &#8211; <\/span>Tecnologia i Digitalitzaci\u00f3 (D\u00edode 3) &#8211; Ed. Teide &#8211; ISBN 978-84-307-7385-5<\/li>\n<li><span style=\"font-size: medium;\">4t ESO &#8211; <\/span>Tecnologia\u00a0&#8211; Ed. Teide &#8211; ISBN 978-84-307-5661-2<\/li>\n<li><span style=\"font-size: medium;\">\u200b1r BATXILLERAT &#8211; Tecnologia i enginyeria 1 &#8211; Ed. McGraw-Hill &#8211; ISBN <\/span>978-84-486-3184-0<\/li>\n<li><span style=\"font-size: medium;\">2n BATXILLERAT &#8211; Tecnologia i enginyeria 2 &#8211; Ed. McGraw-Hill &#8211; ISBN <\/span>978-84-486-3840-5<\/li>\n<\/ul>\n<h3>Professorat de tecnologia<\/h3>\n<ul>\n<li>Joan Calaf &#8211; <span data-sheets-root=\"1\">jcalaf2@institutaltpenedes.cat<\/span><\/li>\n<li>Mar Carbonell &#8211; <span data-sheets-root=\"1\">mcarbon8@institutaltpenedes.cat<\/span><\/li>\n<li>Pasqual Garriga &#8211; <span data-sheets-root=\"1\">pgarrig3@institutaltpenedes.cat<\/span><\/li>\n<li>Josep Llu\u00eds Moran &#8211; <span data-sheets-root=\"1\">jmoran1@institutaltpenedes.cat<\/span><\/li>\n<li>Rom\u00e0 Vila &#8211; <span data-sheets-root=\"1\">rvila249@institutaltpenedes.cat<\/span><\/li>\n<li><strong>Cap de departament: Josep Llu\u00eds Moran<\/strong><\/li>\n<\/ul>\n<table style=\"height: 26px; width: 101.809%; border-collapse: collapse; border-style: none;\">\n<tbody>\n<tr style=\"height: 50px;\">\n<td style=\"width: 406.922px; height: 50px; border-style: none;\"><\/td>\n<td style=\"width: 329.078px; height: 50px; border-style: none;\"><\/td>\n<\/tr>\n<\/tbody>\n<\/table>\n<p>&nbsp;<\/p>\n<\/div>\n","protected":false},"excerpt":{"rendered":"<p>Mat\u00e8ries per nivells i cursos Llibres 1r ESO &#8211; Tecnologia i Digitalitzaci\u00f3 (D\u00edode 1) &#8211; Ed. Teide &#8211; ISBN 978-84-307-7373-2 [&hellip;]<\/p>\n","protected":false},"author":4,"featured_media":0,"parent":886,"menu_order":0,"comment_status":"closed","ping_status":"closed","template":"","meta":{"_bbp_topic_count":0,"_bbp_reply_count":0,"_bbp_total_topic_count":0,"_bbp_total_reply_count":0,"_bbp_voice_count":0,"_bbp_anonymous_reply_count":0,"_bbp_topic_count_hidden":0,"_bbp_reply_count_hidden":0,"_bbp_forum_subforum_count":0,"site-sidebar-layout":"default","site-content-layout":"","ast-site-content-layout":"default","site-content-style":"default","site-sidebar-style":"default","ast-global-header-display":"","ast-banner-title-visibility":"","ast-main-header-display":"","ast-hfb-above-header-display":"","ast-hfb-below-header-display":"","ast-hfb-mobile-header-display":"","site-post-title":"","ast-breadcrumbs-content":"","ast-featured-img":"","footer-sml-layout":"","theme-transparent-header-meta":"default","adv-header-id-meta":"","stick-header-meta":"","header-above-stick-meta":"","header-main-stick-meta":"","header-below-stick-meta":"","astra-migrate-meta-layouts":"set","ast-page-background-enabled":"default","ast-page-background-meta":{"desktop":{"background-color":"var(--ast-global-color-4)","background-image":"","background-repeat":"repeat","background-position":"center center","background-size":"auto","background-attachment":"scroll","background-type":"","background-media":"","overlay-type":"","overlay-color":"","overlay-opacity":"","overlay-gradient":""},"tablet":{"background-color":"","background-image":"","background-repeat":"repeat","background-position":"center center","background-size":"auto","background-attachment":"scroll","background-type":"","background-media":"","overlay-type":"","overlay-color":"","overlay-opacity":"","overlay-gradient":""},"mobile":{"background-color":"","background-image":"","background-repeat":"repeat","background-position":"center center","background-size":"auto","background-attachment":"scroll","background-type":"","background-media":"","overlay-type":"","overlay-color":"","overlay-opacity":"","overlay-gradient":""}},"ast-content-background-meta":{"desktop":{"background-color":"var(--ast-global-color-5)","background-image":"","background-repeat":"repeat","background-position":"center center","background-size":"auto","background-attachment":"scroll","background-type":"","background-media":"","overlay-type":"","overlay-color":"","overlay-opacity":"","overlay-gradient":""},"tablet":{"background-color":"var(--ast-global-color-5)","background-image":"","background-repeat":"repeat","background-position":"center center","background-size":"auto","background-attachment":"scroll","background-type":"","background-media":"","overlay-type":"","overlay-color":"","overlay-opacity":"","overlay-gradient":""},"mobile":{"background-color":"var(--ast-global-color-5)","background-image":"","background-repeat":"repeat","background-position":"center center","background-size":"auto","background-attachment":"scroll","background-type":"","background-media":"","overlay-type":"","overlay-color":"","overlay-opacity":"","overlay-gradient":""}},"footnotes":""},"class_list":["post-913","page","type-page","status-publish","hentry"],"post_mailing_queue_ids":[],"_links":{"self":[{"href":"https:\/\/agora.xtec.cat\/iesaltpenedes\/wp-json\/wp\/v2\/pages\/913","targetHints":{"allow":["GET"]}}],"collection":[{"href":"https:\/\/agora.xtec.cat\/iesaltpenedes\/wp-json\/wp\/v2\/pages"}],"about":[{"href":"https:\/\/agora.xtec.cat\/iesaltpenedes\/wp-json\/wp\/v2\/types\/page"}],"author":[{"embeddable":true,"href":"https:\/\/agora.xtec.cat\/iesaltpenedes\/wp-json\/wp\/v2\/users\/4"}],"replies":[{"embeddable":true,"href":"https:\/\/agora.xtec.cat\/iesaltpenedes\/wp-json\/wp\/v2\/comments?post=913"}],"version-history":[{"count":6,"href":"https:\/\/agora.xtec.cat\/iesaltpenedes\/wp-json\/wp\/v2\/pages\/913\/revisions"}],"predecessor-version":[{"id":1680,"href":"https:\/\/agora.xtec.cat\/iesaltpenedes\/wp-json\/wp\/v2\/pages\/913\/revisions\/1680"}],"up":[{"embeddable":true,"href":"https:\/\/agora.xtec.cat\/iesaltpenedes\/wp-json\/wp\/v2\/pages\/886"}],"wp:attachment":[{"href":"https:\/\/agora.xtec.cat\/iesaltpenedes\/wp-json\/wp\/v2\/media?parent=913"}],"curies":[{"name":"wp","href":"https:\/\/api.w.org\/{rel}","templated":true}]}}