{"id":904,"date":"2024-09-26T09:43:01","date_gmt":"2024-09-26T07:43:01","guid":{"rendered":"https:\/\/agora.xtec.cat\/iesaltpenedes\/?page_id=904"},"modified":"2025-12-12T12:27:52","modified_gmt":"2025-12-12T11:27:52","slug":"matematiques","status":"publish","type":"page","link":"https:\/\/agora.xtec.cat\/iesaltpenedes\/projecte-educatiu\/departaments\/matematiques\/","title":{"rendered":"Matem\u00e0tiques"},"content":{"rendered":"<p>Benvinguts al departament de Matem\u00e0tiques. En aquesta p\u00e0gina trobareu informaci\u00f3 del professorat que imparteix classe de matem\u00e0tiques, aix\u00ed com informaci\u00f3 de la mat\u00e8ria.<\/p>\n<p><img decoding=\"async\" class=\"aligncenter\" src=\"https:\/\/463344365128478901.weebly.com\/uploads\/4\/9\/8\/1\/49816005\/2573563.png?694\" alt=\"Imagen\" \/><\/p>\n<h2>Membres del departament<\/h2>\n<ul>\n<li>Maria Monferrer Agust\u00ed &#8211; <span data-sheets-root=\"1\">mmonferr@institutaltpenedes.cat\u00a0<\/span><\/li>\n<li>Anna Jov\u00e9 &#8211; ajove7@institutaltpenedes.cat<\/li>\n<li>Dolors Monfort Casanova &#8211; <span data-sheets-root=\"1\">mmonfor1@institutaltpenedes.cat<\/span><\/li>\n<li>Juli Pijuan Font &#8211; <span data-sheets-root=\"1\">jpijuan@institutaltpenedes.cat<\/span><\/li>\n<li>Marina Agudelo Riba &#8211; <span data-sheets-root=\"1\">magudel3@institutaltpenedes.cat<\/span><\/li>\n<li>Carlos Bellido &#8211; cbellido@institutaltpenedes.cat<\/li>\n<li>Anna Viader Cerd\u00e0 &#8211; aviader4@<span data-sheets-root=\"1\">institutaltpenedes.cat<\/span><\/li>\n<li>Joan Andreu Sangerman &#8211; <span data-sheets-root=\"1\">jandre2@institutaltpenedes.cat ( Cap de departament )<\/span><\/li>\n<\/ul>\n<h2>Mat\u00e8ries impartides<\/h2>\n<table style=\"border-collapse: collapse; width: 100%;\">\n<tbody>\n<tr>\n<td style=\"width: 50%;\">Optativa Fem Mates<\/td>\n<td style=\"width: 50%;\">Matem\u00e0tiques 1r Batxillerat<\/td>\n<\/tr>\n<tr>\n<td style=\"width: 50%;\">Matem\u00e0tiques 1r ESO<\/td>\n<td style=\"width: 50%;\">Matem\u00e0tiques 2n Batxillerat<\/td>\n<\/tr>\n<tr>\n<td style=\"width: 50%;\">Matem\u00e0tiques 2n ESO<\/td>\n<td style=\"width: 50%;\">Matem\u00e0tiques Aplicades 1r Batxillerat<\/td>\n<\/tr>\n<tr>\n<td style=\"width: 50%;\">Matem\u00e0tiques 3r ESO<\/td>\n<td style=\"width: 50%;\">Matem\u00e0tiques Aplicades 2n Batxillerat<\/td>\n<\/tr>\n<tr>\n<td style=\"width: 50%;\">Matem\u00e0tiques 4t ESO<\/td>\n<td style=\"width: 50%;\">Optatives 1r Batxillerat<\/td>\n<\/tr>\n<\/tbody>\n<\/table>\n<h2>Enlla\u00e7os d&#8217;inter\u00e9s<\/h2>\n<p><img decoding=\"async\" src=\"https:\/\/463344365128478901.weebly.com\/uploads\/4\/9\/8\/1\/49816005\/published\/mobiusescher-animado.gif?1518688345\" alt=\"Imagen\" \/><\/p>\n<h3>Associacions matem\u00e0tiques<\/h3>\n<ul>\n<li><a href=\"http:\/\/blogs.iec.cat\/scm\/\" target=\"_blank\" rel=\"noopener\">Societat Catalana de Matem\u00e0tiques<\/a><\/li>\n<li><a href=\"http:\/\/abeam.feemcat.org\/\" target=\"_blank\" rel=\"noopener\">Abeam<\/a><\/li>\n<li><a href=\"http:\/\/srvcnpbs.xtec.cat\/creamat\/joomla\/\" target=\"_blank\" rel=\"noopener\">Creamat<\/a><\/li>\n<li><a href=\"http:\/\/feemcat.org\/\" target=\"_blank\" rel=\"noopener\">Feemcat<\/a><\/li>\n<li><a href=\"http:\/\/www.mmaca.cat\/\" target=\"_blank\" rel=\"noopener\">MMACA<\/a><\/li>\n<li><a href=\"http:\/\/acgeogebra.cat\/\" target=\"_blank\" rel=\"noopener\">ACG<\/a><\/li>\n<li><a href=\"http:\/\/www.xtec.cat\/~mberini\/indexcat.htm\" target=\"_blank\" rel=\"noopener\">Estalmat<\/a><\/li>\n<\/ul>\n<h3>Concursos i proves<\/h3>\n<ul>\n<li><a href=\"http:\/\/cangur.org\/\" target=\"_blank\" rel=\"noopener\">Proves cangur<\/a><\/li>\n<li>\u200b<a href=\"https:\/\/isotropic.cat\/copacangur\/\" target=\"_blank\" rel=\"noopener\">Copa cangur<\/a>\u200b<\/li>\n<li><span style=\"color: #5fa233;\"><a href=\"https:\/\/fotografiamatematica.cat\/\" target=\"_blank\" rel=\"noopener\">Concurs de fotografia matem\u00e0tica<\/a><\/span><\/li>\n<\/ul>\n<h3>Altres enlla\u00e7os<\/h3>\n<ul>\n<li><a href=\"http:\/\/xtec.gencat.cat\/ca\/\" target=\"_blank\" rel=\"noopener\">Xtec<\/a><\/li>\n<li><a href=\"http:\/\/ensenyament.gencat.cat\/ca\/inici\/\" target=\"_blank\" rel=\"noopener\">Departament ensenyament<\/a><\/li>\n<li><a href=\"http:\/\/www.edu365.cat\/\" target=\"_blank\" rel=\"noopener\">edu365<\/a><\/li>\n<\/ul>\n<h2>Llibres de text <img decoding=\"async\" class=\"alignright\" src=\"https:\/\/463344365128478901.weebly.com\/uploads\/4\/9\/8\/1\/49816005\/1891285.jpg?1453664569\" alt=\"Imagen\" \/><\/h2>\n<p><a href=\"https:\/\/agora.xtec.cat\/iesaltpenedes\/info\/llibres-de-text\/\">Llistat<\/a><\/p>\n<h2>ESCHER I M\u00c9S<\/h2>\n\r\n\t<div class=\"slideshow_container slideshow_container_style-light\" style=\"height: 300px; \" data-slideshow-id=\"1142\" data-style-name=\"style-light\" data-style-version=\"2.3.1\" >\r\n\r\n\t\t\t\t\t<div class=\"slideshow_loading_icon\"><\/div>\r\n\t\t\r\n\t\t<div class=\"slideshow_content\" style=\"display: none;\">\r\n\r\n\t\t\t<div class=\"slideshow_view\">\r\n\t\t\t\t<div class=\"slideshow_slide slideshow_slide_image\">\r\n\t\t\t\t\t\t\t\t\t\t\t<img src=\"https:\/\/agora.xtec.cat\/iesaltpenedes\/wp-content\/uploads\/usu1207\/2024\/10\/4924177_orig.jpg\" alt=\"\" width=\"691\" height=\"800\" \/>\r\n\t\t\t\t\t\t\t\t\t\t<div class=\"slideshow_description_box slideshow_transparent\">\r\n\t\t\t\t\t\t\t\t\t\t\t\t\t\t\t\t\t<\/div>\r\n\t\t\t\t<\/div>\r\n\r\n\t\t\t\t\t\t<div style=\"clear: both;\"><\/div><\/div><div class=\"slideshow_view\">\r\n\t\t\t\t<div class=\"slideshow_slide slideshow_slide_image\">\r\n\t\t\t\t\t\t\t\t\t\t\t<img src=\"https:\/\/agora.xtec.cat\/iesaltpenedes\/wp-content\/uploads\/usu1207\/2024\/10\/9731350_orig.jpg\" alt=\"\" width=\"976\" height=\"800\" \/>\r\n\t\t\t\t\t\t\t\t\t\t<div class=\"slideshow_description_box slideshow_transparent\">\r\n\t\t\t\t\t\t\t\t\t\t\t\t\t\t\t\t\t<\/div>\r\n\t\t\t\t<\/div>\r\n\r\n\t\t\t\t\t\t<div style=\"clear: both;\"><\/div><\/div><div class=\"slideshow_view\">\r\n\t\t\t\t<div class=\"slideshow_slide slideshow_slide_image\">\r\n\t\t\t\t\t\t\t\t\t\t\t<img src=\"https:\/\/agora.xtec.cat\/iesaltpenedes\/wp-content\/uploads\/usu1207\/2024\/10\/2047237_orig.jpg\" alt=\"\" width=\"667\" height=\"667\" \/>\r\n\t\t\t\t\t\t\t\t\t\t<div class=\"slideshow_description_box slideshow_transparent\">\r\n\t\t\t\t\t\t\t\t\t\t\t\t\t\t\t\t\t<\/div>\r\n\t\t\t\t<\/div>\r\n\r\n\t\t\t\t\t\t<div style=\"clear: both;\"><\/div><\/div><div class=\"slideshow_view\">\r\n\t\t\t\t<div class=\"slideshow_slide slideshow_slide_image\">\r\n\t\t\t\t\t\t\t\t\t\t\t<img src=\"https:\/\/agora.xtec.cat\/iesaltpenedes\/wp-content\/uploads\/usu1207\/2024\/10\/7379900_orig.jpg\" alt=\"\" width=\"1076\" height=\"800\" \/>\r\n\t\t\t\t\t\t\t\t\t\t<div class=\"slideshow_description_box slideshow_transparent\">\r\n\t\t\t\t\t\t\t\t\t\t\t\t\t\t\t\t\t<\/div>\r\n\t\t\t\t<\/div>\r\n\r\n\t\t\t\t\t\t<div style=\"clear: both;\"><\/div><\/div><div class=\"slideshow_view\">\r\n\t\t\t\t<div class=\"slideshow_slide slideshow_slide_image\">\r\n\t\t\t\t\t\t\t\t\t\t\t<img src=\"https:\/\/agora.xtec.cat\/iesaltpenedes\/wp-content\/uploads\/usu1207\/2024\/10\/3078001_orig.jpg\" alt=\"\" width=\"239\" height=\"211\" \/>\r\n\t\t\t\t\t\t\t\t\t\t<div class=\"slideshow_description_box slideshow_transparent\">\r\n\t\t\t\t\t\t\t\t\t\t\t\t\t\t\t\t\t<\/div>\r\n\t\t\t\t<\/div>\r\n\r\n\t\t\t\t\t\t<div style=\"clear: both;\"><\/div><\/div><div class=\"slideshow_view\">\r\n\t\t\t\t<div class=\"slideshow_slide slideshow_slide_image\">\r\n\t\t\t\t\t\t\t\t\t\t\t<img src=\"https:\/\/agora.xtec.cat\/iesaltpenedes\/wp-content\/uploads\/usu1207\/2024\/10\/7629762_orig.jpg\" alt=\"\" width=\"607\" height=\"608\" \/>\r\n\t\t\t\t\t\t\t\t\t\t<div class=\"slideshow_description_box slideshow_transparent\">\r\n\t\t\t\t\t\t\t\t\t\t\t\t\t\t\t\t\t<\/div>\r\n\t\t\t\t<\/div>\r\n\r\n\t\t\t\t\t\t<div style=\"clear: both;\"><\/div><\/div>\r\n\t\t<\/div>\r\n\r\n\t\t<div class=\"slideshow_controlPanel slideshow_transparent\" style=\"display: none;\"><ul><li class=\"slideshow_togglePlay\" data-play-text=\"Visualitza\" data-pause-text=\"Pausa\"><\/li><\/ul><\/div>\r\n\r\n\t\t<div class=\"slideshow_button slideshow_previous slideshow_transparent\" role=\"button\" data-previous-text=\"Anterior\" style=\"display: none;\"><\/div>\r\n\t\t<div class=\"slideshow_button slideshow_next slideshow_transparent\" role=\"button\" data-next-text=\"Seg\u00fcent\" style=\"display: none;\"><\/div>\r\n\r\n\t\t<div class=\"slideshow_pagination\" style=\"display: none;\" data-go-to-text=\"V\u00e9s a la diapositiva\"><div class=\"slideshow_pagination_center\"><\/div><\/div>\r\n\r\n\t\t<!-- WordPress Slideshow Version 2.3.1 -->\r\n\r\n\t\t\t<\/div>\r\n\r\n\n<p><a href=\"https:\/\/mcescher.com\/\">Veure m\u00e9s<\/a><\/p>\n","protected":false},"excerpt":{"rendered":"<p>Benvinguts al departament de Matem\u00e0tiques. En aquesta p\u00e0gina trobareu informaci\u00f3 del professorat que imparteix classe de matem\u00e0tiques, aix\u00ed com informaci\u00f3 [&hellip;]<\/p>\n","protected":false},"author":4,"featured_media":0,"parent":886,"menu_order":0,"comment_status":"closed","ping_status":"closed","template":"","meta":{"_bbp_topic_count":0,"_bbp_reply_count":0,"_bbp_total_topic_count":0,"_bbp_total_reply_count":0,"_bbp_voice_count":0,"_bbp_anonymous_reply_count":0,"_bbp_topic_count_hidden":0,"_bbp_reply_count_hidden":0,"_bbp_forum_subforum_count":0,"site-sidebar-layout":"default","site-content-layout":"","ast-site-content-layout":"default","site-content-style":"default","site-sidebar-style":"default","ast-global-header-display":"","ast-banner-title-visibility":"","ast-main-header-display":"","ast-hfb-above-header-display":"","ast-hfb-below-header-display":"","ast-hfb-mobile-header-display":"","site-post-title":"","ast-breadcrumbs-content":"","ast-featured-img":"","footer-sml-layout":"","theme-transparent-header-meta":"","adv-header-id-meta":"","stick-header-meta":"","header-above-stick-meta":"","header-main-stick-meta":"","header-below-stick-meta":"","astra-migrate-meta-layouts":"set","ast-page-background-enabled":"default","ast-page-background-meta":{"desktop":{"background-color":"var(--ast-global-color-4)","background-image":"","background-repeat":"repeat","background-position":"center center","background-size":"auto","background-attachment":"scroll","background-type":"","background-media":"","overlay-type":"","overlay-color":"","overlay-opacity":"","overlay-gradient":""},"tablet":{"background-color":"","background-image":"","background-repeat":"repeat","background-position":"center center","background-size":"auto","background-attachment":"scroll","background-type":"","background-media":"","overlay-type":"","overlay-color":"","overlay-opacity":"","overlay-gradient":""},"mobile":{"background-color":"","background-image":"","background-repeat":"repeat","background-position":"center center","background-size":"auto","background-attachment":"scroll","background-type":"","background-media":"","overlay-type":"","overlay-color":"","overlay-opacity":"","overlay-gradient":""}},"ast-content-background-meta":{"desktop":{"background-color":"var(--ast-global-color-5)","background-image":"","background-repeat":"repeat","background-position":"center center","background-size":"auto","background-attachment":"scroll","background-type":"","background-media":"","overlay-type":"","overlay-color":"","overlay-opacity":"","overlay-gradient":""},"tablet":{"background-color":"var(--ast-global-color-5)","background-image":"","background-repeat":"repeat","background-position":"center center","background-size":"auto","background-attachment":"scroll","background-type":"","background-media":"","overlay-type":"","overlay-color":"","overlay-opacity":"","overlay-gradient":""},"mobile":{"background-color":"var(--ast-global-color-5)","background-image":"","background-repeat":"repeat","background-position":"center center","background-size":"auto","background-attachment":"scroll","background-type":"","background-media":"","overlay-type":"","overlay-color":"","overlay-opacity":"","overlay-gradient":""}},"footnotes":""},"class_list":["post-904","page","type-page","status-publish","hentry"],"post_mailing_queue_ids":[],"_links":{"self":[{"href":"https:\/\/agora.xtec.cat\/iesaltpenedes\/wp-json\/wp\/v2\/pages\/904","targetHints":{"allow":["GET"]}}],"collection":[{"href":"https:\/\/agora.xtec.cat\/iesaltpenedes\/wp-json\/wp\/v2\/pages"}],"about":[{"href":"https:\/\/agora.xtec.cat\/iesaltpenedes\/wp-json\/wp\/v2\/types\/page"}],"author":[{"embeddable":true,"href":"https:\/\/agora.xtec.cat\/iesaltpenedes\/wp-json\/wp\/v2\/users\/4"}],"replies":[{"embeddable":true,"href":"https:\/\/agora.xtec.cat\/iesaltpenedes\/wp-json\/wp\/v2\/comments?post=904"}],"version-history":[{"count":6,"href":"https:\/\/agora.xtec.cat\/iesaltpenedes\/wp-json\/wp\/v2\/pages\/904\/revisions"}],"predecessor-version":[{"id":3309,"href":"https:\/\/agora.xtec.cat\/iesaltpenedes\/wp-json\/wp\/v2\/pages\/904\/revisions\/3309"}],"up":[{"embeddable":true,"href":"https:\/\/agora.xtec.cat\/iesaltpenedes\/wp-json\/wp\/v2\/pages\/886"}],"wp:attachment":[{"href":"https:\/\/agora.xtec.cat\/iesaltpenedes\/wp-json\/wp\/v2\/media?parent=904"}],"curies":[{"name":"wp","href":"https:\/\/api.w.org\/{rel}","templated":true}]}}