{"id":900,"date":"2024-09-26T09:42:38","date_gmt":"2024-09-26T07:42:38","guid":{"rendered":"https:\/\/agora.xtec.cat\/iesaltpenedes\/?page_id=900"},"modified":"2025-12-12T12:20:25","modified_gmt":"2025-12-12T11:20:25","slug":"ciencies-de-la-naturalesa","status":"publish","type":"page","link":"https:\/\/agora.xtec.cat\/iesaltpenedes\/projecte-educatiu\/departaments\/ciencies-de-la-naturalesa\/","title":{"rendered":"Ci\u00e8ncies de la naturalesa"},"content":{"rendered":"<h2>Departament de ci\u00e8ncies de la naturalesa<\/h2>\n<p>Contacte: ciencies@institutaltpenedes.cat<\/p>\n\r\n\t<div class=\"slideshow_container slideshow_container_style-light\" style=\"height: 300px; \" data-slideshow-id=\"1110\" data-style-name=\"style-light\" data-style-version=\"2.3.1\" >\r\n\r\n\t\t\t\t\t<div class=\"slideshow_loading_icon\"><\/div>\r\n\t\t\r\n\t\t<div class=\"slideshow_content\" style=\"display: none;\">\r\n\r\n\t\t\t<div class=\"slideshow_view\">\r\n\t\t\t\t<div class=\"slideshow_slide slideshow_slide_image\">\r\n\t\t\t\t\t\t\t\t\t\t\t<img src=\"https:\/\/agora.xtec.cat\/iesaltpenedes\/wp-content\/uploads\/usu1207\/2024\/10\/1200px-graphen_orig.jpg\" alt=\"1200px-graphen_orig\" width=\"1000\" height=\"800\" \/>\r\n\t\t\t\t\t\t\t\t\t\t<div class=\"slideshow_description_box slideshow_transparent\">\r\n\t\t\t\t\t\t\t\t\t\t\t\t\t\t\t\t\t<\/div>\r\n\t\t\t\t<\/div>\r\n\r\n\t\t\t\t\t\t<div style=\"clear: both;\"><\/div><\/div><div class=\"slideshow_view\">\r\n\t\t\t\t<div class=\"slideshow_slide slideshow_slide_image\">\r\n\t\t\t\t\t\t\t\t\t\t\t<img src=\"https:\/\/agora.xtec.cat\/iesaltpenedes\/wp-content\/uploads\/usu1207\/2024\/10\/pexels-photo-3993212_orig.jpeg\" alt=\"pexels-photo-3993212_orig\" width=\"1100\" height=\"619\" \/>\r\n\t\t\t\t\t\t\t\t\t\t<div class=\"slideshow_description_box slideshow_transparent\">\r\n\t\t\t\t\t\t\t\t\t\t\t\t\t\t\t\t\t<\/div>\r\n\t\t\t\t<\/div>\r\n\r\n\t\t\t\t\t\t<div style=\"clear: both;\"><\/div><\/div><div class=\"slideshow_view\">\r\n\t\t\t\t<div class=\"slideshow_slide slideshow_slide_image\">\r\n\t\t\t\t\t\t\t\t\t\t\t<img src=\"https:\/\/agora.xtec.cat\/iesaltpenedes\/wp-content\/uploads\/usu1207\/2024\/10\/5-saturn-hexagon-cassini_orig.jpg\" alt=\"5-saturn-hexagon-cassini_orig\" width=\"946\" height=\"946\" \/>\r\n\t\t\t\t\t\t\t\t\t\t<div class=\"slideshow_description_box slideshow_transparent\">\r\n\t\t\t\t\t\t\t\t\t\t\t\t\t\t\t\t\t<\/div>\r\n\t\t\t\t<\/div>\r\n\r\n\t\t\t\t\t\t<div style=\"clear: both;\"><\/div><\/div><div class=\"slideshow_view\">\r\n\t\t\t\t<div class=\"slideshow_slide slideshow_slide_image\">\r\n\t\t\t\t\t\t\t\t\t\t\t<img src=\"https:\/\/agora.xtec.cat\/iesaltpenedes\/wp-content\/uploads\/usu1207\/2024\/10\/alma-chajnantor-scene1_orig.jpg\" alt=\"alma-chajnantor-scene1_orig\" width=\"1280\" height=\"720\" \/>\r\n\t\t\t\t\t\t\t\t\t\t<div class=\"slideshow_description_box slideshow_transparent\">\r\n\t\t\t\t\t\t\t\t\t\t\t\t\t\t\t\t\t<\/div>\r\n\t\t\t\t<\/div>\r\n\r\n\t\t\t\t\t\t<div style=\"clear: both;\"><\/div><\/div><div class=\"slideshow_view\">\r\n\t\t\t\t<div class=\"slideshow_slide slideshow_slide_image\">\r\n\t\t\t\t\t\t\t\t\t\t\t<img src=\"https:\/\/agora.xtec.cat\/iesaltpenedes\/wp-content\/uploads\/usu1207\/2024\/10\/1-atmosfera_orig.jpg\" alt=\"1-atmosfera_orig\" width=\"1024\" height=\"768\" \/>\r\n\t\t\t\t\t\t\t\t\t\t<div class=\"slideshow_description_box slideshow_transparent\">\r\n\t\t\t\t\t\t\t\t\t\t\t\t\t\t\t\t\t<\/div>\r\n\t\t\t\t<\/div>\r\n\r\n\t\t\t\t\t\t<div style=\"clear: both;\"><\/div><\/div><div class=\"slideshow_view\">\r\n\t\t\t\t<div class=\"slideshow_slide slideshow_slide_image\">\r\n\t\t\t\t\t\t\t\t\t\t\t<img src=\"https:\/\/agora.xtec.cat\/iesaltpenedes\/wp-content\/uploads\/usu1207\/2024\/10\/polarlicht-2_orig.jpg\" alt=\"polarlicht-2_orig\" width=\"1024\" height=\"667\" \/>\r\n\t\t\t\t\t\t\t\t\t\t<div class=\"slideshow_description_box slideshow_transparent\">\r\n\t\t\t\t\t\t\t\t\t\t\t\t\t\t\t\t\t<\/div>\r\n\t\t\t\t<\/div>\r\n\r\n\t\t\t\t\t\t<div style=\"clear: both;\"><\/div><\/div>\r\n\t\t<\/div>\r\n\r\n\t\t<div class=\"slideshow_controlPanel slideshow_transparent\" style=\"display: none;\"><ul><li class=\"slideshow_togglePlay\" data-play-text=\"Visualitza\" data-pause-text=\"Pausa\"><\/li><\/ul><\/div>\r\n\r\n\t\t<div class=\"slideshow_button slideshow_previous slideshow_transparent\" role=\"button\" data-previous-text=\"Anterior\" style=\"display: none;\"><\/div>\r\n\t\t<div class=\"slideshow_button slideshow_next slideshow_transparent\" role=\"button\" data-next-text=\"Seg\u00fcent\" style=\"display: none;\"><\/div>\r\n\r\n\t\t<div class=\"slideshow_pagination\" style=\"display: none;\" data-go-to-text=\"V\u00e9s a la diapositiva\"><div class=\"slideshow_pagination_center\"><\/div><\/div>\r\n\r\n\t\t<!-- WordPress Slideshow Version 2.3.1 -->\r\n\r\n\t\t\t<\/div>\r\n\r\n\n<h2>Professorat del departament 2024-25<\/h2>\n<ul>\n<li>Pere Alborn\u00e0 &#8211; palborna@institutaltpenedes.cat<\/li>\n<li>Maria Ferrerons &#8211; mferre51<span class=\"\"><span class=\"\">@institutaltpenedes.cat<\/span><\/span><\/li>\n<li>D\u00eddac Salvador &#8211; dsalva10@institutaltpenedes.cat<\/li>\n<li>Joan Ma\u00f1\u00e9 &#8211; jmane@institutaltpenedes.cat<\/li>\n<li>Montse Sadurn\u00ed &#8211; msadurn3@institutaltpenedes.cat<\/li>\n<li>N\u00faria Sonet &#8211; nsonet@institutaltpenedes.cat<\/li>\n<li>Elena L\u00f3pez &#8211; elopez70@institutaltpenedes.cat<\/li>\n<li>Cristina Plans &#8211; cplans1@institutaltpenedes.cat<\/li>\n<li>Arantxa Vilalta &#8211; avilal12@institutaltpenedes.cat<\/li>\n<\/ul>\n<h2>Llibres de text 2024-25<\/h2>\n<p><strong><span style=\"color: #8d2424;\">MAT\u00c8RIES I LLIBRES PER CURS. DEPARTAMENT CI\u00c8NCIES DE LA NATURALESA. INSTITUT ALT PENED\u00c8S. CURS 2023-24<\/span><\/strong><\/p>\n<p><strong><span style=\"color: #a82e2e;\">1r ESO<\/span><\/strong><br \/>\n<strong>&#8211; Biologia i Geologia 1r ESO<\/strong>.\u00a0<strong>Compet\u00e8ncies i continguts clau.<\/strong>\u00a0Santillana. 978-84-1315-587-6<\/p>\n<p><strong><span style=\"color: #a82e2e;\">2nESO<\/span><\/strong><br \/>\n<strong>&#8211; F\u00edsica i qu\u00edmica 2n ESO. Construint mons.<\/strong>\u00a0Santillana. 978-84-1315-335-3<\/p>\n<p><strong><span style=\"color: #a82e2e;\">3r ESO<\/span><\/strong><br \/>\n<strong>&#8211; F\u00edsica i qu\u00edmica 3r ESO. Construint mons.\u00a0<\/strong>Santillana. 978-84-1315-260-8<br \/>\n<strong>&#8211; Biologia i Geologia 3r ESO. <\/strong><strong>Compet\u00e8ncies i continguts clau. L\u2019essencial.\u00a0<\/strong>Santillana. 978-84-1315-601-9<\/p>\n<p><strong><span style=\"color: #a82e2e;\">4t ESO<\/span><\/strong><br \/>\n<strong>&#8211; F\u00edsica i qu\u00edmica 4t ESO.\u00a0 Construint mons.\u00a0<\/strong>Santillana 978-84-1315-340-7<br \/>\n<strong>&#8211; Biologia i Geologia 4t ESO.\u00a0 Construint mon.\u00a0<\/strong>Santillana. 978-84-1315-344-5<br \/>\n<strong>&#8211; Ci\u00e8ncies aplicades a l&#8217;activitat professional.\u00a0\u00a0<\/strong>Santillana. 978-84-9047-035-0.<\/p>\n<p><strong><span style=\"color: #a82e2e;\">1r Batxillerat<\/span><\/strong><br \/>\n<strong>&#8211; Biologia 1r Batxillerat. Construint mons.\u00a0<\/strong>Santillana. 978-84-1315-827-3<br \/>\n<strong>&#8211; F\u00edsica 1r Batxillerat.\u00a0<\/strong>McGraw-Hill. 978-84-486-3137-6<br \/>\n<strong>&#8211; Qu\u00edmica 1r Batxillerat.\u00a0<\/strong>McGraw-Hill. 978-84-486-3139-0<\/p>\n<p><span style=\"color: #a82e2e;\"><strong>2n Batxillerat<\/strong><\/span><br \/>\n<strong>&#8211; Biologia 2n Batxillerat. Construint mons.\u00a0<\/strong>Santillana. 978-84-1129-509-3<br \/>\n<strong>&#8211; F\u00edsica 2n Batxillerat.\u00a0<\/strong>McGraw-Hill. 978-84-486-3756-9.<br \/>\n<strong>&#8211; Qu\u00edmica 2n Batxillerat.\u00a0<\/strong>McGraw-Hill. 978-84-486-3759-0<\/p>\n<h2>Activitats escolars fora del centre organitzades pel departament de Ci\u00e8ncies<\/h2>\n<p>&#8211; Visita al Cosmoscaixa (Barcelona). 2n ESO.<br \/>\n&#8211; Visita al Cosmocaixa (Barcelona). 4t ESO.<br \/>\n&#8211; Sortida al camp d&#8217;aprenentatge de Barruera (Lleida). 2n Batxillerat. Dirigida als alumnes que cursen les mat\u00e8ries de Biologia, Geologia i Qu\u00edmica.<\/p>\n<h2>Enlla\u00e7os interessants a webs i blogs cient\u00edfics<\/h2>\n<p>&#8211; <a href=\"https:\/\/www.lavanguardia.com\/ciencia\">BIG BANG<\/a> Les not\u00edcies cient\u00edfiques del diari La Vanguardia.<br \/>\n&#8211; <a href=\"https:\/\/www.esa.int\/Space_in_Member_States\/Spain\">ESA<\/a><br \/>\n&#8211; <a href=\"https:\/\/www.csic.es\/es\">Consejo Superior de Investigaciones Cient\u00edficas<\/a><br \/>\n&#8211; <a href=\"https:\/\/scq.iec.cat\/\">Societat Catalana de F\u00edsica<\/a><br \/>\n&#8211; <a href=\"https:\/\/scq.iec.cat\/\">Societat Catalana de Qu\u00edmica<\/a><br \/>\n&#8211; <a href=\"https:\/\/scb.iec.cat\/\">Societat Catalana de Biologia<\/a><br \/>\n&#8211; <a href=\"https:\/\/www.iac.es\/\">Instituto Astrof\u00edsico de Canarias<\/a><\/p>\n<h2>Webs de divulgaci\u00f3 cient\u00edfica en angl\u00e8s<\/h2>\n<p>&#8211; <a href=\"https:\/\/www.science.org\/\">SCIENCE<\/a><br \/>\n&#8211; Nature<br \/>\n&#8211; <a href=\"https:\/\/www.nasa.gov\/\">NASA<\/a><br \/>\n&#8211; <a href=\"https:\/\/www.home.cern\/\">CERN<\/a><br \/>\n&#8211; <a href=\"https:\/\/www.iter.org\/\">ITER<\/a><\/p>\n","protected":false},"excerpt":{"rendered":"<p>Departament de ci\u00e8ncies de la naturalesa Contacte: ciencies@institutaltpenedes.cat Professorat del departament 2024-25 Pere Alborn\u00e0 &#8211; palborna@institutaltpenedes.cat Maria Ferrerons &#8211; mferre51@institutaltpenedes.cat [&hellip;]<\/p>\n","protected":false},"author":4,"featured_media":0,"parent":886,"menu_order":0,"comment_status":"closed","ping_status":"closed","template":"","meta":{"_bbp_topic_count":0,"_bbp_reply_count":0,"_bbp_total_topic_count":0,"_bbp_total_reply_count":0,"_bbp_voice_count":0,"_bbp_anonymous_reply_count":0,"_bbp_topic_count_hidden":0,"_bbp_reply_count_hidden":0,"_bbp_forum_subforum_count":0,"site-sidebar-layout":"default","site-content-layout":"","ast-site-content-layout":"default","site-content-style":"default","site-sidebar-style":"default","ast-global-header-display":"","ast-banner-title-visibility":"","ast-main-header-display":"","ast-hfb-above-header-display":"","ast-hfb-below-header-display":"","ast-hfb-mobile-header-display":"","site-post-title":"","ast-breadcrumbs-content":"","ast-featured-img":"","footer-sml-layout":"","theme-transparent-header-meta":"","adv-header-id-meta":"","stick-header-meta":"","header-above-stick-meta":"","header-main-stick-meta":"","header-below-stick-meta":"","astra-migrate-meta-layouts":"set","ast-page-background-enabled":"default","ast-page-background-meta":{"desktop":{"background-color":"var(--ast-global-color-4)","background-image":"","background-repeat":"repeat","background-position":"center center","background-size":"auto","background-attachment":"scroll","background-type":"","background-media":"","overlay-type":"","overlay-color":"","overlay-opacity":"","overlay-gradient":""},"tablet":{"background-color":"","background-image":"","background-repeat":"repeat","background-position":"center center","background-size":"auto","background-attachment":"scroll","background-type":"","background-media":"","overlay-type":"","overlay-color":"","overlay-opacity":"","overlay-gradient":""},"mobile":{"background-color":"","background-image":"","background-repeat":"repeat","background-position":"center center","background-size":"auto","background-attachment":"scroll","background-type":"","background-media":"","overlay-type":"","overlay-color":"","overlay-opacity":"","overlay-gradient":""}},"ast-content-background-meta":{"desktop":{"background-color":"var(--ast-global-color-5)","background-image":"","background-repeat":"repeat","background-position":"center center","background-size":"auto","background-attachment":"scroll","background-type":"","background-media":"","overlay-type":"","overlay-color":"","overlay-opacity":"","overlay-gradient":""},"tablet":{"background-color":"var(--ast-global-color-5)","background-image":"","background-repeat":"repeat","background-position":"center center","background-size":"auto","background-attachment":"scroll","background-type":"","background-media":"","overlay-type":"","overlay-color":"","overlay-opacity":"","overlay-gradient":""},"mobile":{"background-color":"var(--ast-global-color-5)","background-image":"","background-repeat":"repeat","background-position":"center center","background-size":"auto","background-attachment":"scroll","background-type":"","background-media":"","overlay-type":"","overlay-color":"","overlay-opacity":"","overlay-gradient":""}},"footnotes":""},"class_list":["post-900","page","type-page","status-publish","hentry"],"post_mailing_queue_ids":[],"_links":{"self":[{"href":"https:\/\/agora.xtec.cat\/iesaltpenedes\/wp-json\/wp\/v2\/pages\/900","targetHints":{"allow":["GET"]}}],"collection":[{"href":"https:\/\/agora.xtec.cat\/iesaltpenedes\/wp-json\/wp\/v2\/pages"}],"about":[{"href":"https:\/\/agora.xtec.cat\/iesaltpenedes\/wp-json\/wp\/v2\/types\/page"}],"author":[{"embeddable":true,"href":"https:\/\/agora.xtec.cat\/iesaltpenedes\/wp-json\/wp\/v2\/users\/4"}],"replies":[{"embeddable":true,"href":"https:\/\/agora.xtec.cat\/iesaltpenedes\/wp-json\/wp\/v2\/comments?post=900"}],"version-history":[{"count":5,"href":"https:\/\/agora.xtec.cat\/iesaltpenedes\/wp-json\/wp\/v2\/pages\/900\/revisions"}],"predecessor-version":[{"id":3305,"href":"https:\/\/agora.xtec.cat\/iesaltpenedes\/wp-json\/wp\/v2\/pages\/900\/revisions\/3305"}],"up":[{"embeddable":true,"href":"https:\/\/agora.xtec.cat\/iesaltpenedes\/wp-json\/wp\/v2\/pages\/886"}],"wp:attachment":[{"href":"https:\/\/agora.xtec.cat\/iesaltpenedes\/wp-json\/wp\/v2\/media?parent=900"}],"curies":[{"name":"wp","href":"https:\/\/api.w.org\/{rel}","templated":true}]}}