{"id":898,"date":"2024-09-26T09:42:17","date_gmt":"2024-09-26T07:42:17","guid":{"rendered":"https:\/\/agora.xtec.cat\/iesaltpenedes\/?page_id=898"},"modified":"2025-12-12T12:23:32","modified_gmt":"2025-12-12T11:23:32","slug":"electricitat-i-electronica","status":"publish","type":"page","link":"https:\/\/agora.xtec.cat\/iesaltpenedes\/projecte-educatiu\/departaments\/electricitat-i-electronica\/","title":{"rendered":"Electricitat i electr\u00f2nica"},"content":{"rendered":"<p><img decoding=\"async\" src=\"https:\/\/463344365128478901.weebly.com\/uploads\/4\/9\/8\/1\/49816005\/published\/4-logos.jpg?1575485930\" alt=\"Imagen\" \/><\/p>\n<p>Professorat<\/p>\n<ul>\n<li>Maria Isabel Fletes &#8211; <span data-sheets-root=\"1\">mfletes@institutaltpenedes.cat<\/span><\/li>\n<li>\u00c0ngel Garc\u00eda &#8211; <span data-sheets-root=\"1\">agarc332@institutaltpenedes.cat<\/span><\/li>\n<li>Joan Carles Gual &#8211; jgual@institutaltpenedes.cat<\/li>\n<li>Francesc Palomino &#8211; <span data-sheets-root=\"1\">fpalomin@institutaltpenedes.cat<\/span><\/li>\n<li>Manuel Ala\u00f1\u00e1 &#8211; malana@institutaltpenedes.cat<\/li>\n<li>Pere Pujol &#8211; ppujol@<span data-sheets-root=\"1\">institutaltpenedes.cat<\/span><\/li>\n<li>Maria Assumpta Roca &#8211; <span data-sheets-root=\"1\">aroca227@institutaltpenedes.cat<\/span><\/li>\n<li>V\u00edctor Hern\u00e1ndez &#8211; <span data-sheets-root=\"1\">vhernan4@institutaltpenedes.cat<\/span><\/li>\n<li>Dami\u00e1n M\u00e9ndez &#8211; <span data-sheets-root=\"1\">dmendez1@institutaltpenedes.cat<\/span><\/li>\n<\/ul>\n<h2 class=\"wsite-content-title\"><span style=\"font-size: xx-large;\"><span style=\"color: #2a2a2a;\">PROGRAMARI DE SIMULACI\u00d3<\/span>\u00a0\u200b<span style=\"color: #a82e2e;\">ROBODK<\/span>\u00a0<span style=\"color: #2a2a2a;\">I ROBOTICA COL\u00b7LABORATIVA AMB<\/span>\u00a0<span style=\"color: #76cae9;\">UNIVERSAL ROBOTS<\/span><\/span><\/h2>\n<p>Gr\u00e0cies a RoboDK i Universal Robots estem comen\u00e7ant a incorporar el programari de simulaci\u00f3 RoboDK i els robots col\u00b7laboratius de Universal Robots al nostre cicle d&#8217;Automatitzaci\u00f3 i Rob\u00f2tica Industrial al nostre institut.<br \/>\nEn podeu trobar a les nostres xarxes:<\/p>\n<p>website ( https:\/\/www.institutaltpenedes.cat\/ )<br \/>\ninstagram ( https:\/\/www.instagram.com\/ins_alt\/ )<br \/>\ntwitter ( https:\/\/twitter.com\/ins_alt )<br \/>\nfacebook ( https:\/\/www.facebook.com\/insaltpenedes )<\/p>\n<p>P\u00e0gina web de RoboDK : https:\/\/robodk.com<br \/>\nP\u00e0gina de Unirersal Robots: https:\/\/www.universal-robots.com\/es\u200b<\/p>\n<p><img loading=\"lazy\" decoding=\"async\" class=\"\" src=\"https:\/\/463344365128478901.weebly.com\/uploads\/4\/9\/8\/1\/49816005\/edited\/captura2.png?1725353538\" alt=\"Foto\" width=\"402\" height=\"103\" \/> <img loading=\"lazy\" decoding=\"async\" class=\"\" src=\"https:\/\/463344365128478901.weebly.com\/uploads\/4\/9\/8\/1\/49816005\/robodk_orig.png\" alt=\"Foto\" width=\"390\" height=\"109\" \/><\/p>\n<p><img decoding=\"async\" src=\"https:\/\/463344365128478901.weebly.com\/uploads\/4\/9\/8\/1\/49816005\/captura_orig.png\" alt=\"Foto\" \/><\/p>\n<h2 class=\"wsite-content-title\">Curs de rob\u00f2tica col\u00b7laborativa a la seu de l&#8217;empresa Universal robots a barcelona<\/h2>\n<p>Setmana de curs a Universal Robots, a Barcelona. Hem assistit al curs els professors d&#8217;ARI, de l&#8217;institut alt Pened\u00e8s de Vilafranca per poder implementar el nostre nou robot UR3e de cara al proper curs 2024\/25 al nostre cicle d&#8217;ARI. Estupenda formaci\u00f3 i gran treball de Carlos P\u00e9rez d&#8217;UR. Felicitats pel gran comprom\u00eds de l&#8217;empresa UR a la formaci\u00f3 professional.<\/p>\n","protected":false},"excerpt":{"rendered":"<p>Professorat Maria Isabel Fletes &#8211; mfletes@institutaltpenedes.cat \u00c0ngel Garc\u00eda &#8211; agarc332@institutaltpenedes.cat Joan Carles Gual &#8211; jgual@institutaltpenedes.cat Francesc Palomino &#8211; fpalomin@institutaltpenedes.cat Manuel [&hellip;]<\/p>\n","protected":false},"author":4,"featured_media":0,"parent":886,"menu_order":0,"comment_status":"closed","ping_status":"closed","template":"","meta":{"_bbp_topic_count":0,"_bbp_reply_count":0,"_bbp_total_topic_count":0,"_bbp_total_reply_count":0,"_bbp_voice_count":0,"_bbp_anonymous_reply_count":0,"_bbp_topic_count_hidden":0,"_bbp_reply_count_hidden":0,"_bbp_forum_subforum_count":0,"site-sidebar-layout":"default","site-content-layout":"","ast-site-content-layout":"default","site-content-style":"default","site-sidebar-style":"default","ast-global-header-display":"","ast-banner-title-visibility":"","ast-main-header-display":"","ast-hfb-above-header-display":"","ast-hfb-below-header-display":"","ast-hfb-mobile-header-display":"","site-post-title":"","ast-breadcrumbs-content":"","ast-featured-img":"","footer-sml-layout":"","theme-transparent-header-meta":"","adv-header-id-meta":"","stick-header-meta":"","header-above-stick-meta":"","header-main-stick-meta":"","header-below-stick-meta":"","astra-migrate-meta-layouts":"set","ast-page-background-enabled":"default","ast-page-background-meta":{"desktop":{"background-color":"var(--ast-global-color-4)","background-image":"","background-repeat":"repeat","background-position":"center center","background-size":"auto","background-attachment":"scroll","background-type":"","background-media":"","overlay-type":"","overlay-color":"","overlay-opacity":"","overlay-gradient":""},"tablet":{"background-color":"","background-image":"","background-repeat":"repeat","background-position":"center center","background-size":"auto","background-attachment":"scroll","background-type":"","background-media":"","overlay-type":"","overlay-color":"","overlay-opacity":"","overlay-gradient":""},"mobile":{"background-color":"","background-image":"","background-repeat":"repeat","background-position":"center center","background-size":"auto","background-attachment":"scroll","background-type":"","background-media":"","overlay-type":"","overlay-color":"","overlay-opacity":"","overlay-gradient":""}},"ast-content-background-meta":{"desktop":{"background-color":"var(--ast-global-color-5)","background-image":"","background-repeat":"repeat","background-position":"center center","background-size":"auto","background-attachment":"scroll","background-type":"","background-media":"","overlay-type":"","overlay-color":"","overlay-opacity":"","overlay-gradient":""},"tablet":{"background-color":"var(--ast-global-color-5)","background-image":"","background-repeat":"repeat","background-position":"center center","background-size":"auto","background-attachment":"scroll","background-type":"","background-media":"","overlay-type":"","overlay-color":"","overlay-opacity":"","overlay-gradient":""},"mobile":{"background-color":"var(--ast-global-color-5)","background-image":"","background-repeat":"repeat","background-position":"center center","background-size":"auto","background-attachment":"scroll","background-type":"","background-media":"","overlay-type":"","overlay-color":"","overlay-opacity":"","overlay-gradient":""}},"footnotes":""},"class_list":["post-898","page","type-page","status-publish","hentry"],"post_mailing_queue_ids":[],"_links":{"self":[{"href":"https:\/\/agora.xtec.cat\/iesaltpenedes\/wp-json\/wp\/v2\/pages\/898","targetHints":{"allow":["GET"]}}],"collection":[{"href":"https:\/\/agora.xtec.cat\/iesaltpenedes\/wp-json\/wp\/v2\/pages"}],"about":[{"href":"https:\/\/agora.xtec.cat\/iesaltpenedes\/wp-json\/wp\/v2\/types\/page"}],"author":[{"embeddable":true,"href":"https:\/\/agora.xtec.cat\/iesaltpenedes\/wp-json\/wp\/v2\/users\/4"}],"replies":[{"embeddable":true,"href":"https:\/\/agora.xtec.cat\/iesaltpenedes\/wp-json\/wp\/v2\/comments?post=898"}],"version-history":[{"count":5,"href":"https:\/\/agora.xtec.cat\/iesaltpenedes\/wp-json\/wp\/v2\/pages\/898\/revisions"}],"predecessor-version":[{"id":3307,"href":"https:\/\/agora.xtec.cat\/iesaltpenedes\/wp-json\/wp\/v2\/pages\/898\/revisions\/3307"}],"up":[{"embeddable":true,"href":"https:\/\/agora.xtec.cat\/iesaltpenedes\/wp-json\/wp\/v2\/pages\/886"}],"wp:attachment":[{"href":"https:\/\/agora.xtec.cat\/iesaltpenedes\/wp-json\/wp\/v2\/media?parent=898"}],"curies":[{"name":"wp","href":"https:\/\/api.w.org\/{rel}","templated":true}]}}