{"id":894,"date":"2024-09-26T09:41:43","date_gmt":"2024-09-26T07:41:43","guid":{"rendered":"https:\/\/agora.xtec.cat\/iesaltpenedes\/?page_id=894"},"modified":"2024-10-14T12:07:00","modified_gmt":"2024-10-14T10:07:00","slug":"economia","status":"publish","type":"page","link":"https:\/\/agora.xtec.cat\/iesaltpenedes\/projecte-educatiu\/departaments\/economia\/","title":{"rendered":"Economia"},"content":{"rendered":"<p><img decoding=\"async\" class=\"aligncenter\" src=\"https:\/\/463344365128478901.weebly.com\/uploads\/4\/9\/8\/1\/49816005\/editor\/eco.jpg?1521447911\" alt=\"Imagen\" \/><\/p>\n<h2>Llibres<\/h2>\n<ul>\n<li><span style=\"font-size: medium; color: #000000;\">4t ESO &#8211; Economia (s\u00e8rie Analitza) &#8211; Ed. Santillana &#8211; ISBN 978-84-9047-042-8<\/span><\/li>\n<li><span style=\"font-size: medium; color: #000000;\">4t ESO &#8211; Emprenedoria (s\u00e8rie Empr\u00e8n) &#8211; Ed. Santillana &#8211; ISBN 978-84-9130-287-2<\/span><\/li>\n<li><span style=\"font-size: medium; color: #000000;\">1r BATXILLERAT &#8211; Economia de l\u2019empresa 1 &#8211; Ed. McGraw-Hill &#8211; ISBN 978-84-481-8129-1<\/span><\/li>\n<li><span style=\"color: #000000;\"><span style=\"font-size: medium;\">2n BATXILLERAT &#8211; Economia de l\u2019empresa 2 &#8211; Ed. McGraw-Hill &#8211; ISBN 978-84-481-8383-7<\/span>\u00a0<\/span><\/li>\n<\/ul>\n<h2>Professora d&#8217;economia<\/h2>\n<p>Merc\u00e8 Andreu &#8211; mandre72@institutaltpenedes.cat<\/p>\n<p><img decoding=\"async\" class=\"aligncenter\" src=\"https:\/\/463344365128478901.weebly.com\/uploads\/4\/9\/8\/1\/49816005\/published\/eco2.jpg?1521448525\" alt=\"Imagen\" \/><\/p>\n","protected":false},"excerpt":{"rendered":"<p>Llibres 4t ESO &#8211; Economia (s\u00e8rie Analitza) &#8211; Ed. Santillana &#8211; ISBN 978-84-9047-042-8 4t ESO &#8211; Emprenedoria (s\u00e8rie Empr\u00e8n) &#8211; [&hellip;]<\/p>\n","protected":false},"author":4,"featured_media":0,"parent":886,"menu_order":0,"comment_status":"closed","ping_status":"closed","template":"page-templates\/side-menu.php","meta":{"_bbp_topic_count":0,"_bbp_reply_count":0,"_bbp_total_topic_count":0,"_bbp_total_reply_count":0,"_bbp_voice_count":0,"_bbp_anonymous_reply_count":0,"_bbp_topic_count_hidden":0,"_bbp_reply_count_hidden":0,"_bbp_forum_subforum_count":0,"site-sidebar-layout":"default","site-content-layout":"","ast-site-content-layout":"","site-content-style":"default","site-sidebar-style":"default","ast-global-header-display":"","ast-banner-title-visibility":"","ast-main-header-display":"","ast-hfb-above-header-display":"","ast-hfb-below-header-display":"","ast-hfb-mobile-header-display":"","site-post-title":"","ast-breadcrumbs-content":"","ast-featured-img":"","footer-sml-layout":"","theme-transparent-header-meta":"","adv-header-id-meta":"","stick-header-meta":"","header-above-stick-meta":"","header-main-stick-meta":"","header-below-stick-meta":"","astra-migrate-meta-layouts":"default","ast-page-background-enabled":"default","ast-page-background-meta":{"desktop":{"background-color":"var(--ast-global-color-4)","background-image":"","background-repeat":"repeat","background-position":"center center","background-size":"auto","background-attachment":"scroll","background-type":"","background-media":"","overlay-type":"","overlay-color":"","overlay-opacity":"","overlay-gradient":""},"tablet":{"background-color":"","background-image":"","background-repeat":"repeat","background-position":"center center","background-size":"auto","background-attachment":"scroll","background-type":"","background-media":"","overlay-type":"","overlay-color":"","overlay-opacity":"","overlay-gradient":""},"mobile":{"background-color":"","background-image":"","background-repeat":"repeat","background-position":"center center","background-size":"auto","background-attachment":"scroll","background-type":"","background-media":"","overlay-type":"","overlay-color":"","overlay-opacity":"","overlay-gradient":""}},"ast-content-background-meta":{"desktop":{"background-color":"var(--ast-global-color-5)","background-image":"","background-repeat":"repeat","background-position":"center center","background-size":"auto","background-attachment":"scroll","background-type":"","background-media":"","overlay-type":"","overlay-color":"","overlay-opacity":"","overlay-gradient":""},"tablet":{"background-color":"var(--ast-global-color-5)","background-image":"","background-repeat":"repeat","background-position":"center center","background-size":"auto","background-attachment":"scroll","background-type":"","background-media":"","overlay-type":"","overlay-color":"","overlay-opacity":"","overlay-gradient":""},"mobile":{"background-color":"var(--ast-global-color-5)","background-image":"","background-repeat":"repeat","background-position":"center center","background-size":"auto","background-attachment":"scroll","background-type":"","background-media":"","overlay-type":"","overlay-color":"","overlay-opacity":"","overlay-gradient":""}},"footnotes":""},"class_list":["post-894","page","type-page","status-publish","hentry"],"post_mailing_queue_ids":[],"_links":{"self":[{"href":"https:\/\/agora.xtec.cat\/iesaltpenedes\/wp-json\/wp\/v2\/pages\/894","targetHints":{"allow":["GET"]}}],"collection":[{"href":"https:\/\/agora.xtec.cat\/iesaltpenedes\/wp-json\/wp\/v2\/pages"}],"about":[{"href":"https:\/\/agora.xtec.cat\/iesaltpenedes\/wp-json\/wp\/v2\/types\/page"}],"author":[{"embeddable":true,"href":"https:\/\/agora.xtec.cat\/iesaltpenedes\/wp-json\/wp\/v2\/users\/4"}],"replies":[{"embeddable":true,"href":"https:\/\/agora.xtec.cat\/iesaltpenedes\/wp-json\/wp\/v2\/comments?post=894"}],"version-history":[{"count":3,"href":"https:\/\/agora.xtec.cat\/iesaltpenedes\/wp-json\/wp\/v2\/pages\/894\/revisions"}],"predecessor-version":[{"id":1311,"href":"https:\/\/agora.xtec.cat\/iesaltpenedes\/wp-json\/wp\/v2\/pages\/894\/revisions\/1311"}],"up":[{"embeddable":true,"href":"https:\/\/agora.xtec.cat\/iesaltpenedes\/wp-json\/wp\/v2\/pages\/886"}],"wp:attachment":[{"href":"https:\/\/agora.xtec.cat\/iesaltpenedes\/wp-json\/wp\/v2\/media?parent=894"}],"curies":[{"name":"wp","href":"https:\/\/api.w.org\/{rel}","templated":true}]}}