{"id":888,"date":"2024-09-26T09:40:55","date_gmt":"2024-09-26T07:40:55","guid":{"rendered":"https:\/\/agora.xtec.cat\/iesaltpenedes\/?page_id=888"},"modified":"2025-12-12T12:18:28","modified_gmt":"2025-12-12T11:18:28","slug":"castella","status":"publish","type":"page","link":"https:\/\/agora.xtec.cat\/iesaltpenedes\/projecte-educatiu\/departaments\/castella\/","title":{"rendered":"Castell\u00e0"},"content":{"rendered":"<p><img decoding=\"async\" src=\"https:\/\/463344365128478901.weebly.com\/uploads\/4\/9\/8\/1\/49816005\/693871639_orig.jpg\" alt=\"Imagen\" \/> <img decoding=\"async\" src=\"https:\/\/463344365128478901.weebly.com\/uploads\/4\/9\/8\/1\/49816005\/951064152_orig.jpeg\" alt=\"Imagen\" \/><\/p>\n<h1>Departamento de lengua castellana y literatura<\/h1>\n<h2>Profesorado<\/h2>\n<p><img decoding=\"async\" class=\"alignright\" src=\"https:\/\/463344365128478901.weebly.com\/uploads\/4\/9\/8\/1\/49816005\/editor\/303723095.gif?1674153894\" alt=\"Foto\" \/><\/p>\n<p><strong>Cap de departament:<\/strong> Victor Nieto<br \/>\n<em>\u200bpendent d&#8217;actualitzaci\u00f3<\/em><\/p>\n<p>Rosa Viv\u00f3 &#8211; rvivo@institutaltpenedes.cat<br \/>\nElena L\u00e1zaro &#8211; elazaro1@institutaltpenedes.cat<br \/>\nMaleni Marin &#8211; mmarin53@institutaltpenedes.cat<br \/>\nManel Haro &#8211; mharo14@institutaltpenedes.cat<br \/>\nV\u00edctor Manuel Nieto &#8211; vnieto@institutaltpenedes.cat<br \/>\nCarles Rull &#8211; crull@institutaltpenedes.cat<\/p>\n<h2>Libros de texto<\/h2>\n<p><img decoding=\"async\" class=\"alignright\" src=\"https:\/\/463344365128478901.weebly.com\/uploads\/4\/9\/8\/1\/49816005\/published\/526721850.gif?1674153888\" alt=\"Foto\" \/><\/p>\n<p><strong><span style=\"color: #508d24;\">1\u00ba ESO<\/span><\/strong><br \/>\n<strong>Lengua castellana y literatura<\/strong><br \/>\nEditorial Teide 978- 84-30-772872<\/p>\n<p><strong><span style=\"color: #508d24;\">2\u00ba ESO<\/span><\/strong><br \/>\n<strong>Lengua castellana y literatura 2<\/strong><br \/>\nEditorial La Galera 978 -84 -412 -230 -1<\/p>\n<p><strong><span style=\"color: #508d24;\">3\u00ba ESO<\/span><\/strong><br \/>\n<strong>Lengua castellana y literatura 3<\/strong><br \/>\nEditorial Teide 978 -84 -30 -772902<\/p>\n<p><strong><span style=\"color: #508d24;\">4\u00ba ESO<\/span><\/strong><br \/>\n<strong>Lengua castellana y literatura<\/strong><br \/>\nEditorial Teide<br \/>\n978-84-307-9167-5<\/p>\n<p><strong><span style=\"color: #508d24;\">1\u00ba BACHILLERATO<\/span><\/strong><br \/>\nLengua castellana y literatura. Programa Beatriz Bernal.<br \/>\nBarcanova 978 &#8211; 84 -48957674\u200b<\/p>\n<p><strong><span style=\"color: #508d24;\">2\u00ba BACHILLERATO<\/span><\/strong><br \/>\n<strong>Lengua castellana y literatura 2<\/strong><br \/>\n\u200bTeide 978 &#8211; 84 -307-5351-2\u00a0\u200b<\/p>\n<h2>Enlaces de inter\u00e9s<\/h2>\n<p><img decoding=\"async\" class=\"alignright\" src=\"https:\/\/463344365128478901.weebly.com\/uploads\/4\/9\/8\/1\/49816005\/published\/310684290.png?1674382392\" alt=\"Foto\" \/><\/p>\n<p><a href=\"https:\/\/www.eldebate.com\/cultura\/libros\/20221231\/efemerides-literarias-2023-ano-lleno-celebraciones_82614.html\">Efem\u00e9rides Literarias 2023<\/a><\/p>\n<p><a href=\"https:\/\/edu365.cat\/eso\/castella\/index.html\">EDU365<\/a><\/p>\n<p><a href=\"https:\/\/www.cervantesvirtual.com\/\">Cervantes Virtual<\/a><\/p>\n<p><a href=\"https:\/\/biblioteca.vilafranca.cat\/\">Biblioteca Torres i Bages<\/a><\/p>\n<p><a href=\"https:\/\/www.rae.es\/\">RAE<\/a><\/p>\n<h2>Lecturas ESO y Bachillerato<\/h2>\n<p><img decoding=\"async\" class=\"alignleft\" src=\"https:\/\/463344365128478901.weebly.com\/uploads\/4\/9\/8\/1\/49816005\/published\/469347449.gif?1674381461\" alt=\"Foto\" \/><strong><span style=\"color: #a82e2e; font-size: small;\">\u00abANTE CIERTOS LIBROS, UNO SE PREGUNTA: \u00bfQUI\u00c9N LOS LEER\u00c1? Y ANTE CIERTAS PERSONAS UNO SE PREGUNTA: \u00bfQU\u00c9 LEER\u00c1N? Y AL FIN, LIBROS Y PERSONAS SE ENCUENTRAN\u00bb<\/span><\/strong><span style=\"font-size: large;\">\u00a0<\/span><br \/>\n<strong><span style=\"font-size: xx-small;\">ANDR\u00c9 GIDE (PREMIO NOBEL DE LITERATURA 1947)<\/span><\/strong><\/p>\n<div>\n<h3 class=\"wsite-image wsite-image-border-none \">1\u00ba ESO<\/h3>\n<\/div>\n<div class=\"paragraph\">-1r trimestre:\u00a0<strong>Charlie y la f\u00e1brica de chocolate<\/strong>, de Roald Dahl<br \/>\n<strong>Matilda<\/strong>, de Roald Dahl.<br \/>\n-2\u00ba\u00a0trimestre:\u00a0<strong>El anticlub<\/strong>, de \u00c1ngel Burgas<br \/>\n-3r\u00a0trimestre: Lectura de libre elecci\u00f3n.<\/div>\n<div>\n<h3 class=\"wsite-image wsite-image-border-none \">2\u00ba ESO<\/h3>\n<\/div>\n<div class=\"paragraph\">-1r\u00a0trimestre:\u00a0<strong>Dhalia 16<\/strong>, de Olga B. Boada.<br \/>\n-2\u00ba\u00a0trimestre:\u00a0<strong>Deja en paz a los muertos<\/strong>, Juan Ram\u00f3n Barat.<br \/>\n-3r\u00a0trimestre: Lectura de libre elecci\u00f3n.\u200b<\/div>\n<div>\n<div class=\"wsite-image wsite-image-border-none \">\n<h3>3\u00ba ESO<\/h3>\n<\/div>\n<\/div>\n<div class=\"paragraph\">-1r trimestre: <strong>Donde aprenden a volar las gaviotas\u200b<\/strong>, de Ana Alcolea.<br \/>\n-2\u00ba trimestre:\u00a0<strong>El ojo de Polifemo<\/strong>, de J. R. Barat.<br \/>\n-3r trimestre: Lectura de libre elecci\u00f3n.<\/div>\n<div>\n<h3 class=\"wsite-image wsite-image-border-none \">4\u00ba ESO<\/h3>\n<\/div>\n<div class=\"paragraph\">-1r\u00a0trimestre:\u00a0<strong>Mentira<\/strong>, de Care Santos.<br \/>\n-2\u00ba\u00a0trimestre:\u00a0<strong>La estrategia del par\u00e1sito<\/strong>, de C\u00e9sar Mallorqu\u00ed.<br \/>\n-3r\u00a0trimestre:\u00a0Lectura de libre elecci\u00f3n..<\/div>\n<div><\/div>\n<div>\n<div>\n<h3 class=\"wsite-image wsite-image-border-none \">1\u00ba Bachillerato<\/h3>\n<\/div>\n<div class=\"paragraph\">-1r\u00a0trimestre\u00a0:\u00a0<strong>El guardi\u00e1n invisible<\/strong>, de Dolores Redondo<br \/>\n<strong>L\u00e1grimas en la lluvia<\/strong>, de Rosa Montero.<br \/>\n-2\u00ba Trimestre\u00a0<strong>Intemperie<\/strong>, de Jes\u00fas Carrasco<br \/>\n<strong>Invasi\u00f3n<\/strong>, de David Monteagudo.-3r Trimestre: una de las lecturas obligatorias de bachillerato.<\/p>\n<\/div>\n<h3>2\u00ba Bachillerato<\/h3>\n<div class=\"paragraph\">\u200b-1r trimestre: <strong>Patria<\/strong>, de Fernando Aramburu<br \/>\n<strong>Legado en los huesos<\/strong>, de Dolores Redondo<br \/>\n\u200b\u00a0 \u00a0 \u00a0 \u00a0 \u00a0 \u00a0 \u00a0 \u00a0 \u00a0 \u00a0 \u00a0 \u00a0<strong>El\u00a0peso del coraz\u00f3n<\/strong>, de Rosa Montero.<br \/>\n-2\u00ba trimestre:\u00a0<strong>Nada<\/strong>, de Carmen Laforet<br \/>\n-3r trimestre:<strong>\u00a0La fundaci\u00f3n<\/strong>, de Antonio Buero Vallejo.<\/div>\n<\/div>\n<div><\/div>\n<h2>Actividades<\/h2>\n<p>\u200bSALIDAS AL TEATRO:<img decoding=\"async\" class=\"alignright\" src=\"https:\/\/463344365128478901.weebly.com\/uploads\/4\/9\/8\/1\/49816005\/editor\/519538535.gif?1674153863\" alt=\"Foto\" \/><\/p>\n<ul>\n<li>1\u00ba de bachillerato : El perro del hortelano, de Lope de Vega (Teatro Poliorama).<\/li>\n<li>2\u00ba de la ESO: El Lazarillo (teatre Cal Bolet).<\/li>\n<\/ul>\n<p>VISITAS DE AUTORES AL CENTRO:<\/p>\n<ul>\n<li>Olga Borr\u00e1s para comentar su libro Dhalia 16, (lectura obligatoria 2\u00ba de la ESO)<\/li>\n<li>J. R. Barat para comentar su libro El ojo de Polifemo (lectura obligatoria 3\u00ba ESO)<\/li>\n<\/ul>\n<p>Pendientes de la confirmaci\u00f3n de otros autores.<\/p>\n","protected":false},"excerpt":{"rendered":"<p>Departamento de lengua castellana y literatura Profesorado Cap de departament: Victor Nieto \u200bpendent d&#8217;actualitzaci\u00f3 Rosa Viv\u00f3 &#8211; rvivo@institutaltpenedes.cat Elena L\u00e1zaro [&hellip;]<\/p>\n","protected":false},"author":4,"featured_media":0,"parent":886,"menu_order":0,"comment_status":"closed","ping_status":"closed","template":"","meta":{"_bbp_topic_count":0,"_bbp_reply_count":0,"_bbp_total_topic_count":0,"_bbp_total_reply_count":0,"_bbp_voice_count":0,"_bbp_anonymous_reply_count":0,"_bbp_topic_count_hidden":0,"_bbp_reply_count_hidden":0,"_bbp_forum_subforum_count":0,"site-sidebar-layout":"default","site-content-layout":"","ast-site-content-layout":"default","site-content-style":"default","site-sidebar-style":"default","ast-global-header-display":"","ast-banner-title-visibility":"","ast-main-header-display":"","ast-hfb-above-header-display":"","ast-hfb-below-header-display":"","ast-hfb-mobile-header-display":"","site-post-title":"","ast-breadcrumbs-content":"","ast-featured-img":"","footer-sml-layout":"","theme-transparent-header-meta":"","adv-header-id-meta":"","stick-header-meta":"","header-above-stick-meta":"","header-main-stick-meta":"","header-below-stick-meta":"","astra-migrate-meta-layouts":"set","ast-page-background-enabled":"default","ast-page-background-meta":{"desktop":{"background-color":"var(--ast-global-color-4)","background-image":"","background-repeat":"repeat","background-position":"center center","background-size":"auto","background-attachment":"scroll","background-type":"","background-media":"","overlay-type":"","overlay-color":"","overlay-opacity":"","overlay-gradient":""},"tablet":{"background-color":"","background-image":"","background-repeat":"repeat","background-position":"center center","background-size":"auto","background-attachment":"scroll","background-type":"","background-media":"","overlay-type":"","overlay-color":"","overlay-opacity":"","overlay-gradient":""},"mobile":{"background-color":"","background-image":"","background-repeat":"repeat","background-position":"center center","background-size":"auto","background-attachment":"scroll","background-type":"","background-media":"","overlay-type":"","overlay-color":"","overlay-opacity":"","overlay-gradient":""}},"ast-content-background-meta":{"desktop":{"background-color":"var(--ast-global-color-5)","background-image":"","background-repeat":"repeat","background-position":"center center","background-size":"auto","background-attachment":"scroll","background-type":"","background-media":"","overlay-type":"","overlay-color":"","overlay-opacity":"","overlay-gradient":""},"tablet":{"background-color":"var(--ast-global-color-5)","background-image":"","background-repeat":"repeat","background-position":"center center","background-size":"auto","background-attachment":"scroll","background-type":"","background-media":"","overlay-type":"","overlay-color":"","overlay-opacity":"","overlay-gradient":""},"mobile":{"background-color":"var(--ast-global-color-5)","background-image":"","background-repeat":"repeat","background-position":"center center","background-size":"auto","background-attachment":"scroll","background-type":"","background-media":"","overlay-type":"","overlay-color":"","overlay-opacity":"","overlay-gradient":""}},"footnotes":""},"class_list":["post-888","page","type-page","status-publish","hentry"],"post_mailing_queue_ids":[],"_links":{"self":[{"href":"https:\/\/agora.xtec.cat\/iesaltpenedes\/wp-json\/wp\/v2\/pages\/888","targetHints":{"allow":["GET"]}}],"collection":[{"href":"https:\/\/agora.xtec.cat\/iesaltpenedes\/wp-json\/wp\/v2\/pages"}],"about":[{"href":"https:\/\/agora.xtec.cat\/iesaltpenedes\/wp-json\/wp\/v2\/types\/page"}],"author":[{"embeddable":true,"href":"https:\/\/agora.xtec.cat\/iesaltpenedes\/wp-json\/wp\/v2\/users\/4"}],"replies":[{"embeddable":true,"href":"https:\/\/agora.xtec.cat\/iesaltpenedes\/wp-json\/wp\/v2\/comments?post=888"}],"version-history":[{"count":3,"href":"https:\/\/agora.xtec.cat\/iesaltpenedes\/wp-json\/wp\/v2\/pages\/888\/revisions"}],"predecessor-version":[{"id":3304,"href":"https:\/\/agora.xtec.cat\/iesaltpenedes\/wp-json\/wp\/v2\/pages\/888\/revisions\/3304"}],"up":[{"embeddable":true,"href":"https:\/\/agora.xtec.cat\/iesaltpenedes\/wp-json\/wp\/v2\/pages\/886"}],"wp:attachment":[{"href":"https:\/\/agora.xtec.cat\/iesaltpenedes\/wp-json\/wp\/v2\/media?parent=888"}],"curies":[{"name":"wp","href":"https:\/\/api.w.org\/{rel}","templated":true}]}}