{"id":886,"date":"2024-09-26T09:40:39","date_gmt":"2024-09-26T07:40:39","guid":{"rendered":"https:\/\/agora.xtec.cat\/iesaltpenedes\/?page_id=886"},"modified":"2025-01-16T12:36:03","modified_gmt":"2025-01-16T11:36:03","slug":"departaments","status":"publish","type":"page","link":"https:\/\/agora.xtec.cat\/iesaltpenedes\/projecte-educatiu\/departaments\/","title":{"rendered":"Departaments"},"content":{"rendered":"\n<h2 class=\"wp-block-heading\"><\/h2>\n\n\n\n<div class=\"wp-block-group alignwide is-layout-constrained wp-block-group-is-layout-constrained\">\n<div class=\"wp-block-columns is-layout-flex wp-container-core-columns-is-layout-1 wp-block-columns-is-layout-flex\">\n<div class=\"wp-block-column is-layout-flow wp-block-column-is-layout-flow\" style=\"flex-basis:100%\">\n<figure class=\"wp-block-table alignwide is-style-stripes has-small-font-size\" style=\"margin-top:0;margin-bottom:0;padding-top:0;padding-right:0;padding-bottom:0;padding-left:0\"><table class=\"has-fixed-layout\"><tbody><tr><td class=\"has-text-align-center\" data-align=\"center\"><a href=\"https:\/\/agora.xtec.cat\/iesaltpenedes\/projecte-educatiu\/departaments\/ciencies-de-la-naturalesa\/\"><img loading=\"lazy\" decoding=\"async\" width=\"143\" height=\"107\" class=\"\" src=\"https:\/\/463344365128478901.weebly.com\/uploads\/4\/9\/8\/1\/49816005\/2635160.jpg\"><\/a><br><p><a href=\"https:\/\/agora.xtec.cat\/iesaltpenedes\/projecte-educatiu\/departaments\/ciencies-de-la-naturalesa\/\">Ci\u00e8ncies experimentals<\/a><\/p><\/td><td class=\"has-text-align-center\" data-align=\"center\"><a href=\"https:\/\/agora.xtec.cat\/iesaltpenedes\/projecte-educatiu\/departaments\/orientacio\/\"><img loading=\"lazy\" decoding=\"async\" width=\"175\" height=\"105\" class=\"\" src=\"https:\/\/463344365128478901.weebly.com\/uploads\/4\/9\/8\/1\/49816005\/6806073.jpg\"><\/a><br><p><a href=\"https:\/\/agora.xtec.cat\/iesaltpenedes\/projecte-educatiu\/departaments\/orientacio\/\">Ci\u00e8ncies socials<\/a><\/p><\/td><td class=\"has-text-align-center\" data-align=\"center\"><a href=\"https:\/\/agora.xtec.cat\/iesaltpenedes\/projecte-educatiu\/departaments\/economia\/\"><img loading=\"lazy\" decoding=\"async\" width=\"185\" height=\"102\" class=\"\" src=\"https:\/\/463344365128478901.weebly.com\/uploads\/4\/9\/8\/1\/49816005\/9415828.png\"><\/a><br><p><a href=\"https:\/\/agora.xtec.cat\/iesaltpenedes\/projecte-educatiu\/departaments\/economia\/\">Economia<\/a><\/p><\/td><\/tr><tr><td class=\"has-text-align-center\" data-align=\"center\"><a href=\"https:\/\/agora.xtec.cat\/iesaltpenedes\/projecte-educatiu\/departaments\/educacio-fisica\/\"><img loading=\"lazy\" decoding=\"async\" width=\"151\" height=\"114\" class=\"\" src=\"https:\/\/463344365128478901.weebly.com\/uploads\/4\/9\/8\/1\/49816005\/4997784.jpg\"><\/a><br><p><a href=\"https:\/\/agora.xtec.cat\/iesaltpenedes\/projecte-educatiu\/departaments\/educacio-fisica\/\">Educaci\u00f3 F\u00edsica<\/a><\/p><\/td><td class=\"has-text-align-center\" data-align=\"center\"><a href=\"https:\/\/agora.xtec.cat\/iesaltpenedes\/projecte-educatiu\/departaments\/idiomes\/\"><img loading=\"lazy\" decoding=\"async\" width=\"168\" height=\"113\" class=\"\" src=\"https:\/\/463344365128478901.weebly.com\/uploads\/4\/9\/8\/1\/49816005\/9858448.jpg\"><\/a><br><p><a href=\"https:\/\/agora.xtec.cat\/iesaltpenedes\/projecte-educatiu\/departaments\/idiomes\/\">Idiomes<\/a><\/p><\/td><td class=\"has-text-align-center\" data-align=\"center\"><a href=\"https:\/\/agora.xtec.cat\/iesaltpenedes\/projecte-educatiu\/departaments\/castella\/\"><img loading=\"lazy\" decoding=\"async\" width=\"151\" height=\"125\" class=\"\" src=\"https:\/\/463344365128478901.weebly.com\/uploads\/4\/9\/8\/1\/49816005\/3883121.jpg\"><\/a><br><p><a href=\"https:\/\/agora.xtec.cat\/iesaltpenedes\/projecte-educatiu\/departaments\/castella\/\">Lengua castellana<\/a><\/p><\/td><\/tr><tr><td class=\"has-text-align-center\" data-align=\"center\"><a href=\"https:\/\/agora.xtec.cat\/iesaltpenedes\/projecte-educatiu\/departaments\/catala\/\"><img loading=\"lazy\" decoding=\"async\" width=\"148\" height=\"106\" class=\"\" src=\"https:\/\/463344365128478901.weebly.com\/uploads\/4\/9\/8\/1\/49816005\/5439039.jpg\"><\/a><br><p><a href=\"https:\/\/agora.xtec.cat\/iesaltpenedes\/projecte-educatiu\/departaments\/catala\/\">Llengua catalana<\/a><\/p><\/td><td class=\"has-text-align-center\" data-align=\"center\"><a href=\"https:\/\/agora.xtec.cat\/iesaltpenedes\/projecte-educatiu\/departaments\/matematiques\/\"><img decoding=\"async\" src=\"https:\/\/463344365128478901.weebly.com\/uploads\/4\/9\/8\/1\/49816005\/9488306.png\"><\/a><br><p><a href=\"https:\/\/agora.xtec.cat\/iesaltpenedes\/projecte-educatiu\/departaments\/matematiques\/\">Matem\u00e0tiques<\/a><\/p><\/td><td class=\"has-text-align-center\" data-align=\"center\"><a href=\"https:\/\/agora.xtec.cat\/iesaltpenedes\/projecte-educatiu\/departaments\/musica\/\"><img loading=\"lazy\" decoding=\"async\" width=\"162\" height=\"109\" class=\"\" src=\"https:\/\/463344365128478901.weebly.com\/uploads\/4\/9\/8\/1\/49816005\/1880135.jpg\"><\/a><br><p><a href=\"https:\/\/agora.xtec.cat\/iesaltpenedes\/projecte-educatiu\/departaments\/musica\/\">M\u00fasica<\/a><\/p><\/td><\/tr><tr><td class=\"has-text-align-center\" data-align=\"center\"><a href=\"https:\/\/agora.xtec.cat\/iesaltpenedes\/projecte-educatiu\/departaments\/tecnologia\/\"><img loading=\"lazy\" decoding=\"async\" width=\"158\" height=\"119\" class=\"\" src=\"https:\/\/463344365128478901.weebly.com\/uploads\/4\/9\/8\/1\/49816005\/3012265.jpg\"><\/a><br><p><a href=\"https:\/\/agora.xtec.cat\/iesaltpenedes\/projecte-educatiu\/departaments\/tecnologia\/\">Tecnologia<\/a><\/p><\/td><td class=\"has-text-align-center\" data-align=\"center\"><a href=\"https:\/\/agora.xtec.cat\/iesaltpenedes\/projecte-educatiu\/departaments\/visual-i-plastica\/\"><img loading=\"lazy\" decoding=\"async\" width=\"158\" height=\"97\" class=\"\" src=\"https:\/\/463344365128478901.weebly.com\/uploads\/4\/9\/8\/1\/49816005\/7516531.jpg\"><\/a><br><p><a href=\"https:\/\/agora.xtec.cat\/iesaltpenedes\/projecte-educatiu\/departaments\/visual-i-plastica\/\">Visual i pl\u00e0stica<\/a><\/p><\/td><td class=\"has-text-align-center\" data-align=\"center\"><a href=\"https:\/\/agora.xtec.cat\/iesaltpenedes\/projecte-educatiu\/departaments\/orientacio-2\/\"><img loading=\"lazy\" decoding=\"async\" width=\"147\" height=\"117\" class=\"\" src=\"https:\/\/463344365128478901.weebly.com\/uploads\/4\/9\/8\/1\/49816005\/6500127.jpg\"><\/a><br><p><a href=\"https:\/\/agora.xtec.cat\/iesaltpenedes\/projecte-educatiu\/departaments\/orientacio-2\/\">Orientaci\u00f3<\/a><\/p><\/td><\/tr><tr><td class=\"has-text-align-center\" data-align=\"center\"><a href=\"https:\/\/agora.xtec.cat\/iesaltpenedes\/projecte-educatiu\/departaments\/electricitat-i-electronica\/\"><img loading=\"lazy\" decoding=\"async\" width=\"171\" height=\"115\" class=\"\" src=\"https:\/\/463344365128478901.weebly.com\/uploads\/4\/9\/8\/1\/49816005\/2312600.jpg\"><\/a><br><p><a href=\"https:\/\/agora.xtec.cat\/iesaltpenedes\/projecte-educatiu\/departaments\/electricitat-i-electronica\/\">Electricitat i electr\u00f2nica<\/a><\/p><\/td><td class=\"has-text-align-center\" data-align=\"center\"><a href=\"https:\/\/agora.xtec.cat\/iesaltpenedes\/projecte-educatiu\/departaments\/mecanitzacio-i-mecatronica\/\"><img loading=\"lazy\" decoding=\"async\" width=\"198\" height=\"102\" class=\"\" src=\"https:\/\/463344365128478901.weebly.com\/uploads\/4\/9\/8\/1\/49816005\/845020.png\"><\/a><br><p><a href=\"https:\/\/agora.xtec.cat\/iesaltpenedes\/projecte-educatiu\/departaments\/mecanitzacio-i-mecatronica\/\">Mecanitzaci\u00f3 i mecatr\u00f2nica<\/a><\/p><\/td><td class=\"has-text-align-center\" data-align=\"center\">&nbsp;<\/td><\/tr><\/tbody><\/table><\/figure>\n<\/div>\n<\/div>\n<\/div>\n","protected":false},"excerpt":{"rendered":"<p>Ci\u00e8ncies experimentals Ci\u00e8ncies socials Economia Educaci\u00f3 F\u00edsica Idiomes Lengua castellana Llengua catalana Matem\u00e0tiques M\u00fasica Tecnologia Visual i pl\u00e0stica Orientaci\u00f3 Electricitat [&hellip;]<\/p>\n","protected":false},"author":4,"featured_media":0,"parent":57,"menu_order":0,"comment_status":"closed","ping_status":"closed","template":"","meta":{"_bbp_topic_count":0,"_bbp_reply_count":0,"_bbp_total_topic_count":0,"_bbp_total_reply_count":0,"_bbp_voice_count":0,"_bbp_anonymous_reply_count":0,"_bbp_topic_count_hidden":0,"_bbp_reply_count_hidden":0,"_bbp_forum_subforum_count":0,"site-sidebar-layout":"default","site-content-layout":"","ast-site-content-layout":"default","site-content-style":"default","site-sidebar-style":"default","ast-global-header-display":"","ast-banner-title-visibility":"","ast-main-header-display":"","ast-hfb-above-header-display":"","ast-hfb-below-header-display":"","ast-hfb-mobile-header-display":"","site-post-title":"","ast-breadcrumbs-content":"","ast-featured-img":"","footer-sml-layout":"","theme-transparent-header-meta":"","adv-header-id-meta":"","stick-header-meta":"","header-above-stick-meta":"","header-main-stick-meta":"","header-below-stick-meta":"","astra-migrate-meta-layouts":"set","ast-page-background-enabled":"default","ast-page-background-meta":{"desktop":{"background-color":"var(--ast-global-color-4)","background-image":"","background-repeat":"repeat","background-position":"center center","background-size":"auto","background-attachment":"scroll","background-type":"","background-media":"","overlay-type":"","overlay-color":"","overlay-opacity":"","overlay-gradient":""},"tablet":{"background-color":"","background-image":"","background-repeat":"repeat","background-position":"center center","background-size":"auto","background-attachment":"scroll","background-type":"","background-media":"","overlay-type":"","overlay-color":"","overlay-opacity":"","overlay-gradient":""},"mobile":{"background-color":"","background-image":"","background-repeat":"repeat","background-position":"center center","background-size":"auto","background-attachment":"scroll","background-type":"","background-media":"","overlay-type":"","overlay-color":"","overlay-opacity":"","overlay-gradient":""}},"ast-content-background-meta":{"desktop":{"background-color":"var(--ast-global-color-5)","background-image":"","background-repeat":"repeat","background-position":"center center","background-size":"auto","background-attachment":"scroll","background-type":"","background-media":"","overlay-type":"","overlay-color":"","overlay-opacity":"","overlay-gradient":""},"tablet":{"background-color":"var(--ast-global-color-5)","background-image":"","background-repeat":"repeat","background-position":"center center","background-size":"auto","background-attachment":"scroll","background-type":"","background-media":"","overlay-type":"","overlay-color":"","overlay-opacity":"","overlay-gradient":""},"mobile":{"background-color":"var(--ast-global-color-5)","background-image":"","background-repeat":"repeat","background-position":"center center","background-size":"auto","background-attachment":"scroll","background-type":"","background-media":"","overlay-type":"","overlay-color":"","overlay-opacity":"","overlay-gradient":""}},"footnotes":""},"class_list":["post-886","page","type-page","status-publish","hentry"],"post_mailing_queue_ids":[],"_links":{"self":[{"href":"https:\/\/agora.xtec.cat\/iesaltpenedes\/wp-json\/wp\/v2\/pages\/886","targetHints":{"allow":["GET"]}}],"collection":[{"href":"https:\/\/agora.xtec.cat\/iesaltpenedes\/wp-json\/wp\/v2\/pages"}],"about":[{"href":"https:\/\/agora.xtec.cat\/iesaltpenedes\/wp-json\/wp\/v2\/types\/page"}],"author":[{"embeddable":true,"href":"https:\/\/agora.xtec.cat\/iesaltpenedes\/wp-json\/wp\/v2\/users\/4"}],"replies":[{"embeddable":true,"href":"https:\/\/agora.xtec.cat\/iesaltpenedes\/wp-json\/wp\/v2\/comments?post=886"}],"version-history":[{"count":6,"href":"https:\/\/agora.xtec.cat\/iesaltpenedes\/wp-json\/wp\/v2\/pages\/886\/revisions"}],"predecessor-version":[{"id":1712,"href":"https:\/\/agora.xtec.cat\/iesaltpenedes\/wp-json\/wp\/v2\/pages\/886\/revisions\/1712"}],"up":[{"embeddable":true,"href":"https:\/\/agora.xtec.cat\/iesaltpenedes\/wp-json\/wp\/v2\/pages\/57"}],"wp:attachment":[{"href":"https:\/\/agora.xtec.cat\/iesaltpenedes\/wp-json\/wp\/v2\/media?parent=886"}],"curies":[{"name":"wp","href":"https:\/\/api.w.org\/{rel}","templated":true}]}}