{"id":822,"date":"2024-09-24T11:42:20","date_gmt":"2024-09-24T09:42:20","guid":{"rendered":"https:\/\/agora.xtec.cat\/iesaltpenedes\/?page_id=822"},"modified":"2025-05-29T14:15:53","modified_gmt":"2025-05-29T12:15:53","slug":"acords-claustre-i-ce","status":"publish","type":"page","link":"https:\/\/agora.xtec.cat\/iesaltpenedes\/linstitut\/cultura-digital\/acords-claustre-i-ce\/","title":{"rendered":"Acords de claustre i CE"},"content":{"rendered":"<div style=\"text-align: justify;\">\n<p>La cultura digital apareix en pr\u00e0cticament tots els documents estrat\u00e8gics del centre. A continuaci\u00f3 es remarquen els aspectes m\u00e9s importants de cadascun d&#8217;aquests.<\/p>\n<\/div>\n<div><\/div>\n<h3 style=\"text-align: justify;\">PEC<\/h3>\n<div style=\"text-align: justify;\">\n<p>En l&#8217;apartat de la visi\u00f3 del centre, dins els trets d&#8217;identitat del\u00a0<a href=\"https:\/\/463344365128478901.weebly.com\/uploads\/4\/9\/8\/1\/49816005\/pec_2023_definitiu.pdf\" target=\"_blank\" rel=\"noopener\">PEC<\/a>, destaquen els punts seg\u00fcents:<\/p>\n<ol>\n<li>L\u2019assoliment d\u2019un nivell de compet\u00e8ncia digital de l\u2019alumnat i el professorat adequat a les necessitats\u00a0de la societat actual i futura.<\/li>\n<li>L\u2019afavoriment de la inclusi\u00f3 digital de tot l\u2019alumnat.<\/li>\n<li>L\u2019assoliment d\u2019una maduresa tecnol\u00f2gica de centre que permeti la implantaci\u00f3 de les TIC en els processos d\u2019aprenentatge de l\u2019alumnat.<\/li>\n<\/ol>\n<p>En altres paraules, un dels principals objectius del\u00a0<a href=\"https:\/\/463344365128478901.weebly.com\/uploads\/4\/9\/8\/1\/49816005\/pec_2023_definitiu.pdf\" target=\"_blank\" rel=\"noopener\">PEC<\/a>\u00a0\u00e9s l&#8217;aplicaci\u00f3 de mesures d&#8217;innovaci\u00f3, eines de suport pedag\u00f2gic i metodologies diverses, incloses les tecnologies per a l&#8217;aprenentatge i el coneixement, que facilitin l&#8217;ensenyament-aprenentatge, aix\u00ed com l&#8217;assoliment de les compet\u00e8ncies b\u00e0siques, les compet\u00e8ncies transversals i les compet\u00e8ncies professionals.<\/p>\n<p>A m\u00e9s a m\u00e9s, les accions clau a desenvolupar es fonamenten en la innovaci\u00f3 en tecnologies d&#8217;aprenentatge i comunicaci\u00f3, afavorint que els professors i professores introdueixin en la seva feina millores i innovacions d&#8217;aquest \u00e0mbit.<\/p>\n<\/div>\n<div><\/div>\n<h3 style=\"text-align: justify;\">NOFC<\/h3>\n<div style=\"text-align: justify;\">\n<p>Aquestes normes es contemplen principalment en els seg\u00fcents apartats:<\/p>\n<ol>\n<li>Funcions del\u00a0coordinador o coordinadora digital i de la comissi\u00f3 digital del centre.<\/li>\n<li>Normativa de conviv\u00e8ncia, especialment pel que fa a l&#8217;\u00fas d&#8217;aparells\u00a0electr\u00f2nics, m\u00f2bils i acc\u00e9s a responsable a internet.<\/li>\n<\/ol>\n<\/div>\n<h3 style=\"text-align: justify;\">Projecte de direcci\u00f3<\/h3>\n<div><\/div>\n<div style=\"text-align: justify;\">\n<p>Aquest document defineix, com a estrat\u00e8gia per ajudar a la millora dels resultats educatius, la potenciaci\u00f3 de l&#8217;\u00fas de les tecnologies digitals a l&#8217;aula, que es concreta amb les actuacions:<\/p>\n<ol>\n<li>Mantenir els recursos humans actuals per facilitar el manteniment dels equipaments digitals.<\/li>\n<li>Crear un Pla d&#8217;estrat\u00e8gia digital per cobrir les necessitats actuals i futures d&#8217;aquest \u00e0mbit.<\/li>\n<li>Facilitar la formaci\u00f3 en eines digitals al professorat que en tingui necessitat.<\/li>\n<li>Crear un equip de millora que fomenti l\u2019\u00fas a l&#8217;aula de metodologies basades en eines digitals.<\/li>\n<\/ol>\n<\/div>\n<div>\n<div style=\"text-align: justify;\"><a href=\"https:\/\/educacio.gencat.cat\/ca\/inici\/index.html\"><img loading=\"lazy\" decoding=\"async\" class=\"aligncenter wp-image-2601 size-full\" src=\"https:\/\/agora.xtec.cat\/iesaltpenedes\/wp-content\/uploads\/usu1207\/2025\/05\/logo_Educ_FP.png\" alt=\"\" width=\"342\" height=\"77\" srcset=\"https:\/\/agora.xtec.cat\/iesaltpenedes\/wp-content\/uploads\/usu1207\/2025\/05\/logo_Educ_FP.png 342w, https:\/\/agora.xtec.cat\/iesaltpenedes\/wp-content\/uploads\/usu1207\/2025\/05\/logo_Educ_FP-300x68.png 300w\" sizes=\"auto, (max-width: 342px) 100vw, 342px\" \/><\/a><\/div>\n<\/div>\n","protected":false},"excerpt":{"rendered":"<p>La cultura digital apareix en pr\u00e0cticament tots els documents estrat\u00e8gics del centre. A continuaci\u00f3 es remarquen els aspectes m\u00e9s importants [&hellip;]<\/p>\n","protected":false},"author":6,"featured_media":0,"parent":726,"menu_order":2,"comment_status":"closed","ping_status":"closed","template":"","meta":{"_bbp_topic_count":0,"_bbp_reply_count":0,"_bbp_total_topic_count":0,"_bbp_total_reply_count":0,"_bbp_voice_count":0,"_bbp_anonymous_reply_count":0,"_bbp_topic_count_hidden":0,"_bbp_reply_count_hidden":0,"_bbp_forum_subforum_count":0,"site-sidebar-layout":"default","site-content-layout":"","ast-site-content-layout":"default","site-content-style":"default","site-sidebar-style":"default","ast-global-header-display":"","ast-banner-title-visibility":"","ast-main-header-display":"","ast-hfb-above-header-display":"","ast-hfb-below-header-display":"","ast-hfb-mobile-header-display":"","site-post-title":"","ast-breadcrumbs-content":"","ast-featured-img":"","footer-sml-layout":"","theme-transparent-header-meta":"default","adv-header-id-meta":"","stick-header-meta":"","header-above-stick-meta":"","header-main-stick-meta":"","header-below-stick-meta":"","astra-migrate-meta-layouts":"set","ast-page-background-enabled":"default","ast-page-background-meta":{"desktop":{"background-color":"var(--ast-global-color-4)","background-image":"","background-repeat":"repeat","background-position":"center center","background-size":"auto","background-attachment":"scroll","background-type":"","background-media":"","overlay-type":"","overlay-color":"","overlay-opacity":"","overlay-gradient":""},"tablet":{"background-color":"","background-image":"","background-repeat":"repeat","background-position":"center center","background-size":"auto","background-attachment":"scroll","background-type":"","background-media":"","overlay-type":"","overlay-color":"","overlay-opacity":"","overlay-gradient":""},"mobile":{"background-color":"","background-image":"","background-repeat":"repeat","background-position":"center center","background-size":"auto","background-attachment":"scroll","background-type":"","background-media":"","overlay-type":"","overlay-color":"","overlay-opacity":"","overlay-gradient":""}},"ast-content-background-meta":{"desktop":{"background-color":"var(--ast-global-color-5)","background-image":"","background-repeat":"repeat","background-position":"center center","background-size":"auto","background-attachment":"scroll","background-type":"","background-media":"","overlay-type":"","overlay-color":"","overlay-opacity":"","overlay-gradient":""},"tablet":{"background-color":"var(--ast-global-color-5)","background-image":"","background-repeat":"repeat","background-position":"center center","background-size":"auto","background-attachment":"scroll","background-type":"","background-media":"","overlay-type":"","overlay-color":"","overlay-opacity":"","overlay-gradient":""},"mobile":{"background-color":"var(--ast-global-color-5)","background-image":"","background-repeat":"repeat","background-position":"center center","background-size":"auto","background-attachment":"scroll","background-type":"","background-media":"","overlay-type":"","overlay-color":"","overlay-opacity":"","overlay-gradient":""}},"footnotes":""},"class_list":["post-822","page","type-page","status-publish","hentry"],"post_mailing_queue_ids":[],"_links":{"self":[{"href":"https:\/\/agora.xtec.cat\/iesaltpenedes\/wp-json\/wp\/v2\/pages\/822","targetHints":{"allow":["GET"]}}],"collection":[{"href":"https:\/\/agora.xtec.cat\/iesaltpenedes\/wp-json\/wp\/v2\/pages"}],"about":[{"href":"https:\/\/agora.xtec.cat\/iesaltpenedes\/wp-json\/wp\/v2\/types\/page"}],"author":[{"embeddable":true,"href":"https:\/\/agora.xtec.cat\/iesaltpenedes\/wp-json\/wp\/v2\/users\/6"}],"replies":[{"embeddable":true,"href":"https:\/\/agora.xtec.cat\/iesaltpenedes\/wp-json\/wp\/v2\/comments?post=822"}],"version-history":[{"count":5,"href":"https:\/\/agora.xtec.cat\/iesaltpenedes\/wp-json\/wp\/v2\/pages\/822\/revisions"}],"predecessor-version":[{"id":2603,"href":"https:\/\/agora.xtec.cat\/iesaltpenedes\/wp-json\/wp\/v2\/pages\/822\/revisions\/2603"}],"up":[{"embeddable":true,"href":"https:\/\/agora.xtec.cat\/iesaltpenedes\/wp-json\/wp\/v2\/pages\/726"}],"wp:attachment":[{"href":"https:\/\/agora.xtec.cat\/iesaltpenedes\/wp-json\/wp\/v2\/media?parent=822"}],"curies":[{"name":"wp","href":"https:\/\/api.w.org\/{rel}","templated":true}]}}