{"id":820,"date":"2024-09-24T11:41:49","date_gmt":"2024-09-24T09:41:49","guid":{"rendered":"https:\/\/agora.xtec.cat\/iesaltpenedes\/?page_id=820"},"modified":"2025-06-05T08:04:18","modified_gmt":"2025-06-05T06:04:18","slug":"desplegament-cda","status":"publish","type":"page","link":"https:\/\/agora.xtec.cat\/iesaltpenedes\/linstitut\/cultura-digital\/desplegament-cda\/","title":{"rendered":"Desplegament CDA"},"content":{"rendered":"<div id=\"main-wrap\">\n<div class=\"container\">\n<div id=\"wsite-content\" class=\"wsite-elements wsite-not-footer\">\n<p style=\"text-align: justify;\">L\u2019assoliment de la compet\u00e8ncia digital de l\u2019alumnat (CDA) \u00e9s un dels objectius principals de l\u2019estrat\u00e8gia digital del centre (EDC).<\/p>\n<p style=\"text-align: justify;\"><span style=\"font-size: revert; background-color: rgba(0, 0, 0, 0); font-weight: inherit;\">La compet\u00e8ncia digital de l\u2019alumnat \u00e9s una compet\u00e8ncia transversal i clau en l\u2019educaci\u00f3 actual, definida pel curr\u00edculum catal\u00e0 i alineada amb el marc europeu DigComp. El seu desplegament implica una planificaci\u00f3 global, accions concretes a l\u2019aula i avaluaci\u00f3 col\u00b7legiada, tot integrant activitats contextualitzades i pr\u00e0ctiques dins les diferents \u00e0rees i mat\u00e8ries.<\/span><\/p>\n<\/div>\n<p style=\"text-align: justify;\">El desplegament de la compet\u00e8ncia digital de l\u2019alumnat implica treballar, de manera transversal i progressiva, les diferents \u00e0rees digitals, mitjan\u00e7ant activitats pr\u00e0ctiques adaptades a cada etapa educativa i integrades en el curr\u00edculum. L\u2019objectiu \u00e9s capacitar l\u2019alumnat per fer un \u00fas cr\u00edtic, creatiu, segur i responsable de la tecnologia, tot afavorint l\u2019aprenentatge actiu i la participaci\u00f3 en la societat digital.<\/p>\n<p style=\"text-align: justify;\"><span style=\"font-size: revert; background-color: rgba(0, 0, 0, 0); font-weight: inherit;\">Per tot plegat, el centre ha planificat el seu desplegament i la seva avaluaci\u00f3 en els diferents nivells i cursos a partir de les seg\u00fcents activitats i compet\u00e8ncies espec\u00edfiques:<\/span><\/p>\n<\/div>\n<div class=\"container\">\n<div id=\"wsite-content\" class=\"wsite-elements wsite-not-footer\">\n<div style=\"text-align: justify;\">\n<div>\n<table style=\"border-collapse: collapse; width: 100%;\">\n<tbody>\n<tr>\n<td style=\"width: 17.2562%;\"><\/td>\n<td style=\"width: 23.6616%;\"><img loading=\"lazy\" decoding=\"async\" class=\"alignnone wp-image-2529 alignright\" src=\"https:\/\/agora.xtec.cat\/iesaltpenedes\/wp-content\/uploads\/usu1207\/2025\/05\/logo_CD.png\" alt=\"\" width=\"109\" height=\"147\" srcset=\"https:\/\/agora.xtec.cat\/iesaltpenedes\/wp-content\/uploads\/usu1207\/2025\/05\/logo_CD.png 458w, https:\/\/agora.xtec.cat\/iesaltpenedes\/wp-content\/uploads\/usu1207\/2025\/05\/logo_CD-222x300.png 222w\" sizes=\"auto, (max-width: 109px) 100vw, 109px\" \/><\/td>\n<td style=\"width: 6.26197%;\"><\/td>\n<td style=\"width: 52.8202%;\">\n<ul>\n<li><a href=\"https:\/\/drive.google.com\/file\/d\/1kRfmJKkjl4nC0jb8OJuvbvZRXWHoOsF0\/view?usp=drive_link\">1r d&#8217;ESO<\/a><\/li>\n<li><a href=\"https:\/\/drive.google.com\/file\/d\/1cDGoQ1tDr4r5Ju9c0al83fYRLyWRIxYO\/view?usp=drive_link\">2n d&#8217;ESO<\/a><\/li>\n<li><a href=\"https:\/\/drive.google.com\/file\/d\/1lO7SEu48yGkcts9VYC2mx8_TGRxeTHZE\/view?usp=drive_link\">3r d&#8217;ESO<\/a><\/li>\n<li><a href=\"https:\/\/drive.google.com\/file\/d\/1iUHt1ffOm0FuCfht9KPLRbGZ9TVf1alC\/view?usp=drive_link\">4t d&#8217;ESO<\/a><\/li>\n<\/ul>\n<\/td>\n<\/tr>\n<\/tbody>\n<\/table>\n<\/div>\n<div style=\"text-align: center;\"><\/div>\n<\/div>\n<\/div>\n<\/div>\n<\/div>\n","protected":false},"excerpt":{"rendered":"<p>L\u2019assoliment de la compet\u00e8ncia digital de l\u2019alumnat (CDA) \u00e9s un dels objectius principals de l\u2019estrat\u00e8gia digital del centre (EDC). La [&hellip;]<\/p>\n","protected":false},"author":6,"featured_media":0,"parent":726,"menu_order":1,"comment_status":"closed","ping_status":"closed","template":"","meta":{"_bbp_topic_count":0,"_bbp_reply_count":0,"_bbp_total_topic_count":0,"_bbp_total_reply_count":0,"_bbp_voice_count":0,"_bbp_anonymous_reply_count":0,"_bbp_topic_count_hidden":0,"_bbp_reply_count_hidden":0,"_bbp_forum_subforum_count":0,"site-sidebar-layout":"default","site-content-layout":"","ast-site-content-layout":"default","site-content-style":"default","site-sidebar-style":"default","ast-global-header-display":"","ast-banner-title-visibility":"","ast-main-header-display":"","ast-hfb-above-header-display":"","ast-hfb-below-header-display":"","ast-hfb-mobile-header-display":"","site-post-title":"","ast-breadcrumbs-content":"","ast-featured-img":"","footer-sml-layout":"","theme-transparent-header-meta":"","adv-header-id-meta":"","stick-header-meta":"","header-above-stick-meta":"","header-main-stick-meta":"","header-below-stick-meta":"","astra-migrate-meta-layouts":"set","ast-page-background-enabled":"default","ast-page-background-meta":{"desktop":{"background-color":"var(--ast-global-color-4)","background-image":"","background-repeat":"repeat","background-position":"center center","background-size":"auto","background-attachment":"scroll","background-type":"","background-media":"","overlay-type":"","overlay-color":"","overlay-opacity":"","overlay-gradient":""},"tablet":{"background-color":"","background-image":"","background-repeat":"repeat","background-position":"center center","background-size":"auto","background-attachment":"scroll","background-type":"","background-media":"","overlay-type":"","overlay-color":"","overlay-opacity":"","overlay-gradient":""},"mobile":{"background-color":"","background-image":"","background-repeat":"repeat","background-position":"center center","background-size":"auto","background-attachment":"scroll","background-type":"","background-media":"","overlay-type":"","overlay-color":"","overlay-opacity":"","overlay-gradient":""}},"ast-content-background-meta":{"desktop":{"background-color":"var(--ast-global-color-5)","background-image":"","background-repeat":"repeat","background-position":"center center","background-size":"auto","background-attachment":"scroll","background-type":"","background-media":"","overlay-type":"","overlay-color":"","overlay-opacity":"","overlay-gradient":""},"tablet":{"background-color":"var(--ast-global-color-5)","background-image":"","background-repeat":"repeat","background-position":"center center","background-size":"auto","background-attachment":"scroll","background-type":"","background-media":"","overlay-type":"","overlay-color":"","overlay-opacity":"","overlay-gradient":""},"mobile":{"background-color":"var(--ast-global-color-5)","background-image":"","background-repeat":"repeat","background-position":"center center","background-size":"auto","background-attachment":"scroll","background-type":"","background-media":"","overlay-type":"","overlay-color":"","overlay-opacity":"","overlay-gradient":""}},"footnotes":""},"class_list":["post-820","page","type-page","status-publish","hentry"],"post_mailing_queue_ids":[],"_links":{"self":[{"href":"https:\/\/agora.xtec.cat\/iesaltpenedes\/wp-json\/wp\/v2\/pages\/820","targetHints":{"allow":["GET"]}}],"collection":[{"href":"https:\/\/agora.xtec.cat\/iesaltpenedes\/wp-json\/wp\/v2\/pages"}],"about":[{"href":"https:\/\/agora.xtec.cat\/iesaltpenedes\/wp-json\/wp\/v2\/types\/page"}],"author":[{"embeddable":true,"href":"https:\/\/agora.xtec.cat\/iesaltpenedes\/wp-json\/wp\/v2\/users\/6"}],"replies":[{"embeddable":true,"href":"https:\/\/agora.xtec.cat\/iesaltpenedes\/wp-json\/wp\/v2\/comments?post=820"}],"version-history":[{"count":6,"href":"https:\/\/agora.xtec.cat\/iesaltpenedes\/wp-json\/wp\/v2\/pages\/820\/revisions"}],"predecessor-version":[{"id":2659,"href":"https:\/\/agora.xtec.cat\/iesaltpenedes\/wp-json\/wp\/v2\/pages\/820\/revisions\/2659"}],"up":[{"embeddable":true,"href":"https:\/\/agora.xtec.cat\/iesaltpenedes\/wp-json\/wp\/v2\/pages\/726"}],"wp:attachment":[{"href":"https:\/\/agora.xtec.cat\/iesaltpenedes\/wp-json\/wp\/v2\/media?parent=820"}],"curies":[{"name":"wp","href":"https:\/\/api.w.org\/{rel}","templated":true}]}}