{"id":816,"date":"2024-09-24T11:40:51","date_gmt":"2024-09-24T09:40:51","guid":{"rendered":"https:\/\/agora.xtec.cat\/iesaltpenedes\/?page_id=816"},"modified":"2025-05-21T13:19:52","modified_gmt":"2025-05-21T11:19:52","slug":"avaluacio","status":"publish","type":"page","link":"https:\/\/agora.xtec.cat\/iesaltpenedes\/linstitut\/estrategia-digital\/avaluacio\/","title":{"rendered":"Avaluaci\u00f3"},"content":{"rendered":"<p style=\"text-align: justify;\">L\u2019avaluaci\u00f3, entesa com un proc\u00e9s de millora cont\u00ednua, \u00e9s\u00a0un projecte viu que es va modificant en funci\u00f3 de la realitat i els resultats.<\/p>\n<div style=\"text-align: justify;\">\n<p><a><img decoding=\"async\" class=\"aligncenter\" src=\"https:\/\/463344365128478901.weebly.com\/uploads\/4\/9\/8\/1\/49816005\/published\/logo-avaluaci.jpg?1685698757\" alt=\"Foto\" \/><\/a><\/p>\n<\/div>\n<div class=\"paragraph\">\n<p>No obstant aix\u00f2, l&#8217;avaluaci\u00f3 pot ser dividida en tres tipologies:<\/p>\n<ol>\n<li style=\"text-align: justify;\"><strong>Avaluaci\u00f3 continuada:<\/strong> es realitza mitjan\u00e7ant el seguiment i revisi\u00f3 de les diferents activitats planificades per determinar el seu grau d\u2019assoliment\u00a0a partir dels corresponents criteris. Aquesta la du a terme\u00a0la persona responsable, indicada\u00a0en la\u00a0fitxa de les activitats, en el moment de finalitzaci\u00f3 de l\u2019activitat.\u200b<\/li>\n<li style=\"text-align: justify;\"><strong>Avaluaci\u00f3 anual:<\/strong> els objectius temporitzats per al per\u00edode anual\u00a0s\u2019incorporen a la Programaci\u00f3 General Anual de Centre (PGAC). En finalitzar el per\u00edode escolar, l\u2019equip directiu, mitjan\u00e7ant la Mem\u00f2ria Anual, far\u00e0 el seguiment i recull de les evid\u00e8ncies d&#8217;assoliment dels objectius. Aquesta tasca \u00e9s\u00a0liderada per la comissi\u00f3 digital, que aprofitar\u00e0 per revisar els objectius establerts per al curs actual i el seg\u00fcent i, si s&#8217;escau, modificar-los.<\/li>\n<li style=\"text-align: justify;\"><strong>Avaluaci\u00f3 final:<\/strong> quan l\u2019EDC estigui\u00a0arribant al final de la seva planificaci\u00f3, temporitzada segons es documenta a l&#8217;apartat &#8220;Planificaci\u00f3&#8221;, es recolliran totes les avaluacions anuals per tal de prendre una decisi\u00f3 en el si\u00a0de l\u2019equip directiu. Les fases\u00a0s\u00f3n: actualitzar-la, plantejar-ne\u00a0una nova diagnosi i iniciar un nou pla o modificar-ne l\u2019existent a partir de les darreres de qu\u00e8 es disposa.<\/li>\n<\/ol>\n<\/div>\n","protected":false},"excerpt":{"rendered":"<p>L\u2019avaluaci\u00f3, entesa com un proc\u00e9s de millora cont\u00ednua, \u00e9s\u00a0un projecte viu que es va modificant en funci\u00f3 de la realitat [&hellip;]<\/p>\n","protected":false},"author":6,"featured_media":0,"parent":724,"menu_order":3,"comment_status":"closed","ping_status":"closed","template":"page-templates\/side-menu.php","meta":{"_bbp_topic_count":0,"_bbp_reply_count":0,"_bbp_total_topic_count":0,"_bbp_total_reply_count":0,"_bbp_voice_count":0,"_bbp_anonymous_reply_count":0,"_bbp_topic_count_hidden":0,"_bbp_reply_count_hidden":0,"_bbp_forum_subforum_count":0,"site-sidebar-layout":"default","site-content-layout":"","ast-site-content-layout":"default","site-content-style":"default","site-sidebar-style":"default","ast-global-header-display":"","ast-banner-title-visibility":"","ast-main-header-display":"","ast-hfb-above-header-display":"","ast-hfb-below-header-display":"","ast-hfb-mobile-header-display":"","site-post-title":"","ast-breadcrumbs-content":"","ast-featured-img":"","footer-sml-layout":"","theme-transparent-header-meta":"","adv-header-id-meta":"","stick-header-meta":"","header-above-stick-meta":"","header-main-stick-meta":"","header-below-stick-meta":"","astra-migrate-meta-layouts":"set","ast-page-background-enabled":"default","ast-page-background-meta":{"desktop":{"background-color":"var(--ast-global-color-4)","background-image":"","background-repeat":"repeat","background-position":"center center","background-size":"auto","background-attachment":"scroll","background-type":"","background-media":"","overlay-type":"","overlay-color":"","overlay-opacity":"","overlay-gradient":""},"tablet":{"background-color":"","background-image":"","background-repeat":"repeat","background-position":"center center","background-size":"auto","background-attachment":"scroll","background-type":"","background-media":"","overlay-type":"","overlay-color":"","overlay-opacity":"","overlay-gradient":""},"mobile":{"background-color":"","background-image":"","background-repeat":"repeat","background-position":"center center","background-size":"auto","background-attachment":"scroll","background-type":"","background-media":"","overlay-type":"","overlay-color":"","overlay-opacity":"","overlay-gradient":""}},"ast-content-background-meta":{"desktop":{"background-color":"var(--ast-global-color-5)","background-image":"","background-repeat":"repeat","background-position":"center center","background-size":"auto","background-attachment":"scroll","background-type":"","background-media":"","overlay-type":"","overlay-color":"","overlay-opacity":"","overlay-gradient":""},"tablet":{"background-color":"var(--ast-global-color-5)","background-image":"","background-repeat":"repeat","background-position":"center center","background-size":"auto","background-attachment":"scroll","background-type":"","background-media":"","overlay-type":"","overlay-color":"","overlay-opacity":"","overlay-gradient":""},"mobile":{"background-color":"var(--ast-global-color-5)","background-image":"","background-repeat":"repeat","background-position":"center center","background-size":"auto","background-attachment":"scroll","background-type":"","background-media":"","overlay-type":"","overlay-color":"","overlay-opacity":"","overlay-gradient":""}},"footnotes":""},"class_list":["post-816","page","type-page","status-publish","hentry"],"post_mailing_queue_ids":[],"_links":{"self":[{"href":"https:\/\/agora.xtec.cat\/iesaltpenedes\/wp-json\/wp\/v2\/pages\/816","targetHints":{"allow":["GET"]}}],"collection":[{"href":"https:\/\/agora.xtec.cat\/iesaltpenedes\/wp-json\/wp\/v2\/pages"}],"about":[{"href":"https:\/\/agora.xtec.cat\/iesaltpenedes\/wp-json\/wp\/v2\/types\/page"}],"author":[{"embeddable":true,"href":"https:\/\/agora.xtec.cat\/iesaltpenedes\/wp-json\/wp\/v2\/users\/6"}],"replies":[{"embeddable":true,"href":"https:\/\/agora.xtec.cat\/iesaltpenedes\/wp-json\/wp\/v2\/comments?post=816"}],"version-history":[{"count":5,"href":"https:\/\/agora.xtec.cat\/iesaltpenedes\/wp-json\/wp\/v2\/pages\/816\/revisions"}],"predecessor-version":[{"id":2559,"href":"https:\/\/agora.xtec.cat\/iesaltpenedes\/wp-json\/wp\/v2\/pages\/816\/revisions\/2559"}],"up":[{"embeddable":true,"href":"https:\/\/agora.xtec.cat\/iesaltpenedes\/wp-json\/wp\/v2\/pages\/724"}],"wp:attachment":[{"href":"https:\/\/agora.xtec.cat\/iesaltpenedes\/wp-json\/wp\/v2\/media?parent=816"}],"curies":[{"name":"wp","href":"https:\/\/api.w.org\/{rel}","templated":true}]}}