{"id":812,"date":"2024-09-24T11:39:29","date_gmt":"2024-09-24T09:39:29","guid":{"rendered":"https:\/\/agora.xtec.cat\/iesaltpenedes\/?page_id=812"},"modified":"2025-06-09T08:45:43","modified_gmt":"2025-06-09T06:45:43","slug":"objectius","status":"publish","type":"page","link":"https:\/\/agora.xtec.cat\/iesaltpenedes\/linstitut\/estrategia-digital\/objectius\/","title":{"rendered":"Objectius"},"content":{"rendered":"<h3 style=\"text-align: justify;\">1. Actualitzar, modificar i crear documentaci\u00f3 de centre per a la millora de la compet\u00e8ncia digital de l&#8217;alumnat i gesti\u00f3 del centre en l\u2019\u00fas de les TIC.<\/h3>\n<ol style=\"text-align: justify;\">\n<li>Revisi\u00f3 del PEC.<\/li>\n<li>Revisi\u00f3 de les NOFC.<\/li>\n<li>Revisi\u00f3 de la seq\u00fcenciaci\u00f3 de la compet\u00e8ncia digital de l\u2019alumnat entre tot el professorat.<\/li>\n<li>Revisi\u00f3 dels mecanismes per avaluar l&#8217;assoliment de la compet\u00e8ncia digital.<\/li>\n<li>Actualitzaci\u00f3 de l\u2019estrat\u00e8gia digital a la web.<\/li>\n<\/ol>\n<h3 style=\"text-align: justify;\">2. Posar a l&#8217;abast del professorat recursos TAC per a la seva pr\u00e0ctica docent.<\/h3>\n<ol style=\"text-align: justify;\">\n<li>Revisi\u00f3 del repositori amb els recursos acordats per a cada tipus de tasca.<\/li>\n<li>Motivaci\u00f3 del professorat a utilitzar aquests recursos TAC.<\/li>\n<li>Formaci\u00f3 de claustre de forma conjunta.<\/li>\n<li>Millora de la xarxa de suport entre instituts.<\/li>\n<\/ol>\n<h3 style=\"text-align: justify;\">3. Desenvolupar el pensament computacional en l&#8217;alumnat.<\/h3>\n<ol>\n<li>Programaci\u00f3 amb Scratch, Tinkercad, App Inventor, Python i CoSpaces.<\/li>\n<li>Incorporaci\u00f3 de reptes amb Micro:Bit i Arduino.<\/li>\n<li>Resoluci\u00f3 de problemes amb pseudocodi.<\/li>\n<\/ol>\n<h3 style=\"text-align: justify;\">4. Oferir assessorament t\u00e8cnic a l&#8217;alumnat per a la millora de la compet\u00e8ncia digital.\u200b<\/h3>\n<ol>\n<li>Incorporaci\u00f3 de xatbots com a assistents de suport a l&#8217;aprenentatge.<\/li>\n<li style=\"text-align: justify;\">Establiment d&#8217;una hora setmanal per l\u2019assessorament t\u00e8cnic.<\/li>\n<li style=\"text-align: justify;\">Revisi\u00f3 del sistema d&#8217;inclusi\u00f3 en el curr\u00edculum d\u2019Inform\u00e0tica aplicada d&#8217;algunes tasques de gesti\u00f3 de la inform\u00e0tica del centre.<\/li>\n<\/ol>\n","protected":false},"excerpt":{"rendered":"<p>1. Actualitzar, modificar i crear documentaci\u00f3 de centre per a la millora de la compet\u00e8ncia digital de l&#8217;alumnat i gesti\u00f3 [&hellip;]<\/p>\n","protected":false},"author":6,"featured_media":0,"parent":724,"menu_order":1,"comment_status":"closed","ping_status":"closed","template":"","meta":{"_bbp_topic_count":0,"_bbp_reply_count":0,"_bbp_total_topic_count":0,"_bbp_total_reply_count":0,"_bbp_voice_count":0,"_bbp_anonymous_reply_count":0,"_bbp_topic_count_hidden":0,"_bbp_reply_count_hidden":0,"_bbp_forum_subforum_count":0,"site-sidebar-layout":"default","site-content-layout":"","ast-site-content-layout":"default","site-content-style":"default","site-sidebar-style":"default","ast-global-header-display":"","ast-banner-title-visibility":"","ast-main-header-display":"","ast-hfb-above-header-display":"","ast-hfb-below-header-display":"","ast-hfb-mobile-header-display":"","site-post-title":"","ast-breadcrumbs-content":"","ast-featured-img":"","footer-sml-layout":"","theme-transparent-header-meta":"","adv-header-id-meta":"","stick-header-meta":"","header-above-stick-meta":"","header-main-stick-meta":"","header-below-stick-meta":"","astra-migrate-meta-layouts":"set","ast-page-background-enabled":"default","ast-page-background-meta":{"desktop":{"background-color":"var(--ast-global-color-4)","background-image":"","background-repeat":"repeat","background-position":"center center","background-size":"auto","background-attachment":"scroll","background-type":"","background-media":"","overlay-type":"","overlay-color":"","overlay-opacity":"","overlay-gradient":""},"tablet":{"background-color":"","background-image":"","background-repeat":"repeat","background-position":"center center","background-size":"auto","background-attachment":"scroll","background-type":"","background-media":"","overlay-type":"","overlay-color":"","overlay-opacity":"","overlay-gradient":""},"mobile":{"background-color":"","background-image":"","background-repeat":"repeat","background-position":"center center","background-size":"auto","background-attachment":"scroll","background-type":"","background-media":"","overlay-type":"","overlay-color":"","overlay-opacity":"","overlay-gradient":""}},"ast-content-background-meta":{"desktop":{"background-color":"var(--ast-global-color-5)","background-image":"","background-repeat":"repeat","background-position":"center center","background-size":"auto","background-attachment":"scroll","background-type":"","background-media":"","overlay-type":"","overlay-color":"","overlay-opacity":"","overlay-gradient":""},"tablet":{"background-color":"var(--ast-global-color-5)","background-image":"","background-repeat":"repeat","background-position":"center center","background-size":"auto","background-attachment":"scroll","background-type":"","background-media":"","overlay-type":"","overlay-color":"","overlay-opacity":"","overlay-gradient":""},"mobile":{"background-color":"var(--ast-global-color-5)","background-image":"","background-repeat":"repeat","background-position":"center center","background-size":"auto","background-attachment":"scroll","background-type":"","background-media":"","overlay-type":"","overlay-color":"","overlay-opacity":"","overlay-gradient":""}},"footnotes":""},"class_list":["post-812","page","type-page","status-publish","hentry"],"post_mailing_queue_ids":[],"_links":{"self":[{"href":"https:\/\/agora.xtec.cat\/iesaltpenedes\/wp-json\/wp\/v2\/pages\/812","targetHints":{"allow":["GET"]}}],"collection":[{"href":"https:\/\/agora.xtec.cat\/iesaltpenedes\/wp-json\/wp\/v2\/pages"}],"about":[{"href":"https:\/\/agora.xtec.cat\/iesaltpenedes\/wp-json\/wp\/v2\/types\/page"}],"author":[{"embeddable":true,"href":"https:\/\/agora.xtec.cat\/iesaltpenedes\/wp-json\/wp\/v2\/users\/6"}],"replies":[{"embeddable":true,"href":"https:\/\/agora.xtec.cat\/iesaltpenedes\/wp-json\/wp\/v2\/comments?post=812"}],"version-history":[{"count":6,"href":"https:\/\/agora.xtec.cat\/iesaltpenedes\/wp-json\/wp\/v2\/pages\/812\/revisions"}],"predecessor-version":[{"id":2662,"href":"https:\/\/agora.xtec.cat\/iesaltpenedes\/wp-json\/wp\/v2\/pages\/812\/revisions\/2662"}],"up":[{"embeddable":true,"href":"https:\/\/agora.xtec.cat\/iesaltpenedes\/wp-json\/wp\/v2\/pages\/724"}],"wp:attachment":[{"href":"https:\/\/agora.xtec.cat\/iesaltpenedes\/wp-json\/wp\/v2\/media?parent=812"}],"curies":[{"name":"wp","href":"https:\/\/api.w.org\/{rel}","templated":true}]}}