{"id":81,"date":"2014-09-18T10:38:05","date_gmt":"2014-09-18T10:38:05","guid":{"rendered":"http:\/\/agora.xtec.cat\/iesaltpenedes\/?page_id=81"},"modified":"2026-03-23T09:50:37","modified_gmt":"2026-03-23T08:50:37","slug":"secretaria","status":"publish","type":"page","link":"https:\/\/agora.xtec.cat\/iesaltpenedes\/secretaria\/","title":{"rendered":"Secretaria"},"content":{"rendered":"\n<div class=\"wp-block-columns is-layout-flex wp-container-core-columns-is-layout-2 wp-block-columns-is-layout-flex\">\n<div class=\"wp-block-column is-layout-constrained wp-container-core-column-is-layout-1 wp-block-column-is-layout-constrained\" style=\"border-radius:0px;padding-top:0;padding-right:0;padding-bottom:0;padding-left:0\">\n<h2 class=\"wp-block-heading\">HORARI <\/h2>\n\n\n\n<ul class=\"wp-block-list\">\n<li>D&#8217;octubre a maig:\n<ul class=\"wp-block-list\">\n<li>de dilluns a divendres de 9:00 a 14:00<\/li>\n\n\n\n<li>de dilluns a dijous de 15:30 a 18:30<\/li>\n<\/ul>\n<\/li>\n\n\n\n<li>Juny, juliol i setembre\n<ul class=\"wp-block-list\">\n<li>de dilluns a divendres 9:00 a 14:00<\/li>\n<\/ul>\n<\/li>\n<\/ul>\n\n\n\n<p><\/p>\n\n\n\n<h2 class=\"wp-block-heading has-large-font-size\">Tr\u00e0mits<\/h2>\n\n\n\n<h3 class=\"wp-block-heading has-medium-font-size\"><a href=\"https:\/\/agora.xtec.cat\/iesaltpenedes\/secretaria\/preinscripcio-i-matricula\/\">Preinscripci\u00f3 i matr\u00edcula<\/a><\/h3>\n\n\n\n<p class=\"has-medium-font-size\"><a href=\"https:\/\/calendar.google.com\/calendar\/u\/0\/embed?src=c_fb08d8ead68aab96d12cf393fd83f7f0101142cd099cfd2c4741f4704727e88f@group.calendar.google.com&amp;ctz=Europe\/Madrid&amp;pli=1\"><strong>Calendari<\/strong><\/a><\/p>\n<\/div>\n\n\n\n<div class=\"wp-block-column is-layout-constrained wp-container-core-column-is-layout-3 wp-block-column-is-layout-constrained\" style=\"border-radius:0px;padding-top:0;padding-right:0;padding-bottom:0;padding-left:0\">\n<p class=\"has-text-align-right has-medium-font-size\"><strong>CODI DE CENTRE:<\/strong><br><strong><span style=\"color: #a82e2e; font-size: x-large;\">\u200b08035362<\/span><\/strong><\/p>\n\n\n\n<h2 class=\"wp-block-heading has-text-align-left has-medium-font-size\">Enlla\u00e7os d&#8217;inter\u00e8s<\/h2>\n\n\n\n<ul class=\"wp-block-list\">\n<li><a href=\"https:\/\/educacio.gencat.cat\/ca\/tramits\/tramits-temes\/identificador-alumne\">CONSULTA IDALU<\/a><\/li>\n\n\n\n<li><a href=\"https:\/\/tramits.ccapenedes.cat\/Ciutadania\/DetallTramit.aspx?IdTema=59&amp;IdTramit=523\">Transport escolar<\/a><\/li>\n\n\n\n<li><a href=\"http:\/\/mapaescolar.gencat.cat\/\">Oferta de places<\/a><a href=\"http:\/\/queestudiar.gencat.cat\/ca\">Estudiar a Catalunya<\/a><\/li>\n\n\n\n<li><a href=\"https:\/\/triaeducativa.gencat.cat\/ca\/inici\">Acc\u00e9s als estudis<\/a><\/li>\n\n\n\n<li><a href=\"https:\/\/agora.xtec.cat\/iesaltpenedes\/wp-content\/uploads\/usu1207\/2025\/06\/ESO.pdf\">Quota material ESO<\/a><\/li>\n\n\n\n<li><a href=\"https:\/\/agora.xtec.cat\/iesaltpenedes\/wp-content\/uploads\/usu1207\/2025\/06\/BATX.pdf\">Quota material BATX \/ IFE<\/a><\/li>\n\n\n\n<li><a href=\"https:\/\/agora.xtec.cat\/iesaltpenedes\/wp-content\/uploads\/usu1207\/2025\/06\/ValEscolar2526-1.pdf\">Informaci\u00f3 Vals Escolars<\/a><\/li>\n<\/ul>\n\n\n\n<h3 class=\"wp-block-heading has-medium-font-size\">Beques i ajuts<\/h3>\n\n\n\n<div class=\"wp-block-columns is-layout-flex wp-container-core-columns-is-layout-1 wp-block-columns-is-layout-flex\">\n<div class=\"wp-block-column is-layout-flow wp-block-column-is-layout-flow\">\n<ul class=\"wp-block-list\">\n<li><a href=\"https:\/\/educacio.vilafranca.cat\/\">Ajuts econ\u00f2mics de l&#8217;Ajuntament de Vilafranca<\/a><\/li>\n\n\n\n<li><a href=\"https:\/\/educacio.gencat.cat\/ca\/serveis-tramits\/beques\/\">Ajuts i beques del Dept. d&#8217;Educaci\u00f3<\/a><\/li>\n\n\n\n<li><a href=\"https:\/\/www.mecd.gob.es\/servicios-al-ciudadano-mecd\/catalogo-servicios\/becas-ayudas-subvenciones\/para-estudiar\/primaria-secundaria.html\">Beques MEC secund\u00e0ria<\/a><\/li>\n\n\n\n<li><a href=\"https:\/\/www.mecd.gob.es\/servicios-al-ciudadano-mecd\/catalogo-servicios\/becas-ayudas-subvenciones\/para-estudiar\/bachillerato.html\">Beques MEC Batxillerat<\/a><\/li>\n\n\n\n<li><a href=\"https:\/\/www.mecd.gob.es\/educacion-mecd\/mc\/becas\/2015\/estudios-no-universitarios.html\">Beques MEC estudis no universitaris<\/a><\/li>\n<\/ul>\n<\/div>\n<\/div>\n\n\n\n<ul class=\"wp-block-list\">\n<li><\/li>\n<\/ul>\n<\/div>\n<\/div>\n","protected":false},"excerpt":{"rendered":"<p>HORARI Tr\u00e0mits Preinscripci\u00f3 i matr\u00edcula Calendari CODI DE CENTRE:\u200b08035362 Enlla\u00e7os d&#8217;inter\u00e8s Beques i ajuts<\/p>\n","protected":false},"author":1,"featured_media":0,"parent":0,"menu_order":0,"comment_status":"closed","ping_status":"closed","template":"","meta":{"_bbp_topic_count":0,"_bbp_reply_count":0,"_bbp_total_topic_count":0,"_bbp_total_reply_count":0,"_bbp_voice_count":0,"_bbp_anonymous_reply_count":0,"_bbp_topic_count_hidden":0,"_bbp_reply_count_hidden":0,"_bbp_forum_subforum_count":0,"site-sidebar-layout":"default","site-content-layout":"","ast-site-content-layout":"default","site-content-style":"default","site-sidebar-style":"default","ast-global-header-display":"","ast-banner-title-visibility":"","ast-main-header-display":"","ast-hfb-above-header-display":"","ast-hfb-below-header-display":"","ast-hfb-mobile-header-display":"","site-post-title":"","ast-breadcrumbs-content":"","ast-featured-img":"","footer-sml-layout":"","theme-transparent-header-meta":"","adv-header-id-meta":"","stick-header-meta":"","header-above-stick-meta":"","header-main-stick-meta":"","header-below-stick-meta":"","astra-migrate-meta-layouts":"set","ast-page-background-enabled":"default","ast-page-background-meta":{"desktop":{"background-color":"var(--ast-global-color-4)","background-image":"","background-repeat":"repeat","background-position":"center center","background-size":"auto","background-attachment":"scroll","background-type":"","background-media":"","overlay-type":"","overlay-color":"","overlay-opacity":"","overlay-gradient":""},"tablet":{"background-color":"","background-image":"","background-repeat":"repeat","background-position":"center center","background-size":"auto","background-attachment":"scroll","background-type":"","background-media":"","overlay-type":"","overlay-color":"","overlay-opacity":"","overlay-gradient":""},"mobile":{"background-color":"","background-image":"","background-repeat":"repeat","background-position":"center center","background-size":"auto","background-attachment":"scroll","background-type":"","background-media":"","overlay-type":"","overlay-color":"","overlay-opacity":"","overlay-gradient":""}},"ast-content-background-meta":{"desktop":{"background-color":"var(--ast-global-color-5)","background-image":"","background-repeat":"repeat","background-position":"center center","background-size":"auto","background-attachment":"scroll","background-type":"","background-media":"","overlay-type":"","overlay-color":"","overlay-opacity":"","overlay-gradient":""},"tablet":{"background-color":"var(--ast-global-color-5)","background-image":"","background-repeat":"repeat","background-position":"center center","background-size":"auto","background-attachment":"scroll","background-type":"","background-media":"","overlay-type":"","overlay-color":"","overlay-opacity":"","overlay-gradient":""},"mobile":{"background-color":"var(--ast-global-color-5)","background-image":"","background-repeat":"repeat","background-position":"center center","background-size":"auto","background-attachment":"scroll","background-type":"","background-media":"","overlay-type":"","overlay-color":"","overlay-opacity":"","overlay-gradient":""}},"footnotes":""},"class_list":["post-81","page","type-page","status-publish","hentry"],"post_mailing_queue_ids":[],"_links":{"self":[{"href":"https:\/\/agora.xtec.cat\/iesaltpenedes\/wp-json\/wp\/v2\/pages\/81","targetHints":{"allow":["GET"]}}],"collection":[{"href":"https:\/\/agora.xtec.cat\/iesaltpenedes\/wp-json\/wp\/v2\/pages"}],"about":[{"href":"https:\/\/agora.xtec.cat\/iesaltpenedes\/wp-json\/wp\/v2\/types\/page"}],"author":[{"embeddable":true,"href":"https:\/\/agora.xtec.cat\/iesaltpenedes\/wp-json\/wp\/v2\/users\/1"}],"replies":[{"embeddable":true,"href":"https:\/\/agora.xtec.cat\/iesaltpenedes\/wp-json\/wp\/v2\/comments?post=81"}],"version-history":[{"count":6,"href":"https:\/\/agora.xtec.cat\/iesaltpenedes\/wp-json\/wp\/v2\/pages\/81\/revisions"}],"predecessor-version":[{"id":3596,"href":"https:\/\/agora.xtec.cat\/iesaltpenedes\/wp-json\/wp\/v2\/pages\/81\/revisions\/3596"}],"wp:attachment":[{"href":"https:\/\/agora.xtec.cat\/iesaltpenedes\/wp-json\/wp\/v2\/media?parent=81"}],"curies":[{"name":"wp","href":"https:\/\/api.w.org\/{rel}","templated":true}]}}