{"id":809,"date":"2024-09-24T11:38:20","date_gmt":"2024-09-24T09:38:20","guid":{"rendered":"https:\/\/agora.xtec.cat\/iesaltpenedes\/?page_id=809"},"modified":"2025-01-16T09:57:06","modified_gmt":"2025-01-16T08:57:06","slug":"diagnosi","status":"publish","type":"page","link":"https:\/\/agora.xtec.cat\/iesaltpenedes\/linstitut\/estrategia-digital\/diagnosi\/","title":{"rendered":"Diagnosi"},"content":{"rendered":"<div style=\"text-align: justify;\">\n<p>Per a la realitzaci\u00f3 de la diagnosi en refer\u00e8ncia a les eines digitals i tot el seu desplegament en l\u2019educaci\u00f3 en el centre s\u2019han elaborat diverses enquestes, en format de\u00a0Google Forms, que s\u2019han emplenat per part de l\u2019alumnat i professorat del curs 2021-22.<\/p>\n<p>Se n&#8217;han extret algunes conclusions que han acabat afectant l&#8217;elaboraci\u00f3 d&#8217;objectius de l&#8217;EDC.<\/p>\n<\/div>\n<div><\/div>\n<h3 style=\"text-align: justify;\">Professorat<\/h3>\n<div style=\"text-align: justify;\">\n<p>La major part del professorat utilitza de forma recurrent les noves tecnologies per a l\u2019aprenentatge de les seves mat\u00e8ries. En s\u00f3n exemples l&#8217;\u00fas dels entorns virtuals d\u2019aprenentatge (EVA) i l&#8217;\u00fas d\u2019eines TIC, tant per a l\u2019ensenyament dels nous coneixements i compet\u00e8ncies aix\u00ed com per a l\u2019avaluaci\u00f3 i la retroacci\u00f3 amb l\u2019alumnat.<\/p>\n<p>Quan\u00a0l\u2019alumnat accedeix a internet, un percentatge elevat de professors i professores es preocupa perqu\u00e8 aquell ho faci de manera responsable i segura, i tamb\u00e9 comprova que la font de recerca d\u2019informaci\u00f3 sigui fiable i precisa.<\/p>\n<p>D&#8217;altra banda, la major part del professorat constata que el servei d\u2019assessorament t\u00e8cnic i de resoluci\u00f3 d\u2019incid\u00e8ncies \u00e9s eficient.<\/p>\n<\/div>\n<div><\/div>\n<h3 style=\"text-align: justify;\">Alumnat<\/h3>\n<div style=\"text-align: justify;\">\n<p>La major part de l\u2019alumnat valora positivament que el professorat faci \u00fas del\u00a0Google Classroom\u00a0com a eina d&#8217;aprenentatge.<\/p>\n<\/div>\n<div style=\"text-align: justify;\">\n<div>\n<div>\n<table style=\"width: 100%; border-style: none;\">\n<tbody>\n<tr>\n<td style=\"width: 82.6793%; border-style: none;\">\n<div>\n<p>Pel que fa a l&#8217;assist\u00e8ncia t\u00e8cnica dels dispositius de l&#8217;alumnat, un gruix m\u00e9s elevat d\u2019alumnes n&#8217;est\u00e0 satisfet, tot i que hi ha marge de millora.<\/p>\n<p>Quant a la seguretat a internet, encara que el professorat diu que la t\u00e9 present en el moment d&#8217;impartir classe, l\u2019alumnat no en t\u00e9 la mateixa percepci\u00f3.<\/p>\n<p>Els resultats sobre si l\u2019alumnat considera que ha apr\u00e8s a actuar de manera responsable i respectuosa amb la resta d\u2019usuaris a internet (drets d\u2019autor o imatge, interaccions&#8230;) s\u00f3n for\u00e7a semblants al punt anterior.<\/p>\n<\/div>\n<\/td>\n<td style=\"width: 16.2382%; border-style: none;\">\n<div>\n<div>\n<p><a href=\"https:\/\/classroom.google.com\/\"><img loading=\"lazy\" decoding=\"async\" class=\"\" src=\"https:\/\/463344365128478901.weebly.com\/uploads\/4\/9\/8\/1\/49816005\/published\/logo-classroom.png?1685698512\" alt=\"Foto\" width=\"111\" height=\"111\" \/><\/a><\/p>\n<div><\/div>\n<\/div>\n<\/div>\n<\/td>\n<\/tr>\n<\/tbody>\n<\/table>\n<\/div>\n<\/div>\n<\/div>\n<div style=\"text-align: justify;\">En resum, s&#8217;ha de millorar el procediment que implica l&#8217;\u00fas d&#8217;internet de manera segura, responsable i respectuosa.<\/div>\n","protected":false},"excerpt":{"rendered":"<p>Per a la realitzaci\u00f3 de la diagnosi en refer\u00e8ncia a les eines digitals i tot el seu desplegament en l\u2019educaci\u00f3 [&hellip;]<\/p>\n","protected":false},"author":6,"featured_media":0,"parent":724,"menu_order":0,"comment_status":"closed","ping_status":"closed","template":"","meta":{"_bbp_topic_count":0,"_bbp_reply_count":0,"_bbp_total_topic_count":0,"_bbp_total_reply_count":0,"_bbp_voice_count":0,"_bbp_anonymous_reply_count":0,"_bbp_topic_count_hidden":0,"_bbp_reply_count_hidden":0,"_bbp_forum_subforum_count":0,"site-sidebar-layout":"default","site-content-layout":"","ast-site-content-layout":"default","site-content-style":"default","site-sidebar-style":"default","ast-global-header-display":"","ast-banner-title-visibility":"","ast-main-header-display":"","ast-hfb-above-header-display":"","ast-hfb-below-header-display":"","ast-hfb-mobile-header-display":"","site-post-title":"","ast-breadcrumbs-content":"","ast-featured-img":"","footer-sml-layout":"","theme-transparent-header-meta":"default","adv-header-id-meta":"","stick-header-meta":"","header-above-stick-meta":"","header-main-stick-meta":"","header-below-stick-meta":"","astra-migrate-meta-layouts":"set","ast-page-background-enabled":"default","ast-page-background-meta":{"desktop":{"background-color":"var(--ast-global-color-4)","background-image":"","background-repeat":"repeat","background-position":"center center","background-size":"auto","background-attachment":"scroll","background-type":"","background-media":"","overlay-type":"","overlay-color":"","overlay-opacity":"","overlay-gradient":""},"tablet":{"background-color":"","background-image":"","background-repeat":"repeat","background-position":"center center","background-size":"auto","background-attachment":"scroll","background-type":"","background-media":"","overlay-type":"","overlay-color":"","overlay-opacity":"","overlay-gradient":""},"mobile":{"background-color":"","background-image":"","background-repeat":"repeat","background-position":"center center","background-size":"auto","background-attachment":"scroll","background-type":"","background-media":"","overlay-type":"","overlay-color":"","overlay-opacity":"","overlay-gradient":""}},"ast-content-background-meta":{"desktop":{"background-color":"var(--ast-global-color-5)","background-image":"","background-repeat":"repeat","background-position":"center center","background-size":"auto","background-attachment":"scroll","background-type":"","background-media":"","overlay-type":"","overlay-color":"","overlay-opacity":"","overlay-gradient":""},"tablet":{"background-color":"var(--ast-global-color-5)","background-image":"","background-repeat":"repeat","background-position":"center center","background-size":"auto","background-attachment":"scroll","background-type":"","background-media":"","overlay-type":"","overlay-color":"","overlay-opacity":"","overlay-gradient":""},"mobile":{"background-color":"var(--ast-global-color-5)","background-image":"","background-repeat":"repeat","background-position":"center center","background-size":"auto","background-attachment":"scroll","background-type":"","background-media":"","overlay-type":"","overlay-color":"","overlay-opacity":"","overlay-gradient":""}},"footnotes":""},"class_list":["post-809","page","type-page","status-publish","hentry"],"post_mailing_queue_ids":[],"_links":{"self":[{"href":"https:\/\/agora.xtec.cat\/iesaltpenedes\/wp-json\/wp\/v2\/pages\/809","targetHints":{"allow":["GET"]}}],"collection":[{"href":"https:\/\/agora.xtec.cat\/iesaltpenedes\/wp-json\/wp\/v2\/pages"}],"about":[{"href":"https:\/\/agora.xtec.cat\/iesaltpenedes\/wp-json\/wp\/v2\/types\/page"}],"author":[{"embeddable":true,"href":"https:\/\/agora.xtec.cat\/iesaltpenedes\/wp-json\/wp\/v2\/users\/6"}],"replies":[{"embeddable":true,"href":"https:\/\/agora.xtec.cat\/iesaltpenedes\/wp-json\/wp\/v2\/comments?post=809"}],"version-history":[{"count":6,"href":"https:\/\/agora.xtec.cat\/iesaltpenedes\/wp-json\/wp\/v2\/pages\/809\/revisions"}],"predecessor-version":[{"id":836,"href":"https:\/\/agora.xtec.cat\/iesaltpenedes\/wp-json\/wp\/v2\/pages\/809\/revisions\/836"}],"up":[{"embeddable":true,"href":"https:\/\/agora.xtec.cat\/iesaltpenedes\/wp-json\/wp\/v2\/pages\/724"}],"wp:attachment":[{"href":"https:\/\/agora.xtec.cat\/iesaltpenedes\/wp-json\/wp\/v2\/media?parent=809"}],"curies":[{"name":"wp","href":"https:\/\/api.w.org\/{rel}","templated":true}]}}