{"id":797,"date":"2024-09-20T13:33:51","date_gmt":"2024-09-20T11:33:51","guid":{"rendered":"https:\/\/agora.xtec.cat\/iesaltpenedes\/?page_id=797"},"modified":"2025-10-03T09:42:00","modified_gmt":"2025-10-03T07:42:00","slug":"pla-de-lectura","status":"publish","type":"page","link":"https:\/\/agora.xtec.cat\/iesaltpenedes\/linstitut\/pla-de-lectura\/","title":{"rendered":"Pla de lectura"},"content":{"rendered":"\n<figure class=\"wp-block-table has-medium-font-size\"><table class=\"has-ast-global-color-0-color has-text-color has-link-color\"><tbody><tr><td class=\"has-text-align-center\" data-align=\"center\"><a href=\"https:\/\/agora.xtec.cat\/iesaltpenedes\/wp-content\/uploads\/usu1207\/2024\/09\/recomanacions_de_lectura_estiu_2024.pdf\">Un estiu per llegir!<\/a><\/td><\/tr><\/tbody><\/table><\/figure>\n\n\n\n<figure class=\"wp-block-image alignright is-resized\"><img decoding=\"async\" src=\"https:\/\/463344365128478901.weebly.com\/uploads\/4\/9\/8\/1\/49816005\/logo-pla-de-lectura_orig.png\" alt=\"Foto\" style=\"width:302px;height:auto\"\/><\/figure>\n\n\n\n<p>La realitat actual de les aules fa pensar que no tots els alumnes tenen les mateixes oportunitats d\u2019estar en contacte amb els llibres. Els ser\u00e0 possible  a tots configurar alguna mena d\u2019autoconcepte lector en aquestes circumst\u00e0ncies? La pr\u00e0ctica di\u00e0ria de la lectura permetr\u00e0 formar-se una autoimatge de lector que apr\u00e8n a avaluar anticipadament els llibres, a crear-se expectatives, que s\u2019arrisca a seleccionar, que s\u2019ha acostumat a abandonar un llibre que el decep i a agafar en pr\u00e9stec aquells que li resulten atractius. Una lectura di\u00e0ria, aut\u00f2noma, seguida, silenciosa, de gratificaci\u00f3 immediata i d\u2019elecci\u00f3 lliure resulta imprescindible per desenvolupar la compet\u00e8ncia lectora, l\u2019h\u00e0bit lector i, particularment, l\u2019autoimatge de persona lectora.<\/p>\n\n\n\n<h1 class=\"wp-block-heading has-text-align-center has-ast-global-color-3-color has-cyan-bluish-gray-background-color has-text-color has-background has-link-color has-large-font-size wp-elements-f85c10c52cae4848b3cfa91deb25d98f\">Projecte: La lectura transversal<\/h1>\n\n\n\n<h2 class=\"wp-block-heading\">Qu\u00e8 vol dir aix\u00f2?<\/h2>\n\n\n\n<p>A l\u2019Institut fa molts anys que treballem per potenciar la lectura com a eina clau per a l\u2019\u00e8xit educatiu i personal de l\u2019alumnat. La lectura ens ajuda a millorar la comprensi\u00f3, ampliar coneixements i desenvolupar el pensament cr\u00edtic.<\/p>\n\n\n\n<p>A partir d\u2019aquest curs, el <strong>Pla de Lectura<\/strong> s\u2019organitza amb <strong>dues hores setmanals<\/strong>:<\/p>\n\n\n\n<p><strong>Lectura guiada<\/strong> de llibres, textos divulgatius o cr\u00edtics relacionats amb mat\u00e8ries no ling\u00fc\u00edstiques.<br><strong>Lectura a les \u00e0rees de lleng\u00fces<\/strong>, que inclou tant els llibres prescrits com la lectura aut\u00f2noma i lliure de l\u2019alumnat.<em><br><\/em><\/p>\n\n\n\n<p><strong>Distribuci\u00f3 de les hores per nivells<\/strong>:<\/p>\n\n\n\n<p><strong>1r d\u2019ESO<\/strong>: Catal\u00e0\/Castell\u00e0 i Biologia\/Socials<br><strong>2n d\u2019ESO<\/strong>: Catal\u00e0\/Castell\u00e0 i Matem\u00e0tiques\/Angl\u00e8s<br><strong>3r d\u2019ESO<\/strong>: Catal\u00e0\/Castell\u00e0 i Socials\/Ci\u00e8ncies Naturals<br><strong>4t d\u2019ESO<\/strong>: Catal\u00e0\/Castell\u00e0 i Matem\u00e0tiques\/Angl\u00e8s<br><strong>Batxillerat<\/strong>: Lectura transversal a les diferents mat\u00e8ries<\/p>\n\n\n\n<h2 class=\"wp-block-heading\">El nostre projecte a la tele!<\/h2>\n\n\n\n<p><iframe loading=\"lazy\" title=\"PROJECTE DE LECTURA A L'INSTITUT ALT PENED\u00c8S\" src=\"\/\/www.youtube.com\/embed\/fLgl1iAVA3o\" width=\"560\" height=\"315\" frameborder=\"0\" allowfullscreen=\"allowfullscreen\"><\/iframe><\/p>\n\n\n\n<h1 class=\"wp-block-heading\">La lectura als mitjans<\/h1>\n\n\n\n<p>Aqu\u00ed trobareu tot un seguit d&#8217;articles interessants que fan refer\u00e8ncia a la lectura.<br><a href=\"https:\/\/criatures.ara.cat\/lectura\/incentivar-lectura-infants-joves_0_2226377439.html\">Els llibres i la lectura<\/a><br><a href=\"https:\/\/criatures.ara.cat\/activitats-amb-nens\/oci-a-casa\/quins-llibres-enganxen-adolescents_1_2595544.html\">Quins s\u00f3n els llibres que enganxen els adolescents?<\/a><br><a href=\"https:\/\/www.lavanguardia.com\/estilos-de-vida\/20120613\/54312096470\/los-beneficios-de-la-lectura.html\">Los beneficios de la lectura<\/a><\/p>\n\n\n\n<h1 class=\"wp-block-heading\">La lectura en veu alta a l&#8217;Alt<\/h1>\n\n\n\n<p>Cada any, l\u2019institut participa en el <strong>Certamen de Lectura en Veu Alta<\/strong>, organitzat pel Grup Enciclop\u00e8dia Catalana. Hi participem en totes les categories, des de l\u2019Aula d\u2019Acollida fins a 1r, 2n, 3r i 4t d\u2019ESO.<\/p>\n\n\n\n<p>Aquesta experi\u00e8ncia \u00e9s molt enriquidora per als alumnes, ja que posa de manifest la import\u00e0ncia de la lectura i, encara m\u00e9s, la del fet de llegir en veu alta: compartir textos, donar-los vida i descobrir el plaer de la paraula dita davant els altres.<\/p>\n\n\n\n<h1 class=\"wp-block-heading\">La nostra biblioteca<\/h1>\n\n\n\n<figure class=\"wp-block-image alignright is-resized\"><img decoding=\"async\" src=\"https:\/\/463344365128478901.weebly.com\/uploads\/4\/9\/8\/1\/49816005\/bib4_orig.jfif\" alt=\"Foto\" style=\"width:327px;height:auto\"\/><\/figure>\n\n\n\n<p>La nostra biblioteca \u00e9s un espai viu i obert a tota la comunitat educativa. Disposa de m\u00e9s de 6.000 llibres en pr\u00e9stec, que abracen tots els g\u00e8neres i nivells: narrativa, poesia, teatre, divulgaci\u00f3 cient\u00edfica, assaig, c\u00f2mics i molt m\u00e9s.<\/p>\n\n\n\n<p>A m\u00e9s de ser un recurs per al Pla de Lectura, la biblioteca \u00e9s un punt de trobada que fomenta l\u2019h\u00e0bit lector i la curiositat intel\u00b7lectual de l\u2019alumnat. Hi trobareu llibres de lectura obligat\u00f2ria, novetats editorials i recomanacions que fan de la lectura una experi\u00e8ncia atractiva i accessible per a tothom.<\/p>\n\n\n\n<h1 class=\"wp-block-heading\">Tamb\u00e9 som a la r\u00e0dio!<\/h1>\n\n\n\n<p><iframe loading=\"lazy\" src=\"https:\/\/www.ivoox.com\/_p3_2309139_1.html\" width=\"320\" height=\"111\" frameborder=\"0\" scrolling=\"no\" allowfullscreen=\"allowfullscreen\"><\/iframe><\/p>\n\n\n\n<h1 class=\"wp-block-heading\">Formaci\u00f3 del professorat<\/h1>\n\n\n\n<p>&#8220;Temps de lectura&#8221; \u00e9s un espai de reflexi\u00f3 i aprenentatge sobre la tasca docent pel que fa a la lectura. Quasi tot el professorat d&#8217;ESO i Batxillerat del centre ha participat dels tallers.<\/p>\n\n\n\n<figure class=\"wp-block-image is-resized\"><img decoding=\"async\" src=\"https:\/\/463344365128478901.weebly.com\/uploads\/4\/9\/8\/1\/49816005\/img-20200120-170020-orig_orig.jpg\" alt=\"Imagen\" style=\"width:974px;height:auto\"\/><\/figure>\n\n\n\n<h1 class=\"wp-block-heading\">Hi participem<\/h1>\n\n\n\n<div class=\"wp-block-columns is-layout-flex wp-container-core-columns-is-layout-1 wp-block-columns-is-layout-flex\">\n<div class=\"wp-block-column is-layout-flow wp-block-column-is-layout-flow\" style=\"flex-basis:33.34%\">\n<figure class=\"wp-block-image\"><img decoding=\"async\" src=\"https:\/\/463344365128478901.weebly.com\/uploads\/4\/9\/8\/1\/49816005\/captura-de-pantalla-2019-07-09-a-las-18-33-26_orig.png\" alt=\"Imagen\"\/><\/figure>\n<\/div>\n\n\n\n<div class=\"wp-block-column is-layout-flow wp-block-column-is-layout-flow\" style=\"flex-basis:33.34%\">\n<figure class=\"wp-block-image is-resized\"><img decoding=\"async\" src=\"https:\/\/463344365128478901.weebly.com\/uploads\/4\/9\/8\/1\/49816005\/published\/baixa.png?1615814146\" alt=\"Imagen\" style=\"width:241px;height:auto\"\/><\/figure>\n<\/div>\n\n\n\n<div class=\"wp-block-column is-layout-flow wp-block-column-is-layout-flow\" style=\"flex-basis:33.33%\">\n<figure class=\"wp-block-image aligncenter is-resized\"><img decoding=\"async\" src=\"https:\/\/463344365128478901.weebly.com\/uploads\/4\/9\/8\/1\/49816005\/editor\/baixa-2.png?1583758587\" alt=\"Imagen\" style=\"width:182px;height:auto\"\/><\/figure>\n<\/div>\n<\/div>\n\n\n\n<h1 class=\"wp-block-heading\">Enlla\u00e7os<\/h1>\n\n\n\n<div class=\"wp-block-columns is-layout-flex wp-container-core-columns-is-layout-2 wp-block-columns-is-layout-flex\">\n<div class=\"wp-block-column is-layout-flow wp-block-column-is-layout-flow\">\n<p><img decoding=\"async\" src=\"https:\/\/463344365128478901.weebly.com\/uploads\/4\/9\/8\/1\/49816005\/published\/logo-insta.png?1718640229\" alt=\"Foto\"><\/p>\n\n\n\n<p><strong>Instagram<\/strong>: @ins_alt, @biblioiesaltpenedes<\/p>\n<\/div>\n\n\n\n<div class=\"wp-block-column is-layout-flow wp-block-column-is-layout-flow\">\n<p><img decoding=\"async\" src=\"https:\/\/463344365128478901.weebly.com\/uploads\/4\/9\/8\/1\/49816005\/published\/epergam-logo.png?1718640224\" alt=\"Foto\"><\/p>\n\n\n\n<p><strong>\u200bNECESSITES UN LLIBRE EN PR\u00c9STEC?<\/strong><br>Consulta si el tenim al nostre&nbsp;<a href=\"https:\/\/aplicacions.gestioeducativa.gencat.cat\/epergam\/web\/biblioteca.jsp\" target=\"_blank\" rel=\"noopener\">CAT\u00c0LEG<\/a><\/p>\n<\/div>\n\n\n\n<div class=\"wp-block-column is-layout-flow wp-block-column-is-layout-flow\">\n<p><img decoding=\"async\" src=\"https:\/\/463344365128478901.weebly.com\/uploads\/4\/9\/8\/1\/49816005\/published\/logo-correue.jfif?1718640234\" alt=\"Foto\"><\/p>\n\n\n\n<p><strong>ET VOLS POSAR EN CONTACTE AMB NOSALTRES?<\/strong><br><strong><span style=\"font-size: xx-small;\">pladelectura@institutaltpenedes.cat<\/span><\/strong><br><strong><span style=\"font-size: xx-small;\">biblioteca@institutaltpenedes.cat<\/span><\/strong><\/p>\n<\/div>\n<\/div>\n\n\n\n<h1 class=\"wp-block-heading\">Navega<img decoding=\"async\" class=\"alignright\" src=\"https:\/\/463344365128478901.weebly.com\/uploads\/4\/9\/8\/1\/49816005\/bib1_orig.jfif\" alt=\"Foto\"><\/h1>\n\n\n\n<p>L&#8217;emissora R\u00e0dio L&#8217;Alternativa ha creat un espai per a la lectura.<br>\u200b<br>Escolta els p\u00f2dcasts que ha gravat l&#8217;alumnat de 1r de batxillerat.<\/p>\n\n\n\n<p><a href=\"https:\/\/catalunya.ebiblio.es\/opac\/#indice\" target=\"_blank\" rel=\"noopener\">eBiblio<\/a>&nbsp;i&nbsp;&nbsp;<a href=\"https:\/\/biblioteques.gencat.cat\/ca\/biblioteques\/catalegs\/eBiblio\/\" target=\"_blank\" rel=\"noopener\">#ebiblioCat<br>\u200b<\/a><br>\u200b<a href=\"https:\/\/www.megustaleer.com\/\" target=\"_blank\" rel=\"noopener\">megustaleer.com<\/a><\/p>\n\n\n\n<p><a href=\"https:\/\/www.literaturasm.com\/somos-lectores\/revistas-de-literatura-infantil-juvenil-red\" target=\"_blank\" rel=\"noopener\">\u200bRevistes de literatura juvenil<\/a><\/p>\n","protected":false},"excerpt":{"rendered":"<p>Un estiu per llegir! La realitat actual de les aules fa pensar que no tots els alumnes tenen les mateixes [&hellip;]<\/p>\n","protected":false},"author":4,"featured_media":0,"parent":19,"menu_order":2,"comment_status":"closed","ping_status":"closed","template":"","meta":{"_bbp_topic_count":0,"_bbp_reply_count":0,"_bbp_total_topic_count":0,"_bbp_total_reply_count":0,"_bbp_voice_count":0,"_bbp_anonymous_reply_count":0,"_bbp_topic_count_hidden":0,"_bbp_reply_count_hidden":0,"_bbp_forum_subforum_count":0,"site-sidebar-layout":"default","site-content-layout":"","ast-site-content-layout":"default","site-content-style":"default","site-sidebar-style":"default","ast-global-header-display":"","ast-banner-title-visibility":"","ast-main-header-display":"","ast-hfb-above-header-display":"","ast-hfb-below-header-display":"","ast-hfb-mobile-header-display":"","site-post-title":"","ast-breadcrumbs-content":"","ast-featured-img":"","footer-sml-layout":"","theme-transparent-header-meta":"","adv-header-id-meta":"","stick-header-meta":"","header-above-stick-meta":"","header-main-stick-meta":"","header-below-stick-meta":"","astra-migrate-meta-layouts":"set","ast-page-background-enabled":"default","ast-page-background-meta":{"desktop":{"background-color":"var(--ast-global-color-4)","background-image":"","background-repeat":"repeat","background-position":"center center","background-size":"auto","background-attachment":"scroll","background-type":"","background-media":"","overlay-type":"","overlay-color":"","overlay-opacity":"","overlay-gradient":""},"tablet":{"background-color":"","background-image":"","background-repeat":"repeat","background-position":"center center","background-size":"auto","background-attachment":"scroll","background-type":"","background-media":"","overlay-type":"","overlay-color":"","overlay-opacity":"","overlay-gradient":""},"mobile":{"background-color":"","background-image":"","background-repeat":"repeat","background-position":"center center","background-size":"auto","background-attachment":"scroll","background-type":"","background-media":"","overlay-type":"","overlay-color":"","overlay-opacity":"","overlay-gradient":""}},"ast-content-background-meta":{"desktop":{"background-color":"var(--ast-global-color-5)","background-image":"","background-repeat":"repeat","background-position":"center center","background-size":"auto","background-attachment":"scroll","background-type":"","background-media":"","overlay-type":"","overlay-color":"","overlay-opacity":"","overlay-gradient":""},"tablet":{"background-color":"var(--ast-global-color-5)","background-image":"","background-repeat":"repeat","background-position":"center center","background-size":"auto","background-attachment":"scroll","background-type":"","background-media":"","overlay-type":"","overlay-color":"","overlay-opacity":"","overlay-gradient":""},"mobile":{"background-color":"var(--ast-global-color-5)","background-image":"","background-repeat":"repeat","background-position":"center center","background-size":"auto","background-attachment":"scroll","background-type":"","background-media":"","overlay-type":"","overlay-color":"","overlay-opacity":"","overlay-gradient":""}},"footnotes":""},"class_list":["post-797","page","type-page","status-publish","hentry"],"post_mailing_queue_ids":[],"_links":{"self":[{"href":"https:\/\/agora.xtec.cat\/iesaltpenedes\/wp-json\/wp\/v2\/pages\/797","targetHints":{"allow":["GET"]}}],"collection":[{"href":"https:\/\/agora.xtec.cat\/iesaltpenedes\/wp-json\/wp\/v2\/pages"}],"about":[{"href":"https:\/\/agora.xtec.cat\/iesaltpenedes\/wp-json\/wp\/v2\/types\/page"}],"author":[{"embeddable":true,"href":"https:\/\/agora.xtec.cat\/iesaltpenedes\/wp-json\/wp\/v2\/users\/4"}],"replies":[{"embeddable":true,"href":"https:\/\/agora.xtec.cat\/iesaltpenedes\/wp-json\/wp\/v2\/comments?post=797"}],"version-history":[{"count":6,"href":"https:\/\/agora.xtec.cat\/iesaltpenedes\/wp-json\/wp\/v2\/pages\/797\/revisions"}],"predecessor-version":[{"id":3040,"href":"https:\/\/agora.xtec.cat\/iesaltpenedes\/wp-json\/wp\/v2\/pages\/797\/revisions\/3040"}],"up":[{"embeddable":true,"href":"https:\/\/agora.xtec.cat\/iesaltpenedes\/wp-json\/wp\/v2\/pages\/19"}],"wp:attachment":[{"href":"https:\/\/agora.xtec.cat\/iesaltpenedes\/wp-json\/wp\/v2\/media?parent=797"}],"curies":[{"name":"wp","href":"https:\/\/api.w.org\/{rel}","templated":true}]}}