{"id":782,"date":"2024-09-20T13:03:26","date_gmt":"2024-09-20T11:03:26","guid":{"rendered":"https:\/\/agora.xtec.cat\/iesaltpenedes\/?page_id=782"},"modified":"2025-02-06T12:15:53","modified_gmt":"2025-02-06T11:15:53","slug":"info","status":"publish","type":"page","link":"https:\/\/agora.xtec.cat\/iesaltpenedes\/info\/","title":{"rendered":"INFO"},"content":{"rendered":"\n<p>AQU\u00cd TROBAREU TOTA LA INFORMACI\u00d3 QUE NECESSITEU:<\/p>\n\n\n\n<div class=\"wp-block-columns is-layout-flex wp-container-core-columns-is-layout-1 wp-block-columns-is-layout-flex\">\n<div class=\"wp-block-column is-layout-flow wp-block-column-is-layout-flow\">\n<figure class=\"wp-block-image is-resized\"><img decoding=\"async\" src=\"https:\/\/463344365128478901.weebly.com\/uploads\/4\/9\/8\/1\/49816005\/5575242.jpg\" alt=\"Imagen\" style=\"width:269px;height:auto\"\/><\/figure>\n\n\n\n<p><strong>PREFECTURA<\/strong><\/p>\n\n\n\n<p>Informaci\u00f3 sobre calendari, plans d&#8217;estudi, horaris, i normes d&#8217;organitzaci\u00f3 i funcionament de centre<strong>.\u00a0<\/strong>Desc\u00e0rrega de documents, guies i formularis.<\/p>\n\n\n\n<p><a href=\"https:\/\/agora.xtec.cat\/iesaltpenedes\/info\/calendaris-i-horaris\/\">CALENDARIS I HORARIS<\/a><\/p>\n\n\n\n<p><a href=\"https:\/\/agora.xtec.cat\/iesaltpenedes\/info\/documents-per-a-descarregar\/\">DOCUMENTS PER A DESCARREGAR<\/a><\/p>\n<\/div>\n\n\n\n<div class=\"wp-block-column is-layout-flow wp-block-column-is-layout-flow\">\n<figure class=\"wp-block-image\"><img decoding=\"async\" src=\"https:\/\/463344365128478901.weebly.com\/uploads\/4\/9\/8\/1\/49816005\/2000850.jpg?270\" alt=\"Imagen\"\/><\/figure>\n\n\n\n<p><strong>SECRETARIA<\/strong><\/p>\n\n\n\n<p>Informaci\u00f3 sobre matr\u00edcula i tr\u00e0mits. <\/p>\n\n\n\n<p>Horari d&#8217;atenci\u00f3 al p\u00fablic:<br>De dilluns a dijous: de 9.00 a14.00 i de 15.30 a 18.30.<br>Divendres: de 9.00 a 14.00.<\/p>\n\n\n\n<p><a href=\"https:\/\/agora.xtec.cat\/iesaltpenedes\/secretaria\/\"><span style=\"font-size: small;\">AVISOS<\/span><\/a><\/p>\n\n\n\n<p><a href=\"https:\/\/triaeducativa.gencat.cat\/ca\/proves\/proves-acces\/\"><span style=\"font-size: small;\">PROVES D&#8217;ACC\u00c8S A CICLES FORMATIUS<\/span><\/a><\/p>\n<\/div>\n\n\n\n<div class=\"wp-block-column is-layout-flow wp-block-column-is-layout-flow\">\n<figure class=\"wp-block-image\"><img decoding=\"async\" src=\"https:\/\/463344365128478901.weebly.com\/uploads\/4\/9\/8\/1\/49816005\/2185971.jpg?259\" alt=\"Imagen\"\/><\/figure>\n\n\n\n<p><strong>DEPARTAMENT D&#8217;EDUCACI\u00d3<\/strong><\/p>\n\n\n\n<p><a href=\"https:\/\/educacio.gencat.cat\/ca\/inici\/\">ANAR A LA WEB<\/a><\/p>\n<\/div>\n<\/div>\n\n\n\n<p><\/p>\n","protected":false},"excerpt":{"rendered":"<p>AQU\u00cd TROBAREU TOTA LA INFORMACI\u00d3 QUE NECESSITEU: PREFECTURA Informaci\u00f3 sobre calendari, plans d&#8217;estudi, horaris, i normes d&#8217;organitzaci\u00f3 i funcionament de [&hellip;]<\/p>\n","protected":false},"author":4,"featured_media":0,"parent":0,"menu_order":0,"comment_status":"closed","ping_status":"closed","template":"","meta":{"_bbp_topic_count":0,"_bbp_reply_count":0,"_bbp_total_topic_count":0,"_bbp_total_reply_count":0,"_bbp_voice_count":0,"_bbp_anonymous_reply_count":0,"_bbp_topic_count_hidden":0,"_bbp_reply_count_hidden":0,"_bbp_forum_subforum_count":0,"site-sidebar-layout":"default","site-content-layout":"","ast-site-content-layout":"default","site-content-style":"default","site-sidebar-style":"default","ast-global-header-display":"","ast-banner-title-visibility":"","ast-main-header-display":"","ast-hfb-above-header-display":"","ast-hfb-below-header-display":"","ast-hfb-mobile-header-display":"","site-post-title":"","ast-breadcrumbs-content":"","ast-featured-img":"","footer-sml-layout":"","theme-transparent-header-meta":"","adv-header-id-meta":"","stick-header-meta":"","header-above-stick-meta":"","header-main-stick-meta":"","header-below-stick-meta":"","astra-migrate-meta-layouts":"set","ast-page-background-enabled":"default","ast-page-background-meta":{"desktop":{"background-color":"var(--ast-global-color-4)","background-image":"","background-repeat":"repeat","background-position":"center center","background-size":"auto","background-attachment":"scroll","background-type":"","background-media":"","overlay-type":"","overlay-color":"","overlay-opacity":"","overlay-gradient":""},"tablet":{"background-color":"","background-image":"","background-repeat":"repeat","background-position":"center center","background-size":"auto","background-attachment":"scroll","background-type":"","background-media":"","overlay-type":"","overlay-color":"","overlay-opacity":"","overlay-gradient":""},"mobile":{"background-color":"","background-image":"","background-repeat":"repeat","background-position":"center center","background-size":"auto","background-attachment":"scroll","background-type":"","background-media":"","overlay-type":"","overlay-color":"","overlay-opacity":"","overlay-gradient":""}},"ast-content-background-meta":{"desktop":{"background-color":"var(--ast-global-color-5)","background-image":"","background-repeat":"repeat","background-position":"center center","background-size":"auto","background-attachment":"scroll","background-type":"","background-media":"","overlay-type":"","overlay-color":"","overlay-opacity":"","overlay-gradient":""},"tablet":{"background-color":"var(--ast-global-color-5)","background-image":"","background-repeat":"repeat","background-position":"center center","background-size":"auto","background-attachment":"scroll","background-type":"","background-media":"","overlay-type":"","overlay-color":"","overlay-opacity":"","overlay-gradient":""},"mobile":{"background-color":"var(--ast-global-color-5)","background-image":"","background-repeat":"repeat","background-position":"center center","background-size":"auto","background-attachment":"scroll","background-type":"","background-media":"","overlay-type":"","overlay-color":"","overlay-opacity":"","overlay-gradient":""}},"footnotes":""},"class_list":["post-782","page","type-page","status-publish","hentry"],"post_mailing_queue_ids":[],"_links":{"self":[{"href":"https:\/\/agora.xtec.cat\/iesaltpenedes\/wp-json\/wp\/v2\/pages\/782","targetHints":{"allow":["GET"]}}],"collection":[{"href":"https:\/\/agora.xtec.cat\/iesaltpenedes\/wp-json\/wp\/v2\/pages"}],"about":[{"href":"https:\/\/agora.xtec.cat\/iesaltpenedes\/wp-json\/wp\/v2\/types\/page"}],"author":[{"embeddable":true,"href":"https:\/\/agora.xtec.cat\/iesaltpenedes\/wp-json\/wp\/v2\/users\/4"}],"replies":[{"embeddable":true,"href":"https:\/\/agora.xtec.cat\/iesaltpenedes\/wp-json\/wp\/v2\/comments?post=782"}],"version-history":[{"count":4,"href":"https:\/\/agora.xtec.cat\/iesaltpenedes\/wp-json\/wp\/v2\/pages\/782\/revisions"}],"predecessor-version":[{"id":1920,"href":"https:\/\/agora.xtec.cat\/iesaltpenedes\/wp-json\/wp\/v2\/pages\/782\/revisions\/1920"}],"wp:attachment":[{"href":"https:\/\/agora.xtec.cat\/iesaltpenedes\/wp-json\/wp\/v2\/media?parent=782"}],"curies":[{"name":"wp","href":"https:\/\/api.w.org\/{rel}","templated":true}]}}