{"id":726,"date":"2024-09-19T11:14:37","date_gmt":"2024-09-19T09:14:37","guid":{"rendered":"https:\/\/agora.xtec.cat\/iesaltpenedes\/?page_id=726"},"modified":"2025-05-22T08:58:41","modified_gmt":"2025-05-22T06:58:41","slug":"cultura-digital","status":"publish","type":"page","link":"https:\/\/agora.xtec.cat\/iesaltpenedes\/linstitut\/cultura-digital\/","title":{"rendered":"Cultura digital"},"content":{"rendered":"<p style=\"text-align: justify;\">En aquest apartat es recullen tots els documents del centre que fan refer\u00e8ncia a aspectes de la cultura digital. D&#8217;aquesta manera, es pot tenir una visi\u00f3 completa de l&#8217;assoliment d&#8217;aquesta cultura pel que fa al centre.\u200b<\/p>\n<h3 style=\"text-align: justify;\">Plataforma digital<\/h3>\n<p style=\"text-align: justify;\">El centre disposa d&#8217;un domini\u00a0Google Workspace for Education\u00a0propi. Tamb\u00e9 disposa d&#8217;un nombre limitat de llic\u00e8ncies\u00a0Workspace, per tal de poder tenir caracter\u00edstiques avan\u00e7ades, com ara possibilitat de fer sales separades en videoconfer\u00e8ncies, videoconfer\u00e8ncies de fins a 250 participants, entre altres avantatges.<\/p>\n<p style=\"text-align: justify;\">Quan s&#8217;incorpora un nou docent, una nova docent\u00a0o un nou membre del personal PAS al centre, se&#8217;l dona d&#8217;alta com a usuari del domini @institutaltpenedes.cat.<\/p>\n<p style=\"text-align: justify;\">D&#8217;altra banda,\u00a0tot alumnat que es matricula al centre disposa d&#8217;un compte d&#8217;usuari del domini del centre.<\/p>\n<p style=\"text-align: justify;\">Tot plegat permet crear grups i llistes de correu per classe, mat\u00e8ria, reunions&#8230; que faciliten la tasca d&#8217;assignaci\u00f3 de permisos i de comunicaci\u00f3 entre totes les parts de la comunitat educativa.<\/p>\n<div style=\"text-align: justify;\">\n<div class=\"wsite-image wsite-image-border-none \">\n<p><a href=\"https:\/\/www.google.com\/\" target=\"_blank\" rel=\"noopener\"><img decoding=\"async\" class=\"aligncenter\" src=\"https:\/\/463344365128478901.weebly.com\/uploads\/4\/9\/8\/1\/49816005\/logo-workspace_orig.png\" alt=\"Foto\" \/><\/a><\/p>\n<div><\/div>\n<\/div>\n<\/div>\n<h3 style=\"text-align: justify;\">Intranet<\/h3>\n<p style=\"text-align: justify;\">El centre disposa d&#8217;una intranet, anomenada iEduca, que t\u00e9 les seg\u00fcents funcions principals:<\/p>\n<ol style=\"text-align: justify;\">\n<li>Seguiment d&#8217;assist\u00e8ncia de l&#8217;alumnat.<\/li>\n<li>Registres d&#8217;entrevistes amb alumnes i fam\u00edlies.<\/li>\n<li>Petici\u00f3 d&#8217;informaci\u00f3 de l&#8217;alumnat a l&#8217;equip docent per preparar reunions amb fam\u00edlies.<\/li>\n<li>Enviament de comunicats a fam\u00edlies, alumnes i personal del centre a trav\u00e9s de correu electr\u00f2nic i de l&#8217;aplicaci\u00f3 de missatgeria instant\u00e0nia iEduca TokApp.<\/li>\n<li>Gesti\u00f3 de les auditories internes i externes.<\/li>\n<li>Consulta d&#8217;horaris.<\/li>\n<li>Reserva d&#8217;espais i equipaments.<\/li>\n<li>Consulta de l&#8217;orla del personal del centre.<\/li>\n<\/ol>\n<p style=\"text-align: justify;\">\u200bL&#8217;acc\u00e9s a aquesta intranet per part dels docents es realitza amb el seu compte corporatiu @institutaltpenedes.cat, accedint a\u00a0<a href=\"http:\/\/institutaltpenedes.ieduca.com\/\" target=\"_blank\" rel=\"noopener\">institutaltpenedes.ieduca.com<\/a>\u00a0i clicant el bot\u00f3:<\/p>\n<div style=\"text-align: justify;\">\n<div class=\"wsite-image wsite-image-border-none \">\n<p style=\"text-align: justify;\"><a href=\"http:\/\/institutaltpenedes.ieduca.com\/\" target=\"_blank\" rel=\"noopener\"><img decoding=\"async\" class=\"aligncenter\" src=\"https:\/\/463344365128478901.weebly.com\/uploads\/4\/9\/8\/1\/49816005\/published\/acces-ieduca-2023.jpg?1685616802\" alt=\"Foto\" \/><\/a><\/p>\n<div style=\"text-align: justify;\"><\/div>\n<\/div>\n<\/div>\n<h3 class=\"paragraph\" style=\"text-align: justify;\"><span style=\"font-size: x-large;\">\u200b<\/span>Documentaci\u00f3<\/h3>\n<p class=\"paragraph\" style=\"text-align: justify;\">Per poder accedir a la documentaci\u00f3 necess\u00e0ria per con\u00e8ixer el funcionament organitzatiu de l\u2019institut, el gestor documental ofereix una via d\u2019acc\u00e9s a un conjunt de carpetes i documents organitzats dins l\u2019entorn Google Drive, amb nivells d\u2019acc\u00e9s segons el grup d\u2019usuari a qu\u00e8 es pertany.<\/p>\n<p>S\u2019organitza en diferents categories i s\u2019hi accedeix des d\u2019iEduca prement el bot\u00f3\u00a0Enlla\u00e7os.<\/p>\n<p>Aquesta Unitat compartida de centre (Drive) cont\u00e9 informacions diverses, com actes de reuni\u00f3 de nivell, mat\u00e8ries pendents de cursos anteriors, treballs de recerca i cr\u00e8dits de s\u00edntesi, tutorials, etc.\u200b<\/p>\n<div>\n<div class=\"wsite-image wsite-image-border-none \" style=\"text-align: justify;\"><a href=\"https:\/\/drive.google.com\/drive\/folders\/0AEPhxvptmGo6Uk9PVA\" target=\"_blank\" rel=\"noopener\"><img loading=\"lazy\" decoding=\"async\" class=\"aligncenter wp-image-874 size-full\" src=\"https:\/\/agora.xtec.cat\/iesaltpenedes\/wp-content\/uploads\/usu1207\/2024\/09\/doccentre.png\" alt=\"\" width=\"587\" height=\"253\" srcset=\"https:\/\/agora.xtec.cat\/iesaltpenedes\/wp-content\/uploads\/usu1207\/2024\/09\/doccentre.png 587w, https:\/\/agora.xtec.cat\/iesaltpenedes\/wp-content\/uploads\/usu1207\/2024\/09\/doccentre-300x129.png 300w\" sizes=\"auto, (max-width: 587px) 100vw, 587px\" \/><\/a><\/div>\n<div><\/div>\n<\/div>\n<div><\/div>\n<div><\/div>\n","protected":false},"excerpt":{"rendered":"<p>En aquest apartat es recullen tots els documents del centre que fan refer\u00e8ncia a aspectes de la cultura digital. D&#8217;aquesta [&hellip;]<\/p>\n","protected":false},"author":6,"featured_media":0,"parent":19,"menu_order":5,"comment_status":"closed","ping_status":"closed","template":"","meta":{"_bbp_topic_count":0,"_bbp_reply_count":0,"_bbp_total_topic_count":0,"_bbp_total_reply_count":0,"_bbp_voice_count":0,"_bbp_anonymous_reply_count":0,"_bbp_topic_count_hidden":0,"_bbp_reply_count_hidden":0,"_bbp_forum_subforum_count":0,"site-sidebar-layout":"default","site-content-layout":"","ast-site-content-layout":"default","site-content-style":"default","site-sidebar-style":"default","ast-global-header-display":"","ast-banner-title-visibility":"","ast-main-header-display":"","ast-hfb-above-header-display":"","ast-hfb-below-header-display":"","ast-hfb-mobile-header-display":"","site-post-title":"","ast-breadcrumbs-content":"","ast-featured-img":"","footer-sml-layout":"","theme-transparent-header-meta":"default","adv-header-id-meta":"","stick-header-meta":"","header-above-stick-meta":"","header-main-stick-meta":"","header-below-stick-meta":"","astra-migrate-meta-layouts":"set","ast-page-background-enabled":"default","ast-page-background-meta":{"desktop":{"background-color":"var(--ast-global-color-4)","background-image":"","background-repeat":"repeat","background-position":"center center","background-size":"auto","background-attachment":"scroll","background-type":"","background-media":"","overlay-type":"","overlay-color":"","overlay-opacity":"","overlay-gradient":""},"tablet":{"background-color":"","background-image":"","background-repeat":"repeat","background-position":"center center","background-size":"auto","background-attachment":"scroll","background-type":"","background-media":"","overlay-type":"","overlay-color":"","overlay-opacity":"","overlay-gradient":""},"mobile":{"background-color":"","background-image":"","background-repeat":"repeat","background-position":"center center","background-size":"auto","background-attachment":"scroll","background-type":"","background-media":"","overlay-type":"","overlay-color":"","overlay-opacity":"","overlay-gradient":""}},"ast-content-background-meta":{"desktop":{"background-color":"var(--ast-global-color-5)","background-image":"","background-repeat":"repeat","background-position":"center center","background-size":"auto","background-attachment":"scroll","background-type":"","background-media":"","overlay-type":"","overlay-color":"","overlay-opacity":"","overlay-gradient":""},"tablet":{"background-color":"var(--ast-global-color-5)","background-image":"","background-repeat":"repeat","background-position":"center center","background-size":"auto","background-attachment":"scroll","background-type":"","background-media":"","overlay-type":"","overlay-color":"","overlay-opacity":"","overlay-gradient":""},"mobile":{"background-color":"var(--ast-global-color-5)","background-image":"","background-repeat":"repeat","background-position":"center center","background-size":"auto","background-attachment":"scroll","background-type":"","background-media":"","overlay-type":"","overlay-color":"","overlay-opacity":"","overlay-gradient":""}},"footnotes":""},"class_list":["post-726","page","type-page","status-publish","hentry"],"post_mailing_queue_ids":[],"_links":{"self":[{"href":"https:\/\/agora.xtec.cat\/iesaltpenedes\/wp-json\/wp\/v2\/pages\/726","targetHints":{"allow":["GET"]}}],"collection":[{"href":"https:\/\/agora.xtec.cat\/iesaltpenedes\/wp-json\/wp\/v2\/pages"}],"about":[{"href":"https:\/\/agora.xtec.cat\/iesaltpenedes\/wp-json\/wp\/v2\/types\/page"}],"author":[{"embeddable":true,"href":"https:\/\/agora.xtec.cat\/iesaltpenedes\/wp-json\/wp\/v2\/users\/6"}],"replies":[{"embeddable":true,"href":"https:\/\/agora.xtec.cat\/iesaltpenedes\/wp-json\/wp\/v2\/comments?post=726"}],"version-history":[{"count":6,"href":"https:\/\/agora.xtec.cat\/iesaltpenedes\/wp-json\/wp\/v2\/pages\/726\/revisions"}],"predecessor-version":[{"id":2574,"href":"https:\/\/agora.xtec.cat\/iesaltpenedes\/wp-json\/wp\/v2\/pages\/726\/revisions\/2574"}],"up":[{"embeddable":true,"href":"https:\/\/agora.xtec.cat\/iesaltpenedes\/wp-json\/wp\/v2\/pages\/19"}],"wp:attachment":[{"href":"https:\/\/agora.xtec.cat\/iesaltpenedes\/wp-json\/wp\/v2\/media?parent=726"}],"curies":[{"name":"wp","href":"https:\/\/api.w.org\/{rel}","templated":true}]}}