{"id":704,"date":"2024-09-18T08:44:38","date_gmt":"2024-09-18T06:44:38","guid":{"rendered":"https:\/\/agora.xtec.cat\/iesaltpenedes\/?page_id=704"},"modified":"2024-10-14T10:08:30","modified_gmt":"2024-10-14T08:08:30","slug":"labdoo","status":"publish","type":"page","link":"https:\/\/agora.xtec.cat\/iesaltpenedes\/estudis\/eso\/servei-comunitari\/labdoo\/","title":{"rendered":"LABDOO"},"content":{"rendered":"<h4>Vols col\u00b7laborar amb una xarxa social humanit\u00e0ria per fer del nostre planeta un lloc millor, proporcionant a les regions subdesenvolupades l&#8217;oportunitat de rebre una millor educaci\u00f3?<\/h4>\n<p><span style=\"font-size: large;\">\u200bXarxa social humanit\u00e0ria formada per persones de tot el m\u00f3n l\u2019objectiu de la qual \u00e9s l\u2019enviament d\u2019ordinadors port\u00e0tils no utilitzats, lectors de llibres electr\u00f2nics, tauletes digitals i qualsevol dispositiu que es pugui carregar amb programari educatiu, a les escoles necessitades de tot el m\u00f3n utilitzant la col\u00b7laboraci\u00f3 i sense inc\u00f3rrer en costos econ\u00f2mics o ambientals.<\/span><\/p>\n<p><a href=\"https:\/\/agora.xtec.cat\/iesaltpenedes\/wp-content\/uploads\/usu1207\/2024\/09\/carta_sc_labdoo.pdf\">Carta per a les fam\u00edlies referent al servei comunitari Labdoo<\/a><\/p>\n<p><img loading=\"lazy\" decoding=\"async\" class=\"alignright size-medium wp-image-706\" src=\"https:\/\/agora.xtec.cat\/iesaltpenedes\/wp-content\/uploads\/usu1207\/2024\/09\/labdoo-ordinador-300x199.jpg\" alt=\"\" width=\"300\" height=\"199\" srcset=\"https:\/\/agora.xtec.cat\/iesaltpenedes\/wp-content\/uploads\/usu1207\/2024\/09\/labdoo-ordinador-300x199.jpg 300w, https:\/\/agora.xtec.cat\/iesaltpenedes\/wp-content\/uploads\/usu1207\/2024\/09\/labdoo-ordinador.jpg 388w\" sizes=\"auto, (max-width: 300px) 100vw, 300px\" \/> <img loading=\"lazy\" decoding=\"async\" class=\"alignright size-medium wp-image-707\" src=\"https:\/\/agora.xtec.cat\/iesaltpenedes\/wp-content\/uploads\/usu1207\/2024\/09\/labdoo1-4eso_orig-300x225.jpg\" alt=\"\" width=\"300\" height=\"225\" srcset=\"https:\/\/agora.xtec.cat\/iesaltpenedes\/wp-content\/uploads\/usu1207\/2024\/09\/labdoo1-4eso_orig-300x225.jpg 300w, https:\/\/agora.xtec.cat\/iesaltpenedes\/wp-content\/uploads\/usu1207\/2024\/09\/labdoo1-4eso_orig-1024x768.jpg 1024w, https:\/\/agora.xtec.cat\/iesaltpenedes\/wp-content\/uploads\/usu1207\/2024\/09\/labdoo1-4eso_orig-768x576.jpg 768w, https:\/\/agora.xtec.cat\/iesaltpenedes\/wp-content\/uploads\/usu1207\/2024\/09\/labdoo1-4eso_orig-200x150.jpg 200w, https:\/\/agora.xtec.cat\/iesaltpenedes\/wp-content\/uploads\/usu1207\/2024\/09\/labdoo1-4eso_orig.jpg 1067w\" sizes=\"auto, (max-width: 300px) 100vw, 300px\" \/> <img loading=\"lazy\" decoding=\"async\" class=\"alignright size-medium wp-image-708\" src=\"https:\/\/agora.xtec.cat\/iesaltpenedes\/wp-content\/uploads\/usu1207\/2024\/09\/labdoo2-4eso_orig-300x225.jpg\" alt=\"\" width=\"300\" height=\"225\" srcset=\"https:\/\/agora.xtec.cat\/iesaltpenedes\/wp-content\/uploads\/usu1207\/2024\/09\/labdoo2-4eso_orig-300x225.jpg 300w, https:\/\/agora.xtec.cat\/iesaltpenedes\/wp-content\/uploads\/usu1207\/2024\/09\/labdoo2-4eso_orig-1024x768.jpg 1024w, https:\/\/agora.xtec.cat\/iesaltpenedes\/wp-content\/uploads\/usu1207\/2024\/09\/labdoo2-4eso_orig-768x576.jpg 768w, https:\/\/agora.xtec.cat\/iesaltpenedes\/wp-content\/uploads\/usu1207\/2024\/09\/labdoo2-4eso_orig-200x150.jpg 200w, https:\/\/agora.xtec.cat\/iesaltpenedes\/wp-content\/uploads\/usu1207\/2024\/09\/labdoo2-4eso_orig.jpg 1067w\" sizes=\"auto, (max-width: 300px) 100vw, 300px\" \/><\/p>\n","protected":false},"excerpt":{"rendered":"<p>Vols col\u00b7laborar amb una xarxa social humanit\u00e0ria per fer del nostre planeta un lloc millor, proporcionant a les regions subdesenvolupades [&hellip;]<\/p>\n","protected":false},"author":4,"featured_media":0,"parent":669,"menu_order":0,"comment_status":"closed","ping_status":"closed","template":"page-templates\/side-menu.php","meta":{"_bbp_topic_count":0,"_bbp_reply_count":0,"_bbp_total_topic_count":0,"_bbp_total_reply_count":0,"_bbp_voice_count":0,"_bbp_anonymous_reply_count":0,"_bbp_topic_count_hidden":0,"_bbp_reply_count_hidden":0,"_bbp_forum_subforum_count":0,"site-sidebar-layout":"default","site-content-layout":"","ast-site-content-layout":"","site-content-style":"default","site-sidebar-style":"default","ast-global-header-display":"","ast-banner-title-visibility":"","ast-main-header-display":"","ast-hfb-above-header-display":"","ast-hfb-below-header-display":"","ast-hfb-mobile-header-display":"","site-post-title":"","ast-breadcrumbs-content":"","ast-featured-img":"","footer-sml-layout":"","theme-transparent-header-meta":"","adv-header-id-meta":"","stick-header-meta":"","header-above-stick-meta":"","header-main-stick-meta":"","header-below-stick-meta":"","astra-migrate-meta-layouts":"default","ast-page-background-enabled":"default","ast-page-background-meta":{"desktop":{"background-color":"var(--ast-global-color-4)","background-image":"","background-repeat":"repeat","background-position":"center center","background-size":"auto","background-attachment":"scroll","background-type":"","background-media":"","overlay-type":"","overlay-color":"","overlay-opacity":"","overlay-gradient":""},"tablet":{"background-color":"","background-image":"","background-repeat":"repeat","background-position":"center center","background-size":"auto","background-attachment":"scroll","background-type":"","background-media":"","overlay-type":"","overlay-color":"","overlay-opacity":"","overlay-gradient":""},"mobile":{"background-color":"","background-image":"","background-repeat":"repeat","background-position":"center center","background-size":"auto","background-attachment":"scroll","background-type":"","background-media":"","overlay-type":"","overlay-color":"","overlay-opacity":"","overlay-gradient":""}},"ast-content-background-meta":{"desktop":{"background-color":"var(--ast-global-color-5)","background-image":"","background-repeat":"repeat","background-position":"center center","background-size":"auto","background-attachment":"scroll","background-type":"","background-media":"","overlay-type":"","overlay-color":"","overlay-opacity":"","overlay-gradient":""},"tablet":{"background-color":"var(--ast-global-color-5)","background-image":"","background-repeat":"repeat","background-position":"center center","background-size":"auto","background-attachment":"scroll","background-type":"","background-media":"","overlay-type":"","overlay-color":"","overlay-opacity":"","overlay-gradient":""},"mobile":{"background-color":"var(--ast-global-color-5)","background-image":"","background-repeat":"repeat","background-position":"center center","background-size":"auto","background-attachment":"scroll","background-type":"","background-media":"","overlay-type":"","overlay-color":"","overlay-opacity":"","overlay-gradient":""}},"footnotes":""},"class_list":["post-704","page","type-page","status-publish","hentry"],"post_mailing_queue_ids":[],"_links":{"self":[{"href":"https:\/\/agora.xtec.cat\/iesaltpenedes\/wp-json\/wp\/v2\/pages\/704","targetHints":{"allow":["GET"]}}],"collection":[{"href":"https:\/\/agora.xtec.cat\/iesaltpenedes\/wp-json\/wp\/v2\/pages"}],"about":[{"href":"https:\/\/agora.xtec.cat\/iesaltpenedes\/wp-json\/wp\/v2\/types\/page"}],"author":[{"embeddable":true,"href":"https:\/\/agora.xtec.cat\/iesaltpenedes\/wp-json\/wp\/v2\/users\/4"}],"replies":[{"embeddable":true,"href":"https:\/\/agora.xtec.cat\/iesaltpenedes\/wp-json\/wp\/v2\/comments?post=704"}],"version-history":[{"count":2,"href":"https:\/\/agora.xtec.cat\/iesaltpenedes\/wp-json\/wp\/v2\/pages\/704\/revisions"}],"predecessor-version":[{"id":710,"href":"https:\/\/agora.xtec.cat\/iesaltpenedes\/wp-json\/wp\/v2\/pages\/704\/revisions\/710"}],"up":[{"embeddable":true,"href":"https:\/\/agora.xtec.cat\/iesaltpenedes\/wp-json\/wp\/v2\/pages\/669"}],"wp:attachment":[{"href":"https:\/\/agora.xtec.cat\/iesaltpenedes\/wp-json\/wp\/v2\/media?parent=704"}],"curies":[{"name":"wp","href":"https:\/\/api.w.org\/{rel}","templated":true}]}}