{"id":683,"date":"2024-09-18T08:31:25","date_gmt":"2024-09-18T06:31:25","guid":{"rendered":"https:\/\/agora.xtec.cat\/iesaltpenedes\/?page_id=683"},"modified":"2024-10-14T10:08:12","modified_gmt":"2024-10-14T08:08:12","slug":"apadrina-un-monument","status":"publish","type":"page","link":"https:\/\/agora.xtec.cat\/iesaltpenedes\/estudis\/eso\/servei-comunitari\/apadrina-un-monument\/","title":{"rendered":"Buchenwald"},"content":{"rendered":"<p><span style=\"font-weight: 400;\">El <\/span><b>projecte Buchenwald<\/b><span style=\"font-weight: 400;\"> \u00e9s un projecte de mem\u00f2ria hist\u00f2rica, prevenci\u00f3 del feixisme, cultura de la Pau i defensa dels Drets Humans, que impulsa l\u2019Amical de Buchenwald.<\/span><\/p>\n<p><span style=\"font-weight: 400;\">Enguany ja posa en marxa el seu <\/span><b>13\u00e8 curs<\/b><span style=\"font-weight: 400;\">, amb la participaci\u00f3 de centres educatius del Garraf, l\u2019Alt Pened\u00e8s i el Baix Llobregat, entitats i ajuntaments del territori.<\/span><\/p>\n<p><span style=\"font-weight: 400;\">A partir de les <\/span><b>hist\u00f2ries personals dels deportats<\/b><span style=\"font-weight: 400;\"> vol ajudar a impulsar els valors democr\u00e0tics i a lluitar contra el racisme, la intoler\u00e0ncia i la discriminaci\u00f3.<\/span><\/p>\n<p><span style=\"font-weight: 400;\">Aquest 2025 ser\u00e0 un any important perqu\u00e8 arreu es commemorar\u00e0 el <\/span><b>80\u00e8 aniversari de l\u2019alliberament dels camps de concentraci\u00f3 i camps d\u2019extermini <\/b><span style=\"font-weight: 400;\">i ser\u00e0 una bona ocasi\u00f3 per a seguir fent difusi\u00f3 i sensibilitzaci\u00f3 dels valors democr\u00e0tics.<\/span><\/p>\n","protected":false},"excerpt":{"rendered":"<p>El projecte Buchenwald \u00e9s un projecte de mem\u00f2ria hist\u00f2rica, prevenci\u00f3 del feixisme, cultura de la Pau i defensa dels Drets [&hellip;]<\/p>\n","protected":false},"author":4,"featured_media":0,"parent":669,"menu_order":0,"comment_status":"closed","ping_status":"closed","template":"page-templates\/side-menu.php","meta":{"_bbp_topic_count":0,"_bbp_reply_count":0,"_bbp_total_topic_count":0,"_bbp_total_reply_count":0,"_bbp_voice_count":0,"_bbp_anonymous_reply_count":0,"_bbp_topic_count_hidden":0,"_bbp_reply_count_hidden":0,"_bbp_forum_subforum_count":0,"site-sidebar-layout":"default","site-content-layout":"","ast-site-content-layout":"","site-content-style":"default","site-sidebar-style":"default","ast-global-header-display":"","ast-banner-title-visibility":"","ast-main-header-display":"","ast-hfb-above-header-display":"","ast-hfb-below-header-display":"","ast-hfb-mobile-header-display":"","site-post-title":"","ast-breadcrumbs-content":"","ast-featured-img":"","footer-sml-layout":"","theme-transparent-header-meta":"","adv-header-id-meta":"","stick-header-meta":"","header-above-stick-meta":"","header-main-stick-meta":"","header-below-stick-meta":"","astra-migrate-meta-layouts":"default","ast-page-background-enabled":"default","ast-page-background-meta":{"desktop":{"background-color":"var(--ast-global-color-4)","background-image":"","background-repeat":"repeat","background-position":"center center","background-size":"auto","background-attachment":"scroll","background-type":"","background-media":"","overlay-type":"","overlay-color":"","overlay-opacity":"","overlay-gradient":""},"tablet":{"background-color":"","background-image":"","background-repeat":"repeat","background-position":"center center","background-size":"auto","background-attachment":"scroll","background-type":"","background-media":"","overlay-type":"","overlay-color":"","overlay-opacity":"","overlay-gradient":""},"mobile":{"background-color":"","background-image":"","background-repeat":"repeat","background-position":"center center","background-size":"auto","background-attachment":"scroll","background-type":"","background-media":"","overlay-type":"","overlay-color":"","overlay-opacity":"","overlay-gradient":""}},"ast-content-background-meta":{"desktop":{"background-color":"var(--ast-global-color-5)","background-image":"","background-repeat":"repeat","background-position":"center center","background-size":"auto","background-attachment":"scroll","background-type":"","background-media":"","overlay-type":"","overlay-color":"","overlay-opacity":"","overlay-gradient":""},"tablet":{"background-color":"var(--ast-global-color-5)","background-image":"","background-repeat":"repeat","background-position":"center center","background-size":"auto","background-attachment":"scroll","background-type":"","background-media":"","overlay-type":"","overlay-color":"","overlay-opacity":"","overlay-gradient":""},"mobile":{"background-color":"var(--ast-global-color-5)","background-image":"","background-repeat":"repeat","background-position":"center center","background-size":"auto","background-attachment":"scroll","background-type":"","background-media":"","overlay-type":"","overlay-color":"","overlay-opacity":"","overlay-gradient":""}},"footnotes":""},"class_list":["post-683","page","type-page","status-publish","hentry"],"post_mailing_queue_ids":[],"_links":{"self":[{"href":"https:\/\/agora.xtec.cat\/iesaltpenedes\/wp-json\/wp\/v2\/pages\/683","targetHints":{"allow":["GET"]}}],"collection":[{"href":"https:\/\/agora.xtec.cat\/iesaltpenedes\/wp-json\/wp\/v2\/pages"}],"about":[{"href":"https:\/\/agora.xtec.cat\/iesaltpenedes\/wp-json\/wp\/v2\/types\/page"}],"author":[{"embeddable":true,"href":"https:\/\/agora.xtec.cat\/iesaltpenedes\/wp-json\/wp\/v2\/users\/4"}],"replies":[{"embeddable":true,"href":"https:\/\/agora.xtec.cat\/iesaltpenedes\/wp-json\/wp\/v2\/comments?post=683"}],"version-history":[{"count":2,"href":"https:\/\/agora.xtec.cat\/iesaltpenedes\/wp-json\/wp\/v2\/pages\/683\/revisions"}],"predecessor-version":[{"id":747,"href":"https:\/\/agora.xtec.cat\/iesaltpenedes\/wp-json\/wp\/v2\/pages\/683\/revisions\/747"}],"up":[{"embeddable":true,"href":"https:\/\/agora.xtec.cat\/iesaltpenedes\/wp-json\/wp\/v2\/pages\/669"}],"wp:attachment":[{"href":"https:\/\/agora.xtec.cat\/iesaltpenedes\/wp-json\/wp\/v2\/media?parent=683"}],"curies":[{"name":"wp","href":"https:\/\/api.w.org\/{rel}","templated":true}]}}