{"id":669,"date":"2024-09-18T08:24:23","date_gmt":"2024-09-18T06:24:23","guid":{"rendered":"https:\/\/agora.xtec.cat\/iesaltpenedes\/?page_id=669"},"modified":"2026-02-27T13:33:17","modified_gmt":"2026-02-27T12:33:17","slug":"servei-comunitari","status":"publish","type":"page","link":"https:\/\/agora.xtec.cat\/iesaltpenedes\/estudis\/eso\/servei-comunitari\/","title":{"rendered":"Servei Comunitari"},"content":{"rendered":"\n<h2 class=\"wp-block-heading\">Qu\u00e8 \u00e9s el servei comunitari?<\/h2>\n\n\n\n<p>\u00c9s un instrument per desenvolupar LA COMPET\u00c8NCIA B\u00c0SICA marcada pel curr\u00edculum de secund\u00e0ria:&nbsp;<strong>la compet\u00e8ncia social i ciutadana<\/strong>. T\u00e9 com a objectiu garantir que els estudiants experimentin i protagonitzin accions de comprom\u00eds c\u00edvic, apareguin en l&#8217;exercici actiu de la ciutadania i coneguin les entitats m\u00e9s properes que de forma altruista es dediquen.<br>\u00c9s una proposta educativa que combina processos d&#8217;aprenentatge i de servei a la comunitat en un sol projecte on l&#8217;alumnat posa el seu coneixement i compet\u00e8ncies al servei dels altres. Apr\u00e8n a ser un ciutad\u00e0 des de la pr\u00e0ctica.<\/p>\n\n\n\n<p>A l&#8217;Institut Alt Pened\u00e8s dediquem una hora setmanal al servei comunitari a 4t d&#8217;ESO, i oferim divers servis que l&#8217;alumnat pot triar classificats en diferents \u00e0mbits:<\/p>\n\n\n\n<div class=\"wp-block-columns is-layout-flex wp-container-core-columns-is-layout-1 wp-block-columns-is-layout-flex\">\n<div class=\"wp-block-column is-layout-flow wp-block-column-is-layout-flow\">\n<ul class=\"wp-block-list\">\n<li>Intercanvi generacional<\/li>\n\n\n\n<li>Acompanyament i suport a l&#8217;escolaritzaci\u00f3<\/li>\n\n\n\n<li>Projectes de solidaritat i cooperaci\u00f3<\/li>\n\n\n\n<li>Suport a necessitats b\u00e0siques<\/li>\n\n\n\n<li>Medi ambient<\/li>\n\n\n\n<li>Participaci\u00f3 ciutadana<\/li>\n\n\n\n<li>Patrimoni cultural<\/li>\n\n\n\n<li>Preservaci\u00f3 i manteniment del medi urb\u00e0<\/li>\n<\/ul>\n<\/div>\n\n\n\n<div class=\"wp-block-column is-layout-flow wp-block-column-is-layout-flow\">\n<p><iframe loading=\"lazy\" title=\"V\u00eddeo 'Acollir projectes d'Aprenentatge Servei en entitats socials' (2014)\" src=\"\/\/www.youtube.com\/embed\/5xYU9UtO9Os\" width=\"415\" height=\"264\" frameborder=\"0\" allowfullscreen=\"allowfullscreen\"><\/iframe><\/p>\n<\/div>\n<\/div>\n\n\n\n<figure class=\"wp-block-image aligncenter\"><img loading=\"lazy\" decoding=\"async\" width=\"300\" height=\"139\" src=\"https:\/\/agora.xtec.cat\/iesaltpenedes\/wp-content\/uploads\/usu1207\/2024\/09\/servei-comunitari-web-12-300x139.jpg\" alt=\"\" class=\"wp-image-670\" srcset=\"https:\/\/agora.xtec.cat\/iesaltpenedes\/wp-content\/uploads\/usu1207\/2024\/09\/servei-comunitari-web-12-300x139.jpg 300w, https:\/\/agora.xtec.cat\/iesaltpenedes\/wp-content\/uploads\/usu1207\/2024\/09\/servei-comunitari-web-12.jpg 540w\" sizes=\"auto, (max-width: 300px) 100vw, 300px\" \/><\/figure>\n\n\n\n<figure class=\"wp-block-table\"><table><tbody><tr><td><a href=\"https:\/\/agora.xtec.cat\/iesaltpenedes\/estudis\/eso\/servei-comunitari\/fundacio-lespiga\/\">FUNDACI\u00d3 L&#8217;ESPIGA<\/a><\/td><td><a href=\"https:\/\/agora.xtec.cat\/iesaltpenedes\/estudis\/eso\/servei-comunitari\/projecte-rius\/\">PROJECTE RIUS<\/a><\/td><td><a href=\"https:\/\/agora.xtec.cat\/iesaltpenedes\/estudis\/eso\/servei-comunitari\/apadrina-un-monument\/\">BUCHENWALD<\/a><\/td><td><a href=\"https:\/\/agora.xtec.cat\/iesaltpenedes\/estudis\/eso\/servei-comunitari\/rebost-solidari\/\">REBOST SOLIDARI<\/a><\/td><\/tr><tr><td><a href=\"https:\/\/agora.xtec.cat\/iesaltpenedes\/estudis\/eso\/servei-comunitari\/parelles-linguistiques\/\">PARELLES LING\u00dc\u00cdSTIQUES<\/a><\/td><td><a href=\"https:\/\/agora.xtec.cat\/iesaltpenedes\/estudis\/eso\/servei-comunitari\/caritas-activitats-de-reforc\/\">C\u00c0RITAS<\/a><\/td><td colspan=\"2\"><a href=\"https:\/\/agora.xtec.cat\/iesaltpenedes\/estudis\/eso\/servei-comunitari\/parelles-linguistiques-en-angles\/\">PARELLES LING\u00dc\u00cdSTIQUES EN ANGL\u00c8S<\/a><\/td><\/tr><tr><td><a href=\"https:\/\/agora.xtec.cat\/iesaltpenedes\/estudis\/eso\/servei-comunitari\/contacontes\/\">CONTACONTES<\/a><\/td><td><a href=\"https:\/\/agora.xtec.cat\/iesaltpenedes\/estudis\/eso\/servei-comunitari\/gent-gran\/\">GENT GRAN<\/a><\/td><td colspan=\"2\"><a href=\"https:\/\/agora.xtec.cat\/iesaltpenedes\/estudis\/eso\/servei-comunitari\/labdoo\/\">LABDOO<\/a><\/td><\/tr><\/tbody><\/table><\/figure>\n\n\n\n<h3 class=\"wp-block-heading\">Empreses col\u00b7laboradores amb el servei comunitari<\/h3>\n\n\n\n<div class=\"wp-block-columns is-layout-flex wp-container-core-columns-is-layout-2 wp-block-columns-is-layout-flex\">\n<div class=\"wp-block-column is-layout-flow wp-block-column-is-layout-flow\">\n<h4 class=\"wp-block-heading\">Servei comunitari<\/h4>\n\n\n\n<ul class=\"wp-block-list\">\n<li>Fundaci\u00f3 L&#8217;Espiga<\/li>\n\n\n\n<li>Projecte Rius<\/li>\n\n\n\n<li>Buchenwald<\/li>\n\n\n\n<li>Rebost Solidari<\/li>\n\n\n\n<li>Labdoo<\/li>\n\n\n\n<li>Parelles Ling\u00fc\u00edstiques<\/li>\n\n\n\n<li>Gent Gran<\/li>\n\n\n\n<li>Parelles Ling\u00fc\u00edstiques en angl\u00e8s<\/li>\n\n\n\n<li>Contacontes<\/li>\n<\/ul>\n<\/div>\n\n\n\n<div class=\"wp-block-column is-layout-flow wp-block-column-is-layout-flow\">\n<h4 class=\"wp-block-heading\">Empresa\/Associaci\u00f3<\/h4>\n\n\n\n<ul class=\"wp-block-list\">\n<li>Fundaci\u00f3 l&#8217;Esipga<\/li>\n\n\n\n<li>Associaci\u00f3 Habitats<\/li>\n\n\n\n<li>Associaci\u00f3 Buhenwald<\/li>\n\n\n\n<li>Associaci\u00f3 Rebost<\/li>\n\n\n\n<li>ONG LADBOO<\/li>\n\n\n\n<li>AFA Alt Pened\u00e8s<\/li>\n\n\n\n<li>SUARA Serveis SCCL<\/li>\n\n\n\n<li>Escola Balt\u00e0 i Elies<\/li>\n\n\n\n<li>Escoles de Vilafranca que acceptin la proposta<\/li>\n<\/ul>\n<\/div>\n<\/div>\n","protected":false},"excerpt":{"rendered":"<p>Qu\u00e8 \u00e9s el servei comunitari? \u00c9s un instrument per desenvolupar LA COMPET\u00c8NCIA B\u00c0SICA marcada pel curr\u00edculum de secund\u00e0ria:&nbsp;la compet\u00e8ncia social [&hellip;]<\/p>\n","protected":false},"author":4,"featured_media":0,"parent":654,"menu_order":3,"comment_status":"closed","ping_status":"closed","template":"","meta":{"_bbp_topic_count":0,"_bbp_reply_count":0,"_bbp_total_topic_count":0,"_bbp_total_reply_count":0,"_bbp_voice_count":0,"_bbp_anonymous_reply_count":0,"_bbp_topic_count_hidden":0,"_bbp_reply_count_hidden":0,"_bbp_forum_subforum_count":0,"site-sidebar-layout":"default","site-content-layout":"","ast-site-content-layout":"default","site-content-style":"default","site-sidebar-style":"default","ast-global-header-display":"","ast-banner-title-visibility":"","ast-main-header-display":"","ast-hfb-above-header-display":"","ast-hfb-below-header-display":"","ast-hfb-mobile-header-display":"","site-post-title":"","ast-breadcrumbs-content":"","ast-featured-img":"","footer-sml-layout":"","theme-transparent-header-meta":"","adv-header-id-meta":"","stick-header-meta":"","header-above-stick-meta":"","header-main-stick-meta":"","header-below-stick-meta":"","astra-migrate-meta-layouts":"set","ast-page-background-enabled":"default","ast-page-background-meta":{"desktop":{"background-color":"var(--ast-global-color-4)","background-image":"","background-repeat":"repeat","background-position":"center center","background-size":"auto","background-attachment":"scroll","background-type":"","background-media":"","overlay-type":"","overlay-color":"","overlay-opacity":"","overlay-gradient":""},"tablet":{"background-color":"","background-image":"","background-repeat":"repeat","background-position":"center center","background-size":"auto","background-attachment":"scroll","background-type":"","background-media":"","overlay-type":"","overlay-color":"","overlay-opacity":"","overlay-gradient":""},"mobile":{"background-color":"","background-image":"","background-repeat":"repeat","background-position":"center center","background-size":"auto","background-attachment":"scroll","background-type":"","background-media":"","overlay-type":"","overlay-color":"","overlay-opacity":"","overlay-gradient":""}},"ast-content-background-meta":{"desktop":{"background-color":"var(--ast-global-color-5)","background-image":"","background-repeat":"repeat","background-position":"center center","background-size":"auto","background-attachment":"scroll","background-type":"","background-media":"","overlay-type":"","overlay-color":"","overlay-opacity":"","overlay-gradient":""},"tablet":{"background-color":"var(--ast-global-color-5)","background-image":"","background-repeat":"repeat","background-position":"center center","background-size":"auto","background-attachment":"scroll","background-type":"","background-media":"","overlay-type":"","overlay-color":"","overlay-opacity":"","overlay-gradient":""},"mobile":{"background-color":"var(--ast-global-color-5)","background-image":"","background-repeat":"repeat","background-position":"center center","background-size":"auto","background-attachment":"scroll","background-type":"","background-media":"","overlay-type":"","overlay-color":"","overlay-opacity":"","overlay-gradient":""}},"footnotes":""},"class_list":["post-669","page","type-page","status-publish","hentry"],"post_mailing_queue_ids":[],"_links":{"self":[{"href":"https:\/\/agora.xtec.cat\/iesaltpenedes\/wp-json\/wp\/v2\/pages\/669","targetHints":{"allow":["GET"]}}],"collection":[{"href":"https:\/\/agora.xtec.cat\/iesaltpenedes\/wp-json\/wp\/v2\/pages"}],"about":[{"href":"https:\/\/agora.xtec.cat\/iesaltpenedes\/wp-json\/wp\/v2\/types\/page"}],"author":[{"embeddable":true,"href":"https:\/\/agora.xtec.cat\/iesaltpenedes\/wp-json\/wp\/v2\/users\/4"}],"replies":[{"embeddable":true,"href":"https:\/\/agora.xtec.cat\/iesaltpenedes\/wp-json\/wp\/v2\/comments?post=669"}],"version-history":[{"count":5,"href":"https:\/\/agora.xtec.cat\/iesaltpenedes\/wp-json\/wp\/v2\/pages\/669\/revisions"}],"predecessor-version":[{"id":1943,"href":"https:\/\/agora.xtec.cat\/iesaltpenedes\/wp-json\/wp\/v2\/pages\/669\/revisions\/1943"}],"up":[{"embeddable":true,"href":"https:\/\/agora.xtec.cat\/iesaltpenedes\/wp-json\/wp\/v2\/pages\/654"}],"wp:attachment":[{"href":"https:\/\/agora.xtec.cat\/iesaltpenedes\/wp-json\/wp\/v2\/media?parent=669"}],"curies":[{"name":"wp","href":"https:\/\/api.w.org\/{rel}","templated":true}]}}