{"id":654,"date":"2024-09-17T09:52:24","date_gmt":"2024-09-17T07:52:24","guid":{"rendered":"https:\/\/agora.xtec.cat\/iesaltpenedes\/?page_id=654"},"modified":"2026-03-01T20:49:33","modified_gmt":"2026-03-01T19:49:33","slug":"eso","status":"publish","type":"page","link":"https:\/\/agora.xtec.cat\/iesaltpenedes\/estudis\/eso\/","title":{"rendered":"ESO"},"content":{"rendered":"\n<p>La Secund\u00e0ria de l&#8217;Institut Alt Pened\u00e8s us ofereix una formaci\u00f3 integral i integradora, d&#8217;acord amb el<a href=\"https:\/\/agora.xtec.cat\/iesaltpenedes\/wp-content\/uploads\/usu1207\/2025\/11\/PEC-2023_definitiu.pdf\"> Projecte Educatiu de Centre<\/a>. Una educaci\u00f3 personalitzada i atenta a les necessitats de cada alumne\/a, i que fomenta al mateix temps el treball en equip i la col\u00b7laboraci\u00f3. Una tasca guiada per un equip docent que cerca tant l&#8217;excel\u00b7l\u00e8ncia acad\u00e8mica com el desenvolupament personal de cada individu. <\/p>\n\n\n\n<div class=\"wp-block-getwid-advanced-heading\"><span class=\"wp-block-getwid-advanced-heading__content\" style=\"text-align:center\"><strong><mark style=\"background-color:rgba(0, 0, 0, 0)\" class=\"has-inline-color has-ast-global-color-0-color\">Presentaci\u00f3 de portes obertes 2026 : <\/mark><\/strong>         <\/span><\/div>\n\n\n\n<div class=\"wp-block-columns is-layout-flex wp-container-core-columns-is-layout-1 wp-block-columns-is-layout-flex\">\n<div class=\"wp-block-column is-layout-flow wp-block-column-is-layout-flow\" style=\"flex-basis:33.33%\">\n<ul class=\"wp-block-list\">\n<li><a href=\"https:\/\/agora.xtec.cat\/iesaltpenedes\/estudis\/eso\/3420-2\/\" data-type=\"page\" data-id=\"3420\">L&#8217;ESO a l&#8217;Alt. <\/a><\/li>\n\n\n\n<li><a href=\"https:\/\/agora.xtec.cat\/iesaltpenedes\/estudis\/eso\/eso-saber-ne-mes\/\">1r d&#8217;ESO a l&#8217;Alt. <\/a><\/li>\n\n\n\n<li><a href=\"https:\/\/agora.xtec.cat\/iesaltpenedes\/wp-content\/uploads\/usu1207\/2026\/02\/dipticESO2024-1.pdf\">TR\u00cdPTIC DESCARREGABLE<\/a><\/li>\n\n\n\n<li><a href=\"https:\/\/agora.xtec.cat\/iesaltpenedes\/estudis\/eso\/tria-doptatives\/\">Tria d&#8217;optatives<\/a><\/li>\n\n\n\n<li><a href=\"https:\/\/drive.google.com\/file\/d\/1Qk7a5aH4E9pDKX7FFpTe6thum5Ztn_8n\/view?usp=sharing\">Presentaci\u00f3 conjunta instituts de Vilafranca. <\/a><\/li>\n<\/ul>\n<\/div>\n\n\n\n<div class=\"wp-block-column is-layout-flow wp-block-column-is-layout-flow\" style=\"flex-basis:66.66%\">\n<iframe loading=\"lazy\" src=\"https:\/\/docs.google.com\/presentation\/d\/e\/2PACX-1vSnu-d9v8-06THdD71nr1ilfFMheFIKad_eHJv3Z6Xd1ZXgO_HEB1hBRsdZQZhkCA\/pubembed?start=false&#038;loop=false&#038;delayms=3000\" frameborder=\"0\" width=\"480\" height=\"389\" allowfullscreen=\"true\" mozallowfullscreen=\"true\" webkitallowfullscreen=\"true\"><\/iframe>\n<\/div>\n<\/div>\n\n\n\n<div class=\"wp-block-columns is-layout-flex wp-container-core-columns-is-layout-2 wp-block-columns-is-layout-flex\" style=\"margin-top:0;margin-bottom:0;padding-top:0;padding-right:0;padding-bottom:0;padding-left:0\">\n<div class=\"wp-block-column is-layout-flow wp-block-column-is-layout-flow\">\n<h3 class=\"wp-block-heading\">Innovaci\u00f3 i investigaci\u00f3<\/h3>\n\n\n\n<p>Fomentem la creativitat i la curiositat, integrem les noves tecnologies a l&#8217;aprenentatge i cerquem la innovaci\u00f3 pedag\u00f2gica i la descoberta activa de l&#8217;entorn, sense renunciar al rigor i l&#8217;esfor\u00e7 que tot aprenentatge implica.<\/p>\n\n\n\n<figure class=\"wp-block-image aligncenter size-full is-resized\"><a href=\"https:\/\/agora.xtec.cat\/iesaltpenedes\/wp-content\/uploads\/usu1207\/2025\/02\/image.png\"><img loading=\"lazy\" decoding=\"async\" width=\"176\" height=\"236\" src=\"https:\/\/agora.xtec.cat\/iesaltpenedes\/wp-content\/uploads\/usu1207\/2025\/02\/image.png\" alt=\"\" class=\"wp-image-1940\" style=\"width:203px;height:auto\"\/><\/a><\/figure>\n<\/div>\n\n\n\n<div class=\"wp-block-column is-layout-flow wp-block-column-is-layout-flow\">\n<h3 class=\"wp-block-heading\">Participaci\u00f3 i motivaci\u00f3<\/h3>\n\n\n\n<p>Som un centre viu, actiu i en moviment: sortides esportives, jornades culturals, activitats intergrupals, tallers, etc.&nbsp;Estades i intercanvis ling\u00fc\u00edstics, visites a empreses i laboratoris, experimentaci\u00f3 a la natura, etc. La millor manera de con\u00e8ixer i comprendre el m\u00f3n que ens envolta \u00e9s apropar-s&#8217;hi.<\/p>\n\n\n\n<figure class=\"wp-block-image aligncenter is-resized\"><img loading=\"lazy\" decoding=\"async\" width=\"180\" height=\"135\" src=\"https:\/\/agora.xtec.cat\/iesaltpenedes\/wp-content\/uploads\/usu1207\/2024\/09\/7005639.jpg\" alt=\"\" class=\"wp-image-657\" style=\"width:312px;height:auto\"\/><\/figure>\n<\/div>\n\n\n\n<div class=\"wp-block-column is-layout-flow wp-block-column-is-layout-flow\">\n<h3 class=\"wp-block-heading\">Orientaci\u00f3 i formaci\u00f3 integral<\/h3>\n\n\n\n<p>L\u2019orientaci\u00f3 esdev\u00e9 un eix essencial de l\u2019acci\u00f3 educativa quan abordem la tasca docent des d\u2019una perspectiva integral i integradora. L\u2019orientaci\u00f3 com a l\u00ednia de centre permet integrar a la formaci\u00f3 acad\u00e8mica la reflexi\u00f3 sobre el propi proc\u00e9s d&#8217;aprenentatge, el desenvolupament personal i social, el descobriment d\u2019interessos i motivacions i l\u2019orientaci\u00f3 professionalitzadora.<\/p>\n\n\n\n<figure class=\"wp-block-image aligncenter is-resized\"><img loading=\"lazy\" decoding=\"async\" width=\"242\" height=\"162\" src=\"https:\/\/agora.xtec.cat\/iesaltpenedes\/wp-content\/uploads\/usu1207\/2024\/09\/4996607.jpg\" alt=\"\" class=\"wp-image-659\" style=\"width:272px;height:auto\"\/><\/figure>\n<\/div>\n<\/div>\n\n\n\n<h3 class=\"wp-block-heading has-text-align-center has-cyan-bluish-gray-background-color has-background has-large-font-size\"><a href=\"https:\/\/agora.xtec.cat\/iesaltpenedes\/estudis\/eso\/eso-saber-ne-mes\/\">SABER-NE M\u00c9S<\/a><\/h3>\n","protected":false},"excerpt":{"rendered":"<p>La Secund\u00e0ria de l&#8217;Institut Alt Pened\u00e8s us ofereix una formaci\u00f3 integral i integradora, d&#8217;acord amb el Projecte Educatiu de Centre. [&hellip;]<\/p>\n","protected":false},"author":4,"featured_media":0,"parent":195,"menu_order":1,"comment_status":"closed","ping_status":"closed","template":"","meta":{"_bbp_topic_count":0,"_bbp_reply_count":0,"_bbp_total_topic_count":0,"_bbp_total_reply_count":0,"_bbp_voice_count":0,"_bbp_anonymous_reply_count":0,"_bbp_topic_count_hidden":0,"_bbp_reply_count_hidden":0,"_bbp_forum_subforum_count":0,"site-sidebar-layout":"default","site-content-layout":"","ast-site-content-layout":"default","site-content-style":"default","site-sidebar-style":"default","ast-global-header-display":"","ast-banner-title-visibility":"","ast-main-header-display":"","ast-hfb-above-header-display":"","ast-hfb-below-header-display":"","ast-hfb-mobile-header-display":"","site-post-title":"","ast-breadcrumbs-content":"","ast-featured-img":"","footer-sml-layout":"","theme-transparent-header-meta":"","adv-header-id-meta":"","stick-header-meta":"","header-above-stick-meta":"","header-main-stick-meta":"","header-below-stick-meta":"","astra-migrate-meta-layouts":"set","ast-page-background-enabled":"default","ast-page-background-meta":{"desktop":{"background-color":"var(--ast-global-color-4)","background-image":"","background-repeat":"repeat","background-position":"center center","background-size":"auto","background-attachment":"scroll","background-type":"","background-media":"","overlay-type":"","overlay-color":"","overlay-opacity":"","overlay-gradient":""},"tablet":{"background-color":"","background-image":"","background-repeat":"repeat","background-position":"center center","background-size":"auto","background-attachment":"scroll","background-type":"","background-media":"","overlay-type":"","overlay-color":"","overlay-opacity":"","overlay-gradient":""},"mobile":{"background-color":"","background-image":"","background-repeat":"repeat","background-position":"center center","background-size":"auto","background-attachment":"scroll","background-type":"","background-media":"","overlay-type":"","overlay-color":"","overlay-opacity":"","overlay-gradient":""}},"ast-content-background-meta":{"desktop":{"background-color":"var(--ast-global-color-5)","background-image":"","background-repeat":"repeat","background-position":"center center","background-size":"auto","background-attachment":"scroll","background-type":"","background-media":"","overlay-type":"","overlay-color":"","overlay-opacity":"","overlay-gradient":""},"tablet":{"background-color":"var(--ast-global-color-5)","background-image":"","background-repeat":"repeat","background-position":"center center","background-size":"auto","background-attachment":"scroll","background-type":"","background-media":"","overlay-type":"","overlay-color":"","overlay-opacity":"","overlay-gradient":""},"mobile":{"background-color":"var(--ast-global-color-5)","background-image":"","background-repeat":"repeat","background-position":"center center","background-size":"auto","background-attachment":"scroll","background-type":"","background-media":"","overlay-type":"","overlay-color":"","overlay-opacity":"","overlay-gradient":""}},"footnotes":""},"class_list":["post-654","page","type-page","status-publish","hentry"],"post_mailing_queue_ids":[],"_links":{"self":[{"href":"https:\/\/agora.xtec.cat\/iesaltpenedes\/wp-json\/wp\/v2\/pages\/654","targetHints":{"allow":["GET"]}}],"collection":[{"href":"https:\/\/agora.xtec.cat\/iesaltpenedes\/wp-json\/wp\/v2\/pages"}],"about":[{"href":"https:\/\/agora.xtec.cat\/iesaltpenedes\/wp-json\/wp\/v2\/types\/page"}],"author":[{"embeddable":true,"href":"https:\/\/agora.xtec.cat\/iesaltpenedes\/wp-json\/wp\/v2\/users\/4"}],"replies":[{"embeddable":true,"href":"https:\/\/agora.xtec.cat\/iesaltpenedes\/wp-json\/wp\/v2\/comments?post=654"}],"version-history":[{"count":6,"href":"https:\/\/agora.xtec.cat\/iesaltpenedes\/wp-json\/wp\/v2\/pages\/654\/revisions"}],"predecessor-version":[{"id":3572,"href":"https:\/\/agora.xtec.cat\/iesaltpenedes\/wp-json\/wp\/v2\/pages\/654\/revisions\/3572"}],"up":[{"embeddable":true,"href":"https:\/\/agora.xtec.cat\/iesaltpenedes\/wp-json\/wp\/v2\/pages\/195"}],"wp:attachment":[{"href":"https:\/\/agora.xtec.cat\/iesaltpenedes\/wp-json\/wp\/v2\/media?parent=654"}],"curies":[{"name":"wp","href":"https:\/\/api.w.org\/{rel}","templated":true}]}}