{"id":620,"date":"2024-09-13T19:36:02","date_gmt":"2024-09-13T17:36:02","guid":{"rendered":"https:\/\/agora.xtec.cat\/iesaltpenedes\/?page_id=620"},"modified":"2026-02-27T12:31:05","modified_gmt":"2026-02-27T11:31:05","slug":"cicles-formatius","status":"publish","type":"page","link":"https:\/\/agora.xtec.cat\/iesaltpenedes\/estudis\/cicles-formatius\/","title":{"rendered":"Cicles Formatius"},"content":{"rendered":"\n<div class=\"wp-block-columns are-vertically-aligned-center is-layout-flex wp-container-core-columns-is-layout-1 wp-block-columns-is-layout-flex\">\n<div class=\"wp-block-column is-vertically-aligned-center caixa is-content-justification-center is-layout-constrained wp-block-column-is-layout-constrained\">\n<h4 class=\"wp-block-heading\"><a href=\"https:\/\/agora.xtec.cat\/iesaltpenedes\/projecte-educatiu\/departaments\/electricitat-i-electronica\/\">FAM\u00cdLIA ELECTRICITAT I ELECTR\u00d2NICA<\/a><\/h4>\n\n\n\n<figure class=\"wp-block-image aligncenter size-large is-resized\"><a href=\"https:\/\/agora.xtec.cat\/iesaltpenedes\/wp-content\/uploads\/usu1207\/2025\/01\/img-20240304-172807_orig.jpg\"><img loading=\"lazy\" decoding=\"async\" width=\"1024\" height=\"576\" src=\"https:\/\/agora.xtec.cat\/iesaltpenedes\/wp-content\/uploads\/usu1207\/2025\/01\/img-20240304-172807_orig-1024x576.jpg\" alt=\"\" class=\"wp-image-1815\" style=\"width:316px;height:auto\" srcset=\"https:\/\/agora.xtec.cat\/iesaltpenedes\/wp-content\/uploads\/usu1207\/2025\/01\/img-20240304-172807_orig-1024x576.jpg 1024w, https:\/\/agora.xtec.cat\/iesaltpenedes\/wp-content\/uploads\/usu1207\/2025\/01\/img-20240304-172807_orig-300x169.jpg 300w, https:\/\/agora.xtec.cat\/iesaltpenedes\/wp-content\/uploads\/usu1207\/2025\/01\/img-20240304-172807_orig-768x432.jpg 768w, https:\/\/agora.xtec.cat\/iesaltpenedes\/wp-content\/uploads\/usu1207\/2025\/01\/img-20240304-172807_orig.jpg 1100w\" sizes=\"auto, (max-width: 1024px) 100vw, 1024px\" \/><\/a><\/figure>\n\n\n\n<p class=\"has-text-align-center\"><a href=\"https:\/\/agora.xtec.cat\/iesaltpenedes\/projecte-educatiu\/departaments\/electricitat-i-electronica\/\">Visita&#8217;ns<\/a><\/p>\n<\/div>\n\n\n\n<div class=\"wp-block-column is-vertically-aligned-center caixa is-layout-constrained wp-block-column-is-layout-constrained\">\n<h4 class=\"wp-block-heading\"><a href=\"https:\/\/agora.xtec.cat\/iesaltpenedes\/projecte-educatiu\/departaments\/mecanitzacio-i-mecatronica\/\">FAM\u00cdLIES MECANITZACI\u00d3 I INSTAL\u00b7LACI\u00d3 I MANTENIMENT<\/a><\/h4>\n\n\n\n<figure class=\"wp-block-image aligncenter size-full is-resized is-style-default\"><a href=\"https:\/\/agora.xtec.cat\/iesaltpenedes\/wp-content\/uploads\/usu1207\/2025\/03\/image.png\"><img loading=\"lazy\" decoding=\"async\" width=\"300\" height=\"225\" src=\"https:\/\/agora.xtec.cat\/iesaltpenedes\/wp-content\/uploads\/usu1207\/2025\/03\/image.png\" alt=\"\" class=\"wp-image-2146\" style=\"width:255px;height:auto\"\/><\/a><\/figure>\n\n\n\n<p class=\"has-text-align-center\"><a href=\"https:\/\/agora.xtec.cat\/iesaltpenedes\/projecte-educatiu\/departaments\/mecanitzacio-i-mecatronica\/\">Visita&#8217;ns<\/a><\/p>\n\n\n\n<p><a href=\"https:\/\/agora.xtec.cat\/iesaltpenedes\/wp-content\/uploads\/usu1207\/2025\/03\/9696028.jpg\"><\/a><\/p>\n<\/div>\n\n\n\n<div class=\"wp-block-column is-vertically-aligned-center caixa is-layout-constrained wp-block-column-is-layout-constrained\">\n<h4 class=\"wp-block-heading\"><strong><a href=\"https:\/\/agora.xtec.cat\/iesaltpenedes\/estudis\/cicles-formatius\/cfgm-operacions-de-laboratori\/\">NOU: FAM\u00cdLIA QU\u00cdMICA<\/a><\/strong><\/h4>\n\n\n\n<figure class=\"wp-block-image aligncenter is-resized\"><a href=\"https:\/\/agora.xtec.cat\/iesaltpenedes\/wp-content\/uploads\/usu1207\/2025\/03\/lab_246_184_2.png\"><img loading=\"lazy\" decoding=\"async\" width=\"246\" height=\"184\" src=\"https:\/\/agora.xtec.cat\/iesaltpenedes\/wp-content\/uploads\/usu1207\/2025\/03\/lab_246_184_2.png\" alt=\"\" class=\"wp-image-2119\" style=\"width:242px;height:auto\"\/><\/a><\/figure>\n\n\n\n<p class=\"has-text-align-center\"><a href=\"https:\/\/agora.xtec.cat\/iesaltpenedes\/estudis\/cicles-formatius\/cfgm-operacions-de-laboratori\/\">Ves al CFGM<\/a><\/p>\n<\/div>\n<\/div>\n\n\n\n<p>Tr\u00edptics dels estudis:<\/p>\n\n\n\n<figure class=\"wp-block-table is-style-stripes\" style=\"margin-right:0;margin-left:0;padding-right:0;padding-left:0\"><table style=\"border-style:none;border-width:0px\"><tbody><tr><td class=\"has-text-align-center\" data-align=\"center\" colspan=\"3\"><strong>CICLES DE GRAU MITJ\u00c0:<\/strong><\/td><\/tr><tr><td class=\"has-text-align-center\" data-align=\"center\"><a href=\"https:\/\/agora.xtec.cat\/iesaltpenedes\/wp-content\/uploads\/usu1207\/2026\/02\/dipticIEA2025.pdf\">Instal\u00b7lacions El\u00e8ctriques i Autom\u00e0tiques<\/a> <\/td><td class=\"has-text-align-center\" data-align=\"center\"><a href=\"https:\/\/agora.xtec.cat\/iesaltpenedes\/wp-content\/uploads\/usu1207\/2026\/02\/dipticMECANITZACIO2025.pdf\">Mecanitzaci\u00f3 <\/a><\/td><td class=\"has-text-align-center\" data-align=\"center\"><strong><mark style=\"background-color:rgba(0, 0, 0, 0)\" class=\"has-inline-color has-ast-global-color-0-color\">NOU CICLE!<\/mark><\/strong> <a href=\"https:\/\/agora.xtec.cat\/iesaltpenedes\/wp-content\/uploads\/usu1207\/2026\/02\/dipticQUIMICA2025.pdf\">Operacions de Laboratori <\/a><br><a href=\"https:\/\/agora.xtec.cat\/iesaltpenedes\/wp-content\/uploads\/usu1207\/2025\/04\/CFPM____QU20_CA-1.pdf\">Full informatiu. <\/a><br><a href=\"https:\/\/triaeducativa.gencat.cat\/ca\/estudis\/?operacions-laboratori&amp;p_id=2053\">M\u00e9s informaci\u00f3. <\/a><\/td><\/tr><tr><td class=\"has-text-align-center\" data-align=\"center\" colspan=\"3\"><strong>CICLES DE GRAU SUPERIOR:<\/strong><\/td><\/tr><tr><td class=\"has-text-align-center\" data-align=\"center\"><a href=\"https:\/\/agora.xtec.cat\/iesaltpenedes\/wp-content\/uploads\/usu1207\/2026\/02\/dipticARI2025.pdf\">Automatitzaci\u00f3 i Rob\u00f2tica Industrial<\/a><\/td><td class=\"has-text-align-center\" data-align=\"center\"><a href=\"https:\/\/agora.xtec.cat\/iesaltpenedes\/wp-content\/uploads\/usu1207\/2026\/02\/dipticMEI2025-1.pdf\">Mecatr\u00f2nica industrial <\/a><\/td><td class=\"has-text-align-center\" data-align=\"center\"><em>&nbsp;<\/em><\/td><\/tr><tr><td class=\"has-text-align-center\" data-align=\"center\" colspan=\"3\"><strong>FP DUAL I FORMACI\u00d3 EN CENTRES DE TREBALL:<\/strong><\/td><\/tr><tr><td class=\"has-text-align-center\" data-align=\"center\"><a href=\"https:\/\/agora.xtec.cat\/iesaltpenedes\/itineraris-formatius-especifics-ife\/empreses-collaboradores-en-les-practiques-ife\/\">EMPRESES COL\u00b7LABORADORES EN LA FORMACI\u00d3 DUAL<\/a><\/td><td class=\"has-text-align-center\" data-align=\"center\"><a href=\"https:\/\/agora.xtec.cat\/iesaltpenedes\/estudis\/cicles-formatius\/empreses-collaboradores-en-la-formacio-en-centres-de-treball-fct\/\">EMPRESES COL\u00b7LABORADORES EN LA FORMACI\u00d3 EN CENTRES DE TREBALL (FCT)<\/a><\/td><\/tr><\/tbody><\/table><\/figure>\n\n\n\n<div class=\"wp-block-columns is-layout-flex wp-container-core-columns-is-layout-2 wp-block-columns-is-layout-flex\">\n<div class=\"wp-block-column is-layout-flow wp-block-column-is-layout-flow\">\n<figure class=\"wp-block-embed is-type-video is-provider-youtube wp-block-embed-youtube wp-embed-aspect-16-9 wp-has-aspect-ratio\"><div class=\"wp-block-embed__wrapper\">\n<div class=\"ast-oembed-container \" style=\"height: 100%;\"><iframe loading=\"lazy\" title=\"Institut Alt Pened\u00e8s   01 FP Dual\" width=\"500\" height=\"281\" src=\"https:\/\/www.youtube.com\/embed\/Lk2-7sNLCe0?feature=oembed\" frameborder=\"0\" allow=\"accelerometer; autoplay; clipboard-write; encrypted-media; gyroscope; picture-in-picture; web-share\" referrerpolicy=\"strict-origin-when-cross-origin\" allowfullscreen><\/iframe><\/div>\n<\/div><\/figure>\n<\/div>\n\n\n\n<div class=\"wp-block-column is-layout-flow wp-block-column-is-layout-flow\">\n<figure class=\"wp-block-embed is-type-video is-provider-youtube wp-block-embed-youtube wp-embed-aspect-16-9 wp-has-aspect-ratio\"><div class=\"wp-block-embed__wrapper\">\n<div class=\"ast-oembed-container \" style=\"height: 100%;\"><iframe loading=\"lazy\" title=\"Institut Alt Pened\u00e8s   04 Gedia\" width=\"500\" height=\"281\" src=\"https:\/\/www.youtube.com\/embed\/VIbqM2-jr_s?feature=oembed\" frameborder=\"0\" allow=\"accelerometer; autoplay; clipboard-write; encrypted-media; gyroscope; picture-in-picture; web-share\" referrerpolicy=\"strict-origin-when-cross-origin\" allowfullscreen><\/iframe><\/div>\n<\/div><\/figure>\n<\/div>\n<\/div>\n\n\n\n<blockquote class=\"wp-block-quote is-style-default has-background is-layout-flow wp-block-quote-is-layout-flow\" style=\"background-color:#6b6b6b59\">\n<p class=\"has-ast-global-color-0-color has-text-color has-link-color has-large-font-size wp-elements-754f433b6f533020af1b49c3cbd682e0\"><strong>La inserci\u00f3 laboral dels nostres cicles \u00e9s superior al 90%<\/strong><\/p>\n<cite>M\u00e9s informaci\u00f3 sobre la Formaci\u00f3 Professional a : <a href=\"https:\/\/xtec.gencat.cat\/ca\/curriculum\/professionals\/\">ENSENYAMENTS PROFESSIONALS<\/a><\/cite><\/blockquote>\n","protected":false},"excerpt":{"rendered":"<p>FAM\u00cdLIA ELECTRICITAT I ELECTR\u00d2NICA Visita&#8217;ns FAM\u00cdLIES MECANITZACI\u00d3 I INSTAL\u00b7LACI\u00d3 I MANTENIMENT Visita&#8217;ns NOU: FAM\u00cdLIA QU\u00cdMICA Ves al CFGM Tr\u00edptics dels [&hellip;]<\/p>\n","protected":false},"author":4,"featured_media":0,"parent":195,"menu_order":3,"comment_status":"closed","ping_status":"closed","template":"","meta":{"_bbp_topic_count":0,"_bbp_reply_count":0,"_bbp_total_topic_count":0,"_bbp_total_reply_count":0,"_bbp_voice_count":0,"_bbp_anonymous_reply_count":0,"_bbp_topic_count_hidden":0,"_bbp_reply_count_hidden":0,"_bbp_forum_subforum_count":0,"site-sidebar-layout":"default","site-content-layout":"","ast-site-content-layout":"default","site-content-style":"default","site-sidebar-style":"default","ast-global-header-display":"","ast-banner-title-visibility":"","ast-main-header-display":"","ast-hfb-above-header-display":"","ast-hfb-below-header-display":"","ast-hfb-mobile-header-display":"","site-post-title":"","ast-breadcrumbs-content":"","ast-featured-img":"","footer-sml-layout":"","theme-transparent-header-meta":"","adv-header-id-meta":"","stick-header-meta":"","header-above-stick-meta":"","header-main-stick-meta":"","header-below-stick-meta":"","astra-migrate-meta-layouts":"set","ast-page-background-enabled":"default","ast-page-background-meta":{"desktop":{"background-color":"var(--ast-global-color-4)","background-image":"","background-repeat":"repeat","background-position":"center center","background-size":"auto","background-attachment":"scroll","background-type":"","background-media":"","overlay-type":"","overlay-color":"","overlay-opacity":"","overlay-gradient":""},"tablet":{"background-color":"","background-image":"","background-repeat":"repeat","background-position":"center center","background-size":"auto","background-attachment":"scroll","background-type":"","background-media":"","overlay-type":"","overlay-color":"","overlay-opacity":"","overlay-gradient":""},"mobile":{"background-color":"","background-image":"","background-repeat":"repeat","background-position":"center center","background-size":"auto","background-attachment":"scroll","background-type":"","background-media":"","overlay-type":"","overlay-color":"","overlay-opacity":"","overlay-gradient":""}},"ast-content-background-meta":{"desktop":{"background-color":"var(--ast-global-color-5)","background-image":"","background-repeat":"repeat","background-position":"center center","background-size":"auto","background-attachment":"scroll","background-type":"","background-media":"","overlay-type":"","overlay-color":"","overlay-opacity":"","overlay-gradient":""},"tablet":{"background-color":"var(--ast-global-color-5)","background-image":"","background-repeat":"repeat","background-position":"center center","background-size":"auto","background-attachment":"scroll","background-type":"","background-media":"","overlay-type":"","overlay-color":"","overlay-opacity":"","overlay-gradient":""},"mobile":{"background-color":"var(--ast-global-color-5)","background-image":"","background-repeat":"repeat","background-position":"center center","background-size":"auto","background-attachment":"scroll","background-type":"","background-media":"","overlay-type":"","overlay-color":"","overlay-opacity":"","overlay-gradient":""}},"footnotes":""},"class_list":["post-620","page","type-page","status-publish","hentry"],"post_mailing_queue_ids":[],"_links":{"self":[{"href":"https:\/\/agora.xtec.cat\/iesaltpenedes\/wp-json\/wp\/v2\/pages\/620","targetHints":{"allow":["GET"]}}],"collection":[{"href":"https:\/\/agora.xtec.cat\/iesaltpenedes\/wp-json\/wp\/v2\/pages"}],"about":[{"href":"https:\/\/agora.xtec.cat\/iesaltpenedes\/wp-json\/wp\/v2\/types\/page"}],"author":[{"embeddable":true,"href":"https:\/\/agora.xtec.cat\/iesaltpenedes\/wp-json\/wp\/v2\/users\/4"}],"replies":[{"embeddable":true,"href":"https:\/\/agora.xtec.cat\/iesaltpenedes\/wp-json\/wp\/v2\/comments?post=620"}],"version-history":[{"count":6,"href":"https:\/\/agora.xtec.cat\/iesaltpenedes\/wp-json\/wp\/v2\/pages\/620\/revisions"}],"predecessor-version":[{"id":3482,"href":"https:\/\/agora.xtec.cat\/iesaltpenedes\/wp-json\/wp\/v2\/pages\/620\/revisions\/3482"}],"up":[{"embeddable":true,"href":"https:\/\/agora.xtec.cat\/iesaltpenedes\/wp-json\/wp\/v2\/pages\/195"}],"wp:attachment":[{"href":"https:\/\/agora.xtec.cat\/iesaltpenedes\/wp-json\/wp\/v2\/media?parent=620"}],"curies":[{"name":"wp","href":"https:\/\/api.w.org\/{rel}","templated":true}]}}