{"id":590,"date":"2024-09-13T19:01:17","date_gmt":"2024-09-13T17:01:17","guid":{"rendered":"https:\/\/agora.xtec.cat\/iesaltpenedes\/?page_id=590"},"modified":"2026-03-03T08:36:29","modified_gmt":"2026-03-03T07:36:29","slug":"itineraris-formatius-especifics-ife","status":"publish","type":"page","link":"https:\/\/agora.xtec.cat\/iesaltpenedes\/estudis\/itineraris-formatius-especifics-ife\/","title":{"rendered":"\u200bItineraris Formatius Espec\u00edfics (IFE)"},"content":{"rendered":"\n<div class=\"wp-block-columns is-layout-flex wp-container-core-columns-is-layout-1 wp-block-columns-is-layout-flex\">\n<div class=\"wp-block-column is-layout-flow wp-block-column-is-layout-flow\">\n<h3 class=\"wp-block-heading\">Presentaci\u00f3 PPT<\/h3>\n\n\n\n<iframe loading=\"lazy\" src=\"https:\/\/docs.google.com\/presentation\/d\/e\/2PACX-1vQHnHSHxlBcemif2qu1JskYpqm9J8lxMB3235vdRENTfal4FaQDoFYdgvQFVUq4_g\/pubembed?start=false&#038;loop=false&#038;delayms=3000\" frameborder=\"0\" width=\"480\" height=\"299\" allowfullscreen=\"true\" mozallowfullscreen=\"true\" webkitallowfullscreen=\"true\"><\/iframe>\n<\/div>\n\n\n\n<div class=\"wp-block-column is-layout-flow wp-block-column-is-layout-flow\">\n<h3 class=\"wp-block-heading\">V\u00eddeo explicatiu<\/h3>\n\n\n\n<figure class=\"wp-block-embed is-type-video is-provider-youtube wp-block-embed-youtube wp-embed-aspect-16-9 wp-has-aspect-ratio\"><div class=\"wp-block-embed__wrapper\">\n<div class=\"ast-oembed-container \" style=\"height: 100%;\"><iframe loading=\"lazy\" title=\"Portes Obertes IFE 2026\" width=\"500\" height=\"281\" src=\"https:\/\/www.youtube.com\/embed\/A0-v9F0o-9Q?feature=oembed\" frameborder=\"0\" allow=\"accelerometer; autoplay; clipboard-write; encrypted-media; gyroscope; picture-in-picture; web-share\" referrerpolicy=\"strict-origin-when-cross-origin\" allowfullscreen><\/iframe><\/div>\n<\/div><\/figure>\n<\/div>\n<\/div>\n\n\n\n<p><\/p>\n\n\n\n<h2 class=\"wp-block-heading\">QU\u00c8 S\u00d3N I A QUI VAN ADRE\u00c7ATS<\/h2>\n\n\n\n<div class=\"paragraph\">\n<p>Els itineraris formatius espec\u00edfics s\u00f3n ensenyaments professionals adre\u00e7ats a alumnes d\u2019entre 16 i 20 anys amb necessitats educatives especials associades a una discapacitat intel\u00b7lectual lleu o moderada i que no es troben en&nbsp; disposici\u00f3 de seguir la formaci\u00f3 professional ordin\u00e0ria.<\/p>\n<p>Els itineraris, tenen una durada de quatre anys, inclouen continguts professionalitzadors i continguts relacionats amb el desenvolupament d\u2019habilitats personals i socials dels alumnes.<\/p>\n<p>La seva finalitat \u00e9s que els alumnes incrementin la seva autonomia personal i assoleixin les compet\u00e8ncies professionals que els facilitin la transici\u00f3 a la vida adulta i la inclusi\u00f3 social i laboral.<\/p>\n<\/div>\n\n\n\n<div><span style=\"color: var(--ast-global-color-2); font-family: Poppins, sans-serif; font-size: 2.22222rem; font-weight: 600; background-color: var(--ast-global-color-5);\">FORMACI\u00d3 EN CENTRES DE TREBALL<\/span><\/div>\n\n\n\n<div>\n<div class=\"paragraph\">\n<p>La durada dels estudis \u00e9s de 3.360 hores, distribu\u00efdes en quatre cursos acad\u00e8mics. El darrer curs inclou la formaci\u00f3 en centres de treball en les seg\u00fcents empreses col\u00b7laboradores:<\/p>\n<p><a href=\"https:\/\/agora.xtec.cat\/iesaltpenedes\/itineraris-formatius-especifics-ife\/empreses-collaboradores-en-les-practiques-ife\/\">\u200b<span style=\"font-size: large;\">EMPRESES COL\u00b7LABORADORES EN FORMACI\u00d3 EN CENTRES DE TREBALL<\/span><\/a><\/p>\n<\/div>\n<\/div>\n\n\n\n<div>\n<h1 class=\"wsite-content-title\">AUXILIAR EN VENDES I ATENCI\u00d3 AL P\u00daBLIC<\/h1>\n<div class=\"paragraph\">\n<p>L\u2019IFE Alt Pened\u00e8s forma els joves en l\u2019itinerari d\u2019<strong><a href=\"https:\/\/agora.xtec.cat\/iesaltpenedes\/itineraris-formatius-especifics-ife\/atencio-de-vendes-i-atencio-al-public\/\">Auxiliar en Vendes i Atenci\u00f3 al P\u00fablic<\/a>.<\/strong><\/p>\n<p>Aquests estudis desenvolupen compet\u00e8ncies per a fer tasques auxiliars de comercialitzaci\u00f3, marxandatge, preparaci\u00f3 de comandes i venda de productes, i treballs de reprografia, observant les normes de prevenci\u00f3 de riscos laborals i protecci\u00f3 mediambiental corresponents.<\/p>\n<p>Al llarg dels quatre cursos es d\u00f3na molta import\u00e0ncia a l\u2019aprenentatge per compet\u00e8ncies, vinculant al m\u00e0xim els continguts amb l\u2019experi\u00e8ncia pr\u00e0ctica (participant del mercat de Nadal i de Sant Jordi, col\u00b7laborant amb entitats de la vila, creant el propi servei de reprografia, etc.).<\/p>\n<p>El&nbsp;<a href=\"https:\/\/agora.xtec.cat\/iesaltpenedes\/itineraris-formatius-especifics-ife\/atencio-de-vendes-i-atencio-al-public\/\"><span style=\"color: #000000;\">curr\u00edculum<\/span>&nbsp;<\/a>de l&#8217;itinerari es divideix en m\u00f2duls comuns i m\u00f2duls professionals espec\u00edfics.<\/p>\n<\/div>\n<\/div>\n\n\n\n<ul class=\"wp-block-list\">\n<li><a href=\"https:\/\/agora.xtec.cat\/iesaltpenedes\/wp-content\/uploads\/usu1207\/2026\/02\/TRIPTIC-IFE-ALT-PENEDES2526.pdf\">Tr\u00edptic dels estudis<\/a><\/li>\n<\/ul>\n\n\n\n<div>\n<h2 class=\"wsite-content-title\">ACC\u00c9S ALS ESTUDIS<\/h2>\n<div class=\"paragraph\">\n<p>Poden accedir als itineraris els joves amb necessitats educatives especials associades a discapacitat intel\u00b7lectual lleu o moderada que tenen com a m\u00ednim 16 anys d&#8217;edat i com a m\u00e0xim 20, en l&#8217;any natural d&#8217;inici de l&#8217;itinerari i que no hagin obtingut el t\u00edtol de graduat en educaci\u00f3 secund\u00e0ria obligat\u00f2ria.<\/p>\n<p>Excepcionalment, tamb\u00e9 es poden acollir als itineraris joves que tenen l&#8217;edat i les necessitats abans indicades i que hagin obtingut el t\u00edtol de graduat en educaci\u00f3 secund\u00e0ria obligat\u00f2ria per\u00f2 no puguin accedir als ensenyaments de formaci\u00f3 professional ordinaris.<\/p>\n<p>Cliqueu en\u00a0<a href=\"https:\/\/triaeducativa.gencat.cat\/ca\/fp\/ife\/\" target=\"_blank\" rel=\"noopener\">l&#8217;enlla\u00e7<\/a>\u00a0per a m\u00e9s informaci\u00f3 i tr\u00e0mits.<\/p>\n<\/div>\n<div>\u00a0<\/div>\n<div>\n<div class=\"paragraph\"><u><strong><span style=\"color: #c23b3b; font-size: x-large;\">PROJECTE GUANYADOR ALS PREMIS IMPULS FP 2021<\/span><\/strong><\/u><\/div>\n<div>\u00a0<\/div>\n<\/div>\n<\/div>\n","protected":false},"excerpt":{"rendered":"<p>Presentaci\u00f3 PPT V\u00eddeo explicatiu QU\u00c8 S\u00d3N I A QUI VAN ADRE\u00c7ATS Els itineraris formatius espec\u00edfics s\u00f3n ensenyaments professionals adre\u00e7ats a [&hellip;]<\/p>\n","protected":false},"author":4,"featured_media":0,"parent":195,"menu_order":5,"comment_status":"closed","ping_status":"closed","template":"","meta":{"_bbp_topic_count":0,"_bbp_reply_count":0,"_bbp_total_topic_count":0,"_bbp_total_reply_count":0,"_bbp_voice_count":0,"_bbp_anonymous_reply_count":0,"_bbp_topic_count_hidden":0,"_bbp_reply_count_hidden":0,"_bbp_forum_subforum_count":0,"site-sidebar-layout":"default","site-content-layout":"","ast-site-content-layout":"default","site-content-style":"default","site-sidebar-style":"default","ast-global-header-display":"","ast-banner-title-visibility":"","ast-main-header-display":"","ast-hfb-above-header-display":"","ast-hfb-below-header-display":"","ast-hfb-mobile-header-display":"","site-post-title":"","ast-breadcrumbs-content":"","ast-featured-img":"","footer-sml-layout":"","theme-transparent-header-meta":"","adv-header-id-meta":"","stick-header-meta":"","header-above-stick-meta":"","header-main-stick-meta":"","header-below-stick-meta":"","astra-migrate-meta-layouts":"set","ast-page-background-enabled":"default","ast-page-background-meta":{"desktop":{"background-color":"var(--ast-global-color-4)","background-image":"","background-repeat":"repeat","background-position":"center center","background-size":"auto","background-attachment":"scroll","background-type":"","background-media":"","overlay-type":"","overlay-color":"","overlay-opacity":"","overlay-gradient":""},"tablet":{"background-color":"","background-image":"","background-repeat":"repeat","background-position":"center center","background-size":"auto","background-attachment":"scroll","background-type":"","background-media":"","overlay-type":"","overlay-color":"","overlay-opacity":"","overlay-gradient":""},"mobile":{"background-color":"","background-image":"","background-repeat":"repeat","background-position":"center center","background-size":"auto","background-attachment":"scroll","background-type":"","background-media":"","overlay-type":"","overlay-color":"","overlay-opacity":"","overlay-gradient":""}},"ast-content-background-meta":{"desktop":{"background-color":"var(--ast-global-color-5)","background-image":"","background-repeat":"repeat","background-position":"center center","background-size":"auto","background-attachment":"scroll","background-type":"","background-media":"","overlay-type":"","overlay-color":"","overlay-opacity":"","overlay-gradient":""},"tablet":{"background-color":"var(--ast-global-color-5)","background-image":"","background-repeat":"repeat","background-position":"center center","background-size":"auto","background-attachment":"scroll","background-type":"","background-media":"","overlay-type":"","overlay-color":"","overlay-opacity":"","overlay-gradient":""},"mobile":{"background-color":"var(--ast-global-color-5)","background-image":"","background-repeat":"repeat","background-position":"center center","background-size":"auto","background-attachment":"scroll","background-type":"","background-media":"","overlay-type":"","overlay-color":"","overlay-opacity":"","overlay-gradient":""}},"footnotes":""},"class_list":["post-590","page","type-page","status-publish","hentry"],"post_mailing_queue_ids":[],"_links":{"self":[{"href":"https:\/\/agora.xtec.cat\/iesaltpenedes\/wp-json\/wp\/v2\/pages\/590","targetHints":{"allow":["GET"]}}],"collection":[{"href":"https:\/\/agora.xtec.cat\/iesaltpenedes\/wp-json\/wp\/v2\/pages"}],"about":[{"href":"https:\/\/agora.xtec.cat\/iesaltpenedes\/wp-json\/wp\/v2\/types\/page"}],"author":[{"embeddable":true,"href":"https:\/\/agora.xtec.cat\/iesaltpenedes\/wp-json\/wp\/v2\/users\/4"}],"replies":[{"embeddable":true,"href":"https:\/\/agora.xtec.cat\/iesaltpenedes\/wp-json\/wp\/v2\/comments?post=590"}],"version-history":[{"count":6,"href":"https:\/\/agora.xtec.cat\/iesaltpenedes\/wp-json\/wp\/v2\/pages\/590\/revisions"}],"predecessor-version":[{"id":3580,"href":"https:\/\/agora.xtec.cat\/iesaltpenedes\/wp-json\/wp\/v2\/pages\/590\/revisions\/3580"}],"up":[{"embeddable":true,"href":"https:\/\/agora.xtec.cat\/iesaltpenedes\/wp-json\/wp\/v2\/pages\/195"}],"wp:attachment":[{"href":"https:\/\/agora.xtec.cat\/iesaltpenedes\/wp-json\/wp\/v2\/media?parent=590"}],"curies":[{"name":"wp","href":"https:\/\/api.w.org\/{rel}","templated":true}]}}