{"id":570,"date":"2024-09-13T18:48:02","date_gmt":"2024-09-13T16:48:02","guid":{"rendered":"https:\/\/agora.xtec.cat\/iesaltpenedes\/?page_id=570"},"modified":"2026-02-27T13:02:44","modified_gmt":"2026-02-27T12:02:44","slug":"programes-de-formacio-i-insercio","status":"publish","type":"page","link":"https:\/\/agora.xtec.cat\/iesaltpenedes\/estudis\/programes-de-formacio-i-insercio\/","title":{"rendered":"Programes de Formaci\u00f3 i Inserci\u00f3"},"content":{"rendered":"\n<ul class=\"wp-block-list\">\n<li><span style=\"font-size: large;\"><em>Adre\u00e7at a joves de 16 a 21 anys, sense t\u00edtol de l&#8217;ESO.<\/em><\/span><\/li>\n\n\n\n<li><span style=\"font-size: large;\"><em>Un curs de 1.000 hores, amb pr\u00e0ctiques en empresa.<\/em><\/span>\u200b<\/li>\n\n\n\n<li><span style=\"font-size: large;\"><em>Inclou formaci\u00f3 professional b\u00e0sica, orientaci\u00f3 i recursos per a la inserci\u00f3 laboral i formaci\u00f3 espec\u00edfica en el perfil triat.<\/em><\/span><\/li>\n<\/ul>\n\n\n\n<h4 class=\"wp-block-heading\">INFORMACI\u00d3 GENERAL<\/h4>\n\n\n\n<div class=\"wp-block-columns is-layout-flex wp-container-core-columns-is-layout-1 wp-block-columns-is-layout-flex\">\n<div class=\"wp-block-column is-layout-flow wp-block-column-is-layout-flow\" style=\"flex-basis:33.33%\">\n<ul class=\"wp-block-list\">\n<li><a href=\"https:\/\/agora.xtec.cat\/iesaltpenedes\/wp-content\/uploads\/usu1207\/2026\/02\/34-PFI-infografia-2025-PFI.pdf\">Infografia PFI<\/a><\/li>\n\n\n\n<li><a href=\"https:\/\/agora.xtec.cat\/iesaltpenedes\/wp-content\/uploads\/usu1207\/2026\/02\/PFI_CA-guia-informativa-PFIs-1.pdf\">Guia informativa PFI<\/a><\/li>\n\n\n\n<li><a href=\"https:\/\/agora.xtec.cat\/iesaltpenedes\/wp-content\/uploads\/usu1207\/2026\/02\/TRIPTIC-PFI-ALT-PENEDES2526.pdf\">Tr\u00edptic PFI a l&#8217;ALT<\/a><\/li>\n\n\n\n<li>Opcions PFI a l&#8217;Alt:\n<ul class=\"wp-block-list\">\n<li><a href=\"https:\/\/agora.xtec.cat\/iesaltpenedes\/wp-content\/uploads\/usu1207\/2026\/02\/PFI_____EE01_CA-Fitxa-insta\u00b7lacions-electrotecniques.pdf\">PFI &#8211; Instal\u00b7lacions el\u00e8ctrot\u00e8cniques<\/a><\/li>\n\n\n\n<li><a href=\"https:\/\/agora.xtec.cat\/iesaltpenedes\/wp-content\/uploads\/usu1207\/2026\/02\/PFI_____EO02_CA-Fitxa-Pintura.pdf\">PFI &#8211; Pintura<\/a><\/li>\n\n\n\n<li><a href=\"https:\/\/agora.xtec.cat\/iesaltpenedes\/wp-content\/uploads\/usu1207\/2026\/02\/PFI_____FM05_CA-Fitxa-Fabricacio-mecanica.pdf\">PFI &#8211; Fabricaci\u00f3 mec\u00e0nica<\/a><\/li>\n<\/ul>\n<\/li>\n\n\n\n<li><a href=\"https:\/\/agora.xtec.cat\/iesaltpenedes\/wp-content\/uploads\/usu1207\/2026\/02\/cartell-pfi.pdf\">Cartell PFI<\/a><\/li>\n\n\n\n<li><a href=\"https:\/\/agora.xtec.cat\/iesaltpenedes\/wp-content\/uploads\/usu1207\/2024\/09\/guia-pfi-itineraris.pdf\">Guia PFI &#8211; itineraris<\/a><\/li>\n<\/ul>\n<\/div>\n\n\n\n<div class=\"wp-block-column is-layout-flow wp-block-column-is-layout-flow\" style=\"flex-basis:66.66%\">\n<iframe loading=\"lazy\" src=\"https:\/\/docs.google.com\/presentation\/d\/e\/2PACX-1vSxWuRRugchLNeAeYXvu4BlKo4QhEW41u_eQ9OcPeZBAyo9HRyBe6zP28WeC95DiQ\/pubembed?start=false&#038;loop=false&#038;delayms=5000\" frameborder=\"0\" width=\"480\" height=\"299\" allowfullscreen=\"true\" mozallowfullscreen=\"true\" webkitallowfullscreen=\"true\"><\/iframe>\n<\/div>\n<\/div>\n\n\n\n<h4 class=\"wp-block-heading\">ELS NOSTRES PROGRAMES<\/h4>\n\n\n\n<p><a href=\"https:\/\/agora.xtec.cat\/iesaltpenedes\/estudis\/programes-de-formacio-i-insercio\/auxiliar-de-fabricacio-mecanica-i-dajust-i-soldadura\/\"><strong><span style=\"font-size: x-large;\">Auxiliar de fabricaci\u00f3 mec\u00e0nica i d&#8217;ajust i soldadura<\/span><\/strong><\/a><\/p>\n\n\n\n<p><a href=\"https:\/\/agora.xtec.cat\/iesaltpenedes\/estudis\/programes-de-formacio-i-insercio\/auxiliar-de-pintura\/\"><strong><span style=\"font-size: x-large;\">Auxiliar de pintura<\/span><\/strong><\/a><\/p>\n\n\n\n<p><a href=\"https:\/\/agora.xtec.cat\/iesaltpenedes\/estudis\/programes-de-formacio-i-insercio\/auxiliar-de-muntatges-dinstallacions-electrotecniques-en-edificis\/\"><strong><span style=\"font-size: x-large;\">Auxiliar de Muntatges d&#8217;Instal\u00b7lacions Electrot\u00e8cniques en Edificis<\/span><\/strong><\/a>\u00e7<\/p>\n","protected":false},"excerpt":{"rendered":"<p>INFORMACI\u00d3 GENERAL ELS NOSTRES PROGRAMES Auxiliar de fabricaci\u00f3 mec\u00e0nica i d&#8217;ajust i soldadura Auxiliar de pintura Auxiliar de Muntatges d&#8217;Instal\u00b7lacions [&hellip;]<\/p>\n","protected":false},"author":4,"featured_media":0,"parent":195,"menu_order":5,"comment_status":"closed","ping_status":"closed","template":"","meta":{"_bbp_topic_count":0,"_bbp_reply_count":0,"_bbp_total_topic_count":0,"_bbp_total_reply_count":0,"_bbp_voice_count":0,"_bbp_anonymous_reply_count":0,"_bbp_topic_count_hidden":0,"_bbp_reply_count_hidden":0,"_bbp_forum_subforum_count":0,"site-sidebar-layout":"default","site-content-layout":"","ast-site-content-layout":"default","site-content-style":"default","site-sidebar-style":"default","ast-global-header-display":"","ast-banner-title-visibility":"","ast-main-header-display":"","ast-hfb-above-header-display":"","ast-hfb-below-header-display":"","ast-hfb-mobile-header-display":"","site-post-title":"","ast-breadcrumbs-content":"","ast-featured-img":"","footer-sml-layout":"","theme-transparent-header-meta":"","adv-header-id-meta":"","stick-header-meta":"","header-above-stick-meta":"","header-main-stick-meta":"","header-below-stick-meta":"","astra-migrate-meta-layouts":"set","ast-page-background-enabled":"default","ast-page-background-meta":{"desktop":{"background-color":"var(--ast-global-color-4)","background-image":"","background-repeat":"repeat","background-position":"center center","background-size":"auto","background-attachment":"scroll","background-type":"","background-media":"","overlay-type":"","overlay-color":"","overlay-opacity":"","overlay-gradient":""},"tablet":{"background-color":"","background-image":"","background-repeat":"repeat","background-position":"center center","background-size":"auto","background-attachment":"scroll","background-type":"","background-media":"","overlay-type":"","overlay-color":"","overlay-opacity":"","overlay-gradient":""},"mobile":{"background-color":"","background-image":"","background-repeat":"repeat","background-position":"center center","background-size":"auto","background-attachment":"scroll","background-type":"","background-media":"","overlay-type":"","overlay-color":"","overlay-opacity":"","overlay-gradient":""}},"ast-content-background-meta":{"desktop":{"background-color":"var(--ast-global-color-5)","background-image":"","background-repeat":"repeat","background-position":"center center","background-size":"auto","background-attachment":"scroll","background-type":"","background-media":"","overlay-type":"","overlay-color":"","overlay-opacity":"","overlay-gradient":""},"tablet":{"background-color":"var(--ast-global-color-5)","background-image":"","background-repeat":"repeat","background-position":"center center","background-size":"auto","background-attachment":"scroll","background-type":"","background-media":"","overlay-type":"","overlay-color":"","overlay-opacity":"","overlay-gradient":""},"mobile":{"background-color":"var(--ast-global-color-5)","background-image":"","background-repeat":"repeat","background-position":"center center","background-size":"auto","background-attachment":"scroll","background-type":"","background-media":"","overlay-type":"","overlay-color":"","overlay-opacity":"","overlay-gradient":""}},"footnotes":""},"class_list":["post-570","page","type-page","status-publish","hentry"],"post_mailing_queue_ids":[],"_links":{"self":[{"href":"https:\/\/agora.xtec.cat\/iesaltpenedes\/wp-json\/wp\/v2\/pages\/570","targetHints":{"allow":["GET"]}}],"collection":[{"href":"https:\/\/agora.xtec.cat\/iesaltpenedes\/wp-json\/wp\/v2\/pages"}],"about":[{"href":"https:\/\/agora.xtec.cat\/iesaltpenedes\/wp-json\/wp\/v2\/types\/page"}],"author":[{"embeddable":true,"href":"https:\/\/agora.xtec.cat\/iesaltpenedes\/wp-json\/wp\/v2\/users\/4"}],"replies":[{"embeddable":true,"href":"https:\/\/agora.xtec.cat\/iesaltpenedes\/wp-json\/wp\/v2\/comments?post=570"}],"version-history":[{"count":6,"href":"https:\/\/agora.xtec.cat\/iesaltpenedes\/wp-json\/wp\/v2\/pages\/570\/revisions"}],"predecessor-version":[{"id":3493,"href":"https:\/\/agora.xtec.cat\/iesaltpenedes\/wp-json\/wp\/v2\/pages\/570\/revisions\/3493"}],"up":[{"embeddable":true,"href":"https:\/\/agora.xtec.cat\/iesaltpenedes\/wp-json\/wp\/v2\/pages\/195"}],"wp:attachment":[{"href":"https:\/\/agora.xtec.cat\/iesaltpenedes\/wp-json\/wp\/v2\/media?parent=570"}],"curies":[{"name":"wp","href":"https:\/\/api.w.org\/{rel}","templated":true}]}}