{"id":46,"date":"2014-09-17T16:53:45","date_gmt":"2014-09-17T16:53:45","guid":{"rendered":"http:\/\/agora.xtec.cat\/iesaltpenedes\/?page_id=46"},"modified":"2026-04-16T12:50:16","modified_gmt":"2026-04-16T10:50:16","slug":"organigrama","status":"publish","type":"page","link":"https:\/\/agora.xtec.cat\/iesaltpenedes\/info\/organigrama\/","title":{"rendered":"Organigrama"},"content":{"rendered":"<div class=\"paragraph\">\n<p><span style=\"font-size: x-large;\"><em><strong><u>\u200bEquip de Direcci\u00f3<\/u><\/strong><\/em><\/span><\/p>\n<ul>\n<li><strong>Director<\/strong>:\u00a0 Carlos Rull Garc\u00eda<\/li>\n<li><strong>Secretari:<\/strong>\u00a0Marina Agudelo Riba<\/li>\n<li><strong>Cap d&#8217;estudis ESO i Batxillerat<\/strong>:\u00a0 Pere Cusc\u00f3 Duran<\/li>\n<li><strong>Coordinadora Pedag\u00f2gica<\/strong>: Patricia Mart\u00ednez Morales<\/li>\n<li><strong>Cap d&#8217;estudis Formaci\u00f3 Professional:<\/strong>\u00a0 Felip Mart\u00edn T\u00e9llez<\/li>\n<li><strong>Cap d&#8217;estudis adjunta IFE i PFI:<\/strong>\u00a0Assumpta Roca<\/li>\n<\/ul>\n<\/div>\n<div>\n<div><\/div>\n<hr class=\"styled-hr\" \/>\n<div><\/div>\n<\/div>\n<div>\n<div class=\"wsite-multicol\">\n<div class=\"wsite-multicol-table-wrap\">\n<table class=\"wsite-multicol-table\" style=\"width: 100%;\">\n<tbody class=\"wsite-multicol-tbody\">\n<tr class=\"wsite-multicol-tr\">\n<td class=\"wsite-multicol-col\" style=\"width: 50.8798%;\"><em><span style=\"font-size: x-large;\"><strong><u>E<\/u><u>quip de Coordinaci<\/u><u>\u00f3<\/u><\/strong><\/span><\/em><br \/>\n<u><em><strong><span style=\"font-size: x-large;\">Curs 2025-2026<\/span><\/strong><\/em><\/u><\/p>\n<ul>\n<li><strong>Primer d&#8217;ESO<\/strong>: Rosa Viv\u00f3<\/li>\n<li><strong>Segon d&#8217; ESO<\/strong>:\u00a0 Joana Ferr\u00e9<\/li>\n<li><strong>Tercer d&#8217;ESO\u00a0<\/strong>:\u00a0 Maria Ferrerons<\/li>\n<li><strong>Quart d&#8217;ESO<\/strong> :\u00a0 Marina Morell<\/li>\n<li><strong>Batxillerat:<\/strong>\u00a0 Montse Dom\u00e8nech<\/li>\n<li><strong>IFE:\u00a0<\/strong>Paula Toledo<\/li>\n<li><strong>Cicles Formatius (FCT)<\/strong>: Isabel Fletes<\/li>\n<li><strong>FP DUAL<\/strong>: Isabel Fletes<\/li>\n<li><strong>CEAP<\/strong>: Maria Mota<\/li>\n<li><strong>Inform\u00e0tica:\u00a0<\/strong>Anna Viader<\/li>\n<\/ul>\n<p><em><span style=\"font-size: x-large;\"><strong><u>Caps de departament<\/u><\/strong><\/span><\/em><br \/>\n<u><em><strong><span style=\"font-size: x-large;\">Curs 2025-2026<\/span><\/strong><\/em><\/u><\/p>\n<ul>\n<li style=\"list-style-type: none;\">\n<ul>\n<li><em>\u200b<strong>Llengua Catalana<\/strong>: Laura Dot<\/em><\/li>\n<li><em><strong>Llengua Castellana<\/strong>:\u00a0Victor Nieto<\/em><\/li>\n<li><em><strong>Lleng\u00fces estrangeres<\/strong>: Gemma Beltran<\/em><\/li>\n<li><em><strong>Ci\u00e8ncies Socials<\/strong>: Paulina Pladelasala<\/em><\/li>\n<li><em><strong>Matem\u00e0tiques<\/strong>: Joan Andreu<\/em><\/li>\n<li><em><strong>Experimentals<\/strong>: Montse Sadurn\u00ed<\/em><\/li>\n<li><em><strong>Tecnologia \u2013 VIP &#8211; Economia:<\/strong>\u00a0Josep L. Mor\u00e1n<\/em><\/li>\n<li><em><strong>Educaci\u00f3 F\u00edsica\u00a0&#8211; M\u00fasica<\/strong>:\u00a0Blanca Cusin\u00e9<\/em><\/li>\n<li><em><strong>Psicopedagogia<\/strong>: Carmen Gordillo<\/em><\/li>\n<li><em><strong>Electricitat<\/strong>:\u00a0\u00c1ngel Garc\u00eda<\/em><\/li>\n<li><em><strong>Mec\u00e0nica<\/strong>: Xavier Insa<\/em><\/li>\n<li><em><strong>Mecatr\u00f2nica:\u00a0<\/strong><\/em>Jaume Ala\u00f1\u00e1<\/li>\n<\/ul>\n<\/li>\n<\/ul>\n<\/td>\n<td class=\"wsite-multicol-col\" style=\"width: 48.0938%;\">\n<div class=\"paragraph\"><u><em><strong><span style=\"font-size: x-large;\">Coordinacions, tutories t\u00e8cniques i comissions<br \/>\n\u200bCurs 2025-2026<\/span><\/strong><\/em><\/u><\/div>\n<div class=\"paragraph\">\n<ul>\n<li><strong>Coordinador de PRL:<\/strong>\u00a0N\u00faria Sonet<\/li>\n<li><strong>Coordinadora de Mediaci\u00f3<\/strong>:\u00a0 Carmen Gordillo<\/li>\n<li><strong>Coordinadora de Pla de Lectura<\/strong>: Gemma Bas<\/li>\n<li><strong>Coordinadora de Biblioteca<\/strong>\u00a0: Gemma Bas<\/li>\n<li><strong>Coordinadora Pla de Lleng\u00fces:<\/strong> Judit Romeu<\/li>\n<li><strong>Coordinaci\u00f3 de Difusi\u00f3 i web<\/strong>: Marina Morell &#8211; Laia Estragu\u00e9<\/li>\n<li><strong>Coordinaci\u00f3 EDC:<\/strong>\u00a0Anna Viader<\/li>\n<li><strong>Coordinaci\u00f3 Ieduca<\/strong>:\u00a0J. L. Moran<\/li>\n<li><strong>Coordinador Escola Verda<\/strong>: Carles Rovira<\/li>\n<li><strong>Coordinador Servei Comunitari i Cohesi\u00f3 LIC<\/strong>\u00a0:\u00a0Josep Mateu<\/li>\n<li><strong>Coordinador Pla Catal\u00e0 de l\u2019Esport<\/strong>: Blanca Cusin\u00e9<\/li>\n<li><strong>Coordinaci\u00f3 Programa Xerpa<\/strong>: Agust\u00ed Guisasola<\/li>\n<li><strong>Coordinaci\u00f3 Coeducaci\u00f3, conviv\u00e8ncia i benestar de l&#8217;alumnat<\/strong>: Paulina Pladesala<\/li>\n<li><strong>Tutoria t\u00e8cnica de Correcci\u00f3 ling\u00fc\u00edstica:<\/strong>\u00a0Pere Cusc\u00f3<\/li>\n<li><strong>Tutoria t\u00e8cnica de Documentaci\u00f3<\/strong>: Pasqual Garriga<\/li>\n<li><strong>Revista l\u2019ALTernativa<\/strong>\u00a0: Gemma Bas, Laia Estragu\u00e9<\/li>\n<li><strong>Programa Orienta FP<\/strong>:<\/li>\n<li><strong>Coordinadora de pr\u00e0ctiques del MUFPS:<\/strong> Gemma Beltran<\/li>\n<li><strong>Intercanvis i mobilitat internacional<\/strong>:\u00a0Judit Romeu, Laura Fenollar<\/li>\n<li><strong>Servei comunitari<\/strong>:\u00a0Teresa Rivas<\/li>\n<\/ul>\n<\/div>\n<\/td>\n<\/tr>\n<\/tbody>\n<\/table>\n<\/div>\n<\/div>\n<\/div>\n<div>\n<div><\/div>\n<hr class=\"styled-hr\" \/>\n<div><\/div>\n<\/div>\n<div class=\"paragraph\"><strong><u><em><span style=\"font-size: xx-large;\">Tutories\u00a0\u00a0<\/span><\/em><\/u><\/strong><\/div>\n<h2 class=\"wsite-content-title\"><span style=\"color: #2a2a2a; font-size: x-large;\">ESO<\/span><\/h2>\n<div>\n<div class=\"wsite-multicol\">\n<div class=\"wsite-multicol-table-wrap\">\n<table class=\"wsite-multicol-table\" style=\"width: 101.51%;\">\n<tbody class=\"wsite-multicol-tbody\">\n<tr class=\"wsite-multicol-tr\">\n<td class=\"wsite-multicol-col\" style=\"width: 48.2871%;\">\n<div class=\"paragraph\">\n<ul>\n<li>\u200b\u200b<strong>1r E<\/strong><span style=\"font-size: medium;\"><strong>SO A\u00a0<\/strong>: Laia Estragu\u00e9<\/span><\/li>\n<li><span style=\"font-size: medium;\"><strong>1r ESO B<\/strong> : Asun Salort<\/span><\/li>\n<li><span style=\"font-size: medium;\"><strong>1r ESO C<\/strong>:\u00a0 Mar Carbonell<\/span><\/li>\n<li><span style=\"font-size: medium;\"><strong>1r ESO D<\/strong> : Mireia Camacho<\/span><\/li>\n<li><span style=\"font-size: medium;\"><strong>1r ESO E\u00a0<\/strong>: Laia Aguado<\/span><\/li>\n<\/ul>\n<ul>\n<li><span style=\"font-size: medium;\"><strong>2n ESO A<\/strong> : Rom\u00e0 Vila<\/span><\/li>\n<li><span style=\"font-size: medium;\"><strong>2n ESO B\u00a0<\/strong>: Jimena B\u00e1rcena<\/span><\/li>\n<li><span style=\"font-size: medium;\"><strong>2n ESO C<\/strong> : Laura Fenollar<\/span><\/li>\n<li><span style=\"font-size: medium;\"><strong>2n ESO D<\/strong> :\u00a0 Neus Pelfort<\/span>\u200b\u200b<\/li>\n<\/ul>\n<\/div>\n<\/td>\n<td class=\"wsite-multicol-col\" style=\"width: 62.3108%;\">\n<div class=\"paragraph\">\n<ul>\n<li><span style=\"font-size: medium;\"><strong>3r ESO A<\/strong> : Carlos Bellido<\/span><\/li>\n<li><span style=\"font-size: medium;\"><strong>3r ESO B<\/strong> : Raquel Flo<\/span><\/li>\n<li><span style=\"font-size: medium;\"><strong>3r ESO C\u00a0<\/strong>: Joan Calaf<\/span><\/li>\n<li><span style=\"font-size: medium;\"><strong>3r ESO D<\/strong> : Carles Rovira<\/span><\/li>\n<\/ul>\n<ul>\n<li><span style=\"font-size: medium;\"><strong>4t ESO A<\/strong> : Mireia Mestre<\/span><\/li>\n<li><span style=\"font-size: medium;\"><strong>4t ESO B<\/strong> : Jose Rico<\/span><\/li>\n<li><span style=\"font-size: medium;\"><strong>4t ESO C\u00a0<\/strong>: Joan Andreu<\/span><\/li>\n<li><span style=\"font-size: medium;\"><strong>4t ESO D<\/strong> : Maleni Mar\u00edn<\/span>\u200b<\/li>\n<\/ul>\n<p>\u200b<\/p>\n<\/div>\n<\/td>\n<\/tr>\n<\/tbody>\n<\/table>\n<\/div>\n<\/div>\n<\/div>\n<h2 class=\"wsite-content-title\"><span style=\"color: #2a2a2a; font-size: x-large;\">BATXILLERAT<\/span><\/h2>\n<div>\n<div class=\"wsite-multicol\">\n<div class=\"wsite-multicol-table-wrap\">\n<table class=\"wsite-multicol-table\">\n<tbody class=\"wsite-multicol-tbody\">\n<tr class=\"wsite-multicol-tr\">\n<td class=\"wsite-multicol-col\">\n<div class=\"paragraph\">\n<ul>\n<li style=\"list-style-type: none;\">\n<ul>\n<li><span style=\"font-size: medium;\"><strong>1r BAT A\u00a0<\/strong>: Juli Pijuan<\/span><\/li>\n<li><strong>1r BAT B\u00a0<\/strong>: Josep Pradas<\/li>\n<li><strong>1r BAT C<\/strong> :\u00a0 Manel Haro<\/li>\n<\/ul>\n<\/li>\n<\/ul>\n<\/div>\n<\/td>\n<td class=\"wsite-multicol-col\">\n<div class=\"paragraph\">\n<ul>\n<li><span style=\"font-size: medium;\"><strong>2n BAT A<\/strong> : Mar\u00e7al Llopart<\/span><\/li>\n<li><span style=\"font-size: medium;\"><strong>2n BAT B\u00a0<\/strong>: Elena L\u00e1zaro<\/span><\/li>\n<li><span style=\"font-size: medium;\"><strong>2n BAT C<\/strong> : D\u00eddac Salvad\u00f3<\/span><\/li>\n<\/ul>\n<\/div>\n<\/td>\n<\/tr>\n<\/tbody>\n<\/table>\n<\/div>\n<\/div>\n<\/div>\n<h2 class=\"wsite-content-title\"><span style=\"color: #2a2a2a;\">CICLES FORMATIUS<\/span><\/h2>\n<div>\n<div class=\"wsite-multicol\">\n<div class=\"wsite-multicol-table-wrap\">\n<table class=\"wsite-multicol-table\">\n<tbody class=\"wsite-multicol-tbody\">\n<tr class=\"wsite-multicol-tr\">\n<td class=\"wsite-multicol-col\">\n<div class=\"paragraph\">\n<ul>\n<li><em><strong>1r GM MEC<\/strong>:\u00a0 Enric S\u00e1nchez<\/em><\/li>\n<li><em><strong>2n GM MEC<\/strong>:\u00a0 Sergi Mateu<\/em><\/li>\n<li><em><strong>1r GM ELEC<\/strong>:\u00a0 Francesc Palomino<\/em><\/li>\n<li><em><strong>2n GM ELEC:<\/strong>\u00a0 V\u00edctor Hern\u00e1ndez<\/em><\/li>\n<li><em><strong>1r\u00a0 GM OPL:<\/strong>\u00a0 Arantxa Vilalta<\/em><\/li>\n<\/ul>\n<\/div>\n<\/td>\n<td class=\"wsite-multicol-col\">\n<div class=\"paragraph\">\n<ul>\n<li><em><strong>1r GS ARI:\u00a0<\/strong>Dami\u00e1n M\u00e9ndez<\/em><\/li>\n<li><em><strong>2n GS ARI:\u00a0\u00a0<\/strong>Bachir Cntitah<\/em><\/li>\n<li><em><strong>1r GS MEI:\u00a0<\/strong>S\u00f2nia Casellas<\/em><\/li>\n<li><em><strong>2n GS MEI:\u00a0<\/strong>Josep Raich<\/em><\/li>\n<\/ul>\n<\/div>\n<\/td>\n<\/tr>\n<\/tbody>\n<\/table>\n<\/div>\n<\/div>\n<\/div>\n<h2 class=\"wsite-content-title\"><span style=\"color: #2a2a2a;\">IFE<\/span><\/h2>\n<div>\n<div class=\"wsite-multicol\">\n<div class=\"wsite-multicol-table-wrap\">\n<table class=\"wsite-multicol-table\">\n<tbody class=\"wsite-multicol-tbody\">\n<tr class=\"wsite-multicol-tr\">\n<td class=\"wsite-multicol-col\">\n<div class=\"paragraph\">\n<ul>\n<li><em><strong>1r IFE\u00a0<\/strong>:\u00a0 Yasmina Mu\u00f1iz<\/em><\/li>\n<li><em><strong>2n IFE<\/strong> :\u00a0 Benjam\u00ed Pitarch<\/em><\/li>\n<\/ul>\n<\/div>\n<\/td>\n<td class=\"wsite-multicol-col\">\n<div class=\"paragraph\">\n<ul>\n<li><strong>3r IFE<\/strong> :\u00a0\u00a0\u200b\u200bIkram Ez Zahyry (Mireia Ventosa)<\/li>\n<li>\u200b<strong>4t IFE<\/strong> : Paula Toledo<\/li>\n<\/ul>\n<\/div>\n<\/td>\n<\/tr>\n<\/tbody>\n<\/table>\n<\/div>\n<\/div>\n<\/div>\n<h2 class=\"wsite-content-title\"><span style=\"color: #2a2a2a;\">PFI<\/span><\/h2>\n<div class=\"paragraph\">\n<ul>\n<li><strong>Auxiliar de Pintura :\u00a0<\/strong>Sara Ballesteros<\/li>\n<li><strong>Auxiliar de Fabricaci\u00f3 mec\u00e0nica , ajust i soldadura :\u00a0<\/strong>Eva Carcelen<\/li>\n<li><strong>Auxiliar de Muntatge en instal\u00b7lacions electrot\u00e8cniques en edificis\u00a0<\/strong>: Diego Mu\u00f1oz<\/li>\n<\/ul>\n<\/div>\n","protected":false},"excerpt":{"rendered":"<p>\u200bEquip de Direcci\u00f3 Director:\u00a0 Carlos Rull Garc\u00eda Secretari:\u00a0Marina Agudelo Riba Cap d&#8217;estudis ESO i Batxillerat:\u00a0 Pere Cusc\u00f3 Duran Coordinadora Pedag\u00f2gica: [&hellip;]<\/p>\n","protected":false},"author":1,"featured_media":0,"parent":782,"menu_order":1,"comment_status":"closed","ping_status":"closed","template":"","meta":{"_bbp_topic_count":0,"_bbp_reply_count":0,"_bbp_total_topic_count":0,"_bbp_total_reply_count":0,"_bbp_voice_count":0,"_bbp_anonymous_reply_count":0,"_bbp_topic_count_hidden":0,"_bbp_reply_count_hidden":0,"_bbp_forum_subforum_count":0,"site-sidebar-layout":"default","site-content-layout":"","ast-site-content-layout":"default","site-content-style":"default","site-sidebar-style":"default","ast-global-header-display":"","ast-banner-title-visibility":"","ast-main-header-display":"","ast-hfb-above-header-display":"","ast-hfb-below-header-display":"","ast-hfb-mobile-header-display":"","site-post-title":"","ast-breadcrumbs-content":"","ast-featured-img":"","footer-sml-layout":"","theme-transparent-header-meta":"","adv-header-id-meta":"","stick-header-meta":"","header-above-stick-meta":"","header-main-stick-meta":"","header-below-stick-meta":"","astra-migrate-meta-layouts":"set","ast-page-background-enabled":"default","ast-page-background-meta":{"desktop":{"background-color":"var(--ast-global-color-4)","background-image":"","background-repeat":"repeat","background-position":"center center","background-size":"auto","background-attachment":"scroll","background-type":"","background-media":"","overlay-type":"","overlay-color":"","overlay-opacity":"","overlay-gradient":""},"tablet":{"background-color":"","background-image":"","background-repeat":"repeat","background-position":"center center","background-size":"auto","background-attachment":"scroll","background-type":"","background-media":"","overlay-type":"","overlay-color":"","overlay-opacity":"","overlay-gradient":""},"mobile":{"background-color":"","background-image":"","background-repeat":"repeat","background-position":"center center","background-size":"auto","background-attachment":"scroll","background-type":"","background-media":"","overlay-type":"","overlay-color":"","overlay-opacity":"","overlay-gradient":""}},"ast-content-background-meta":{"desktop":{"background-color":"var(--ast-global-color-5)","background-image":"","background-repeat":"repeat","background-position":"center center","background-size":"auto","background-attachment":"scroll","background-type":"","background-media":"","overlay-type":"","overlay-color":"","overlay-opacity":"","overlay-gradient":""},"tablet":{"background-color":"var(--ast-global-color-5)","background-image":"","background-repeat":"repeat","background-position":"center center","background-size":"auto","background-attachment":"scroll","background-type":"","background-media":"","overlay-type":"","overlay-color":"","overlay-opacity":"","overlay-gradient":""},"mobile":{"background-color":"var(--ast-global-color-5)","background-image":"","background-repeat":"repeat","background-position":"center center","background-size":"auto","background-attachment":"scroll","background-type":"","background-media":"","overlay-type":"","overlay-color":"","overlay-opacity":"","overlay-gradient":""}},"footnotes":""},"class_list":["post-46","page","type-page","status-publish","hentry"],"post_mailing_queue_ids":[],"_links":{"self":[{"href":"https:\/\/agora.xtec.cat\/iesaltpenedes\/wp-json\/wp\/v2\/pages\/46","targetHints":{"allow":["GET"]}}],"collection":[{"href":"https:\/\/agora.xtec.cat\/iesaltpenedes\/wp-json\/wp\/v2\/pages"}],"about":[{"href":"https:\/\/agora.xtec.cat\/iesaltpenedes\/wp-json\/wp\/v2\/types\/page"}],"author":[{"embeddable":true,"href":"https:\/\/agora.xtec.cat\/iesaltpenedes\/wp-json\/wp\/v2\/users\/1"}],"replies":[{"embeddable":true,"href":"https:\/\/agora.xtec.cat\/iesaltpenedes\/wp-json\/wp\/v2\/comments?post=46"}],"version-history":[{"count":6,"href":"https:\/\/agora.xtec.cat\/iesaltpenedes\/wp-json\/wp\/v2\/pages\/46\/revisions"}],"predecessor-version":[{"id":3612,"href":"https:\/\/agora.xtec.cat\/iesaltpenedes\/wp-json\/wp\/v2\/pages\/46\/revisions\/3612"}],"up":[{"embeddable":true,"href":"https:\/\/agora.xtec.cat\/iesaltpenedes\/wp-json\/wp\/v2\/pages\/782"}],"wp:attachment":[{"href":"https:\/\/agora.xtec.cat\/iesaltpenedes\/wp-json\/wp\/v2\/media?parent=46"}],"curies":[{"name":"wp","href":"https:\/\/api.w.org\/{rel}","templated":true}]}}