{"id":43,"date":"2014-09-17T16:45:07","date_gmt":"2014-09-17T16:45:07","guid":{"rendered":"http:\/\/agora.xtec.cat\/iesaltpenedes\/?page_id=43"},"modified":"2025-10-31T22:26:00","modified_gmt":"2025-10-31T21:26:00","slug":"consell-escolar","status":"publish","type":"page","link":"https:\/\/agora.xtec.cat\/iesaltpenedes\/linstitut\/consell-escolar\/","title":{"rendered":"Consell escolar"},"content":{"rendered":"<div class=\"paragraph\"><strong><span style=\"font-size: xx-large;\">ELECCIONS AL CONSELL ESCOLAR 2025<\/span><\/strong><\/div>\n<div><\/div>\n<div><strong>Anunci de convocat\u00f2ria<\/strong><\/div>\n<div><\/div>\n<div>\n<div class=\"wsite-multicol\">\n<div class=\"wsite-multicol-table-wrap\">\n<table class=\"wsite-multicol-table\" style=\"width: 94.6877%; height: 33px;\">\n<tbody class=\"wsite-multicol-tbody\">\n<tr class=\"wsite-multicol-tr\">\n<td class=\"wsite-multicol-col\" style=\"width: 60.0845%;\">\n<div class=\"paragraph\"><span style=\"font-size: large;\"><strong>Calendari<\/strong><\/span><\/div>\n<\/td>\n<td class=\"wsite-multicol-col\" style=\"width: 77.3508%;\">\n<div class=\"paragraph\"><strong><span style=\"font-size: large;\">Normativa i informaci\u00f3<\/span><\/strong><\/div>\n<\/td>\n<td class=\"wsite-multicol-col\" style=\"width: 53.0304%;\">\n<div class=\"wsite-spacer\"><\/div>\n<\/td>\n<\/tr>\n<\/tbody>\n<\/table>\n<\/div>\n<\/div>\n<\/div>\n<div>\n<div class=\"wsite-multicol\">\n<div class=\"wsite-multicol-table-wrap\">\n<table class=\"wsite-multicol-table\" style=\"width: 94.1345%; height: 23px;\">\n<tbody class=\"wsite-multicol-tbody\">\n<tr class=\"wsite-multicol-tr\" style=\"height: 23px;\">\n<td class=\"wsite-multicol-col\" style=\"width: 60.8128%; height: 23px;\">\n<ul>\n<li class=\"paragraph\">Anunci de convocat\u00f2ria d\u2019eleccions per renovar els membres del Consell Escolar. Publicaci\u00f3 al tauler d\u2019anuncis i web del centre. 3 de novembre de 2025<\/li>\n<li class=\"paragraph\">Constituci\u00f3 de la Junta Electoral (direcci\u00f3, representant de professorat, d\u2019alumnat, de fam\u00edlies i del PAS). 3 de novembre de 2025<\/li>\n<li class=\"paragraph\">Aprovaci\u00f3 i publicaci\u00f3 del cens electoral de tots els sectors. 5 de novembre de 2025<\/li>\n<li class=\"paragraph\">Per\u00edode de reclamacions al cens. Del 6 al 7 de novembre de 2025<\/li>\n<li class=\"paragraph\">Resoluci\u00f3 de reclamacions i publicaci\u00f3 del cens definitiu. 10 de novembre de 2025<\/li>\n<li class=\"paragraph\">Presentaci\u00f3 de candidatures. Del 11 al 14 de novembre de 2025<\/li>\n<li class=\"paragraph\">Publicaci\u00f3 de les candidatures admeses. 17 de novembre de 2025<\/li>\n<li class=\"paragraph\">Campanya informativa i difusi\u00f3 de candidatures. Del 17 al 19 de novembre de 2025<\/li>\n<li class=\"paragraph\">Jornada d\u2019eleccions. 20 de novembre de 2025. <span style=\"color: #ff0000;\">L&#8217;horari es publicar\u00e0 properament.\u00a0<\/span><\/li>\n<li class=\"paragraph\">Proclamaci\u00f3 provisional de candidats electes. 24 de novembre de 2025<\/li>\n<li class=\"paragraph\">Per\u00edode de reclamacions. 25 i 26 de novembre de 2025<\/li>\n<li class=\"paragraph\">Proclamaci\u00f3 definitiva i comunicaci\u00f3 al Departament. 28 de novembre de 2025<\/li>\n<li class=\"paragraph\">Constituci\u00f3 del nou Consell Escolar. 15 de desembre\u00a0 de 2025<\/li>\n<\/ul>\n<\/td>\n<td class=\"wsite-multicol-col\" style=\"width: 39.0782%; height: 23px;\">\n<ul>\n<li><a href=\"https:\/\/educacio.gencat.cat\/ca\/arees-actuacio\/centres-serveis-educatius\/centres\/consells-escolars-centres\/\">El consell escolar.\u00a0<\/a><\/li>\n<li><a href=\"https:\/\/educacio.gencat.cat\/ca\/arees-actuacio\/centres-serveis-educatius\/centres\/consells-escolars-centres\/calendari-eleccions\/\">El proc\u00e9s electoral.<\/a><\/li>\n<li><a href=\"https:\/\/drive.google.com\/file\/d\/1keovV2TPbzjkAPmaWomJm7kVUGcNknSF\/view?usp=sharing\">Document de presentaci\u00f3 de candidatura.<\/a><\/li>\n<li><a href=\"https:\/\/educacio.gencat.cat\/ca\/arees-actuacio\/centres-serveis-educatius\/centres\/consells-escolars-centres\/participar-families\/\">Com podeu participar les fam\u00edlies?<\/a><\/li>\n<li>NORMATIVA. <a href=\"https:\/\/dogc.gencat.cat\/ca\/document-del-dogc\/?documentId=1019019\">Resoluci\u00f3 EDF\/2520\/2025 de 30 de juny.\u00a0<\/a><\/li>\n<\/ul>\n<\/td>\n<td class=\"wsite-multicol-col\" style=\"width: 96.82%; height: 23px;\"><\/td>\n<\/tr>\n<\/tbody>\n<\/table>\n<\/div>\n<\/div>\n<\/div>\n<div>\n<div><\/div>\n<hr class=\"styled-hr\" \/>\n<div><\/div>\n<\/div>\n<div>\n<div class=\"wsite-multicol\">\n<div class=\"wsite-multicol-table-wrap\">\n<table class=\"wsite-multicol-table\" style=\"width: 100%;\">\n<tbody class=\"wsite-multicol-tbody\">\n<tr class=\"wsite-multicol-tr\">\n<td class=\"wsite-multicol-col\" style=\"width: 60.6775%;\">\n<div class=\"paragraph\"><strong><span style=\"font-size: large;\">COMPOSICI\u00d3 DEL CONSELL ESCOLAR\u00a0<\/span><\/strong><\/div>\n<div><\/div>\n<div class=\"paragraph\"><span style=\"text-decoration: underline;\"><span style=\"font-size: small;\">1) Administraci\u00f3<\/span><\/span><\/div>\n<div class=\"paragraph\"><span style=\"font-size: small;\">Director\/a: Carlos Rull Garcia<br \/>\nCap d&#8217;estudis: Pere Cusc\u00f3 Duran<br \/>\nSecretari\/\u00e0ria: Marina Agudelo<br \/>\nAltres c\u00e0rrecs directius: Felip Mart\u00edn T\u00e9llez<br \/>\nRepresentant de l&#8217;Ajuntament: Montserrat Mu\u00f1oz Retamal<\/span><\/div>\n<div>\n<div class=\"paragraph\"><span style=\"font-size: small;\">Representant del PAE: N\u00faria Brossa Pi\u00f1ero<\/span><\/div>\n<div class=\"paragraph\"><span style=\"font-size: small;\">Representant del PAS: VACANT 2025<\/span><\/div>\n<div><\/div>\n<\/div>\n<div class=\"paragraph\"><span style=\"font-size: small;\"><span style=\"text-decoration: underline;\">2) Fam\u00edlies i alumnat<\/span><br \/>\n<\/span><\/div>\n<div><span style=\"font-size: small;\">Representant de l&#8217;alumnat: Blai Calvo Boh\u00e9<br \/>\nRepresentant de l&#8217;alumnat: Lluc Mart\u00ed M\u00e1rquez<\/span><\/div>\n<div class=\"paragraph\"><span style=\"font-size: small;\">Representant de l&#8217;alumnat: VACANT 2025<\/span><\/div>\n<div class=\"paragraph\"><span style=\"font-size: small;\">Representant de l&#8217;alumnat: VACANT 2025<\/span><\/div>\n<div class=\"paragraph\"><span style=\"font-size: small;\">Representant de l&#8217;AMPA: Rosa L\u00f3pez San Mart\u00edn<br \/>\nRepresentant de pares i mares: Fina Mart\u00ednez i Soler<br \/>\n<\/span><\/div>\n<div><span style=\"font-size: small;\">Representant de pares i mares: L\u00eddia Rodr\u00edguez Rovira<\/span><\/div>\n<div class=\"paragraph\"><span style=\"font-size: small;\"><span style=\"font-size: small;\">Representant de pares i mares: VACANT 2025<\/span><\/span><\/div>\n<div><\/div>\n<div class=\"paragraph\"><span style=\"text-decoration: underline;\"><span style=\"font-size: small;\">3) Docents<\/span><\/span><\/div>\n<div class=\"paragraph\"><span style=\"font-size: small;\">Representant del professorat: Anna Viader Cerd\u00e0<br \/>\nRepresentant del professorat: Pasqual Garriga<br \/>\nRepresentant del professorat: Maria Mota Batet<\/span><\/div>\n<div class=\"paragraph\"><span style=\"font-size: small;\">Representant del professorat: VACANT 2025<br \/>\nRepresentant del professorat: VACANT 2025<br \/>\nRepresentant del professorat: VACANT 2025<br \/>\nRepresentant del professorat: VACANT 2025<br \/>\nRepresentant del professorat: VACANT 2025<\/span><\/div>\n<\/td>\n<td class=\"wsite-multicol-col\" style=\"width: 38.2916%;\">\n<div class=\"paragraph\"><strong><span style=\"font-size: large;\">ACTES DE LES REUNIONS<\/span><\/strong><\/div>\n<ul>\n<li>Setembre 2023<\/li>\n<li>Desembre 2023<\/li>\n<li>Gener 2024<\/li>\n<li>Juny 2024<\/li>\n<li>Setembre 2024<\/li>\n<li>Juny 2025<\/li>\n<li>Maig 2025<\/li>\n<li class=\"paragraph\">Setembre 2025<\/li>\n<li>Desembre 2025<\/li>\n<\/ul>\n<\/td>\n<\/tr>\n<\/tbody>\n<\/table>\n<\/div>\n<\/div>\n<\/div>\n","protected":false},"excerpt":{"rendered":"<p>ELECCIONS AL CONSELL ESCOLAR 2025 Anunci de convocat\u00f2ria Calendari Normativa i informaci\u00f3 Anunci de convocat\u00f2ria d\u2019eleccions per renovar els membres [&hellip;]<\/p>\n","protected":false},"author":1,"featured_media":0,"parent":19,"menu_order":3,"comment_status":"closed","ping_status":"closed","template":"","meta":{"_bbp_topic_count":0,"_bbp_reply_count":0,"_bbp_total_topic_count":0,"_bbp_total_reply_count":0,"_bbp_voice_count":0,"_bbp_anonymous_reply_count":0,"_bbp_topic_count_hidden":0,"_bbp_reply_count_hidden":0,"_bbp_forum_subforum_count":0,"site-sidebar-layout":"default","site-content-layout":"","ast-site-content-layout":"default","site-content-style":"default","site-sidebar-style":"default","ast-global-header-display":"","ast-banner-title-visibility":"","ast-main-header-display":"","ast-hfb-above-header-display":"","ast-hfb-below-header-display":"","ast-hfb-mobile-header-display":"","site-post-title":"","ast-breadcrumbs-content":"","ast-featured-img":"","footer-sml-layout":"","theme-transparent-header-meta":"","adv-header-id-meta":"","stick-header-meta":"","header-above-stick-meta":"","header-main-stick-meta":"","header-below-stick-meta":"","astra-migrate-meta-layouts":"set","ast-page-background-enabled":"default","ast-page-background-meta":{"desktop":{"background-color":"var(--ast-global-color-4)","background-image":"","background-repeat":"repeat","background-position":"center center","background-size":"auto","background-attachment":"scroll","background-type":"","background-media":"","overlay-type":"","overlay-color":"","overlay-opacity":"","overlay-gradient":""},"tablet":{"background-color":"","background-image":"","background-repeat":"repeat","background-position":"center center","background-size":"auto","background-attachment":"scroll","background-type":"","background-media":"","overlay-type":"","overlay-color":"","overlay-opacity":"","overlay-gradient":""},"mobile":{"background-color":"","background-image":"","background-repeat":"repeat","background-position":"center center","background-size":"auto","background-attachment":"scroll","background-type":"","background-media":"","overlay-type":"","overlay-color":"","overlay-opacity":"","overlay-gradient":""}},"ast-content-background-meta":{"desktop":{"background-color":"var(--ast-global-color-5)","background-image":"","background-repeat":"repeat","background-position":"center center","background-size":"auto","background-attachment":"scroll","background-type":"","background-media":"","overlay-type":"","overlay-color":"","overlay-opacity":"","overlay-gradient":""},"tablet":{"background-color":"var(--ast-global-color-5)","background-image":"","background-repeat":"repeat","background-position":"center center","background-size":"auto","background-attachment":"scroll","background-type":"","background-media":"","overlay-type":"","overlay-color":"","overlay-opacity":"","overlay-gradient":""},"mobile":{"background-color":"var(--ast-global-color-5)","background-image":"","background-repeat":"repeat","background-position":"center center","background-size":"auto","background-attachment":"scroll","background-type":"","background-media":"","overlay-type":"","overlay-color":"","overlay-opacity":"","overlay-gradient":""}},"footnotes":""},"class_list":["post-43","page","type-page","status-publish","hentry"],"post_mailing_queue_ids":[],"_links":{"self":[{"href":"https:\/\/agora.xtec.cat\/iesaltpenedes\/wp-json\/wp\/v2\/pages\/43","targetHints":{"allow":["GET"]}}],"collection":[{"href":"https:\/\/agora.xtec.cat\/iesaltpenedes\/wp-json\/wp\/v2\/pages"}],"about":[{"href":"https:\/\/agora.xtec.cat\/iesaltpenedes\/wp-json\/wp\/v2\/types\/page"}],"author":[{"embeddable":true,"href":"https:\/\/agora.xtec.cat\/iesaltpenedes\/wp-json\/wp\/v2\/users\/1"}],"replies":[{"embeddable":true,"href":"https:\/\/agora.xtec.cat\/iesaltpenedes\/wp-json\/wp\/v2\/comments?post=43"}],"version-history":[{"count":6,"href":"https:\/\/agora.xtec.cat\/iesaltpenedes\/wp-json\/wp\/v2\/pages\/43\/revisions"}],"predecessor-version":[{"id":3096,"href":"https:\/\/agora.xtec.cat\/iesaltpenedes\/wp-json\/wp\/v2\/pages\/43\/revisions\/3096"}],"up":[{"embeddable":true,"href":"https:\/\/agora.xtec.cat\/iesaltpenedes\/wp-json\/wp\/v2\/pages\/19"}],"wp:attachment":[{"href":"https:\/\/agora.xtec.cat\/iesaltpenedes\/wp-json\/wp\/v2\/media?parent=43"}],"curies":[{"name":"wp","href":"https:\/\/api.w.org\/{rel}","templated":true}]}}