{"id":27,"date":"2014-09-17T16:24:03","date_gmt":"2014-09-17T16:24:03","guid":{"rendered":"http:\/\/agora.xtec.cat\/iesaltpenedes\/?page_id=27"},"modified":"2026-02-28T12:26:43","modified_gmt":"2026-02-28T11:26:43","slug":"projecteeducatiu","status":"publish","type":"page","link":"https:\/\/agora.xtec.cat\/iesaltpenedes\/linstitut\/projecteeducatiu\/","title":{"rendered":"Projecte Educatiu"},"content":{"rendered":"\n<h2 class=\"wp-block-heading\">EL NOSTRE PROJECTE EDUCATIU<\/h2>\n\n\n\n<figure class=\"wp-block-image alignright\"><img decoding=\"async\" src=\"https:\/\/463344365128478901.weebly.com\/uploads\/4\/9\/8\/1\/49816005\/published\/957439006.jpg?1675698823\" alt=\"Imagen\"\/><\/figure>\n\n\n\n<p>El nostre ideari reflecteix un comprom\u00eds p\u00fablic vers l\u2019educaci\u00f3 dels joves del Pened\u00e8s que consisteix a fer de l\u2019Institut Alt Pened\u00e8s un espai permanent  per aprendre a con\u00e8ixer, aprendre a fer, aprendre a ser i aprendre a conviure, i un referent tecnol\u00f2gic i cultural per a tot el territori. La integraci\u00f3 dels diferents aprenentatges i l\u2019impuls de la transversalitat de tots els coneixements permet que, des de totes les \u00e0rees i mat\u00e8ries que conformen el curr\u00edculum de l\u2019alumnat, es puguin assolir els objectius educatius i adquirir les compet\u00e8ncies clau i el millor perfil competencial de sortida que es pugui assolir. El nostre comprom\u00eds d\u2019avui mant\u00e9 viva la flama d\u2019una instituci\u00f3 que va n\u00e9ixer el 1975 i que es mant\u00e9, ja avan\u00e7at el segle XXI, amb una identitat pr\u00f2pia i una clara vocaci\u00f3 de servei a la comunitat.<\/p>\n\n\n\n<p>El centre t\u00e9 fixada una l\u00ednia educativa homog\u00e8nia tenint en compte uns principis pedag\u00f2gics fonamentals, que, en un proc\u00e9s d&#8217;avaluaci\u00f3 constant i millora continua, es renoven amb cada actualitzaci\u00f3 participativa del projecte educatiu de centre. Sis grans principis descriuen com entenem a l&#8217;ALT la tasca d&#8217;educar:<\/p>\n\n\n\n<ol style=\"background-color:#abb7c27a\" class=\"wp-block-list has-background\">\n<li><em>LA QUALITAT DE L\u2019ACCI\u00d3 EDUCATIVA INCLUSIVA, PARTICIPATIVA I EQUITATIVA.&nbsp;<\/em><\/li>\n\n\n\n<li><em>L\u2019ESPERIT CR\u00cdTIC I TRANSFORMADOR.<\/em><\/li>\n\n\n\n<li><em>L\u2019ESFOR\u00c7 I LA RESPONSABILITAT.<\/em><\/li>\n\n\n\n<li><em>L\u2019 ORIENTACI\u00d3 ACAD\u00c8MICA , PERSONAL I PROFESSIONAL EN EL MARC D\u2019UNA FORMACI\u00d3 INTEGRAL I CONSCIENT.<\/em><\/li>\n\n\n\n<li><em>EL RESPECTE: EQUITAT I IGUALTAT.&nbsp;&nbsp;<\/em><\/li>\n\n\n\n<li><em>L\u2019 ACTUALITZACI\u00d3 PEDAG\u00d2GICA.<\/em><\/li>\n<\/ol>\n\n\n\n<p><span style=\"color: #515151;\">Per a una informaci\u00f3 m\u00e9s detallada, descarregueu la darrera versi\u00f3 del nostre <a href=\"https:\/\/agora.xtec.cat\/iesaltpenedes\/wp-content\/uploads\/usu1207\/2024\/10\/pec_2023_definitiu.pdf\">PROJECTE EDUCATIU DE CENTRE<\/a><strong><span style=\"font-size: large;\">&nbsp;.&nbsp;<\/span><\/strong><\/span><\/p>\n\n\n\n<p>Tamb\u00e9 podeu consultar o descarregar-vos la <a href=\"https:\/\/agora.xtec.cat\/iesaltpenedes\/wp-content\/uploads\/usu1207\/2026\/02\/PGAC25-26_aprovat.pdf\">Programaci\u00f3 General Anual de Centre<\/a><strong><span style=\"font-size: large;\">\u00a0<\/span><\/strong>del curs 2025-2026, amb tota la informaci\u00f3 actualitzada.\u00a0 I tamb\u00e9 el\u00a0 <a href=\"https:\/\/agora.xtec.cat\/iesaltpenedes\/wp-content\/uploads\/usu1207\/2024\/10\/plc_18-19_doc.pdf\">Projecte ling\u00fc\u00edstic de Centre<\/a>.<\/p>\n\n\n\n<p>Podeu veure alguns exemples de com es concreta la nostra tasca docent visitant els plans i <a href=\"https:\/\/agora.xtec.cat\/iesaltpenedes\/linstitut\/projectes\/\">projectes<\/a>:<\/p>\n","protected":false},"excerpt":{"rendered":"<p>EL NOSTRE PROJECTE EDUCATIU El nostre ideari reflecteix un comprom\u00eds p\u00fablic vers l\u2019educaci\u00f3 dels joves del Pened\u00e8s que consisteix a [&hellip;]<\/p>\n","protected":false},"author":1,"featured_media":0,"parent":19,"menu_order":1,"comment_status":"closed","ping_status":"closed","template":"","meta":{"_bbp_topic_count":0,"_bbp_reply_count":0,"_bbp_total_topic_count":0,"_bbp_total_reply_count":0,"_bbp_voice_count":0,"_bbp_anonymous_reply_count":0,"_bbp_topic_count_hidden":0,"_bbp_reply_count_hidden":0,"_bbp_forum_subforum_count":0,"site-sidebar-layout":"default","site-content-layout":"","ast-site-content-layout":"default","site-content-style":"default","site-sidebar-style":"default","ast-global-header-display":"","ast-banner-title-visibility":"","ast-main-header-display":"","ast-hfb-above-header-display":"","ast-hfb-below-header-display":"","ast-hfb-mobile-header-display":"","site-post-title":"","ast-breadcrumbs-content":"","ast-featured-img":"","footer-sml-layout":"","theme-transparent-header-meta":"","adv-header-id-meta":"","stick-header-meta":"","header-above-stick-meta":"","header-main-stick-meta":"","header-below-stick-meta":"","astra-migrate-meta-layouts":"set","ast-page-background-enabled":"default","ast-page-background-meta":{"desktop":{"background-color":"var(--ast-global-color-4)","background-image":"","background-repeat":"repeat","background-position":"center center","background-size":"auto","background-attachment":"scroll","background-type":"","background-media":"","overlay-type":"","overlay-color":"","overlay-opacity":"","overlay-gradient":""},"tablet":{"background-color":"","background-image":"","background-repeat":"repeat","background-position":"center center","background-size":"auto","background-attachment":"scroll","background-type":"","background-media":"","overlay-type":"","overlay-color":"","overlay-opacity":"","overlay-gradient":""},"mobile":{"background-color":"","background-image":"","background-repeat":"repeat","background-position":"center center","background-size":"auto","background-attachment":"scroll","background-type":"","background-media":"","overlay-type":"","overlay-color":"","overlay-opacity":"","overlay-gradient":""}},"ast-content-background-meta":{"desktop":{"background-color":"var(--ast-global-color-5)","background-image":"","background-repeat":"repeat","background-position":"center center","background-size":"auto","background-attachment":"scroll","background-type":"","background-media":"","overlay-type":"","overlay-color":"","overlay-opacity":"","overlay-gradient":""},"tablet":{"background-color":"var(--ast-global-color-5)","background-image":"","background-repeat":"repeat","background-position":"center center","background-size":"auto","background-attachment":"scroll","background-type":"","background-media":"","overlay-type":"","overlay-color":"","overlay-opacity":"","overlay-gradient":""},"mobile":{"background-color":"var(--ast-global-color-5)","background-image":"","background-repeat":"repeat","background-position":"center center","background-size":"auto","background-attachment":"scroll","background-type":"","background-media":"","overlay-type":"","overlay-color":"","overlay-opacity":"","overlay-gradient":""}},"footnotes":""},"class_list":["post-27","page","type-page","status-publish","hentry"],"post_mailing_queue_ids":[],"_links":{"self":[{"href":"https:\/\/agora.xtec.cat\/iesaltpenedes\/wp-json\/wp\/v2\/pages\/27","targetHints":{"allow":["GET"]}}],"collection":[{"href":"https:\/\/agora.xtec.cat\/iesaltpenedes\/wp-json\/wp\/v2\/pages"}],"about":[{"href":"https:\/\/agora.xtec.cat\/iesaltpenedes\/wp-json\/wp\/v2\/types\/page"}],"author":[{"embeddable":true,"href":"https:\/\/agora.xtec.cat\/iesaltpenedes\/wp-json\/wp\/v2\/users\/1"}],"replies":[{"embeddable":true,"href":"https:\/\/agora.xtec.cat\/iesaltpenedes\/wp-json\/wp\/v2\/comments?post=27"}],"version-history":[{"count":6,"href":"https:\/\/agora.xtec.cat\/iesaltpenedes\/wp-json\/wp\/v2\/pages\/27\/revisions"}],"predecessor-version":[{"id":3562,"href":"https:\/\/agora.xtec.cat\/iesaltpenedes\/wp-json\/wp\/v2\/pages\/27\/revisions\/3562"}],"up":[{"embeddable":true,"href":"https:\/\/agora.xtec.cat\/iesaltpenedes\/wp-json\/wp\/v2\/pages\/19"}],"wp:attachment":[{"href":"https:\/\/agora.xtec.cat\/iesaltpenedes\/wp-json\/wp\/v2\/media?parent=27"}],"curies":[{"name":"wp","href":"https:\/\/api.w.org\/{rel}","templated":true}]}}